{"id":951,"date":"2021-01-03T12:01:56","date_gmt":"2021-01-03T12:01:56","guid":{"rendered":"http:\/\/museovt.com\/?page_id=951"},"modified":"2021-03-28T19:58:49","modified_gmt":"2021-03-28T19:58:49","slug":"qr-2","status":"publish","type":"page","link":"https:\/\/museovt.com\/fr\/qr-2\/","title":{"rendered":"2.- ESPACE MEMORIAL"},"content":{"rendered":"<div  class=\"one withsmallpadding ppb_text\" style=\"padding:30px;\" >\n<h5 id=\"bajar\"><\/h5>\n<\/div>\n<div  class=\"one withsmallpadding ppb_text\" style=\"padding:30px 0 30px 0;\" >\n<div class=\"standard_wrapper\">\n<div class=\"page_content_wrapper\">\n<div class=\"inner\">\n<div style=\"margin:auto;width:100%\">\n<h2 style=\"color: #999999; text-align: center;\"><span style=\"color: #ffffff;\"><img decoding=\"async\" class=\"alignnone wp-image-756\" src=\"http:\/\/museovt.com\/wp-content\/uploads\/2021\/01\/2.svg\" alt=\"\" width=\"50\" \/><br \/>\nESPACE MEMORIAL<\/span><\/h2>\n<\/div>\n<\/div>\n<\/div>\n<\/div>\n<\/div>\n<div  class=\"one withsmallpadding ppb_text\" style=\"padding:30px 0 30px 0;\" >\n<div class=\"standard_wrapper\">\n<div class=\"page_content_wrapper\">\n<div class=\"inner\">\n<div style=\"margin:auto;width:100%\">\n<h5 style=\"text-align: center;\"><i class=\"fa fa-headphones fa-3x\" aria-hidden=\"true\"><\/i><br \/>\n<em>Ne pas utiliser l&#8217;option \u00ab mains libres \u00bb \u00e0 l&#8217;int\u00e9rieur du mus\u00e9e.<\/em><\/h5>\n<\/div>\n<\/div>\n<\/div>\n<\/div>\n<\/div>\n<div  class=\"one withsmallpadding ppb_text\" style=\"padding:30px 0 30px 0;\" >\n<div class=\"standard_wrapper\">\n<div class=\"page_content_wrapper\">\n<div class=\"inner\">\n<div style=\"margin:auto;width:100%\"><audio class=\"wp-audio-shortcode\" id=\"audio-951-2\" preload=\"none\" style=\"width: 100%;\" controls=\"controls\"><source type=\"audio\/mpeg\" src=\"https:\/\/museovt.com\/fr\/wp-content\/uploads\/sites\/4\/2021\/03\/2fr.mp3?_=2\" \/><a href=\"https:\/\/museovt.com\/fr\/wp-content\/uploads\/sites\/4\/2021\/03\/2fr.mp3\">https:\/\/museovt.com\/fr\/wp-content\/uploads\/sites\/4\/2021\/03\/2fr.mp3<\/a><\/audio>\n<\/div>\n<\/div>\n<\/div>\n<\/div>\n<\/div>\n<div  class=\"one withsmallpadding ppb_text\" style=\"padding:30px 0 30px 0;\" >\n<div class=\"standard_wrapper\">\n<div class=\"page_content_wrapper\">\n<div class=\"inner\">\n<div style=\"margin:auto;width:100%\">\n<h6 style=\"text-align: right;\"><a class=\"btn btn-default btn-sm\" href=\"https:\/\/museovt.com\/fr\/qr-3\"><img decoding=\"async\" loading=\"lazy\" class=\"alignnone wp-image-2398\" src=\"https:\/\/museovt.com\/wp-content\/uploads\/2021\/02\/flechaQr.svg\" alt=\"\" width=\"55\" height=\"36\" \/><\/a><\/h6>\n<\/div>\n<\/div>\n<\/div>\n<\/div>\n<\/div>\n<div  class=\"one withsmallpadding ppb_text\" style=\"padding:30px 0 30px 0;\" >\n<div class=\"standard_wrapper\">\n<div class=\"page_content_wrapper\">\n<div class=\"inner\">\n<div style=\"margin:auto;width:100%\">\n<h6 style=\"text-align: right;\"><a class=\"btn btn-default btn-sm\" href=\"https:\/\/museovt.com\/fr\/qr-3\"><img decoding=\"async\" loading=\"lazy\" class=\"alignnone wp-image-2398\" src=\"https:\/\/museovt.com\/wp-content\/uploads\/2021\/02\/flechaQr.svg\" alt=\"\" width=\"55\" height=\"36\" \/><\/a><\/h6>\n<\/div>\n<\/div>\n<\/div>\n<\/div>\n<\/div>\n<div  class=\"one withsmallpadding ppb_text\" style=\"padding:30px 0 30px 0;\" >\n<div class=\"standard_wrapper\">\n<div class=\"page_content_wrapper\">\n<div class=\"inner\">\n<div style=\"margin:auto;width:100%\">\n<p style=\"text-align: justify;\"><i class=\"fa fa-deaf fa-4x\" aria-hidden=\"true\"><\/i>Voici l\u2019Espace M\u00e9morial, un lieu central du b\u00e2timent. Il porte le nom d\u2019Ana Mar\u00eda Vidal-Abarca, une habitante de Vitoria pionni\u00e8re, promotrice de la premi\u00e8re association de victimes du terrorisme en Espagne. Ana Mar\u00eda a fond\u00e9 la Confr\u00e9rie des proches, aujourd\u2019hui Association des victimes du terrorisme (AVT), en d\u00e9cembre 1980, \u00e0 peine quelques mois apr\u00e8s que l\u2019organisation ETA ait tu\u00e9 son mari, le commandant Jes\u00fas Velasco, dans cette m\u00eame ville. Sa fille, Ana Velasco, explique diff\u00e9rentes pi\u00e8ces que la famille a c\u00e9d\u00e9es pour l\u2019exposition.<\/p>\n<p style=\"text-align: center;\"><a href=\"https:\/\/museovt.com\/wp-content\/uploads\/2021\/02\/2-1.jpg\"><img decoding=\"async\" class=\"alignnone wp-image-2354 size-full\" src=\"https:\/\/museovt.com\/wp-content\/uploads\/2021\/02\/2-1.jpg\" alt=\"\" width=\"100%\" \/><\/a><\/p>\n<p><strong>Ana Velasco. Portefeuille, b\u00e9ret et coupure de presse de Jes\u00fas Velasco<\/strong><\/p>\n<p style=\"text-align: justify;\"><em>\u00ab Un portefeuille trou\u00e9 par les balles qui l\u2019ont atteint en plein c\u0153ur. Un portefeuille cach\u00e9 pendant longtemps pour ne pas voir les orifices de la mort, les orifices de l\u2019absence, les orifices de la douleur.<\/em><\/p>\n<p style=\"text-align: justify;\"><em>Un portefeuille pr\u00eat\u00e9 pour tenter de faire prendre conscience, pour essayer d\u2019\u00e9veiller les c\u0153urs indiff\u00e9rents, pour que ceux qui ne savent pas, sachent, voient, comprennent, compatissent, sentent. L\u2019instant de la mort dans un portefeuille. Le crime. La cons\u00e9quence de la cruaut\u00e9.<\/em><\/p>\n<p style=\"text-align: justify;\"><em>Le b\u00e9ret rouge, avec l\u2019\u00e9toile de commandant brod\u00e9e en or, et avec l\u2019\u00e9cusson et la devise d\u2019Alava, \u00ab\u00a0(pour l\u2019augmentation de la justice, contre les malfaiteurs\u00a0\u00bb, appartenait \u00e0 un militaire, \u00e0 un membre de la force de police d\u2019Alava, \u00e0 Jes\u00fas Velasco. Une personne qui incarnait le sentiment d\u2019Alava et d\u2019espagnol int\u00e9gr\u00e9 et utile, au service de tous. Il symbolise ce qui n\u2019a pas pu \u00eatre, car les malfaiteurs l\u2019en ont emp\u00each\u00e9.<\/em><\/p>\n<p style=\"text-align: justify;\"><em>Vive l\u2019Espagne\u00a0! cria Ana Mar\u00eda Vidal Abarca, debout au-dessus de la tombe de son mari tout juste assassin\u00e9. Et elle le fit pour faire briller la v\u00e9rit\u00e9. Pour que tout le monde fut conscient que Jes\u00fas Velasco \u00e9tait un serviteur de l\u2019Espagne et d\u2019Alava. Que la bande meurtri\u00e8re ETA l\u2019avait tu\u00e9 parce qu\u2019ils ne voulaient pas qu\u2019un militaire soit responsable de la force de police d\u2019Alava. C\u2019\u00e9tait la seule raison. Ils ont r\u00e9ussi.<\/em><\/p>\n<p style=\"text-align: justify;\"><em>Et oui. L\u2019ambiance \u00e9tait tendue lors de l\u2019enterrement. Ou faut-il accepter docilement les assassinats pr\u00e9m\u00e9dit\u00e9s avec une intentionnalit\u00e9 perverse ? \u00bb<\/em><\/p>\n<p style=\"text-align: justify;\">Dans le tableau de Jos\u00e9 Ibarrola que vous avez devant vous, un ustensile couramment utilis\u00e9 joue un r\u00f4le principal. Le parapluie est un objet omnipr\u00e9sent dans une zone pluvieuse comme le Pays basque. Ibarrola le transforme en une m\u00e9taphore de ce que vous voyez comme une protection, mais qui n\u2019emp\u00eache pas que vous finissiez mouill\u00e9. L\u2019artiste s\u2019est inspir\u00e9 d\u2019une photographie prise \u00e0 l\u2019endroit o\u00f9 son ami, Jos\u00e9 Luis L\u00f3pez de Lacalle, a \u00e9t\u00e9 assassin\u00e9 par l\u2019organisation ETA en 2000. La victime \u00e9tait allong\u00e9e sur le sol et recouverte d\u2019un drap blanc pr\u00e8s d\u2019un parapluie rouge ouvert.<\/p>\n<p style=\"text-align: justify;\">Vous pouvez poursuivre votre visite par le document audiovisuel immersif install\u00e9 sous la verri\u00e8re, dans l\u2019ancienne cour des op\u00e9rations de la banque. Accompagn\u00e9s de plusieurs victimes, nous voyagerons sur les sc\u00e8nes des attentats terroristes qui les ont marqu\u00e9es.<\/p>\n<\/div>\n<\/div>\n<\/div>\n<\/div>\n<\/div>\n","protected":false},"excerpt":{"rendered":"<p>ESPACE MEMORIAL Ne pas utiliser l&#8217;option \u00ab mains libres \u00bb \u00e0 l&#8217;int\u00e9rieur du mus\u00e9e. https:\/\/museovt.com\/fr\/wp-content\/uploads\/sites\/4\/2021\/03\/2fr.mp3 Voici l\u2019Espace M\u00e9morial, un lieu central du b\u00e2timent. Il porte le nom d\u2019Ana Mar\u00eda Vidal-Abarca, une habitante de Vitoria pionni\u00e8re, promotrice de la premi\u00e8re association [&hellip;]<\/p>\n","protected":false},"author":1,"featured_media":0,"parent":0,"menu_order":0,"comment_status":"closed","ping_status":"closed","template":"","meta":{"inline_featured_image":false,"_trash_the_other_posts":false,"editor_notices":[],"footnotes":""},"class_list":["post-951","page","type-page","status-publish","hentry"],"_links":{"self":[{"href":"https:\/\/museovt.com\/fr\/wp-json\/wp\/v2\/pages\/951","targetHints":{"allow":["GET"]}}],"collection":[{"href":"https:\/\/museovt.com\/fr\/wp-json\/wp\/v2\/pages"}],"about":[{"href":"https:\/\/museovt.com\/fr\/wp-json\/wp\/v2\/types\/page"}],"author":[{"embeddable":true,"href":"https:\/\/museovt.com\/fr\/wp-json\/wp\/v2\/users\/1"}],"replies":[{"embeddable":true,"href":"https:\/\/museovt.com\/fr\/wp-json\/wp\/v2\/comments?post=951"}],"version-history":[{"count":89,"href":"https:\/\/museovt.com\/fr\/wp-json\/wp\/v2\/pages\/951\/revisions"}],"predecessor-version":[{"id":3127,"href":"https:\/\/museovt.com\/fr\/wp-json\/wp\/v2\/pages\/951\/revisions\/3127"}],"wp:attachment":[{"href":"https:\/\/museovt.com\/fr\/wp-json\/wp\/v2\/media?parent=951"}],"curies":[{"name":"wp","href":"https:\/\/api.w.org\/{rel}","templated":true}]}}