{"id":7,"date":"2020-12-27T11:53:56","date_gmt":"2020-12-27T11:53:56","guid":{"rendered":"http:\/\/museovt.com\/?page_id=7"},"modified":"2021-03-28T19:58:29","modified_gmt":"2021-03-28T19:58:29","slug":"qr-1","status":"publish","type":"page","link":"https:\/\/museovt.com\/fr\/qr-1\/","title":{"rendered":"1.- BIENVENUE"},"content":{"rendered":"<div  class=\"one withsmallpadding ppb_text\" style=\"padding:30px;\" >\n<h5 id=\"bajar\"><\/h5>\n<\/div>\n<div  class=\"one withsmallpadding ppb_text\" style=\"padding:30px 0 30px 0;\" >\n<div class=\"standard_wrapper\">\n<div class=\"page_content_wrapper\">\n<div class=\"inner\">\n<div style=\"margin:auto;width:100%\">\n<h2 style=\"color: #999999; text-align: center;\"><span style=\"color: #ffffff;\"><img decoding=\"async\" class=\"alignnone wp-image-756\" src=\"http:\/\/museovt.com\/wp-content\/uploads\/2021\/01\/1.svg\" alt=\"\" width=\"50\" \/><br \/>\nBIENVENUE<\/span><\/h2>\n<\/div>\n<\/div>\n<\/div>\n<\/div>\n<\/div>\n<div  class=\"one withsmallpadding ppb_text\" style=\"padding:30px 0 30px 0;\" >\n<div class=\"standard_wrapper\">\n<div class=\"page_content_wrapper\">\n<div class=\"inner\">\n<div style=\"margin:auto;width:100%\">\n<h5 style=\"text-align: center;\"><i class=\"fa fa-headphones fa-3x\" aria-hidden=\"true\"><br \/>\n<\/i><br \/>\n<em>Ne pas utiliser l&#8217;option \u00ab mains libres \u00bb \u00e0 l&#8217;int\u00e9rieur du mus\u00e9e.<\/em><\/h5>\n<\/div>\n<\/div>\n<\/div>\n<\/div>\n<\/div>\n<div  class=\"one withsmallpadding ppb_text\" style=\"padding:30px 0 30px 0;\" >\n<div class=\"standard_wrapper\">\n<div class=\"page_content_wrapper\">\n<div class=\"inner\">\n<div style=\"margin:auto;width:100%\"><audio class=\"wp-audio-shortcode\" id=\"audio-7-2\" preload=\"none\" style=\"width: 100%;\" controls=\"controls\"><source type=\"audio\/mpeg\" src=\"https:\/\/museovt.com\/fr\/wp-content\/uploads\/sites\/4\/2021\/03\/1fr.mp3?_=2\" \/><a href=\"https:\/\/museovt.com\/fr\/wp-content\/uploads\/sites\/4\/2021\/03\/1fr.mp3\">https:\/\/museovt.com\/fr\/wp-content\/uploads\/sites\/4\/2021\/03\/1fr.mp3<\/a><\/audio>\n<\/div>\n<\/div>\n<\/div>\n<\/div>\n<\/div>\n<div  class=\"one withsmallpadding ppb_text\" style=\"padding:30px 0 30px 0;\" >\n<div class=\"standard_wrapper\">\n<div class=\"page_content_wrapper\">\n<div class=\"inner\">\n<div style=\"margin:auto;width:100%\">\n<h6 style=\"text-align: right;\"><a class=\"btn btn-default btn-sm\" href=\"https:\/\/museovt.com\/fr\/qr-2\/\"><img decoding=\"async\" loading=\"lazy\" class=\"alignnone wp-image-2398\" src=\"https:\/\/museovt.com\/wp-content\/uploads\/2021\/02\/flechaQr.svg\" alt=\"\" width=\"55\" height=\"36\" \/><\/a><\/h6>\n<\/div>\n<\/div>\n<\/div>\n<\/div>\n<\/div>\n<div  class=\"one withsmallpadding ppb_text\" style=\"padding:30px 0 30px 0;\" >\n<div class=\"standard_wrapper\">\n<div class=\"page_content_wrapper\">\n<div class=\"inner\">\n<div style=\"margin:auto;width:100%\">\n<h6 style=\"text-align: right;\"><a class=\"btn btn-default btn-sm\" href=\"https:\/\/museovt.com\/fr\/qr-2\/\"><img decoding=\"async\" loading=\"lazy\" class=\"alignnone wp-image-2398\" src=\"https:\/\/museovt.com\/wp-content\/uploads\/2021\/02\/flechaQr.svg\" alt=\"\" width=\"55\" height=\"36\" \/><\/a><\/h6>\n<\/div>\n<\/div>\n<\/div>\n<\/div>\n<\/div>\n<div  class=\"one withsmallpadding ppb_text\" style=\"padding:30px 0 30px 0;\" >\n<div class=\"standard_wrapper\">\n<div class=\"page_content_wrapper\">\n<div class=\"inner\">\n<div style=\"margin:auto;width:100%\">\n<p style=\"text-align: justify;\"><i class=\"fa fa-deaf fa-4x\" aria-hidden=\"true\"><\/i>Soyez les bienvenus au M\u00e9morial des Victimes du Terrorisme. Ceci est un espace de rencontre, de r\u00e9flexion et de d\u00e9fense des valeurs d\u00e9mocratiques autour de quatre grands principes\u00a0: la v\u00e9rit\u00e9, la m\u00e9moire, la dignit\u00e9 et la justice.<\/p>\n<p><a href=\"https:\/\/museovt.com\/wp-content\/uploads\/2021\/02\/1-1.jpg\"><img decoding=\"async\" class=\"aligncenter wp-image-2353 size-large\" src=\"https:\/\/museovt.com\/wp-content\/uploads\/2021\/02\/1-1-1024x701.jpg\" alt=\"\" width=\"100%\" \/><\/a><\/p>\n<p style=\"text-align: justify;\">La \u00ab\u00a0v\u00e9rit\u00e9\u00a0\u00bb signifie raconter l\u2019histoire du terrorisme avec la plus grande rigueur pour savoir ce qui s\u2019est pass\u00e9. Ici, la p\u00e9dagogie va accompagn\u00e9e de la documentation disponible, y compris la voix des victimes elles-m\u00eames.<\/p>\n<p style=\"text-align: justify;\">La \u00ab\u00a0m\u00e9moire\u00a0\u00bb aide \u00e0 ce que l\u2019injustice de la violence dont l\u2019intentionnalit\u00e9 est politique soit prise en compte. Loin de toute envie de vengeance, elle sert de le\u00e7on civique pour que cela ne se reproduise plus.<\/p>\n<p style=\"text-align: justify;\">La \u00ab\u00a0dignit\u00e9\u00a0\u00bb que les victimes n\u2019ont jamais perdue malgr\u00e9 les tentatives des agresseurs de les stigmatiser ou de les utiliser pour parvenir \u00e0 leurs fins.<\/p>\n<p style=\"text-align: justify;\">La \u00ab\u00a0justice\u00a0\u00bb est le contraire d\u2019impunit\u00e9\u00a0; il s\u2019agit de d\u00e9finir les responsabilit\u00e9s de la personne qui a commis le crime. Plus largement, elle implique que les institutions d\u00e9mocratiques et la soci\u00e9t\u00e9 dans son ensemble r\u00e9parent, dans la mesure du possible, les dommages subis par les victimes.<\/p>\n<p style=\"text-align: justify;\">Le M\u00e9morial met \u00e0 disposition de ses utilisateurs un centre de documentation, des salles de r\u00e9union, une salle didactique, et un mus\u00e9e avec des expositions permanentes et temporaires.<\/p>\n<p style=\"text-align: justify;\">L\u2019exposition permanente est divis\u00e9e en six salles. Les causes, le d\u00e9veloppement et les effets des diff\u00e9rents terrorismes qui ont s\u00e9vi dans notre pays y sont abord\u00e9s. La premi\u00e8re salle, Ici, hier, est un espace de r\u00e9ception. \u00c0 partir d\u2019ici, le regard des victimes nous accompagnera tout au long du parcours. Ce regard innocent refl\u00e8te jusqu\u2019\u00e0 quel point certains \u00eatres humains peuvent \u00eatre cruels avec d\u2019autres. Ils tuaient pour atteindre leurs objectifs, qu\u2019il s\u2019agisse d\u2019ind\u00e9pendance d\u2019un territoire, comme dans le cas de l\u2019organisation ETA, pour imposer une dictature de droite ou de gauche ou pour mettre en \u0153uvre une version rigoriste et minoritaire de la charia, la loi islamique.<\/p>\n<p style=\"text-align: justify;\">Ce b\u00e2timent, qui fut le Th\u00e9\u00e2tre principal de Vitoria et la d\u00e9l\u00e9gation de la Banque d\u2019Espagne successivement, est aujourd\u2019hui un M\u00e9morial de m\u00e9moriaux. Avant de continuer, dans le menu interactif, vous disposez d\u2019informations sur les monuments d\u00e9di\u00e9s aux victimes du terrorisme r\u00e9partis dans d\u2019autres localit\u00e9s d\u2019Espagne.<\/p>\n<\/div>\n<\/div>\n<\/div>\n<\/div>\n<\/div>\n","protected":false},"excerpt":{"rendered":"<p>BIENVENUE Ne pas utiliser l&#8217;option \u00ab mains libres \u00bb \u00e0 l&#8217;int\u00e9rieur du mus\u00e9e. https:\/\/museovt.com\/fr\/wp-content\/uploads\/sites\/4\/2021\/03\/1fr.mp3 Soyez les bienvenus au M\u00e9morial des Victimes du Terrorisme. Ceci est un espace de rencontre, de r\u00e9flexion et de d\u00e9fense des valeurs d\u00e9mocratiques autour de quatre [&hellip;]<\/p>\n","protected":false},"author":1,"featured_media":0,"parent":0,"menu_order":0,"comment_status":"closed","ping_status":"closed","template":"","meta":{"inline_featured_image":false,"_trash_the_other_posts":false,"editor_notices":[],"footnotes":""},"class_list":["post-7","page","type-page","status-publish","hentry"],"_links":{"self":[{"href":"https:\/\/museovt.com\/fr\/wp-json\/wp\/v2\/pages\/7","targetHints":{"allow":["GET"]}}],"collection":[{"href":"https:\/\/museovt.com\/fr\/wp-json\/wp\/v2\/pages"}],"about":[{"href":"https:\/\/museovt.com\/fr\/wp-json\/wp\/v2\/types\/page"}],"author":[{"embeddable":true,"href":"https:\/\/museovt.com\/fr\/wp-json\/wp\/v2\/users\/1"}],"replies":[{"embeddable":true,"href":"https:\/\/museovt.com\/fr\/wp-json\/wp\/v2\/comments?post=7"}],"version-history":[{"count":896,"href":"https:\/\/museovt.com\/fr\/wp-json\/wp\/v2\/pages\/7\/revisions"}],"predecessor-version":[{"id":3123,"href":"https:\/\/museovt.com\/fr\/wp-json\/wp\/v2\/pages\/7\/revisions\/3123"}],"wp:attachment":[{"href":"https:\/\/museovt.com\/fr\/wp-json\/wp\/v2\/media?parent=7"}],"curies":[{"name":"wp","href":"https:\/\/api.w.org\/{rel}","templated":true}]}}