{"id":1741,"date":"2021-02-19T14:44:32","date_gmt":"2021-02-19T14:44:32","guid":{"rendered":"https:\/\/museovt.com\/?page_id=1741"},"modified":"2021-03-28T20:07:25","modified_gmt":"2021-03-28T20:07:25","slug":"qr-25","status":"publish","type":"page","link":"https:\/\/museovt.com\/fr\/qr-25\/","title":{"rendered":"25.- FIN"},"content":{"rendered":"<div  class=\"one withsmallpadding ppb_text\" style=\"padding:30px;\" >\n<h5 id=\"bajar\"><\/h5>\n<\/div>\n<div  class=\"one withsmallpadding ppb_text\" style=\"padding:30px 0 30px 0;\" >\n<div class=\"standard_wrapper\">\n<div class=\"page_content_wrapper\">\n<div class=\"inner\">\n<div style=\"margin:auto;width:100%\">\n<h2 style=\"color: #999999; text-align: center;\"><span style=\"color: #ffffff;\"><a href=\"https:\/\/museovt.com\/fr\/wp-content\/uploads\/sites\/4\/2021\/03\/25.svg\"><img decoding=\"async\" loading=\"lazy\" class=\"alignnone  wp-image-2959\" src=\"https:\/\/museovt.com\/fr\/wp-content\/uploads\/sites\/4\/2021\/03\/25.svg\" alt=\"\" width=\"50\" height=\"50\" \/><\/a><br \/>\nFIN<\/span><\/h2>\n<\/div>\n<\/div>\n<\/div>\n<\/div>\n<\/div>\n<div  class=\"one withsmallpadding ppb_text\" style=\"padding:30px 0 30px 0;\" >\n<div class=\"standard_wrapper\">\n<div class=\"page_content_wrapper\">\n<div class=\"inner\">\n<div style=\"margin:auto;width:100%\">\n<h5 style=\"text-align: center;\"><i class=\"fa fa-headphones fa-3x\" aria-hidden=\"true\"><\/i><br \/>\n<em>Ne pas utiliser l&#8217;option \u00ab mains libres \u00bb \u00e0 l&#8217;int\u00e9rieur du mus\u00e9e.<\/em><\/h5>\n<\/div>\n<\/div>\n<\/div>\n<\/div>\n<\/div>\n<div  class=\"one withsmallpadding ppb_text\" style=\"padding:30px 0 30px 0;\" >\n<div class=\"standard_wrapper\">\n<div class=\"page_content_wrapper\">\n<div class=\"inner\">\n<div style=\"margin:auto;width:100%\"><audio class=\"wp-audio-shortcode\" id=\"audio-1741-2\" preload=\"none\" style=\"width: 100%;\" controls=\"controls\"><source type=\"audio\/mpeg\" src=\"https:\/\/museovt.com\/fr\/wp-content\/uploads\/sites\/4\/2021\/03\/25fr.mp3?_=2\" \/><a href=\"https:\/\/museovt.com\/fr\/wp-content\/uploads\/sites\/4\/2021\/03\/25fr.mp3\">https:\/\/museovt.com\/fr\/wp-content\/uploads\/sites\/4\/2021\/03\/25fr.mp3<\/a><\/audio>\n<\/div>\n<\/div>\n<\/div>\n<\/div>\n<\/div>\n<div  class=\"one withsmallpadding ppb_text\" style=\"padding:30px 0 30px 0;\" >\n<div class=\"standard_wrapper\">\n<div class=\"page_content_wrapper\">\n<div class=\"inner\">\n<div style=\"margin:auto;width:100%\">\n<p>.<\/p>\n<\/div>\n<\/div>\n<\/div>\n<\/div>\n<\/div>\n<div  class=\"one withsmallpadding ppb_text\" style=\"padding:30px 0 30px 0;\" >\n<div class=\"standard_wrapper\">\n<div class=\"page_content_wrapper\">\n<div class=\"inner\">\n<div style=\"margin:auto;width:100%\">\n<p>.<\/p>\n<\/div>\n<\/div>\n<\/div>\n<\/div>\n<\/div>\n<div  class=\"one withsmallpadding ppb_text\" style=\"padding:30px 0 30px 0;\" >\n<div class=\"standard_wrapper\">\n<div class=\"page_content_wrapper\">\n<div class=\"inner\">\n<div style=\"margin:auto;width:100%\">\n<p style=\"text-align: justify;\"><i class=\"fa fa-deaf fa-4x\" aria-hidden=\"true\"><\/i>Dans le film \u00ab Impitoyable \u00bb, le personnage incarn\u00e9 par Clint Eastwood dit que lorsque vous tuez une personne \u00ab vous lui enlevez tout ce qu\u2019il a et tout ce qu\u2019il aurait pu avoir \u00bb. Le philosophe, Manuel Reyes Mate, l\u2019a r\u00e9sum\u00e9 de fa\u00e7on similaire: \u00ab une grande part meurt en tuant \u00bb.<\/p>\n<p><a href=\"https:\/\/museovt.com\/wp-content\/uploads\/2021\/02\/25.-Final-1.jpg\"><img decoding=\"async\" class=\"size-full wp-image-2385\" src=\"https:\/\/museovt.com\/wp-content\/uploads\/2021\/02\/25.-Final-1.jpg\" alt=\"\" width=\"100%\" \/><\/a><\/p>\n<p style=\"text-align: justify;\">Les vid\u00e9os familiales des victimes nous interpellent, car elles montrent la vie quotidienne avant d\u2019\u00eatre victime d\u2019un attentat. Nous nous reconnaissons dans les gestes, les mariages, la naissance d\u2019un enfant, une excursion, la pratique d\u2019un hobby, les rencontres entre amis ou les succ\u00e8s professionnels.<\/p>\n<p style=\"text-align: justify;\">Ces vid\u00e9os nous parlent \u00e9galement de l\u2019absence caus\u00e9e. Les victimes du terrorisme avaient une vie qui a \u00e9t\u00e9 tronqu\u00e9e, non pas \u00e0 cause d\u2019un accident, mais parce que quelqu\u2019un a voulu lui enlever. Nous aurions pu \u00eatre \u00e0 sa place. C\u2019est pourquoi, comme l\u2019a dit Primo Levi, \u00ab penser \u00e0 ce qui s\u2019est pass\u00e9 est le devoir de tous \u00bb.<\/p>\n<p style=\"text-align: justify;\">Loin de donner toutes les r\u00e9ponses, cette exposition est une invitation \u00e0 la r\u00e9flexion \u00e0 trois grandes questions: premi\u00e8rement, comment cela a-t-il pu arriver ? Deuxi\u00e8mement, qu\u2019aurais-je fait dans cette situation ? Et troisi\u00e8mement, que puis-je faire pour que cela ne se reproduise pas ?<\/p>\n<\/div>\n<\/div>\n<\/div>\n<\/div>\n<\/div>\n","protected":false},"excerpt":{"rendered":"<p>FIN Ne pas utiliser l&#8217;option \u00ab mains libres \u00bb \u00e0 l&#8217;int\u00e9rieur du mus\u00e9e. https:\/\/museovt.com\/fr\/wp-content\/uploads\/sites\/4\/2021\/03\/25fr.mp3 . . Dans le film \u00ab Impitoyable \u00bb, le personnage incarn\u00e9 par Clint Eastwood dit que lorsque vous tuez une personne \u00ab vous lui enlevez tout [&hellip;]<\/p>\n","protected":false},"author":1,"featured_media":0,"parent":0,"menu_order":0,"comment_status":"closed","ping_status":"closed","template":"","meta":{"inline_featured_image":false,"_trash_the_other_posts":false,"editor_notices":[],"footnotes":""},"class_list":["post-1741","page","type-page","status-publish","hentry"],"_links":{"self":[{"href":"https:\/\/museovt.com\/fr\/wp-json\/wp\/v2\/pages\/1741","targetHints":{"allow":["GET"]}}],"collection":[{"href":"https:\/\/museovt.com\/fr\/wp-json\/wp\/v2\/pages"}],"about":[{"href":"https:\/\/museovt.com\/fr\/wp-json\/wp\/v2\/types\/page"}],"author":[{"embeddable":true,"href":"https:\/\/museovt.com\/fr\/wp-json\/wp\/v2\/users\/1"}],"replies":[{"embeddable":true,"href":"https:\/\/museovt.com\/fr\/wp-json\/wp\/v2\/comments?post=1741"}],"version-history":[{"count":50,"href":"https:\/\/museovt.com\/fr\/wp-json\/wp\/v2\/pages\/1741\/revisions"}],"predecessor-version":[{"id":3219,"href":"https:\/\/museovt.com\/fr\/wp-json\/wp\/v2\/pages\/1741\/revisions\/3219"}],"wp:attachment":[{"href":"https:\/\/museovt.com\/fr\/wp-json\/wp\/v2\/media?parent=1741"}],"curies":[{"name":"wp","href":"https:\/\/api.w.org\/{rel}","templated":true}]}}