{"id":1734,"date":"2021-02-19T14:41:25","date_gmt":"2021-02-19T14:41:25","guid":{"rendered":"https:\/\/museovt.com\/?page_id=1734"},"modified":"2021-03-28T20:06:58","modified_gmt":"2021-03-28T20:06:58","slug":"qr-24","status":"publish","type":"page","link":"https:\/\/museovt.com\/fr\/qr-24\/","title":{"rendered":"24.- LA VOIX DES VICTIMES"},"content":{"rendered":"<div  class=\"one withsmallpadding ppb_text\" style=\"padding:30px;\" >\n<h5 id=\"bajar\"><\/h5>\n<\/div>\n<div  class=\"one withsmallpadding ppb_text\" style=\"padding:30px 0 30px 0;\" >\n<div class=\"standard_wrapper\">\n<div class=\"page_content_wrapper\">\n<div class=\"inner\">\n<div style=\"margin:auto;width:100%\">\n<h2 style=\"color: #999999; text-align: center;\"><span style=\"color: #ffffff;\"><a href=\"https:\/\/museovt.com\/fr\/wp-content\/uploads\/sites\/4\/2021\/03\/24.svg\"><img decoding=\"async\" loading=\"lazy\" class=\"alignnone  wp-image-2955\" src=\"https:\/\/museovt.com\/fr\/wp-content\/uploads\/sites\/4\/2021\/03\/24.svg\" alt=\"\" width=\"50\" height=\"50\" \/><\/a><br \/>\nLA VOIX DES VICTIMES<br \/>\n<\/span><\/h2>\n<\/div>\n<\/div>\n<\/div>\n<\/div>\n<\/div>\n<div  class=\"one withsmallpadding ppb_text\" style=\"padding:30px 0 30px 0;\" >\n<div class=\"standard_wrapper\">\n<div class=\"page_content_wrapper\">\n<div class=\"inner\">\n<div style=\"margin:auto;width:100%\">\n<h5 style=\"text-align: center;\"><i class=\"fa fa-headphones fa-3x\" aria-hidden=\"true\"><\/i><br \/>\n<em>Ne pas utiliser l&#8217;option \u00ab mains libres \u00bb \u00e0 l&#8217;int\u00e9rieur du mus\u00e9e.<\/em><\/h5>\n<\/div>\n<\/div>\n<\/div>\n<\/div>\n<\/div>\n<div  class=\"one withsmallpadding ppb_text\" style=\"padding:30px 0 30px 0;\" >\n<div class=\"standard_wrapper\">\n<div class=\"page_content_wrapper\">\n<div class=\"inner\">\n<div style=\"margin:auto;width:100%\"><audio class=\"wp-audio-shortcode\" id=\"audio-1734-2\" preload=\"none\" style=\"width: 100%;\" controls=\"controls\"><source type=\"audio\/mpeg\" src=\"https:\/\/museovt.com\/fr\/wp-content\/uploads\/sites\/4\/2021\/03\/24fr.mp3?_=2\" \/><a href=\"https:\/\/museovt.com\/fr\/wp-content\/uploads\/sites\/4\/2021\/03\/24fr.mp3\">https:\/\/museovt.com\/fr\/wp-content\/uploads\/sites\/4\/2021\/03\/24fr.mp3<\/a><\/audio>\n<\/div>\n<\/div>\n<\/div>\n<\/div>\n<\/div>\n<div  class=\"one withsmallpadding ppb_text\" style=\"padding:30px 0 30px 0;\" >\n<div class=\"standard_wrapper\">\n<div class=\"page_content_wrapper\">\n<div class=\"inner\">\n<div style=\"margin:auto;width:100%\">\n<h6 style=\"text-align: right;\"><a class=\"btn btn-default btn-sm\" href=\"https:\/\/museovt.com\/fr\/qr-25\/\"><img decoding=\"async\" loading=\"lazy\" class=\"alignnone wp-image-2398\" src=\"https:\/\/museovt.com\/wp-content\/uploads\/2021\/02\/flechaQr.svg\" alt=\"\" width=\"55\" height=\"36\" \/><\/a><\/h6>\n<\/div>\n<\/div>\n<\/div>\n<\/div>\n<\/div>\n<div  class=\"one withsmallpadding ppb_text\" style=\"padding:30px 0 30px 0;\" >\n<div class=\"standard_wrapper\">\n<div class=\"page_content_wrapper\">\n<div class=\"inner\">\n<div style=\"margin:auto;width:100%\">\n<h6 style=\"text-align: right;\"><a class=\"btn btn-default btn-sm\" href=\"https:\/\/museovt.com\/fr\/qr-25\/\"><img decoding=\"async\" loading=\"lazy\" class=\"alignnone wp-image-2398\" src=\"https:\/\/museovt.com\/wp-content\/uploads\/2021\/02\/flechaQr.svg\" alt=\"\" width=\"55\" height=\"36\" \/><\/a><\/h6>\n<\/div>\n<\/div>\n<\/div>\n<\/div>\n<\/div>\n<div  class=\"one withsmallpadding ppb_text\" style=\"padding:30px 0 30px 0;\" >\n<div class=\"standard_wrapper\">\n<div class=\"page_content_wrapper\">\n<div class=\"inner\">\n<div style=\"margin:auto;width:100%\">\n<p style=\"text-align: justify;\"><i class=\"fa fa-deaf fa-4x\" aria-hidden=\"true\"><\/i>Voici la sixi\u00e8me et derni\u00e8re salle de l\u2019exposition permanente\u00a0: La voix des victimes. Bien que les victimes aient pr\u00e9sentes tout au long du parcours, cet espace est sp\u00e9cifiquement d\u00e9di\u00e9 \u00e0 l\u2019\u00e9coute de leurs t\u00e9moignages directs. Si ce M\u00e9morial a un sens, c\u2019est pour qu\u2019elles nous expliquent de vive voix leurs exp\u00e9riences.<\/p>\n<p style=\"text-align: center;\"><img decoding=\"async\" class=\"alignnone size-full wp-image-2384\" src=\"https:\/\/museovt.com\/wp-content\/uploads\/2021\/02\/24-1.jpg\" alt=\"\" width=\"100%\" \/><\/p>\n<p style=\"text-align: justify;\">Ces t\u00e9moignages sont apparus \u00e0 diff\u00e9rentes \u00e9poques et lieux\u00a0: ce sont des interviews accord\u00e9es aux m\u00e9dias, des apparitions dans des documentaires ou des conf\u00e9rences dans des centres \u00e9ducatifs. C\u2019est un dossier triste, mais le conna\u00eetre est n\u00e9cessaire, car il contient une \u00e9norme valeur p\u00e9dagogique. Les grands \u00e9crans montrent une s\u00e9lection de t\u00e9moignages de victimes de diff\u00e9rents terrorismes. \u00c0 droite, les ordinateurs conservent l\u2019ensemble de nos archives de t\u00e9moignages, qui en r\u00e9unit plus d\u2019un millier, et qui est en permanence en cours d\u2019\u00e9laboration.<\/p>\n<\/div>\n<\/div>\n<\/div>\n<\/div>\n<\/div>\n","protected":false},"excerpt":{"rendered":"<p>LA VOIX DES VICTIMES Ne pas utiliser l&#8217;option \u00ab mains libres \u00bb \u00e0 l&#8217;int\u00e9rieur du mus\u00e9e. https:\/\/museovt.com\/fr\/wp-content\/uploads\/sites\/4\/2021\/03\/24fr.mp3 Voici la sixi\u00e8me et derni\u00e8re salle de l\u2019exposition permanente\u00a0: La voix des victimes. Bien que les victimes aient pr\u00e9sentes tout au long du [&hellip;]<\/p>\n","protected":false},"author":1,"featured_media":0,"parent":0,"menu_order":0,"comment_status":"closed","ping_status":"closed","template":"","meta":{"inline_featured_image":false,"_trash_the_other_posts":false,"editor_notices":[],"footnotes":""},"class_list":["post-1734","page","type-page","status-publish","hentry"],"_links":{"self":[{"href":"https:\/\/museovt.com\/fr\/wp-json\/wp\/v2\/pages\/1734","targetHints":{"allow":["GET"]}}],"collection":[{"href":"https:\/\/museovt.com\/fr\/wp-json\/wp\/v2\/pages"}],"about":[{"href":"https:\/\/museovt.com\/fr\/wp-json\/wp\/v2\/types\/page"}],"author":[{"embeddable":true,"href":"https:\/\/museovt.com\/fr\/wp-json\/wp\/v2\/users\/1"}],"replies":[{"embeddable":true,"href":"https:\/\/museovt.com\/fr\/wp-json\/wp\/v2\/comments?post=1734"}],"version-history":[{"count":58,"href":"https:\/\/museovt.com\/fr\/wp-json\/wp\/v2\/pages\/1734\/revisions"}],"predecessor-version":[{"id":3215,"href":"https:\/\/museovt.com\/fr\/wp-json\/wp\/v2\/pages\/1734\/revisions\/3215"}],"wp:attachment":[{"href":"https:\/\/museovt.com\/fr\/wp-json\/wp\/v2\/media?parent=1734"}],"curies":[{"name":"wp","href":"https:\/\/api.w.org\/{rel}","templated":true}]}}