{"id":1273,"date":"2021-01-05T12:23:07","date_gmt":"2021-01-05T12:23:07","guid":{"rendered":"http:\/\/museovt.com\/?page_id=1273"},"modified":"2021-04-19T12:26:08","modified_gmt":"2021-04-19T12:26:08","slug":"museo","status":"publish","type":"page","link":"https:\/\/museovt.com\/fr\/","title":{"rendered":"0 .- LE MUS\u00c9E"},"content":{"rendered":"<div  class=\"one fullwidth \">\n\t\t\t<!-- START museo frances REVOLUTION SLIDER 6.3.3 --><\/p>\n<p class=\"rs-p-wp-fix\">\n<p>\t\t\t<rs-module-wrap id=\"rev_slider_52_1_wrapper\" data-alias=\"museo-1\" data-source=\"gallery\" style=\"background:#000000;padding:0;\"><br \/>\n\t\t\t\t<rs-module id=\"rev_slider_52_1\" style=\"\" data-version=\"6.3.3\"><br \/>\n\t\t\t\t\t<rs-slides><br \/>\n\t\t\t\t\t\t<rs-slide data-key=\"rs-97\" data-title=\"SLIDER 1\" data-duration=\"6910\" data-anim=\"ei:d;eo:d;s:1240;r:default;t:boxfade;sl:d;\"><br \/>\n\t\t\t\t\t\t\t<img loading=\"lazy\" decoding=\"async\" src=\"\/\/museovt.com\/fr\/wp-content\/uploads\/sites\/4\/2021\/03\/fachada.jpg\" title=\"fachada\" width=\"2500\" height=\"1630\" data-parallax=\"7\" class=\"rev-slidebg\" data-no-retina><br \/>\n<!--\n\t\t\t\t\t\t\t--><rs-layer\n\t\t\t\t\t\t\t\tid=\"slider-52-slide-97-layer-0\" \n\t\t\t\t\t\t\t\tdata-type=\"text\"\n\t\t\t\t\t\t\t\tdata-color=\"#000000\"\n\t\t\t\t\t\t\t\tdata-xy=\"x:c;xo:0,0,0,7px;y:m;\"\n\t\t\t\t\t\t\t\tdata-text=\"w:normal;s:92,75,73,54;l:115,94,93,71;fw:700;\"\n\t\t\t\t\t\t\t\tdata-dim=\"w:auto,auto,auto,246px;\"\n\t\t\t\t\t\t\t\tdata-basealign=\"slide\"\n\t\t\t\t\t\t\t\tdata-rsp_bd=\"off\"\n\t\t\t\t\t\t\t\tdata-frame_1=\"st:510;sp:2440;sR:510;\"\n\t\t\t\t\t\t\t\tdata-frame_999=\"o:0;st:w;sR:3960;\"\n\t\t\t\t\t\t\t\tstyle=\"z-index:11;font-family:Poppins;\"\n\t\t\t\t\t\t\t>Le Mus\u00e9e<br \/>\n\t\t\t\t\t\t\t<\/rs-layer><!--\n\n\t\t\t\t\t\t\t--><rs-layer\n\t\t\t\t\t\t\t\tid=\"slider-52-slide-97-layer-1\" \n\t\t\t\t\t\t\t\tdata-type=\"shape\"\n\t\t\t\t\t\t\t\tdata-rsp_ch=\"on\"\n\t\t\t\t\t\t\t\tdata-xy=\"x:c;xo:364px,300px,227px,0;y:m;yo:-307px,-253px,-192px,-2px;\"\n\t\t\t\t\t\t\t\tdata-text=\"w:normal;s:20,16,12,6;l:0,20,15,7;\"\n\t\t\t\t\t\t\t\tdata-dim=\"w:2500px,2064px,1568px,2500px;h:2500px,2064px,1568px,2500px;\"\n\t\t\t\t\t\t\t\tdata-actions='id:bajar;o:click;a:scrollto;sp:1000ms;e:power1.inOut;'\n\t\t\t\t\t\t\t\tdata-basealign=\"slide\"\n\t\t\t\t\t\t\t\tdata-frame_999=\"o:0;st:w;sR:6610;\"\n\t\t\t\t\t\t\t\tstyle=\"z-index:10;background-color:rgba(0,0,0,0);\"\n\t\t\t\t\t\t\t><br \/>\n\t\t\t\t\t\t\t<\/rs-layer><!--\n\n\t\t\t\t\t\t\t--><rs-layer\n\t\t\t\t\t\t\t\tid=\"slider-52-slide-97-layer-3\" \n\t\t\t\t\t\t\t\tdata-type=\"text\"\n\t\t\t\t\t\t\t\tdata-color=\"rgba(255, 255, 255, 1)\"\n\t\t\t\t\t\t\t\tdata-rsp_ch=\"on\"\n\t\t\t\t\t\t\t\tdata-xy=\"xo:100px;yo:100px;\"\n\t\t\t\t\t\t\t\tdata-text=\"l:22;\"\n\t\t\t\t\t\t\t\tdata-frame_1=\"e:power2.inOut;st:1160;sR:1160;\"\n\t\t\t\t\t\t\t\tdata-frame_999=\"o:0;e:nothing;st:w;sR:5450;\"\n\t\t\t\t\t\t\t\tstyle=\"z-index:8;font-family:Roboto;\"\n\t\t\t\t\t\t\t><br \/>\n\t\t\t\t\t\t\t<\/rs-layer><!--\n\n\t\t\t\t\t\t\t--><rs-layer\n\t\t\t\t\t\t\t\tid=\"slider-52-slide-97-layer-15\" \n\t\t\t\t\t\t\t\tclass=\"rev-scroll-btn rev-b-span-dark\"\n\t\t\t\t\t\t\t\tdata-type=\"button\"\n\t\t\t\t\t\t\t\tdata-xy=\"x:c;xo:9px,7px,5px,0;y:b;yo:670px,553px,420px,258px;\"\n\t\t\t\t\t\t\t\tdata-text=\"w:normal;s:17,14,10,6;l:20,16,12,8;ls:1,0,0,0;\"\n\t\t\t\t\t\t\t\tdata-dim=\"w:35px,28px,21px,13px;h:55px,45px,34px,30px;minw:35px,none,none,none;minh:55px,none,none,none;\"\n\t\t\t\t\t\t\t\tdata-basealign=\"slide\"\n\t\t\t\t\t\t\t\tdata-rsp_o=\"off\"\n\t\t\t\t\t\t\t\tdata-rsp_bd=\"off\"\n\t\t\t\t\t\t\t\tdata-padding=\"t:22,18,14,9;r:14,12,9,6;b:22,18,14,9;l:14,12,9,6;\"\n\t\t\t\t\t\t\t\tdata-border=\"bos:solid;boc:rgba(51,51,51,0.75);bow:3px,3px,3px,3px;bor:23px,23px,23px,23px;\"\n\t\t\t\t\t\t\t\tdata-frame_0=\"x:0,0,0,0px;y:-50,-41,-31,-19px;\"\n\t\t\t\t\t\t\t\tdata-frame_1=\"y:600px,495px,376px,241px;st:970;sp:2420;sR:970;\"\n\t\t\t\t\t\t\t\tdata-frame_999=\"o:0;st:w;sR:3520;\"\n\t\t\t\t\t\t\t\tstyle=\"z-index:9;font-family:Roboto;text-transform:uppercase;\"\n\t\t\t\t\t\t\t><span><\/span><span><\/span><span><\/span><br \/>\n\t\t\t\t\t\t\t<\/rs-layer><!--\n-->\t\t\t\t\t\t<\/rs-slide><br \/>\n\t\t\t\t\t<\/rs-slides><br \/>\n\t\t\t\t<\/rs-module><br \/>\n\t\t\t\t<script type=\"text\/javascript\">\n\t\t\t\t\tsetREVStartSize({c: 'rev_slider_52_1',rl:[1240,1024,778,480],el:[868,768,960,100],gw:[1240,1024,778,400],gh:[868,768,960,100],type:'standard',justify:'',layout:'fullscreen',offsetContainer:'',offset:'',mh:\"0\"});\n\t\t\t\t\tvar\trevapi52,\n\t\t\t\t\t\ttpj;\n\t\t\t\t\tfunction revinit_revslider521() {\n\t\t\t\t\tjQuery(function() {\n\t\t\t\t\t\ttpj = jQuery;\n\t\t\t\t\t\trevapi52 = tpj(\"#rev_slider_52_1\");\n\t\t\t\t\t\tif(revapi52==undefined || revapi52.revolution == undefined){\n\t\t\t\t\t\t\trevslider_showDoubleJqueryError(\"rev_slider_52_1\");\n\t\t\t\t\t\t}else{\n\t\t\t\t\t\t\trevapi52.revolution({\n\t\t\t\t\t\t\t\tsliderLayout:\"fullscreen\",\n\t\t\t\t\t\t\t\tvisibilityLevels:\"1240,1024,778,480\",\n\t\t\t\t\t\t\t\tgridwidth:\"1240,1024,778,400\",\n\t\t\t\t\t\t\t\tgridheight:\"868,768,960,100\",\n\t\t\t\t\t\t\t\tminHeight:\"none\",\n\t\t\t\t\t\t\t\tperspective:600,\n\t\t\t\t\t\t\t\tperspectiveType:\"local\",\n\t\t\t\t\t\t\t\teditorheight:\"868,768,960,100\",\n\t\t\t\t\t\t\t\tresponsiveLevels:\"1240,1024,778,480\",\n\t\t\t\t\t\t\t\tprogressBar:{disableProgressBar:true},\n\t\t\t\t\t\t\t\tnavigation: {\n\t\t\t\t\t\t\t\t\tonHoverStop:false\n\t\t\t\t\t\t\t\t},\n\t\t\t\t\t\t\t\tparallax: {\n\t\t\t\t\t\t\t\t\tlevels:[5,10,15,20,25,30,35,40,45,46,47,48,49,50,51,55],\n\t\t\t\t\t\t\t\t\ttype:\"mouse\"\n\t\t\t\t\t\t\t\t},\n\t\t\t\t\t\t\t\tfallbacks: {\n\t\t\t\t\t\t\t\t\tallowHTML5AutoPlayOnAndroid:true\n\t\t\t\t\t\t\t\t},\n\t\t\t\t\t\t\t});\n\t\t\t\t\t\t}<\/p>\n<p>\t\t\t\t\t});\n\t\t\t\t\t} \/\/ End of RevInitScript\n\t\t\t\tvar once_revslider521 = false;\n\t\t\t\tif (document.readyState === \"loading\") {document.addEventListener('readystatechange',function() { if((document.readyState === \"interactive\" || document.readyState === \"complete\") && !once_revslider521 ) { once_revslider521 = true; revinit_revslider521();}});} else {once_revslider521 = true; revinit_revslider521();}\n\t\t\t\t<\/script><br \/>\n\t\t\t<\/rs-module-wrap><br \/>\n\t\t\t<!-- END REVOLUTION SLIDER -->\n<\/div>\n<div  class=\"one withsmallpadding ppb_text\" style=\"padding:15px;background-color:#000000;\" >\n<h5 id=\"bajar\"><\/h5>\n<\/div>\n<div  class=\"one withsmallpadding ppb_text\" style=\"padding:30px 0 30px 0;background-color:#000000;color:#ffffff !important;\" >\n<div class=\"standard_wrapper\">\n<div class=\"page_content_wrapper\">\n<div class=\"inner\">\n<div style=\"margin:auto;width:100%\">\n<h3 style=\"color: #999999; text-align: center;\"><span style=\"color: #ffffff;\">MEMORIAL DES VICTIMES DU TERRORISME<\/span><\/h3>\n<\/div>\n<\/div>\n<\/div>\n<\/div>\n<\/div>\n<div class=\"divider one\">&nbsp;<\/div>\n<div  class=\"one withsmallpadding ppb_text\" style=\"padding:0px 0 0px 0;\" >\n<div class=\"standard_wrapper\">\n<div class=\"page_content_wrapper\">\n<div class=\"inner\">\n<div style=\"margin:auto;width:100%\">\n<p style=\"text-align: justify;\">Le mus\u00e9e-m\u00e9morial des victimes du terrorisme, inaugur\u00e9 en 2021, vise \u00e0 diffuser les valeurs d\u00e9mocratiques et \u00e9thiques incarn\u00e9es par les victimes du terrorisme, \u00e0 construire la m\u00e9moire collective des victimes, et \u00e0 sensibiliser la population \u00e0 la d\u00e9fense de la libert\u00e9 ainsi que des droits de l\u2019homme et contre le terrorisme.<\/p>\n<p><strong><span style=\"text-decoration: underline;\">Horaires\u00a0:<\/span><\/strong><\/p>\n<p style=\"padding-left: 40px;\">De mardi \u00e0 samedi, de 12 h 00 \u00e0 19 h 00<br \/>\nDimanche, de 11\u00a0h\u00a000 \u00e0 14\u00a0h\u00a000<br \/>\nLundi non f\u00e9ri\u00e9, ferm\u00e9<\/p>\n<p style=\"text-align: justify;\"><a href=\"http:\/\/museovt.com\/wp-content\/uploads\/2021\/01\/fachada02.jpg\"><img decoding=\"async\" loading=\"lazy\" class=\"aligncenter wp-image-1289 size-full\" src=\"http:\/\/museovt.com\/wp-content\/uploads\/2021\/01\/fachada02.jpg\" alt=\"\" width=\"2500\" height=\"1479\" \/><\/a><\/p>\n<\/div>\n<\/div>\n<\/div>\n<\/div>\n<\/div>\n<div  class=\"one withsmallpadding ppb_text\" style=\"padding:30px 0 30px 0;background-color:#799a01;\" >\n<div class=\"standard_wrapper\">\n<div class=\"page_content_wrapper\">\n<div class=\"inner\">\n<div style=\"margin:auto;width:100%\">\n<h1 class=\"p1\" style=\"text-align: center;\"><span style=\"color: #ffffff;\">COMMENT UTILISER VOTRE AUDIOGUIDE?<\/span><\/h1>\n<\/div>\n<\/div>\n<\/div>\n<\/div>\n<\/div>\n<div  class=\"one withsmallpadding ppb_text\" style=\"padding:30px 0 30px 0;background-color:#000000;color:#ffffff !important;\" >\n<div class=\"standard_wrapper\">\n<div class=\"page_content_wrapper\">\n<div class=\"inner\">\n<div style=\"margin:auto;width:80%\">\n<p style=\"text-align: center;\"><img decoding=\"async\" loading=\"lazy\" class=\"alignnone wp-image-2883 \" src=\"https:\/\/museovt.com\/wp-content\/uploads\/2021\/03\/auriculares_b.svg\" alt=\"\" width=\"271\" height=\"185\" \/><\/p>\n<h3 class=\"p1\" style=\"text-align: center;\"><span style=\"color: #7a9a01;\">Utilisez l\u2019audioguide uniquement avec des \u00e9couteurs.<\/span><\/h3>\n<p style=\"text-align: center;\">Durant votre itin\u00e9raire \u00e0 travers le mus\u00e9e certaines pi\u00e8ces ou espaces mettent \u00e0 votre disposition des informations suppl\u00e9mentaires que vous pourrez d\u00e9couvrir \u00e0 l\u2019aide du code QR. Voici comment acc\u00e9der \u00e0 ces informations.<\/p>\n<\/div>\n<\/div>\n<\/div>\n<\/div>\n<\/div>\n<div  class=\"one withsmallpadding ppb_text\" style=\"padding:55px 0 55px 0;background-color:#000000;color:#ffffff !important;\" >\n<div class=\"standard_wrapper\">\n<div class=\"page_content_wrapper\">\n<div class=\"inner\">\n<div style=\"margin:auto;width:80%\">\n<h1 class=\"p1\"><span style=\"color: #7a9a01;\">AVEC QR<img decoding=\"async\" loading=\"lazy\" class=\"wp-image-2942 alignright\" src=\"https:\/\/museovt.com\/wp-content\/uploads\/2021\/03\/movil_qr.svg\" alt=\"\" width=\"312\" height=\"213\" \/><br \/>\n_________________<\/span><\/h1>\n<p class=\"p1\" style=\"text-align: justify;\">1.- Ouvrez votre appli lecteur de QR ou l\u2019appareil photo de votre dispositif.<\/p>\n<p style=\"text-align: justify;\">2.- Pointez votre dispositif vers le QR.<\/p>\n<p style=\"text-align: justify;\">3.- Puis, s\u00e9lectionnez si vous souhaitez \u00e9couter ou lire le contenu de cet espace.<\/p>\n<p class=\"p1\" style=\"text-align: justify;\">\n<\/div>\n<\/div>\n<\/div>\n<\/div>\n<\/div>\n<div  class=\"one withsmallpadding ppb_text\" style=\"padding:55px 0 55px 0;background-color:#7a9a01;color:#ffffff !important;\" >\n<div class=\"standard_wrapper\">\n<div class=\"page_content_wrapper\">\n<div class=\"inner\">\n<div style=\"margin:auto;width:80%\">\n<h3 style=\"text-align: center;\"><span style=\"color: #000000;\">\u00a9 Photos:<\/span><\/h3>\n<p style=\"text-align: justify;\"><span style=\"color: #000000;\">1.<\/span> CMVT. <span style=\"color: #000000;\">2.<\/span> Jos\u00e9 Ibarrola. <span style=\"color: #000000;\">3.<\/span> Javier Cebollada, EFE. <span style=\"color: #000000;\">4.<\/span> Fidel Raso, Diario 16. <span style=\"color: #000000;\">5.<\/span> To\u00f1o Gallego, El Mundo. <span style=\"color: #000000;\">6.<\/span> Fidel Raso, Diario 16. <span style=\"color: #000000;\">7.<\/span> Fidel Raso, Diario 16. <span style=\"color: #000000;\">8.<\/span> CMVT. <span style=\"color: #000000;\">9.<\/span> Jos\u00e9 Mari L\u00f3pez, El Correo. <span style=\"color: #000000;\">10.<\/span> CMVT. <span style=\"color: #000000;\">11.<\/span> El Correo. <span style=\"color: #000000;\">12.<\/span> AMB-BUA, La Gaceta del Norte. <span style=\"color: #000000;\">13.<\/span> Javier Cebollada, EFE. <span style=\"color: #000000;\">14.<\/span> Sergio Barrenechea, EFE. <span style=\"color: #000000;\">15.<\/span> Fidel Raso, Diario 16. <span style=\"color: #000000;\">16.<\/span> El Correo. <span style=\"color: #000000;\">17.<\/span> Familia Trujillo Comino. <span style=\"color: #000000;\">18.<\/span> Jes\u00fas Uriarte, El Pa\u00eds. <span style=\"color: #000000;\">19.<\/span> CMVT. <span style=\"color: #000000;\">20.<\/span> CMVT. <span style=\"color: #000000;\">21.<\/span> CMVT. <span style=\"color: #000000;\">22.<\/span> Ballesteros, EFE. <span style=\"color: #000000;\">23.<\/span> Familia Echeverr\u00eda Miralles de Imperial. <span style=\"color: #000000;\">24.<\/span> Luis Alberto Garc\u00eda, El Pa\u00eds. <span style=\"color: #000000;\">25.<\/span> Familia Markaida Olaeta.<\/p>\n<p class=\"p1\">\n<\/div>\n<\/div>\n<\/div>\n<\/div>\n<\/div>\n","protected":false},"excerpt":{"rendered":"<p>Le Mus\u00e9e MEMORIAL DES VICTIMES DU TERRORISME &nbsp; Le mus\u00e9e-m\u00e9morial des victimes du terrorisme, inaugur\u00e9 en 2021, vise \u00e0 diffuser les valeurs d\u00e9mocratiques et \u00e9thiques incarn\u00e9es par les victimes du terrorisme, \u00e0 construire la m\u00e9moire collective des victimes, et \u00e0 [&hellip;]<\/p>\n","protected":false},"author":1,"featured_media":0,"parent":0,"menu_order":0,"comment_status":"closed","ping_status":"closed","template":"","meta":{"inline_featured_image":false,"_trash_the_other_posts":false,"editor_notices":[],"footnotes":""},"class_list":["post-1273","page","type-page","status-publish","hentry"],"_links":{"self":[{"href":"https:\/\/museovt.com\/fr\/wp-json\/wp\/v2\/pages\/1273","targetHints":{"allow":["GET"]}}],"collection":[{"href":"https:\/\/museovt.com\/fr\/wp-json\/wp\/v2\/pages"}],"about":[{"href":"https:\/\/museovt.com\/fr\/wp-json\/wp\/v2\/types\/page"}],"author":[{"embeddable":true,"href":"https:\/\/museovt.com\/fr\/wp-json\/wp\/v2\/users\/1"}],"replies":[{"embeddable":true,"href":"https:\/\/museovt.com\/fr\/wp-json\/wp\/v2\/comments?post=1273"}],"version-history":[{"count":93,"href":"https:\/\/museovt.com\/fr\/wp-json\/wp\/v2\/pages\/1273\/revisions"}],"predecessor-version":[{"id":3223,"href":"https:\/\/museovt.com\/fr\/wp-json\/wp\/v2\/pages\/1273\/revisions\/3223"}],"wp:attachment":[{"href":"https:\/\/museovt.com\/fr\/wp-json\/wp\/v2\/media?parent=1273"}],"curies":[{"name":"wp","href":"https:\/\/api.w.org\/{rel}","templated":true}]}}