{"id":1066,"date":"2021-01-03T12:17:18","date_gmt":"2021-01-03T12:17:18","guid":{"rendered":"http:\/\/museovt.com\/?page_id=1066"},"modified":"2021-03-28T20:06:39","modified_gmt":"2021-03-28T20:06:39","slug":"qr-23","status":"publish","type":"page","link":"https:\/\/museovt.com\/fr\/qr-23\/","title":{"rendered":"23.- LE SKATEBOARD"},"content":{"rendered":"<div  class=\"one withsmallpadding ppb_text\" style=\"padding:30px;\" >\n<h5 id=\"bajar\"><\/h5>\n<\/div>\n<div  class=\"one withsmallpadding ppb_text\" style=\"padding:30px 0 30px 0;\" >\n<div class=\"standard_wrapper\">\n<div class=\"page_content_wrapper\">\n<div class=\"inner\">\n<div style=\"margin:auto;width:100%\">\n<h2 style=\"color: #999999; text-align: center;\"><span style=\"color: #ffffff;\"><img decoding=\"async\" class=\"alignnone wp-image-756\" src=\"http:\/\/museovt.com\/wp-content\/uploads\/2021\/01\/23.svg\" alt=\"\" width=\"50\" \/><br \/>\nLE SKATEBOARD<br \/>\n<\/span><\/h2>\n<\/div>\n<\/div>\n<\/div>\n<\/div>\n<\/div>\n<div  class=\"one withsmallpadding ppb_text\" style=\"padding:30px 0 30px 0;\" >\n<div class=\"standard_wrapper\">\n<div class=\"page_content_wrapper\">\n<div class=\"inner\">\n<div style=\"margin:auto;width:100%\">\n<h5 style=\"text-align: center;\"><i class=\"fa fa-headphones fa-3x\" aria-hidden=\"true\"><\/i><br \/>\n<em>Ne pas utiliser l&#8217;option \u00ab mains libres \u00bb \u00e0 l&#8217;int\u00e9rieur du mus\u00e9e.<\/em><\/h5>\n<\/div>\n<\/div>\n<\/div>\n<\/div>\n<\/div>\n<div  class=\"one withsmallpadding ppb_text\" style=\"padding:30px 0 30px 0;\" >\n<div class=\"standard_wrapper\">\n<div class=\"page_content_wrapper\">\n<div class=\"inner\">\n<div style=\"margin:auto;width:100%\"><audio class=\"wp-audio-shortcode\" id=\"audio-1066-2\" preload=\"none\" style=\"width: 100%;\" controls=\"controls\"><source type=\"audio\/mpeg\" src=\"https:\/\/museovt.com\/fr\/wp-content\/uploads\/sites\/4\/2021\/03\/23fr.mp3?_=2\" \/><a href=\"https:\/\/museovt.com\/fr\/wp-content\/uploads\/sites\/4\/2021\/03\/23fr.mp3\">https:\/\/museovt.com\/fr\/wp-content\/uploads\/sites\/4\/2021\/03\/23fr.mp3<\/a><\/audio>\n<\/div>\n<\/div>\n<\/div>\n<\/div>\n<\/div>\n<div  class=\"one withsmallpadding ppb_text\" style=\"padding:30px 0 30px 0;\" >\n<div class=\"standard_wrapper\">\n<div class=\"page_content_wrapper\">\n<div class=\"inner\">\n<div style=\"margin:auto;width:100%\">\n<h6 style=\"text-align: right;\"><a class=\"btn btn-default btn-sm\" href=\"https:\/\/museovt.com\/fr\/qr-24\/\"><img decoding=\"async\" loading=\"lazy\" class=\"alignnone wp-image-2398\" src=\"https:\/\/museovt.com\/wp-content\/uploads\/2021\/02\/flechaQr.svg\" alt=\"\" width=\"55\" height=\"36\" \/><\/a><\/h6>\n<\/div>\n<\/div>\n<\/div>\n<\/div>\n<\/div>\n<div  class=\"one withsmallpadding ppb_text\" style=\"padding:30px 0 30px 0;\" >\n<div class=\"standard_wrapper\">\n<div class=\"page_content_wrapper\">\n<div class=\"inner\">\n<div style=\"margin:auto;width:100%\">\n<h6 style=\"text-align: right;\"><a class=\"btn btn-default btn-sm\" href=\"https:\/\/museovt.com\/fr\/qr-24\/\"><img decoding=\"async\" loading=\"lazy\" class=\"alignnone wp-image-2398\" src=\"https:\/\/museovt.com\/wp-content\/uploads\/2021\/02\/flechaQr.svg\" alt=\"\" width=\"55\" height=\"36\" \/><\/a><\/h6>\n<\/div>\n<\/div>\n<\/div>\n<\/div>\n<\/div>\n<div  class=\"one withsmallpadding ppb_text\" style=\"padding:30px 0 30px 0;\" >\n<div class=\"standard_wrapper\">\n<div class=\"page_content_wrapper\">\n<div class=\"inner\">\n<div style=\"margin:auto;width:100%\">\n<p style=\"text-align: justify;\"><i class=\"fa fa-deaf fa-4x\" aria-hidden=\"true\"><\/i>L\u2019histoire d\u2019Ignacio Echeverr\u00eda illustre \u00e0 la perfection la question des justes et des r\u00e9sistants contre le terrorisme. Il s\u2019agit de personnes de domaines tr\u00e8s diff\u00e9rents, des policiers, des repr\u00e9sentants de la soci\u00e9t\u00e9 civile, des cr\u00e9ateurs artistiques qui ont dit \u00ab\u00a0non\u00a0\u00bb \u00e0 haute voix face au totalitarisme ou des citoyens qui passaient simplement par l\u00e0 et ont fait face aux terroristes, malgr\u00e9 le risque que cela pouvait impliquer. Certains, de fait, sont devenus des victimes, comme Ignacio lui-m\u00eame, qui est mort en d\u00e9fendant d\u2019autres personnes qui \u00e9taient la proie d\u2019un attentat djihadiste \u00e0 Londres. Sa m\u00e8re, Ana Miralles de Imperial, commente plusieurs pi\u00e8ces que la famille a c\u00e9d\u00e9es pour l\u2019exposition.<\/p>\n<p style=\"text-align: center;\"><img decoding=\"async\" class=\"alignnone size-full wp-image-2383\" src=\"https:\/\/museovt.com\/wp-content\/uploads\/2021\/02\/23-1.jpg\" alt=\"\" width=\"100%\" \/><\/p>\n<p><strong>Ana Miralles de Imperial. Le skate d\u2019Ignacio Echeverr\u00eda et deux dessins en sa m\u00e9moire<\/strong><\/p>\n<p style=\"text-align: justify;\"><em>\u00ab Trois choses sont expos\u00e9es ici que les proches et les amis d\u2019Ignacio Echeverr\u00eda Miralles de Imperial appr\u00e9cient beaucoup de par leur connotation et qui leur rappellent Ignacio.<\/em><\/p>\n<p style=\"text-align: justify;\"><em>Le skateboard avec lequel il a d\u00e9fendu les personnes attaqu\u00e9es.<\/em><\/p>\n<p style=\"text-align: justify;\"><em>La seconde est le dessin de Malag\u00f3n, qui a connu un tel succ\u00e8s et a provoqu\u00e9 tant d\u2019\u00e9motions, dans lequel la phrase, r\u00e9p\u00e9t\u00e9e tant de fois, a \u00e9t\u00e9 cr\u00e9\u00e9e : \u00ab Certains h\u00e9ros ne portent pas de cape \u00bb.<\/em><\/p>\n<p style=\"text-align: justify;\"><em>Le dessin de Puebla, dans lequel Ignacio arrive au paradis avec l\u2019air de ne pas savoir comment il va \u00eatre re\u00e7u, et M. Pelayo et Blas de Lezo l\u2019accueillent. Il n\u2019y a pas de meilleur accueil au paradis pour un Espagnol !<\/em><\/p>\n<p style=\"text-align: justify;\"><em>Sa famille est tr\u00e8s heureuse que ces trois choses fassent penser \u00e0 Ignacio ici et que les assistants du mus\u00e9e puissent les voir ensemble.<\/em><\/p>\n<p style=\"text-align: justify;\"><em>Nous aimerions que ceux qui visitent ce mus\u00e9e sachent que ces trois choses ne peuvent pas \u00eatre \u00e0 un meilleur endroit que celui-ci. Si elles \u00e9taient rest\u00e9es \u00e0 la maison, nous les verrions, mais ici, je pense que gr\u00e2ce \u00e0 elles, de nombreuses personnes penseront \u00e0 Ignacio. Et c\u2019est pourquoi nous pensons qu\u2019Ignacio aurait voulu qu\u2019elles soient avec les souvenirs de tant de victimes du terrorisme, qui malheureusement ne sont plus parmi nous \u00bb.<\/em><\/p>\n<\/div>\n<\/div>\n<\/div>\n<\/div>\n<\/div>\n","protected":false},"excerpt":{"rendered":"<p>LE SKATEBOARD Ne pas utiliser l&#8217;option \u00ab mains libres \u00bb \u00e0 l&#8217;int\u00e9rieur du mus\u00e9e. https:\/\/museovt.com\/fr\/wp-content\/uploads\/sites\/4\/2021\/03\/23fr.mp3 L\u2019histoire d\u2019Ignacio Echeverr\u00eda illustre \u00e0 la perfection la question des justes et des r\u00e9sistants contre le terrorisme. Il s\u2019agit de personnes de domaines tr\u00e8s diff\u00e9rents, [&hellip;]<\/p>\n","protected":false},"author":1,"featured_media":0,"parent":0,"menu_order":0,"comment_status":"closed","ping_status":"closed","template":"","meta":{"inline_featured_image":false,"_trash_the_other_posts":false,"editor_notices":[],"footnotes":""},"class_list":["post-1066","page","type-page","status-publish","hentry"],"_links":{"self":[{"href":"https:\/\/museovt.com\/fr\/wp-json\/wp\/v2\/pages\/1066","targetHints":{"allow":["GET"]}}],"collection":[{"href":"https:\/\/museovt.com\/fr\/wp-json\/wp\/v2\/pages"}],"about":[{"href":"https:\/\/museovt.com\/fr\/wp-json\/wp\/v2\/types\/page"}],"author":[{"embeddable":true,"href":"https:\/\/museovt.com\/fr\/wp-json\/wp\/v2\/users\/1"}],"replies":[{"embeddable":true,"href":"https:\/\/museovt.com\/fr\/wp-json\/wp\/v2\/comments?post=1066"}],"version-history":[{"count":55,"href":"https:\/\/museovt.com\/fr\/wp-json\/wp\/v2\/pages\/1066\/revisions"}],"predecessor-version":[{"id":3211,"href":"https:\/\/museovt.com\/fr\/wp-json\/wp\/v2\/pages\/1066\/revisions\/3211"}],"wp:attachment":[{"href":"https:\/\/museovt.com\/fr\/wp-json\/wp\/v2\/media?parent=1066"}],"curies":[{"name":"wp","href":"https:\/\/api.w.org\/{rel}","templated":true}]}}