{"id":1062,"date":"2021-01-03T12:22:10","date_gmt":"2021-01-03T12:22:10","guid":{"rendered":"http:\/\/museovt.com\/?page_id=1062"},"modified":"2021-03-28T20:05:06","modified_gmt":"2021-03-28T20:05:06","slug":"qr-21","status":"publish","type":"page","link":"https:\/\/museovt.com\/fr\/qr-21\/","title":{"rendered":"21.- REPONSE SOCIALE : FICHES"},"content":{"rendered":"<div  class=\"one withsmallpadding ppb_text\" style=\"padding:30px;\" >\n<h5 id=\"bajar\"><\/h5>\n<\/div>\n<div  class=\"one withsmallpadding ppb_text\" style=\"padding:30px 0 30px 0;\" >\n<div class=\"standard_wrapper\">\n<div class=\"page_content_wrapper\">\n<div class=\"inner\">\n<div style=\"margin:auto;width:100%\">\n<h2 style=\"color: #999999; text-align: center;\"><span style=\"color: #ffffff;\"><img decoding=\"async\" class=\"alignnone wp-image-756\" src=\"http:\/\/museovt.com\/wp-content\/uploads\/2021\/01\/21.svg\" alt=\"\" width=\"50\" \/><br \/>\nREPONSE SOCIALE : FICHES<br \/>\n<\/span><\/h2>\n<\/div>\n<\/div>\n<\/div>\n<\/div>\n<\/div>\n<div  class=\"one withsmallpadding ppb_text\" style=\"padding:30px 0 30px 0;\" >\n<div class=\"standard_wrapper\">\n<div class=\"page_content_wrapper\">\n<div class=\"inner\">\n<div style=\"margin:auto;width:100%\">\n<h5 style=\"text-align: center;\"><i class=\"fa fa-headphones fa-3x\" aria-hidden=\"true\"><\/i><br \/>\n<em>Ne pas utiliser l&#8217;option \u00ab mains libres \u00bb \u00e0 l&#8217;int\u00e9rieur du mus\u00e9e.<\/em><\/h5>\n<\/div>\n<\/div>\n<\/div>\n<\/div>\n<\/div>\n<div  class=\"one withsmallpadding ppb_text\" style=\"padding:30px 0 30px 0;\" >\n<div class=\"standard_wrapper\">\n<div class=\"page_content_wrapper\">\n<div class=\"inner\">\n<div style=\"margin:auto;width:100%\"><audio class=\"wp-audio-shortcode\" id=\"audio-1062-2\" preload=\"none\" style=\"width: 100%;\" controls=\"controls\"><source type=\"audio\/mpeg\" src=\"https:\/\/museovt.com\/fr\/wp-content\/uploads\/sites\/4\/2021\/03\/21fr.mp3?_=2\" \/><a href=\"https:\/\/museovt.com\/fr\/wp-content\/uploads\/sites\/4\/2021\/03\/21fr.mp3\">https:\/\/museovt.com\/fr\/wp-content\/uploads\/sites\/4\/2021\/03\/21fr.mp3<\/a><\/audio>\n<\/div>\n<\/div>\n<\/div>\n<\/div>\n<\/div>\n<div  class=\"one withsmallpadding ppb_text\" style=\"padding:30px 0 30px 0;\" >\n<div class=\"standard_wrapper\">\n<div class=\"page_content_wrapper\">\n<div class=\"inner\">\n<div style=\"margin:auto;width:100%\">\n<h6 style=\"text-align: right;\"><a class=\"btn btn-default btn-sm\" href=\"https:\/\/museovt.com\/fr\/qr-22\"><img decoding=\"async\" loading=\"lazy\" class=\"alignnone wp-image-2398\" src=\"https:\/\/museovt.com\/wp-content\/uploads\/2021\/02\/flechaQr.svg\" alt=\"\" width=\"55\" height=\"36\" \/><\/a><\/h6>\n<\/div>\n<\/div>\n<\/div>\n<\/div>\n<\/div>\n<div  class=\"one withsmallpadding ppb_text\" style=\"padding:30px 0 30px 0;\" >\n<div class=\"standard_wrapper\">\n<div class=\"page_content_wrapper\">\n<div class=\"inner\">\n<div style=\"margin:auto;width:100%\">\n<h6 style=\"text-align: right;\"><a class=\"btn btn-default btn-sm\" href=\"https:\/\/museovt.com\/fr\/qr-22\"><img decoding=\"async\" loading=\"lazy\" class=\"alignnone wp-image-2398\" src=\"https:\/\/museovt.com\/wp-content\/uploads\/2021\/02\/flechaQr.svg\" alt=\"\" width=\"55\" height=\"36\" \/><\/a><\/h6>\n<\/div>\n<\/div>\n<\/div>\n<\/div>\n<\/div>\n<div  class=\"one withsmallpadding ppb_text\" style=\"padding:30px 0 30px 0;\" >\n<div class=\"standard_wrapper\">\n<div class=\"page_content_wrapper\">\n<div class=\"inner\">\n<div style=\"margin:auto;width:100%\">\n<p style=\"text-align: justify;\"><i class=\"fa fa-deaf fa-4x\" aria-hidden=\"true\"><\/i>Conjointement \u00e0 la partie la plus visible d\u2019actions dans la rue, il y avait beaucoup de travail discret de sensibilisation contre le terrorisme qui g\u00e9n\u00e9rait des publications, des prospectus, des affiches ou de la documentation. Cristina Cuesta nous explique une initiative concr\u00e8te d\u00e9velopp\u00e9e par l\u2019Association pour la paix du Pays basque. Les commandos autonomes anticapitalistes avaient assassin\u00e9 Enrique Cuesta, le p\u00e8re de Cristina, en mars 1982 \u00e0 Saint-S\u00e9bastien. Des ann\u00e9es plus tard, elle a fond\u00e9 l\u2019une des premi\u00e8res organisations pacifistes dans sa ville.<\/p>\n<p style=\"text-align: center;\"><a href=\"https:\/\/museovt.com\/wp-content\/uploads\/2021\/02\/21.jpg\"><img decoding=\"async\" loading=\"lazy\" class=\"alignnone wp-image-2380 size-full\" src=\"https:\/\/museovt.com\/wp-content\/uploads\/2021\/02\/21.jpg\" alt=\"\" width=\"1110\" height=\"1134\" \/><\/a><\/p>\n<p style=\"text-align: justify;\"><strong>Cristina Cuesta. Fichier de victimes du terrorisme<\/strong><\/p>\n<p style=\"text-align: justify;\"><em>\u00ab Le 8 mai 1986, un groupe de citoyens de Saint-S\u00e9bastien fonda l\u2019Association pour la paix du Pays basque. Nous avions d\u00e9cid\u00e9 de nous concentrer en silence en plein centre-ville le lendemain du jour o\u00f9 le terrorisme et la violence dans un but politique avaient assassin\u00e9 un \u00eatre humain.<\/em><\/p>\n<p style=\"text-align: justify;\"><em>Le 22 mai 1986, nous nous concentr\u00e2mes, pour la premi\u00e8re fois, en honneur au policier national, Manuel Fuentes Pedreira, assassin\u00e9 par l\u2019organisation ETA \u00e0 Arrigorriaga. \u00c0 partir de cette date, des centaines d\u2019actes de d\u00e9nonciation en solidarit\u00e9 avec les victimes du terrorisme ont suivi.<\/em><\/p>\n<p style=\"text-align: justify;\"><em>L\u2019une des initiatives que nous avons encourag\u00e9e a \u00e9t\u00e9 de documenter, de mani\u00e8re tr\u00e8s artisanale, la dimension des cons\u00e9quences du terrorisme. Nous avions besoin de savoir, d\u2019humaniser, de raconter la r\u00e9alit\u00e9 des victimes.<\/em><\/p>\n<p style=\"text-align: justify;\"><em>Certains membres de l\u2019association d\u00e9cid\u00e8rent de passer leur temps libre \u00e0 la biblioth\u00e8que, et gr\u00e2ce aux services d\u2019h\u00e9m\u00e9roth\u00e8que, de r\u00e9aliser des fiches sur chaque nom, chaque victime.<\/em><\/p>\n<p style=\"text-align: justify;\"><em>Nous cherchions \u00e0 les sauver de l\u2019oubli, \u00e0 \u00eatre conscients de la dimension de la trag\u00e9die dans laquelle nous vivions.<\/em><\/p>\n<p style=\"text-align: justify;\"><em>Le travail fut divis\u00e9 par ann\u00e9es. Chacun de nous enqu\u00eata sur une personne. L\u2019objectif \u00e9tait de les rassembler tous et de les compl\u00e9ter. L\u2019initiative nous a d\u00e9pass\u00e9s \u00bb.<\/em><\/p>\n<\/div>\n<\/div>\n<\/div>\n<\/div>\n<\/div>\n","protected":false},"excerpt":{"rendered":"<p>REPONSE SOCIALE : FICHES Ne pas utiliser l&#8217;option \u00ab mains libres \u00bb \u00e0 l&#8217;int\u00e9rieur du mus\u00e9e. https:\/\/museovt.com\/fr\/wp-content\/uploads\/sites\/4\/2021\/03\/21fr.mp3 Conjointement \u00e0 la partie la plus visible d\u2019actions dans la rue, il y avait beaucoup de travail discret de sensibilisation contre le terrorisme [&hellip;]<\/p>\n","protected":false},"author":1,"featured_media":0,"parent":0,"menu_order":0,"comment_status":"closed","ping_status":"closed","template":"","meta":{"inline_featured_image":false,"_trash_the_other_posts":false,"editor_notices":[],"footnotes":""},"class_list":["post-1062","page","type-page","status-publish","hentry"],"_links":{"self":[{"href":"https:\/\/museovt.com\/fr\/wp-json\/wp\/v2\/pages\/1062","targetHints":{"allow":["GET"]}}],"collection":[{"href":"https:\/\/museovt.com\/fr\/wp-json\/wp\/v2\/pages"}],"about":[{"href":"https:\/\/museovt.com\/fr\/wp-json\/wp\/v2\/types\/page"}],"author":[{"embeddable":true,"href":"https:\/\/museovt.com\/fr\/wp-json\/wp\/v2\/users\/1"}],"replies":[{"embeddable":true,"href":"https:\/\/museovt.com\/fr\/wp-json\/wp\/v2\/comments?post=1062"}],"version-history":[{"count":69,"href":"https:\/\/museovt.com\/fr\/wp-json\/wp\/v2\/pages\/1062\/revisions"}],"predecessor-version":[{"id":3203,"href":"https:\/\/museovt.com\/fr\/wp-json\/wp\/v2\/pages\/1062\/revisions\/3203"}],"wp:attachment":[{"href":"https:\/\/museovt.com\/fr\/wp-json\/wp\/v2\/media?parent=1062"}],"curies":[{"name":"wp","href":"https:\/\/api.w.org\/{rel}","templated":true}]}}