{"id":1058,"date":"2021-01-03T12:16:17","date_gmt":"2021-01-03T12:16:17","guid":{"rendered":"http:\/\/museovt.com\/?page_id=1058"},"modified":"2021-03-28T20:04:47","modified_gmt":"2021-03-28T20:04:47","slug":"qr-20","status":"publish","type":"page","link":"https:\/\/museovt.com\/fr\/qr-20\/","title":{"rendered":"20.- REPONSE SOCIALE : AFFICHES"},"content":{"rendered":"<div  class=\"one withsmallpadding ppb_text\" style=\"padding:30px;\" >\n<h5 id=\"bajar\"><\/h5>\n<\/div>\n<div  class=\"one withsmallpadding ppb_text\" style=\"padding:30px 0 30px 0;\" >\n<div class=\"standard_wrapper\">\n<div class=\"page_content_wrapper\">\n<div class=\"inner\">\n<div style=\"margin:auto;width:100%\">\n<h2 style=\"color: #999999; text-align: center;\"><span style=\"color: #ffffff;\"><img decoding=\"async\" class=\"alignnone wp-image-756\" src=\"http:\/\/museovt.com\/wp-content\/uploads\/2021\/01\/20.svg\" alt=\"\" width=\"50\" \/><br \/>\nREPONSE SOCIALE : AFFICHES<br \/>\n<\/span><\/h2>\n<\/div>\n<\/div>\n<\/div>\n<\/div>\n<\/div>\n<div  class=\"one withsmallpadding ppb_text\" style=\"padding:30px 0 30px 0;\" >\n<div class=\"standard_wrapper\">\n<div class=\"page_content_wrapper\">\n<div class=\"inner\">\n<div style=\"margin:auto;width:100%\">\n<h5 style=\"text-align: center;\"><i class=\"fa fa-headphones fa-3x\" aria-hidden=\"true\"><\/i><br \/>\n<em>Ne pas utiliser l&#8217;option \u00ab mains libres \u00bb \u00e0 l&#8217;int\u00e9rieur du mus\u00e9e.<\/em><\/h5>\n<\/div>\n<\/div>\n<\/div>\n<\/div>\n<\/div>\n<div  class=\"one withsmallpadding ppb_text\" style=\"padding:30px 0 30px 0;\" >\n<div class=\"standard_wrapper\">\n<div class=\"page_content_wrapper\">\n<div class=\"inner\">\n<div style=\"margin:auto;width:100%\"><audio class=\"wp-audio-shortcode\" id=\"audio-1058-2\" preload=\"none\" style=\"width: 100%;\" controls=\"controls\"><source type=\"audio\/mpeg\" src=\"https:\/\/museovt.com\/fr\/wp-content\/uploads\/sites\/4\/2021\/03\/20fr.mp3?_=2\" \/><a href=\"https:\/\/museovt.com\/fr\/wp-content\/uploads\/sites\/4\/2021\/03\/20fr.mp3\">https:\/\/museovt.com\/fr\/wp-content\/uploads\/sites\/4\/2021\/03\/20fr.mp3<\/a><\/audio>\n<\/div>\n<\/div>\n<\/div>\n<\/div>\n<\/div>\n<div  class=\"one withsmallpadding ppb_text\" style=\"padding:30px 0 30px 0;\" >\n<div class=\"standard_wrapper\">\n<div class=\"page_content_wrapper\">\n<div class=\"inner\">\n<div style=\"margin:auto;width:100%\">\n<h6 style=\"text-align: right;\"><a class=\"btn btn-default btn-sm\" href=\"https:\/\/museovt.com\/fr\/qr-21\/\"><img decoding=\"async\" loading=\"lazy\" class=\"alignnone wp-image-2398\" src=\"https:\/\/museovt.com\/wp-content\/uploads\/2021\/02\/flechaQr.svg\" alt=\"\" width=\"55\" height=\"36\" \/><\/a><\/h6>\n<\/div>\n<\/div>\n<\/div>\n<\/div>\n<\/div>\n<div  class=\"one withsmallpadding ppb_text\" style=\"padding:30px 0 30px 0;\" >\n<div class=\"standard_wrapper\">\n<div class=\"page_content_wrapper\">\n<div class=\"inner\">\n<div style=\"margin:auto;width:100%\">\n<h6 style=\"text-align: right;\"><a class=\"btn btn-default btn-sm\" href=\"https:\/\/museovt.com\/fr\/qr-21\/\"><img decoding=\"async\" loading=\"lazy\" class=\"alignnone wp-image-2398\" src=\"https:\/\/museovt.com\/wp-content\/uploads\/2021\/02\/flechaQr.svg\" alt=\"\" width=\"55\" height=\"36\" \/><\/a><\/h6>\n<\/div>\n<\/div>\n<\/div>\n<\/div>\n<\/div>\n<div  class=\"one withsmallpadding ppb_text\" style=\"padding:30px 0 30px 0;\" >\n<div class=\"standard_wrapper\">\n<div class=\"page_content_wrapper\">\n<div class=\"inner\">\n<div style=\"margin:auto;width:100%\">\n<p style=\"text-align: justify;\"><i class=\"fa fa-deaf fa-4x\" aria-hidden=\"true\"><\/i>Celle du terrorisme est une histoire sombre, mais il a \u00e9galement une partie lumineuse. C\u2019est celle de ceux qui ont fait face, qui ont d\u00e9nonc\u00e9 publiquement les assassinats et les menaces, et en fin de compte, ont contribu\u00e9 \u00e0 mobiliser une partie de la soci\u00e9t\u00e9. Nous parlons fondamentalement du mouvement pacifiste et civique, incarn\u00e9 par des associations telles que Gesto por la Paz, r\u00e9compens\u00e9e par le Prix Pr\u00edncipe de Asturias pour l\u2019entente en 1993, ou Basta Ya, \u00e0 qui le Prix S\u00e1jarov \u00e0 la Libert\u00e9 de conscience a \u00e9t\u00e9 d\u00e9cern\u00e9 en 2000.<\/p>\n<p style=\"text-align: center;\"><a href=\"https:\/\/museovt.com\/wp-content\/uploads\/2021\/02\/20-1.jpg\"><img decoding=\"async\" loading=\"lazy\" class=\"alignnone wp-image-2379 size-full\" src=\"https:\/\/museovt.com\/wp-content\/uploads\/2021\/02\/20-1.jpg\" alt=\"\" width=\"1481\" height=\"1007\" \/><\/a><\/p>\n<p style=\"text-align: justify;\">Parfois, des artistes connus ont collabor\u00e9 \u00e0 une campagne pacifiste. C\u2019est le cas de l\u2019affiche de Jorge Oteiza, peinte avec les couleurs rouge, blanche et noire du drapeau nazi, avec laquelle il a d\u00e9nonc\u00e9 l\u2019assassinat par ETA de Dolores Gonz\u00e1lez Catarain, <em>Yoyes<\/em>. Un homme arm\u00e9 l\u2019a abattue en pr\u00e9sence de son fils de trois ans. Ce fut un crime qui visait \u00e0 donner l\u2019exemple\u00a0: <em>Yoyes<\/em> avait dirig\u00e9 la bande et ses anciens compagnons ne lui ont pas pardonn\u00e9 sa d\u00e9cision de retourner chez elle.<\/p>\n<p style=\"text-align: justify;\">Il y a \u00e9galement le cas d\u2019un autre artiste, Juan Carlos Eguillor, qui a offert \u00e0 Gesto por la Paz ces dessins qui appellent \u00e0 la non-violence et au respect des institutions d\u00e9mocratiques. Mais dans la plupart des cas, il s\u2019agit de citoyens anonymes qui fabriquaient et collaient des affiches, par exemple, pour appeler \u00e0 une concentration silencieuse apr\u00e8s une nouvelle victime de terrorisme.<\/p>\n<\/div>\n<\/div>\n<\/div>\n<\/div>\n<\/div>\n","protected":false},"excerpt":{"rendered":"<p>REPONSE SOCIALE : AFFICHES Ne pas utiliser l&#8217;option \u00ab mains libres \u00bb \u00e0 l&#8217;int\u00e9rieur du mus\u00e9e. https:\/\/museovt.com\/fr\/wp-content\/uploads\/sites\/4\/2021\/03\/20fr.mp3 Celle du terrorisme est une histoire sombre, mais il a \u00e9galement une partie lumineuse. C\u2019est celle de ceux qui ont fait face, qui [&hellip;]<\/p>\n","protected":false},"author":1,"featured_media":0,"parent":0,"menu_order":0,"comment_status":"closed","ping_status":"closed","template":"","meta":{"inline_featured_image":false,"_trash_the_other_posts":false,"editor_notices":[],"footnotes":""},"class_list":["post-1058","page","type-page","status-publish","hentry"],"_links":{"self":[{"href":"https:\/\/museovt.com\/fr\/wp-json\/wp\/v2\/pages\/1058","targetHints":{"allow":["GET"]}}],"collection":[{"href":"https:\/\/museovt.com\/fr\/wp-json\/wp\/v2\/pages"}],"about":[{"href":"https:\/\/museovt.com\/fr\/wp-json\/wp\/v2\/types\/page"}],"author":[{"embeddable":true,"href":"https:\/\/museovt.com\/fr\/wp-json\/wp\/v2\/users\/1"}],"replies":[{"embeddable":true,"href":"https:\/\/museovt.com\/fr\/wp-json\/wp\/v2\/comments?post=1058"}],"version-history":[{"count":57,"href":"https:\/\/museovt.com\/fr\/wp-json\/wp\/v2\/pages\/1058\/revisions"}],"predecessor-version":[{"id":3199,"href":"https:\/\/museovt.com\/fr\/wp-json\/wp\/v2\/pages\/1058\/revisions\/3199"}],"wp:attachment":[{"href":"https:\/\/museovt.com\/fr\/wp-json\/wp\/v2\/media?parent=1058"}],"curies":[{"name":"wp","href":"https:\/\/api.w.org\/{rel}","templated":true}]}}