{"id":1050,"date":"2021-01-03T12:20:41","date_gmt":"2021-01-03T12:20:41","guid":{"rendered":"http:\/\/museovt.com\/?page_id=1050"},"modified":"2021-03-28T20:03:15","modified_gmt":"2021-03-28T20:03:15","slug":"qr-15","status":"publish","type":"page","link":"https:\/\/museovt.com\/fr\/qr-15\/","title":{"rendered":"15.- CONSEQUENCES"},"content":{"rendered":"<div  class=\"one withsmallpadding ppb_text\" style=\"padding:30px;\" >\n<h5 id=\"bajar\"><\/h5>\n<\/div>\n<div  class=\"one withsmallpadding ppb_text\" style=\"padding:30px 0 30px 0;\" >\n<div class=\"standard_wrapper\">\n<div class=\"page_content_wrapper\">\n<div class=\"inner\">\n<div style=\"margin:auto;width:100%\">\n<h2 style=\"color: #999999; text-align: center;\"><span style=\"color: #ffffff;\"><img decoding=\"async\" class=\"alignnone wp-image-756\" src=\"http:\/\/museovt.com\/wp-content\/uploads\/2021\/01\/15.svg\" alt=\"\" width=\"50\" \/><br \/>\nCONSEQUENCES<br \/>\n<\/span><\/h2>\n<\/div>\n<\/div>\n<\/div>\n<\/div>\n<\/div>\n<div  class=\"one withsmallpadding ppb_text\" style=\"padding:30px 0 30px 0;\" >\n<div class=\"standard_wrapper\">\n<div class=\"page_content_wrapper\">\n<div class=\"inner\">\n<div style=\"margin:auto;width:100%\">\n<h5 style=\"text-align: center;\"><i class=\"fa fa-headphones fa-3x\" aria-hidden=\"true\"><\/i><br \/>\n<em>Ne pas utiliser l&#8217;option \u00ab mains libres \u00bb \u00e0 l&#8217;int\u00e9rieur du mus\u00e9e.<\/em><\/h5>\n<\/div>\n<\/div>\n<\/div>\n<\/div>\n<\/div>\n<div  class=\"one withsmallpadding ppb_text\" style=\"padding:30px 0 30px 0;\" >\n<div class=\"standard_wrapper\">\n<div class=\"page_content_wrapper\">\n<div class=\"inner\">\n<div style=\"margin:auto;width:100%\"><audio class=\"wp-audio-shortcode\" id=\"audio-1050-2\" preload=\"none\" style=\"width: 100%;\" controls=\"controls\"><source type=\"audio\/mpeg\" src=\"https:\/\/museovt.com\/fr\/wp-content\/uploads\/sites\/4\/2021\/03\/15fr.mp3?_=2\" \/><a href=\"https:\/\/museovt.com\/fr\/wp-content\/uploads\/sites\/4\/2021\/03\/15fr.mp3\">https:\/\/museovt.com\/fr\/wp-content\/uploads\/sites\/4\/2021\/03\/15fr.mp3<\/a><\/audio>\n<\/div>\n<\/div>\n<\/div>\n<\/div>\n<\/div>\n<div  class=\"one withsmallpadding ppb_text\" style=\"padding:30px 0 30px 0;\" >\n<div class=\"standard_wrapper\">\n<div class=\"page_content_wrapper\">\n<div class=\"inner\">\n<div style=\"margin:auto;width:100%\">\n<h6 style=\"text-align: right;\"><a class=\"btn btn-default btn-sm\" href=\"https:\/\/museovt.com\/fr\/qr-16\/\"><img decoding=\"async\" loading=\"lazy\" class=\"alignnone wp-image-2398\" src=\"https:\/\/museovt.com\/wp-content\/uploads\/2021\/02\/flechaQr.svg\" alt=\"\" width=\"55\" height=\"36\" \/><\/a><\/h6>\n<\/div>\n<\/div>\n<\/div>\n<\/div>\n<\/div>\n<div  class=\"one withsmallpadding ppb_text\" style=\"padding:30px 0 30px 0;\" >\n<div class=\"standard_wrapper\">\n<div class=\"page_content_wrapper\">\n<div class=\"inner\">\n<div style=\"margin:auto;width:100%\">\n<h6 style=\"text-align: right;\"><a class=\"btn btn-default btn-sm\" href=\"https:\/\/museovt.com\/fr\/qr-16\/\"><img decoding=\"async\" loading=\"lazy\" class=\"alignnone wp-image-2398\" src=\"https:\/\/museovt.com\/wp-content\/uploads\/2021\/02\/flechaQr.svg\" alt=\"\" width=\"55\" height=\"36\" \/><\/a><\/h6>\n<\/div>\n<\/div>\n<\/div>\n<\/div>\n<\/div>\n<div  class=\"one withsmallpadding ppb_text\" style=\"padding:30px 0 30px 0;\" >\n<div class=\"standard_wrapper\">\n<div class=\"page_content_wrapper\">\n<div class=\"inner\">\n<div style=\"margin:auto;width:100%\">\n<p style=\"text-align: justify;\"><i class=\"fa fa-deaf fa-4x\" aria-hidden=\"true\"><\/i>Apr\u00e8s avoir vu quelles sont les diff\u00e9rentes organisations terroristes, cette galerie pr\u00e9sente les cons\u00e9quences de leur activit\u00e9 \u00e0 l\u2019aide d\u2019une s\u00e9lection de photos comment\u00e9es par leurs auteurs. Tous r\u00e9pondent \u00e0 une question: Quel souvenir gardez-vous de cette image qui, dans certains cas, vous a marqu\u00e9 professionnellement et m\u00eame personnellement ?<\/p>\n<p style=\"text-align: center;\"><a href=\"https:\/\/museovt.com\/wp-content\/uploads\/2021\/02\/15-1.jpg\"><img decoding=\"async\" class=\"alignnone wp-image-2371 size-full\" src=\"https:\/\/museovt.com\/wp-content\/uploads\/2021\/02\/15-1.jpg\" alt=\"\" width=\"100%\" \/><\/a><\/p>\n<p style=\"text-align: justify;\">Voici la c\u00e9l\u00e8bre photo de To\u00f1o Gallego pour <em>El Mundo<\/em> d\u2019un Jos\u00e9 Antonio Ortega Lara amaigri arrivant chez lui \u00e0 Burgos. Accompagn\u00e9 de sa femme, Domitila, il venait de sortir de 532 jours d\u2019enl\u00e8vement. La sc\u00e8ne de l\u2019attentat contre Jos\u00e9 Luis L\u00f3pez de Lacalle, photographi\u00e9e par Jes\u00fas Uriarte pour <em>El Pa\u00eds<\/em>, est celle qui a inspir\u00e9 Jos\u00e9 Ibarrola \u00e0 peindre son tableau sur les parapluies et la m\u00e9moire. Gr\u00e2ce \u00e0 David Armengou, nous disposons \u00e9galement l\u2019une des premi\u00e8res photos prises apr\u00e8s l\u2019attaque massive d\u2019ao\u00fbt 2017 sur les Ramblas de Barcelone.<\/p>\n<p style=\"text-align: justify;\">Un d\u00e9bat est ouvert sur la limite\u00a0; \u00e0 savoir, jusqu\u2019o\u00f9 nous sommes dispos\u00e9s \u00e0 aller lorsqu\u2019il s\u2019agit de laisser une trace graphique du concept de terrorisme. Par exemple, si les premiers plans de cadavres apportent quelque chose au niveau de l\u2019information ou cherchent simplement le sensationnalisme, en passant outre les sentiments des proches de ces victimes.<\/p>\n<p style=\"text-align: justify;\">Le terrorisme est un ph\u00e9nom\u00e8ne dramatique, qui provoque des dommages personnels d\u00e9vastateurs, et il ne doit pas \u00eatre att\u00e9nu\u00e9. Mais les photographies explicites qui \u00e9taient publi\u00e9es dans la presse dans les ann\u00e9es soixante-dix ou quatre-vingt du XXe si\u00e8cle, y compris des premiers plans de cadavres, n\u2019ont pas \u00e9veill\u00e9 les consciences. Ces ann\u00e9es ont \u00e9t\u00e9 celles au cours desquelles le plus d\u2019attentats ont \u00e9t\u00e9 commis et avec le moins de r\u00e9ponse sociale. Aujourd\u2019hui, elles ne verraient pas le jour en raison de leur rudesse.<\/p>\n<\/div>\n<\/div>\n<\/div>\n<\/div>\n<\/div>\n","protected":false},"excerpt":{"rendered":"<p>CONSEQUENCES Ne pas utiliser l&#8217;option \u00ab mains libres \u00bb \u00e0 l&#8217;int\u00e9rieur du mus\u00e9e. https:\/\/museovt.com\/fr\/wp-content\/uploads\/sites\/4\/2021\/03\/15fr.mp3 Apr\u00e8s avoir vu quelles sont les diff\u00e9rentes organisations terroristes, cette galerie pr\u00e9sente les cons\u00e9quences de leur activit\u00e9 \u00e0 l\u2019aide d\u2019une s\u00e9lection de photos comment\u00e9es par leurs [&hellip;]<\/p>\n","protected":false},"author":1,"featured_media":0,"parent":0,"menu_order":0,"comment_status":"closed","ping_status":"closed","template":"","meta":{"inline_featured_image":false,"_trash_the_other_posts":false,"editor_notices":[],"footnotes":""},"class_list":["post-1050","page","type-page","status-publish","hentry"],"_links":{"self":[{"href":"https:\/\/museovt.com\/fr\/wp-json\/wp\/v2\/pages\/1050","targetHints":{"allow":["GET"]}}],"collection":[{"href":"https:\/\/museovt.com\/fr\/wp-json\/wp\/v2\/pages"}],"about":[{"href":"https:\/\/museovt.com\/fr\/wp-json\/wp\/v2\/types\/page"}],"author":[{"embeddable":true,"href":"https:\/\/museovt.com\/fr\/wp-json\/wp\/v2\/users\/1"}],"replies":[{"embeddable":true,"href":"https:\/\/museovt.com\/fr\/wp-json\/wp\/v2\/comments?post=1050"}],"version-history":[{"count":54,"href":"https:\/\/museovt.com\/fr\/wp-json\/wp\/v2\/pages\/1050\/revisions"}],"predecessor-version":[{"id":3179,"href":"https:\/\/museovt.com\/fr\/wp-json\/wp\/v2\/pages\/1050\/revisions\/3179"}],"wp:attachment":[{"href":"https:\/\/museovt.com\/fr\/wp-json\/wp\/v2\/media?parent=1050"}],"curies":[{"name":"wp","href":"https:\/\/api.w.org\/{rel}","templated":true}]}}