{"id":1048,"date":"2021-01-03T12:20:26","date_gmt":"2021-01-03T12:20:26","guid":{"rendered":"http:\/\/museovt.com\/?page_id=1048"},"modified":"2021-03-28T20:02:56","modified_gmt":"2021-03-28T20:02:56","slug":"qr-14","status":"publish","type":"page","link":"https:\/\/museovt.com\/fr\/qr-14\/","title":{"rendered":"14.- DJIHADISME"},"content":{"rendered":"<div  class=\"one withsmallpadding ppb_text\" style=\"padding:30px;\" >\n<h5 id=\"bajar\"><\/h5>\n<\/div>\n<div  class=\"one withsmallpadding ppb_text\" style=\"padding:30px 0 30px 0;\" >\n<div class=\"standard_wrapper\">\n<div class=\"page_content_wrapper\">\n<div class=\"inner\">\n<div style=\"margin:auto;width:100%\">\n<h2 style=\"color: #999999; text-align: center;\"><span style=\"color: #ffffff;\"><img decoding=\"async\" class=\"alignnone wp-image-756\" src=\"http:\/\/museovt.com\/wp-content\/uploads\/2021\/01\/14.svg\" alt=\"\" width=\"50\" \/><br \/>\nDJIHADISME<br \/>\n<\/span><\/h2>\n<\/div>\n<\/div>\n<\/div>\n<\/div>\n<\/div>\n<div  class=\"one withsmallpadding ppb_text\" style=\"padding:30px 0 30px 0;\" >\n<div class=\"standard_wrapper\">\n<div class=\"page_content_wrapper\">\n<div class=\"inner\">\n<div style=\"margin:auto;width:100%\">\n<h5 style=\"text-align: center;\"><i class=\"fa fa-headphones fa-3x\" aria-hidden=\"true\"><\/i><br \/>\n<em>Ne pas utiliser l&#8217;option \u00ab mains libres \u00bb \u00e0 l&#8217;int\u00e9rieur du mus\u00e9e.<\/em><\/h5>\n<\/div>\n<\/div>\n<\/div>\n<\/div>\n<\/div>\n<div  class=\"one withsmallpadding ppb_text\" style=\"padding:30px 0 30px 0;\" >\n<div class=\"standard_wrapper\">\n<div class=\"page_content_wrapper\">\n<div class=\"inner\">\n<div style=\"margin:auto;width:100%\"><audio class=\"wp-audio-shortcode\" id=\"audio-1048-2\" preload=\"none\" style=\"width: 100%;\" controls=\"controls\"><source type=\"audio\/mpeg\" src=\"https:\/\/museovt.com\/fr\/wp-content\/uploads\/sites\/4\/2021\/03\/14fr.mp3?_=2\" \/><a href=\"https:\/\/museovt.com\/fr\/wp-content\/uploads\/sites\/4\/2021\/03\/14fr.mp3\">https:\/\/museovt.com\/fr\/wp-content\/uploads\/sites\/4\/2021\/03\/14fr.mp3<\/a><\/audio>\n<\/div>\n<\/div>\n<\/div>\n<\/div>\n<\/div>\n<div  class=\"one withsmallpadding ppb_text\" style=\"padding:30px 0 30px 0;\" >\n<div class=\"standard_wrapper\">\n<div class=\"page_content_wrapper\">\n<div class=\"inner\">\n<div style=\"margin:auto;width:100%\">\n<h6 style=\"text-align: right;\"><a class=\"btn btn-default btn-sm\" href=\"https:\/\/museovt.com\/fr\/qr-15\/\"><img decoding=\"async\" loading=\"lazy\" class=\"alignnone wp-image-2398\" src=\"https:\/\/museovt.com\/wp-content\/uploads\/2021\/02\/flechaQr.svg\" alt=\"\" width=\"55\" height=\"36\" \/><\/a><\/h6>\n<\/div>\n<\/div>\n<\/div>\n<\/div>\n<\/div>\n<div  class=\"one withsmallpadding ppb_text\" style=\"padding:30px 0 30px 0;\" >\n<div class=\"standard_wrapper\">\n<div class=\"page_content_wrapper\">\n<div class=\"inner\">\n<div style=\"margin:auto;width:100%\">\n<h6 style=\"text-align: right;\"><a class=\"btn btn-default btn-sm\" href=\"https:\/\/museovt.com\/fr\/qr-15\/\"><img decoding=\"async\" loading=\"lazy\" class=\"alignnone wp-image-2398\" src=\"https:\/\/museovt.com\/wp-content\/uploads\/2021\/02\/flechaQr.svg\" alt=\"\" width=\"55\" height=\"36\" \/><\/a><\/h6>\n<\/div>\n<\/div>\n<\/div>\n<\/div>\n<\/div>\n<div  class=\"one withsmallpadding ppb_text\" style=\"padding:30px 0 30px 0;\" >\n<div class=\"standard_wrapper\">\n<div class=\"page_content_wrapper\">\n<div class=\"inner\">\n<div style=\"margin:auto;width:100%\">\n<p style=\"text-align: justify;\"><i class=\"fa fa-deaf fa-4x\" aria-hidden=\"true\"><\/i>Le terrorisme djihadiste est une menace globale qui, dans le cas de l\u2019Espagne, est \u00e0 l\u2019origine de trois grands attentats.<\/p>\n<p style=\"text-align: justify;\">Le premier s\u2019est produit contre le restaurant El Descanso \u00e0 Madrid en 1985 et a fait 18 morts.<\/p>\n<p style=\"text-align: justify;\"><a href=\"https:\/\/museovt.com\/wp-content\/uploads\/2021\/02\/14-1.jpg\"><img decoding=\"async\" class=\"wp-image-2370 size-full\" src=\"https:\/\/museovt.com\/wp-content\/uploads\/2021\/02\/14-1.jpg\" alt=\"\" width=\"100%\" \/><\/a><br \/>\n<i class=\"fa fa-deaf fa-4x\" aria-hidden=\"true\"><\/i><\/p>\n<p style=\"text-align: justify;\">Le second correspond aux attaques coordonn\u00e9es contre plusieurs trains de banlieue de Madrid le 11 mars 2004, au cours desquelles 192 personnes ont trouv\u00e9 la mort.<\/p>\n<p style=\"text-align: justify;\">Le troisi\u00e8me ont \u00e9t\u00e9 les attaques de Barcelone et de Cambrils en ao\u00fbt 2017, avec un bilan de 16 personnes assassin\u00e9es.<\/p>\n<p style=\"text-align: justify;\">\u00c0 ces attentats, il faut ajouter ceux commis contre des Espagnols \u00e0 l\u2019\u00e9tranger, qu\u2019il s\u2019agisse de touristes ou de soldats d\u00e9ploy\u00e9s dans le cadre de missions internationales.<\/p>\n<p style=\"text-align: justify;\">Sept des auteurs du 11-M qui se cachaient dans un appartement de Legan\u00e9s se sont immol\u00e9s lorsqu\u2019ils se sont vus encercl\u00e9s par la police, qui a trouv\u00e9 une note o\u00f9 ils fixaient les objectifs suivants. Le document est un bon r\u00e9sum\u00e9 de ce type de terrorisme, qui cherche un effet de propagande \u00e0 travers des massacres al\u00e9atoires de civils. Ses cibles potentielles comprenaient les trains, les juifs ou les touristes, mais aussi la cha\u00eene de fast-food, McDonald\u2019s. C\u2019est un exemple des contradictions et de l\u2019absurdit\u00e9 du terrorisme\u00a0: les agresseurs s\u2019\u00e9tant eux-m\u00eames r\u00e9unis dans un McDonald\u2019s pour pr\u00e9parer le 11-M.<\/p>\n<\/div>\n<\/div>\n<\/div>\n<\/div>\n<\/div>\n","protected":false},"excerpt":{"rendered":"<p>DJIHADISME Ne pas utiliser l&#8217;option \u00ab mains libres \u00bb \u00e0 l&#8217;int\u00e9rieur du mus\u00e9e. https:\/\/museovt.com\/fr\/wp-content\/uploads\/sites\/4\/2021\/03\/14fr.mp3 Le terrorisme djihadiste est une menace globale qui, dans le cas de l\u2019Espagne, est \u00e0 l\u2019origine de trois grands attentats. Le premier s\u2019est produit contre le [&hellip;]<\/p>\n","protected":false},"author":1,"featured_media":0,"parent":0,"menu_order":0,"comment_status":"closed","ping_status":"closed","template":"","meta":{"inline_featured_image":false,"_trash_the_other_posts":false,"editor_notices":[],"footnotes":""},"class_list":["post-1048","page","type-page","status-publish","hentry"],"_links":{"self":[{"href":"https:\/\/museovt.com\/fr\/wp-json\/wp\/v2\/pages\/1048","targetHints":{"allow":["GET"]}}],"collection":[{"href":"https:\/\/museovt.com\/fr\/wp-json\/wp\/v2\/pages"}],"about":[{"href":"https:\/\/museovt.com\/fr\/wp-json\/wp\/v2\/types\/page"}],"author":[{"embeddable":true,"href":"https:\/\/museovt.com\/fr\/wp-json\/wp\/v2\/users\/1"}],"replies":[{"embeddable":true,"href":"https:\/\/museovt.com\/fr\/wp-json\/wp\/v2\/comments?post=1048"}],"version-history":[{"count":63,"href":"https:\/\/museovt.com\/fr\/wp-json\/wp\/v2\/pages\/1048\/revisions"}],"predecessor-version":[{"id":3175,"href":"https:\/\/museovt.com\/fr\/wp-json\/wp\/v2\/pages\/1048\/revisions\/3175"}],"wp:attachment":[{"href":"https:\/\/museovt.com\/fr\/wp-json\/wp\/v2\/media?parent=1048"}],"curies":[{"name":"wp","href":"https:\/\/api.w.org\/{rel}","templated":true}]}}