{"id":1046,"date":"2021-01-03T12:20:12","date_gmt":"2021-01-03T12:20:12","guid":{"rendered":"http:\/\/museovt.com\/?page_id=1046"},"modified":"2021-03-28T20:02:36","modified_gmt":"2021-03-28T20:02:36","slug":"qr-13","status":"publish","type":"page","link":"https:\/\/museovt.com\/fr\/qr-13\/","title":{"rendered":"13.- GRAPO"},"content":{"rendered":"<div  class=\"one withsmallpadding ppb_text\" style=\"padding:30px;\" >\n<h5 id=\"bajar\"><\/h5>\n<\/div>\n<div  class=\"one withsmallpadding ppb_text\" style=\"padding:30px 0 30px 0;\" >\n<div class=\"standard_wrapper\">\n<div class=\"page_content_wrapper\">\n<div class=\"inner\">\n<div style=\"margin:auto;width:100%\">\n<h2 style=\"color: #999999; text-align: center;\"><span style=\"color: #ffffff;\"><img decoding=\"async\" class=\"alignnone wp-image-756\" src=\"http:\/\/museovt.com\/wp-content\/uploads\/2021\/01\/13.svg\" alt=\"\" width=\"50\" \/><br \/>\nGRAPO<\/span><\/h2>\n<\/div>\n<\/div>\n<\/div>\n<\/div>\n<\/div>\n<div  class=\"one withsmallpadding ppb_text\" style=\"padding:30px 0 30px 0;\" >\n<div class=\"standard_wrapper\">\n<div class=\"page_content_wrapper\">\n<div class=\"inner\">\n<div style=\"margin:auto;width:100%\">\n<h5 style=\"text-align: center;\"><i class=\"fa fa-headphones fa-3x\" aria-hidden=\"true\"><\/i><br \/>\n<em>Ne pas utiliser l&#8217;option \u00ab mains libres \u00bb \u00e0 l&#8217;int\u00e9rieur du mus\u00e9e.<\/em><\/h5>\n<\/div>\n<\/div>\n<\/div>\n<\/div>\n<\/div>\n<div  class=\"one withsmallpadding ppb_text\" style=\"padding:30px 0 30px 0;\" >\n<div class=\"standard_wrapper\">\n<div class=\"page_content_wrapper\">\n<div class=\"inner\">\n<div style=\"margin:auto;width:100%\"><audio class=\"wp-audio-shortcode\" id=\"audio-1046-2\" preload=\"none\" style=\"width: 100%;\" controls=\"controls\"><source type=\"audio\/mpeg\" src=\"https:\/\/museovt.com\/fr\/wp-content\/uploads\/sites\/4\/2021\/03\/13fr.mp3?_=2\" \/><a href=\"https:\/\/museovt.com\/fr\/wp-content\/uploads\/sites\/4\/2021\/03\/13fr.mp3\">https:\/\/museovt.com\/fr\/wp-content\/uploads\/sites\/4\/2021\/03\/13fr.mp3<\/a><\/audio>\n<\/div>\n<\/div>\n<\/div>\n<\/div>\n<\/div>\n<div  class=\"one withsmallpadding ppb_text\" style=\"padding:30px 0 30px 0;\" >\n<div class=\"standard_wrapper\">\n<div class=\"page_content_wrapper\">\n<div class=\"inner\">\n<div style=\"margin:auto;width:100%\">\n<h6 style=\"text-align: right;\"><a class=\"btn btn-default btn-sm\" href=\"https:\/\/museovt.com\/fr\/qr-14\/\"><img decoding=\"async\" loading=\"lazy\" class=\"alignnone wp-image-2398\" src=\"https:\/\/museovt.com\/wp-content\/uploads\/2021\/02\/flechaQr.svg\" alt=\"\" width=\"55\" height=\"36\" \/><\/a><\/h6>\n<\/div>\n<\/div>\n<\/div>\n<\/div>\n<\/div>\n<div  class=\"one withsmallpadding ppb_text\" style=\"padding:30px 0 30px 0;\" >\n<div class=\"standard_wrapper\">\n<div class=\"page_content_wrapper\">\n<div class=\"inner\">\n<div style=\"margin:auto;width:100%\">\n<h6 style=\"text-align: right;\"><a class=\"btn btn-default btn-sm\" href=\"https:\/\/museovt.com\/fr\/qr-14\/\"><img decoding=\"async\" loading=\"lazy\" class=\"alignnone wp-image-2398\" src=\"https:\/\/museovt.com\/wp-content\/uploads\/2021\/02\/flechaQr.svg\" alt=\"\" width=\"55\" height=\"36\" \/><\/a><\/h6>\n<\/div>\n<\/div>\n<\/div>\n<\/div>\n<\/div>\n<div  class=\"one withsmallpadding ppb_text\" style=\"padding:30px 0 30px 0;\" >\n<div class=\"standard_wrapper\">\n<div class=\"page_content_wrapper\">\n<div class=\"inner\">\n<div style=\"margin:auto;width:100%\">\n<p style=\"text-align: justify;\"><i class=\"fa fa-deaf fa-4x\" aria-hidden=\"true\"><\/i>Le terrorisme d\u2019extr\u00eame gauche porte un nom principal en Espagne\u00a0: les GRAPO (Groupes de r\u00e9sistance antifasciste premier octobre). La plupart de leurs assassinats, 92 au total, ont eu lieu lors des ann\u00e9es de transition vers la d\u00e9mocratie. Le dernier, celui de la chef d\u2019entreprise de Saragosse, Ana Isabel Herrero, a \u00e9t\u00e9 commis en 2006.<\/p>\n<p><a href=\"https:\/\/museovt.com\/wp-content\/uploads\/2021\/02\/13-1.jpg\"><img decoding=\"async\" class=\"wp-image-2369 size-full\" src=\"https:\/\/museovt.com\/wp-content\/uploads\/2021\/02\/13-1.jpg\" alt=\"\" width=\"100%\" \/><\/a><\/p>\n<p style=\"text-align: justify;\">Comme le sugg\u00e8re le drapeau avec son symbole dessin\u00e9 au marqueur, ou d\u2019autres effets saisis par la police, les GRAPO disposaient de beaucoup moins de moyens et de soutien que l\u2019organisation ETA. Malgr\u00e9 tout, ils ont sem\u00e9 la douleur dans leur sillage. Leur victime la plus connue est le chef d\u2019entreprise, Publio Cord\u00f3n, enlev\u00e9 en 1995 et toujours port\u00e9 disparu aujourd\u2019hui. Mais le terrorisme anticapitaliste des GRAPO a emport\u00e9 sur son passage des dizaines de gendarmes, policiers, gardiens asserment\u00e9s, juges&#8230;<\/p>\n<p style=\"text-align: justify;\">Les Forces de s\u00e9curit\u00e9 elles-m\u00eames ont \u00e9t\u00e9 responsables de la d\u00e9sarticulation totale de ce groupe. Pendant quelque temps, la perte du soutien social d\u2019une organisation terroriste, qui correspondrait \u00e0 sa transformation en un groupe absolument marginal, d\u00e9connect\u00e9 de la r\u00e9alit\u00e9 et m\u00eame de ses propres bases, a \u00e9t\u00e9 mentionn\u00e9e.<\/p>\n<\/div>\n<\/div>\n<\/div>\n<\/div>\n<\/div>\n","protected":false},"excerpt":{"rendered":"<p>GRAPO Ne pas utiliser l&#8217;option \u00ab mains libres \u00bb \u00e0 l&#8217;int\u00e9rieur du mus\u00e9e. https:\/\/museovt.com\/fr\/wp-content\/uploads\/sites\/4\/2021\/03\/13fr.mp3 Le terrorisme d\u2019extr\u00eame gauche porte un nom principal en Espagne\u00a0: les GRAPO (Groupes de r\u00e9sistance antifasciste premier octobre). La plupart de leurs assassinats, 92 au total, [&hellip;]<\/p>\n","protected":false},"author":1,"featured_media":0,"parent":0,"menu_order":0,"comment_status":"closed","ping_status":"closed","template":"","meta":{"inline_featured_image":false,"_trash_the_other_posts":false,"editor_notices":[],"footnotes":""},"class_list":["post-1046","page","type-page","status-publish","hentry"],"_links":{"self":[{"href":"https:\/\/museovt.com\/fr\/wp-json\/wp\/v2\/pages\/1046","targetHints":{"allow":["GET"]}}],"collection":[{"href":"https:\/\/museovt.com\/fr\/wp-json\/wp\/v2\/pages"}],"about":[{"href":"https:\/\/museovt.com\/fr\/wp-json\/wp\/v2\/types\/page"}],"author":[{"embeddable":true,"href":"https:\/\/museovt.com\/fr\/wp-json\/wp\/v2\/users\/1"}],"replies":[{"embeddable":true,"href":"https:\/\/museovt.com\/fr\/wp-json\/wp\/v2\/comments?post=1046"}],"version-history":[{"count":60,"href":"https:\/\/museovt.com\/fr\/wp-json\/wp\/v2\/pages\/1046\/revisions"}],"predecessor-version":[{"id":3171,"href":"https:\/\/museovt.com\/fr\/wp-json\/wp\/v2\/pages\/1046\/revisions\/3171"}],"wp:attachment":[{"href":"https:\/\/museovt.com\/fr\/wp-json\/wp\/v2\/media?parent=1046"}],"curies":[{"name":"wp","href":"https:\/\/api.w.org\/{rel}","templated":true}]}}