{"id":1027,"date":"2021-01-03T12:12:39","date_gmt":"2021-01-03T12:12:39","guid":{"rendered":"http:\/\/museovt.com\/?page_id=1027"},"modified":"2021-03-28T20:00:21","modified_gmt":"2021-03-28T20:00:21","slug":"qr-6","status":"publish","type":"page","link":"https:\/\/museovt.com\/fr\/qr-6\/","title":{"rendered":"6.- LA PLANQUE"},"content":{"rendered":"<div  class=\"one withsmallpadding ppb_text\" style=\"padding:30px;\" >\n<h5 id=\"bajar\"><\/h5>\n<\/div>\n<div  class=\"one withsmallpadding ppb_text\" style=\"padding:30px 0 30px 0;\" >\n<div class=\"standard_wrapper\">\n<div class=\"page_content_wrapper\">\n<div class=\"inner\">\n<div style=\"margin:auto;width:100%\">\n<h2 style=\"color: #999999; text-align: center;\"><span style=\"color: #ffffff;\"><img decoding=\"async\" class=\"alignnone wp-image-756\" src=\"http:\/\/museovt.com\/wp-content\/uploads\/2021\/01\/6.svg\" alt=\"\" width=\"50\" \/><br \/>\nLA PLANQUE<\/span><\/h2>\n<\/div>\n<\/div>\n<\/div>\n<\/div>\n<\/div>\n<div  class=\"one withsmallpadding ppb_text\" style=\"padding:30px 0 30px 0;\" >\n<div class=\"standard_wrapper\">\n<div class=\"page_content_wrapper\">\n<div class=\"inner\">\n<div style=\"margin:auto;width:100%\">\n<h5 style=\"text-align: center;\"><i class=\"fa fa-headphones fa-3x\" aria-hidden=\"true\"><\/i><br \/>\n<em>Ne pas utiliser l&#8217;option \u00ab mains libres \u00bb \u00e0 l&#8217;int\u00e9rieur du mus\u00e9e.<\/em><\/h5>\n<\/div>\n<\/div>\n<\/div>\n<\/div>\n<\/div>\n<div  class=\"one withsmallpadding ppb_text\" style=\"padding:30px 0 30px 0;\" >\n<div class=\"standard_wrapper\">\n<div class=\"page_content_wrapper\">\n<div class=\"inner\">\n<div style=\"margin:auto;width:100%\"><audio class=\"wp-audio-shortcode\" id=\"audio-1027-2\" preload=\"none\" style=\"width: 100%;\" controls=\"controls\"><source type=\"audio\/mpeg\" src=\"https:\/\/museovt.com\/fr\/wp-content\/uploads\/sites\/4\/2021\/03\/6fr.mp3?_=2\" \/><a href=\"https:\/\/museovt.com\/fr\/wp-content\/uploads\/sites\/4\/2021\/03\/6fr.mp3\">https:\/\/museovt.com\/fr\/wp-content\/uploads\/sites\/4\/2021\/03\/6fr.mp3<\/a><\/audio>\n<\/div>\n<\/div>\n<\/div>\n<\/div>\n<\/div>\n<div  class=\"one withsmallpadding ppb_text\" style=\"padding:30px 0 30px 0;\" >\n<div class=\"standard_wrapper\">\n<div class=\"page_content_wrapper\">\n<div class=\"inner\">\n<div style=\"margin:auto;width:100%\">\n<h6 style=\"text-align: right;\"><a class=\"btn btn-default btn-sm\" href=\"https:\/\/museovt.com\/fr\/qr-7\"><img decoding=\"async\" loading=\"lazy\" class=\"alignnone wp-image-2398\" src=\"https:\/\/museovt.com\/wp-content\/uploads\/2021\/02\/flechaQr.svg\" alt=\"\" width=\"55\" height=\"36\" \/><\/a><\/h6>\n<\/div>\n<\/div>\n<\/div>\n<\/div>\n<\/div>\n<div  class=\"one withsmallpadding ppb_text\" style=\"padding:30px 0 30px 0;\" >\n<div class=\"standard_wrapper\">\n<div class=\"page_content_wrapper\">\n<div class=\"inner\">\n<div style=\"margin:auto;width:100%\">\n<h6 style=\"text-align: right;\"><a class=\"btn btn-default btn-sm\" href=\"https:\/\/museovt.com\/fr\/qr-7\"><img decoding=\"async\" loading=\"lazy\" class=\"alignnone wp-image-2398\" src=\"https:\/\/museovt.com\/wp-content\/uploads\/2021\/02\/flechaQr.svg\" alt=\"\" width=\"55\" height=\"36\" \/><\/a><\/h6>\n<\/div>\n<\/div>\n<\/div>\n<\/div>\n<\/div>\n<div  class=\"one withsmallpadding ppb_text\" style=\"padding:30px 0 30px 0;\" >\n<div class=\"standard_wrapper\">\n<div class=\"page_content_wrapper\">\n<div class=\"inner\">\n<div style=\"margin:auto;width:100%\">\n<p style=\"text-align: justify;\">Dans leur rapport, les gendarmes qui lib\u00e9r\u00e8rent Jos\u00e9 Antonio Ortega Lara d\u00e9crivirent l\u2019habitacle qu\u2019ils trouv\u00e8rent sous le sol de l\u2019entrep\u00f4t industriel de la fa\u00e7on suivante.<\/p>\n<p style=\"text-align: justify;\">\u00ab Il dispose de trois compartiments que nous appellerons A, B et C selon le sens d\u2019acc\u00e8s. Le compartiment C est l\u2019endroit o\u00f9 M. Jos\u00e9 Antonio Ortega Lara a \u00e9t\u00e9 trouv\u00e9.<\/p>\n<p style=\"text-align: center;\"><a href=\"https:\/\/museovt.com\/wp-content\/uploads\/2021\/02\/6-1.jpg\"><img decoding=\"async\" loading=\"lazy\" class=\"alignnone wp-image-2358 size-full\" src=\"https:\/\/museovt.com\/wp-content\/uploads\/2021\/02\/6-1.jpg\" alt=\"\" width=\"1500\" height=\"1000\" \/><\/a><\/p>\n<p style=\"text-align: justify;\">Il mesure un m\u00e8tre quatre-vingt de large, deux m\u00e8tres quarante-huit de long et deux m\u00e8tres de haut. La toiture est \u00e0 deux versants dans le sens longitudinal, et cette derni\u00e8re et les murs sont recouverts de bois.<\/p>\n<p style=\"text-align: justify;\">Un orifice circulaire, couvert d\u2019une vitre, abrite une lampe qui sert \u00e0 \u00e9clairer la pi\u00e8ce\u00a0; pour diminuer l\u2019intensit\u00e9 de la lumi\u00e8re de cette lampe, un petit rideau bleu fonc\u00e9 peut \u00eatre utilis\u00e9.<\/p>\n<p style=\"text-align: justify;\">Sur le mur de droite, il y a deux posters (l\u2019un avec un couple de v\u00e9liplanchistes et l\u2019autre avec la baie de La Concha \u00e0 San Sebasti\u00e1n sous la neige) et une \u00e9tag\u00e8re d\u2019un m\u00e8tre vingt-six de long et quinze centim\u00e8tres de large.<\/p>\n<p style=\"text-align: justify;\">Sur le mur avant (\u2026), une table de tablex est appuy\u00e9e (&#8230;) il y a aussi un cintre en bois \u00e0 deux pointes.<\/p>\n<p style=\"text-align: justify;\">Sur le mur de gauche, deux cintres en bois sont accroch\u00e9s, l\u2019un avec quatre pointes et l\u2019autre avec une seule.<\/p>\n<p style=\"text-align: justify;\">Dans ce compartiment, nous avons \u00e9galement trouv\u00e9 des ustensiles tels qu\u2019une chaise longue d\u2019un m\u00e8tre quatre-vingt de long et cinquante-huit centim\u00e8tres de large, une table pliante en bois, une chaise pliante en plastique noir.<\/p>\n<p style=\"text-align: justify;\">Les murs et le plafond de ce compartiment, et en particulier, celui du fond, pr\u00e9sentent un degr\u00e9 d\u2019humidit\u00e9 tr\u00e8s fort avec des zones de moisissures et d\u2019autres de fuites, qui d\u00e9gagent l\u2019odeur caract\u00e9ristique des zones humides \u00bb.<\/p>\n<\/div>\n<\/div>\n<\/div>\n<\/div>\n<\/div>\n","protected":false},"excerpt":{"rendered":"<p>LA PLANQUE Ne pas utiliser l&#8217;option \u00ab mains libres \u00bb \u00e0 l&#8217;int\u00e9rieur du mus\u00e9e. https:\/\/museovt.com\/fr\/wp-content\/uploads\/sites\/4\/2021\/03\/6fr.mp3 Dans leur rapport, les gendarmes qui lib\u00e9r\u00e8rent Jos\u00e9 Antonio Ortega Lara d\u00e9crivirent l\u2019habitacle qu\u2019ils trouv\u00e8rent sous le sol de l\u2019entrep\u00f4t industriel de la fa\u00e7on suivante. [&hellip;]<\/p>\n","protected":false},"author":1,"featured_media":0,"parent":0,"menu_order":0,"comment_status":"closed","ping_status":"closed","template":"","meta":{"inline_featured_image":false,"_trash_the_other_posts":false,"editor_notices":[],"footnotes":""},"class_list":["post-1027","page","type-page","status-publish","hentry"],"_links":{"self":[{"href":"https:\/\/museovt.com\/fr\/wp-json\/wp\/v2\/pages\/1027","targetHints":{"allow":["GET"]}}],"collection":[{"href":"https:\/\/museovt.com\/fr\/wp-json\/wp\/v2\/pages"}],"about":[{"href":"https:\/\/museovt.com\/fr\/wp-json\/wp\/v2\/types\/page"}],"author":[{"embeddable":true,"href":"https:\/\/museovt.com\/fr\/wp-json\/wp\/v2\/users\/1"}],"replies":[{"embeddable":true,"href":"https:\/\/museovt.com\/fr\/wp-json\/wp\/v2\/comments?post=1027"}],"version-history":[{"count":65,"href":"https:\/\/museovt.com\/fr\/wp-json\/wp\/v2\/pages\/1027\/revisions"}],"predecessor-version":[{"id":3143,"href":"https:\/\/museovt.com\/fr\/wp-json\/wp\/v2\/pages\/1027\/revisions\/3143"}],"wp:attachment":[{"href":"https:\/\/museovt.com\/fr\/wp-json\/wp\/v2\/media?parent=1027"}],"curies":[{"name":"wp","href":"https:\/\/api.w.org\/{rel}","templated":true}]}}