{"id":1026,"date":"2021-01-03T12:12:35","date_gmt":"2021-01-03T12:12:35","guid":{"rendered":"http:\/\/museovt.com\/?page_id=1026"},"modified":"2021-04-16T07:35:05","modified_gmt":"2021-04-16T07:35:05","slug":"qr-4","status":"publish","type":"page","link":"https:\/\/museovt.com\/fr\/qr-4\/","title":{"rendered":"4.- OTAGES"},"content":{"rendered":"<div class=\"one withsmallpadding ppb_text\" style=\"padding:30px\">\n<h5 id=\"bajar\"><\/h5>\n<\/div>\n<div class=\"one withsmallpadding ppb_text\" style=\"padding:30px 0 30px 0\">\n<div class=\"standard_wrapper\">\n<div class=\"page_content_wrapper\">\n<div class=\"inner\">\n<div style=\"margin:auto;width:100%\">\n<h2 style=\"color: #999999;text-align: center\"><span style=\"color: #ffffff\"><img decoding=\"async\" class=\"alignnone wp-image-759 \" src=\"https:\/\/museovt.com\/wp-content\/uploads\/2021\/01\/4.svg\" alt=\"\" width=\"50\" \/><br \/>\nOTAGES<\/span><\/h2>\n<\/div>\n<\/div>\n<\/div>\n<\/div>\n<\/div>\n<div class=\"one withsmallpadding ppb_text\" style=\"padding:30px 0 30px 0\">\n<div class=\"standard_wrapper\">\n<div class=\"page_content_wrapper\">\n<div class=\"inner\">\n<div style=\"margin:auto;width:100%\">\n<h5 style=\"text-align: center\"><i class=\"fa fa-headphones fa-3x\" aria-hidden=\"true\"><\/i><br \/>\n<em>Ne pas utiliser l&#8217;option \u00ab mains libres \u00bb \u00e0 l&#8217;int\u00e9rieur du mus\u00e9e.<\/em><\/h5>\n<\/div>\n<\/div>\n<\/div>\n<\/div>\n<\/div>\n<div class=\"one withsmallpadding ppb_text\" style=\"padding:30px 0 30px 0\">\n<div class=\"standard_wrapper\">\n<div class=\"page_content_wrapper\">\n<div class=\"inner\">\n<div style=\"margin:auto;width:100%\"><audio class=\"wp-audio-shortcode\" id=\"audio-1026-2\" preload=\"none\" style=\"width: 100%\" controls=\"controls\"><a href=\"https:\/\/museovt.com\/fr\/wp-content\/uploads\/sites\/4\/2021\/03\/4fr.mp3\">https:\/\/museovt.com\/fr\/wp-content\/uploads\/sites\/4\/2021\/03\/4fr.mp3<\/a><\/audio>\n<\/div>\n<\/div>\n<\/div>\n<\/div>\n<\/div>\n<div class=\"one withsmallpadding ppb_text\" style=\"padding:30px 0 30px 0\">\n<div class=\"standard_wrapper\">\n<div class=\"page_content_wrapper\">\n<div class=\"inner\">\n<div style=\"margin:auto;width:100%\">\n<h6 style=\"text-align: right\"><a class=\"btn btn-default btn-sm\" href=\"https:\/\/museovt.com\/fr\/qr-5\"><img decoding=\"async\" loading=\"lazy\" class=\"alignnone wp-image-2398\" src=\"https:\/\/museovt.com\/wp-content\/uploads\/2021\/02\/flechaQr.svg\" alt=\"\" width=\"55\" height=\"36\" \/><\/a><\/h6>\n<\/div>\n<\/div>\n<\/div>\n<\/div>\n<\/div>\n<div class=\"one withsmallpadding ppb_text\" style=\"padding:30px 0 30px 0\">\n<div class=\"standard_wrapper\">\n<div class=\"page_content_wrapper\">\n<div class=\"inner\">\n<div style=\"margin:auto;width:100%\">\n<h6 style=\"text-align: right\"><a class=\"btn btn-default btn-sm\" href=\"https:\/\/museovt.com\/fr\/qr-5\"><img decoding=\"async\" loading=\"lazy\" class=\"alignnone wp-image-2398\" src=\"https:\/\/museovt.com\/wp-content\/uploads\/2021\/02\/flechaQr.svg\" alt=\"\" width=\"55\" height=\"36\" \/><\/a><\/h6>\n<\/div>\n<\/div>\n<\/div>\n<\/div>\n<\/div>\n<div class=\"one withsmallpadding ppb_text\" style=\"padding:30px 0 30px 0\">\n<div class=\"standard_wrapper\">\n<div class=\"page_content_wrapper\">\n<div class=\"inner\">\n<div style=\"margin:auto;width:100%\">\n<p style=\"text-align: justify\"><i class=\"fa fa-deaf fa-4x\" aria-hidden=\"true\"><\/i>L\u2019environnement de l\u2019organisation ETA a travaill\u00e9 pour faire pression sur les familles, discr\u00e9diter les victimes et \u00e9viter la mobilisation de la soci\u00e9t\u00e9. Ce n\u2019est que de cette fa\u00e7on qu\u2019elle pouvait obtenir gain de cause, qu\u2019il s\u2019agisse d\u2019argent ou de concession politique. Preuve en est l\u2019autocollant \u00ab\u00a0Aldaya, pasta ya\u00a0\u00bb (Aldaya, de l\u2019argent tout de suite), d\u00e9di\u00e9 \u00e0 Jos\u00e9 Mar\u00eda Aldaya, un chef d\u2019entreprise enlev\u00e9 pendant plus de 300 jours.<\/p>\n<p style=\"text-align: center\"><a href=\"https:\/\/museovt.com\/wp-content\/uploads\/2021\/02\/4-1.jpg\"><img decoding=\"async\" class=\"alignnone wp-image-2357 size-full\" src=\"https:\/\/museovt.com\/wp-content\/uploads\/2021\/02\/4-1.jpg\" alt=\"\" width=\"100%\" \/><\/a><\/p>\n<p style=\"text-align: justify\">Cette intimidation ne pouvait occulter l\u2019\u00e9norme travail du mouvement pacifiste en faveur de la libert\u00e9 des otages. Des groupes tels que Gesto por la Paz ou Denon Artean convoqu\u00e8rent des manifestations et d\u2019autres types d\u2019initiatives. Par exemple, la distribution de calendriers, qui servait \u00e0 faire prendre conscience aux citoyens des jours pendant lesquels un otage \u00e9tait priv\u00e9 de sa famille et de son foyer. De par sa transcendance, le symbole du ruban bleu m\u00e9rite une explication d\u00e9taill\u00e9e. Julio Iglesias Zamora, ingeni\u00e9ur enlev\u00e9 par l\u2019organisation ETA, va nous la donner.<\/p>\n<p style=\"text-align: justify\"><strong>Julio Iglesias Zamora. Le ruban bleu et une carte depuis la planque<\/strong><\/p>\n<p style=\"text-align: justify\"><em>\u00ab Les Basques, ou au moins la plupart des Basques, devraient avoir honte de leurs silences et d\u2019avoir appliqu\u00e9 la technique de l\u2019autruche sans oser d\u00e9noncer fermement tant d\u2019atrocit\u00e9s. Nous n\u2019avons pas d\u00e9fendu les principes \u00e9thiques les plus \u00e9l\u00e9mentaires du fait de vivre ensemble. Nous n\u2019avons pas fait tout ce que nous aurions pu faire.<\/em><\/p>\n<p style=\"text-align: justify\"><em>Il ne peut y avoir plusieurs r\u00e9cits des atrocit\u00e9s commises et que l\u2019histoire soit racont\u00e9e comme une s\u00e9rie de mensonges consensuels, consentis ou tol\u00e9rables. Il n\u2019y a pas de projet d\u2019avenir valide sans une v\u00e9ritable m\u00e9moire.<\/em><\/p>\n<p style=\"text-align: justify\"><em>Les victimes n\u2019ont \u00e9t\u00e9 coupables d\u2019absolument rien, bien qu\u2019elles aient \u00e9t\u00e9 condamn\u00e9es et ex\u00e9cut\u00e9es de nouveau dans des domaines diff\u00e9rents, en leur appliquant la phrase\u00a0: \u00ab\u00a0ils ont probablement fait quelque chose\u00a0\u00bb.<\/em><\/p>\n<p style=\"text-align: justify\"><em>Certaines personnes de ce pays devraient se demander, s\u2019ils ont suffisamment de courage et de capacit\u00e9 de remise en question, ce qu\u2019a apport\u00e9 la violence criminelle apr\u00e8s plus de 35 ans?<\/em><\/p>\n<p style=\"text-align: justify\"><em>Une mention sp\u00e9ciale pour Gesto por la Paz. La soci\u00e9t\u00e9 basque aura toujours une dette envers Gesto. En particulier, ceux d\u2019entre nous que Gesto a soutenus, dans des moments plus que difficiles. Nous ne trouverons jamais les mots pour exprimer notre gratitude pour leur travail colossal. Gesto a eu le courage, l\u2019int\u00e9grit\u00e9, la fermet\u00e9 et la dignit\u00e9 de faire face au totalitarisme avec le silence et les mots, avec des concentrations pacifiques et avec des symboles tel que le ruban bleu.<\/em><\/p>\n<p style=\"text-align: justify\"><em>Que puis-je dire du ruban bleu ! J\u2019en \u00e9tais le premier b\u00e9n\u00e9ficiaire et des milliers de personnes l\u2019ont port\u00e9 pour la premi\u00e8re fois lors de mon enl\u00e8vement pendant quatre longs mois. Et le ruban bleu a marqu\u00e9 un changement d\u2019attitude dans la soci\u00e9t\u00e9 face \u00e0 l\u2019intol\u00e9rance, au fanatisme et \u00e0 la violence criminelle. \u00c0 partir de ce simple symbole, la r\u00e9volution du ruban bleu a pris forme. C\u2019est un symbole pour l\u2019histoire, un symbole de paix et de d\u00e9fense des droits de l\u2019homme.<\/em><\/p>\n<p style=\"text-align: justify\"><em>Les membres de Gesto ont \u00e9t\u00e9 les h\u00e9ros anonymes qui exaltent un pays.<\/em><\/p>\n<p style=\"text-align: justify\"><em>Tout enl\u00e8vement est injuste, ill\u00e9gal et, surtout, inhumain. Une torture dans les r\u00e8gles de l\u2019art. Je vous recommande de visiter l\u2019int\u00e9rieur de la planque.<\/em><\/p>\n<p style=\"text-align: justify\"><em>Pendant les 117 jours de mon enl\u00e8vement, j\u2019envoyais des lettres \u00e0 ma femme et \u00e0 l\u2019entreprise environ une fois par semaine. Elles ne sont jamais arriv\u00e9es \u00e0 destination et j\u2019en ai vu une comme celle qui est expos\u00e9e ici, 27 ans plus tard. En paraphrasant Gustavo Adolfo B\u00e9cquer qui \u00e9crivit \u00ab Lettres depuis ma cellule \u00bb, j\u2019appelais ces missives \u00ab Lettres depuis mon cercueil \u00bb. C\u2019\u00e9tait la fa\u00e7on de rester connect\u00e9 au monde ext\u00e9rieur et de garder l\u2019espoir d\u2019un avenir libre \u00bb.<\/em><\/p>\n<p style=\"text-align: justify\">L\u2019organisation terroriste ETA n\u2019a pas \u00e9t\u00e9 la seule \u00e0 avoir eu recours aux enl\u00e8vements en Espagne. Mar\u00eda Cord\u00f3n, fille du chef d\u2019entreprise Publio Cord\u00f3n, enlev\u00e9 et disparu aux mains des GRAPO, nous pr\u00e9sente deux pi\u00e8ces de la collection.<\/p>\n<p style=\"text-align: justify\"><strong>Mar\u00eda Cord\u00f3n. Carte et montant de la porte de la planque de Publio Cord\u00f3n<\/strong><\/p>\n<p style=\"text-align: justify\"><em>\u00ab Mon p\u00e8re a envoy\u00e9 plusieurs lettres pendant son enl\u00e8vement. La v\u00e9rit\u00e9, c\u2019est qu\u2019il aimait beaucoup \u00e9crire. Il envoya une de ces lettres \u00e0 sa m\u00e8re, ma grand-m\u00e8re, Benita. C\u2019est une lettre tr\u00e8s attendrissante o\u00f9 il essaie tout simplement d\u2019all\u00e9ger les souffrances de sa m\u00e8re, ma grand-m\u00e8re, en lui disant qu\u2019il va bient\u00f4t sortir, qu\u2019il va bien, qu\u2019il l\u2019aime beaucoup. Il lui rappelle certains souvenirs. Une lettre dans laquelle il essaie de sembler motiv\u00e9, et de para\u00eetre fort et bien. Je suppose que l\u00e0, dans son&#8230; dans son horrible planque, il a d\u00fb faire un effort \u00e9norme pour rassurer sa m\u00e8re et nous tous.<\/em><\/p>\n<p style=\"text-align: justify\"><em>Il a envoy\u00e9 plusieurs lettres \u00e0 ma m\u00e8re, ainsi qu\u2019\u00e0 nous, ses filles, \u00e0 ses amis, ils l\u2019ont laiss\u00e9 beaucoup \u00e9crire. Logiquement, eux les passaient ensuite en revue et rayaient de nombreux paragraphes qui ne les int\u00e9ressaient pas.<\/em><\/p>\n<p style=\"text-align: justify\"><em>Et le montant de la porte, o\u00f9 il marquait chaque jour d\u2019un b\u00e2tonnet, chaque jour un b\u00e2tonnet&#8230; Et \u00e0 la fin&#8230; Eh bien&#8230;, le dernier b\u00e2tonnet, le 16, vu que&#8230; Il n\u2019a plus eu l\u2019occasion de faire de marque. Ils l\u2019ont s\u00fbrement tu\u00e9 ce jour-l\u00e0 \u00bb.<\/em><\/p>\n<\/div>\n<\/div>\n<\/div>\n<\/div>\n<\/div>\n","protected":false},"excerpt":{"rendered":"<p>OTAGES Ne pas utiliser l&#8217;option \u00ab mains libres \u00bb \u00e0 l&#8217;int\u00e9rieur du mus\u00e9e. https:\/\/museovt.com\/fr\/wp-content\/uploads\/sites\/4\/2021\/03\/4fr.mp3 L\u2019environnement de l\u2019organisation ETA a travaill\u00e9 pour faire pression sur les familles, discr\u00e9diter les victimes et \u00e9viter la mobilisation de la soci\u00e9t\u00e9. Ce n\u2019est que de [&hellip;]<\/p>\n","protected":false},"author":1,"featured_media":0,"parent":0,"menu_order":0,"comment_status":"closed","ping_status":"closed","template":"","meta":{"inline_featured_image":false,"_trash_the_other_posts":false,"editor_notices":[],"footnotes":""},"class_list":["post-1026","page","type-page","status-publish","hentry"],"_links":{"self":[{"href":"https:\/\/museovt.com\/fr\/wp-json\/wp\/v2\/pages\/1026","targetHints":{"allow":["GET"]}}],"collection":[{"href":"https:\/\/museovt.com\/fr\/wp-json\/wp\/v2\/pages"}],"about":[{"href":"https:\/\/museovt.com\/fr\/wp-json\/wp\/v2\/types\/page"}],"author":[{"embeddable":true,"href":"https:\/\/museovt.com\/fr\/wp-json\/wp\/v2\/users\/1"}],"replies":[{"embeddable":true,"href":"https:\/\/museovt.com\/fr\/wp-json\/wp\/v2\/comments?post=1026"}],"version-history":[{"count":87,"href":"https:\/\/museovt.com\/fr\/wp-json\/wp\/v2\/pages\/1026\/revisions"}],"predecessor-version":[{"id":3222,"href":"https:\/\/museovt.com\/fr\/wp-json\/wp\/v2\/pages\/1026\/revisions\/3222"}],"wp:attachment":[{"href":"https:\/\/museovt.com\/fr\/wp-json\/wp\/v2\/media?parent=1026"}],"curies":[{"name":"wp","href":"https:\/\/api.w.org\/{rel}","templated":true}]}}