{"id":1025,"date":"2021-01-03T12:12:30","date_gmt":"2021-01-03T12:12:30","guid":{"rendered":"http:\/\/museovt.com\/?page_id=1025"},"modified":"2021-03-28T20:00:04","modified_gmt":"2021-03-28T20:00:04","slug":"qr-5","status":"publish","type":"page","link":"https:\/\/museovt.com\/fr\/qr-5\/","title":{"rendered":"5.- JOS\u00c9 ANTONIO ORTEGA LARA"},"content":{"rendered":"<div  class=\"one withsmallpadding ppb_text\" style=\"padding:30px;\" >\n<h5 id=\"bajar\"><\/h5>\n<\/div>\n<div  class=\"one withsmallpadding ppb_text\" style=\"padding:30px 0 30px 0;\" >\n<div class=\"standard_wrapper\">\n<div class=\"page_content_wrapper\">\n<div class=\"inner\">\n<div style=\"margin:auto;width:100%\">\n<h2 style=\"color: #999999; text-align: center;\"><span style=\"color: #ffffff;\"><img decoding=\"async\" class=\"alignnone wp-image-760 \" src=\"https:\/\/museovt.com\/wp-content\/uploads\/2021\/01\/5.svg\" alt=\"\" width=\"50\"><br \/>\nJOS\u00c9 ANTONIO ORTEGA LARA<\/span><\/h2>\n<\/div>\n<\/div>\n<\/div>\n<\/div>\n<\/div>\n<div  class=\"one withsmallpadding ppb_text\" style=\"padding:30px 0 30px 0;\" >\n<div class=\"standard_wrapper\">\n<div class=\"page_content_wrapper\">\n<div class=\"inner\">\n<div style=\"margin:auto;width:100%\">\n<h5 style=\"text-align: center;\"><i class=\"fa fa-headphones fa-3x\" aria-hidden=\"true\"><\/i><br \/>\n<em>Ne pas utiliser l&#8217;option \u00ab mains libres \u00bb \u00e0 l&#8217;int\u00e9rieur du mus\u00e9e.<\/em><\/h5>\n<\/div>\n<\/div>\n<\/div>\n<\/div>\n<\/div>\n<div  class=\"one withsmallpadding ppb_text\" style=\"padding:30px 0 30px 0;\" >\n<div class=\"standard_wrapper\">\n<div class=\"page_content_wrapper\">\n<div class=\"inner\">\n<div style=\"margin:auto;width:100%\"><audio class=\"wp-audio-shortcode\" id=\"audio-1025-2\" preload=\"none\" style=\"width: 100%;\" controls=\"controls\"><source type=\"audio\/mpeg\" src=\"https:\/\/museovt.com\/fr\/wp-content\/uploads\/sites\/4\/2021\/03\/5fr.mp3?_=2\" \/><a href=\"https:\/\/museovt.com\/fr\/wp-content\/uploads\/sites\/4\/2021\/03\/5fr.mp3\">https:\/\/museovt.com\/fr\/wp-content\/uploads\/sites\/4\/2021\/03\/5fr.mp3<\/a><\/audio>\n<\/div>\n<\/div>\n<\/div>\n<\/div>\n<\/div>\n<div  class=\"one withsmallpadding ppb_text\" style=\"padding:30px 0 30px 0;\" >\n<div class=\"standard_wrapper\">\n<div class=\"page_content_wrapper\">\n<div class=\"inner\">\n<div style=\"margin:auto;width:100%\">\n<h6 style=\"text-align: right;\"><a class=\"btn btn-default btn-sm\" href=\"https:\/\/museovt.com\/fr\/qr-6\"><img decoding=\"async\" loading=\"lazy\" class=\"alignnone wp-image-2398\" src=\"https:\/\/museovt.com\/wp-content\/uploads\/2021\/02\/flechaQr.svg\" alt=\"\" width=\"55\" height=\"36\" \/><\/a><\/h6>\n<\/div>\n<\/div>\n<\/div>\n<\/div>\n<\/div>\n<div  class=\"one withsmallpadding ppb_text\" style=\"padding:30px 0 30px 0;\" >\n<div class=\"standard_wrapper\">\n<div class=\"page_content_wrapper\">\n<div class=\"inner\">\n<div style=\"margin:auto;width:100%\">\n<h6 style=\"text-align: right;\"><a class=\"btn btn-default btn-sm\" href=\"https:\/\/museovt.com\/fr\/qr-6\"><img decoding=\"async\" loading=\"lazy\" class=\"alignnone wp-image-2398\" src=\"https:\/\/museovt.com\/wp-content\/uploads\/2021\/02\/flechaQr.svg\" alt=\"\" width=\"55\" height=\"36\" \/><\/a><\/h6>\n<\/div>\n<\/div>\n<\/div>\n<\/div>\n<\/div>\n<div  class=\"one withsmallpadding ppb_text\" style=\"padding:30px 0 30px 0;\" >\n<div class=\"standard_wrapper\">\n<div class=\"page_content_wrapper\">\n<div class=\"inner\">\n<div style=\"margin:auto;width:100%\">\n<p style=\"text-align: justify;\"><i class=\"fa fa-deaf fa-4x\" aria-hidden=\"true\"><\/i>Les enl\u00e8vements ont des caract\u00e9ristiques particuli\u00e8res. Tout d\u2019abord \u00e0 cause de l\u2019isolement et de la vuln\u00e9rabilit\u00e9 auxquels les victimes sont soumises. Ensuite, en raison de la r\u00e9ponse sociale qui peut \u00eatre g\u00e9n\u00e9r\u00e9e pour obtenir la lib\u00e9ration des prisonniers.<\/p>\n<p><a href=\"https:\/\/museovt.com\/wp-content\/uploads\/2021\/02\/5-1.jpg\"><img decoding=\"async\" class=\"wp-image-2356 size-full\" src=\"https:\/\/museovt.com\/wp-content\/uploads\/2021\/02\/5-1.jpg\" alt=\"\" width=\"100%\" \/><\/a><\/p>\n<p style=\"text-align: justify;\">Ici nous \u00e9tudions un cas pr\u00e9cis, l\u2019enl\u00e8vement le plus long qui s\u2019est produit en Espagne\u00a0: les 532 jours pendant lesquels l\u2019organisation ETA a retenu le fonctionnaire de prison, Jos\u00e9 Antonio Ortega Lara, en otage dans une minuscule planque de Mondrag\u00f3n. La Gendarmerie r\u00e9ussit \u00e0 arr\u00eater ses ravisseurs et \u00e0 le lib\u00e9rer, mais il n\u2019oubliera jamais les s\u00e9quelles de cette exp\u00e9rience traumatisante. La reproduction de la planque d\u2019Ortega Lara peut \u00eatre vue \u00e0 travers le sol vitr\u00e9. Nous vous recommandons \u00e9galement d\u2019en visiter l\u2019int\u00e9rieur. Pour ce faire, vous devez r\u00e9server votre place pour une visite guid\u00e9e en groupe r\u00e9duit.<\/p>\n<p style=\"text-align: justify;\">Pour en savoir plus, vous pouvez vous reporter au fichier interactif sur les enl\u00e8vements par des terroristes qui se sont produits aussi bien en Espagne que d\u2019Espagnols \u00e0 l\u2019\u00e9tranger de 1970 jusqu\u2019\u00e0 nos jours. Leur nombre d\u00e9passe les 160 cas et chacun poss\u00e8de sa propre fiche individuelle, ainsi que des informations publi\u00e9es dans la presse.<\/p>\n<\/div>\n<\/div>\n<\/div>\n<\/div>\n<\/div>\n","protected":false},"excerpt":{"rendered":"<p>JOS\u00c9 ANTONIO ORTEGA LARA Ne pas utiliser l&#8217;option \u00ab mains libres \u00bb \u00e0 l&#8217;int\u00e9rieur du mus\u00e9e. https:\/\/museovt.com\/fr\/wp-content\/uploads\/sites\/4\/2021\/03\/5fr.mp3 Les enl\u00e8vements ont des caract\u00e9ristiques particuli\u00e8res. Tout d\u2019abord \u00e0 cause de l\u2019isolement et de la vuln\u00e9rabilit\u00e9 auxquels les victimes sont soumises. Ensuite, en [&hellip;]<\/p>\n","protected":false},"author":1,"featured_media":0,"parent":0,"menu_order":0,"comment_status":"closed","ping_status":"closed","template":"","meta":{"inline_featured_image":false,"_trash_the_other_posts":false,"editor_notices":[],"footnotes":""},"class_list":["post-1025","page","type-page","status-publish","hentry"],"_links":{"self":[{"href":"https:\/\/museovt.com\/fr\/wp-json\/wp\/v2\/pages\/1025","targetHints":{"allow":["GET"]}}],"collection":[{"href":"https:\/\/museovt.com\/fr\/wp-json\/wp\/v2\/pages"}],"about":[{"href":"https:\/\/museovt.com\/fr\/wp-json\/wp\/v2\/types\/page"}],"author":[{"embeddable":true,"href":"https:\/\/museovt.com\/fr\/wp-json\/wp\/v2\/users\/1"}],"replies":[{"embeddable":true,"href":"https:\/\/museovt.com\/fr\/wp-json\/wp\/v2\/comments?post=1025"}],"version-history":[{"count":63,"href":"https:\/\/museovt.com\/fr\/wp-json\/wp\/v2\/pages\/1025\/revisions"}],"predecessor-version":[{"id":3139,"href":"https:\/\/museovt.com\/fr\/wp-json\/wp\/v2\/pages\/1025\/revisions\/3139"}],"wp:attachment":[{"href":"https:\/\/museovt.com\/fr\/wp-json\/wp\/v2\/media?parent=1025"}],"curies":[{"name":"wp","href":"https:\/\/api.w.org\/{rel}","templated":true}]}}