{"id":1023,"date":"2021-01-03T12:17:43","date_gmt":"2021-01-03T12:17:43","guid":{"rendered":"http:\/\/museovt.com\/?page_id=1023"},"modified":"2021-03-28T19:59:18","modified_gmt":"2021-03-28T19:59:18","slug":"qr-3","status":"publish","type":"page","link":"https:\/\/museovt.com\/fr\/qr-3\/","title":{"rendered":"3.- HISTOIRE DU TERRORISME"},"content":{"rendered":"<div  class=\"one withsmallpadding ppb_text\" style=\"padding:30px;\" >\n<h5 id=\"bajar\"><\/h5>\n<\/div>\n<div  class=\"one withsmallpadding ppb_text\" style=\"padding:30px 0 30px 0;\" >\n<div class=\"standard_wrapper\">\n<div class=\"page_content_wrapper\">\n<div class=\"inner\">\n<div style=\"margin:auto;width:100%\">\n<h2 style=\"color: #999999; text-align: center;\"><span style=\"color: #ffffff;\"><img decoding=\"async\" class=\"alignnone wp-image-758\" src=\"http:\/\/museovt.com\/wp-content\/uploads\/2021\/01\/3.svg\" alt=\"\" width=\"50\" \/><br \/>\nHISTOIRE DU TERRORISME<br \/>\n<\/span><\/h2>\n<\/div>\n<\/div>\n<\/div>\n<\/div>\n<\/div>\n<div  class=\"one withsmallpadding ppb_text\" style=\"padding:30px 0 30px 0;\" >\n<div class=\"standard_wrapper\">\n<div class=\"page_content_wrapper\">\n<div class=\"inner\">\n<div style=\"margin:auto;width:100%\">\n<h5 style=\"text-align: center;\"><i class=\"fa fa-headphones fa-3x\" aria-hidden=\"true\"><\/i><br \/>\n<em>Ne pas utiliser l&#8217;option \u00ab mains libres \u00bb \u00e0 l&#8217;int\u00e9rieur du mus\u00e9e.<\/em><\/h5>\n<\/div>\n<\/div>\n<\/div>\n<\/div>\n<\/div>\n<div  class=\"one withsmallpadding ppb_text\" style=\"padding:30px 0 30px 0;\" >\n<div class=\"standard_wrapper\">\n<div class=\"page_content_wrapper\">\n<div class=\"inner\">\n<div style=\"margin:auto;width:100%\"><audio class=\"wp-audio-shortcode\" id=\"audio-1023-2\" preload=\"none\" style=\"width: 100%;\" controls=\"controls\"><source type=\"audio\/mpeg\" src=\"https:\/\/museovt.com\/fr\/wp-content\/uploads\/sites\/4\/2021\/03\/3fr.mp3?_=2\" \/><a href=\"https:\/\/museovt.com\/fr\/wp-content\/uploads\/sites\/4\/2021\/03\/3fr.mp3\">https:\/\/museovt.com\/fr\/wp-content\/uploads\/sites\/4\/2021\/03\/3fr.mp3<\/a><\/audio>\n<\/div>\n<\/div>\n<\/div>\n<\/div>\n<\/div>\n<div  class=\"one withsmallpadding ppb_text\" style=\"padding:30px 0 30px 0;\" >\n<div class=\"standard_wrapper\">\n<div class=\"page_content_wrapper\">\n<div class=\"inner\">\n<div style=\"margin:auto;width:100%\">\n<h6 style=\"text-align: right;\"><a class=\"btn btn-default btn-sm\" href=\"https:\/\/museovt.com\/fr\/qr-4\"><img decoding=\"async\" loading=\"lazy\" class=\"alignnone wp-image-2398\" src=\"https:\/\/museovt.com\/wp-content\/uploads\/2021\/02\/flechaQr.svg\" alt=\"\" width=\"55\" height=\"36\" \/><\/a><\/h6>\n<\/div>\n<\/div>\n<\/div>\n<\/div>\n<\/div>\n<div  class=\"one withsmallpadding ppb_text\" style=\"padding:30px 0 30px 0;\" >\n<div class=\"standard_wrapper\">\n<div class=\"page_content_wrapper\">\n<div class=\"inner\">\n<div style=\"margin:auto;width:100%\">\n<h6 style=\"text-align: right;\"><a class=\"btn btn-default btn-sm\" href=\"https:\/\/museovt.com\/fr\/qr-4\"><img decoding=\"async\" loading=\"lazy\" class=\"alignnone wp-image-2398\" src=\"https:\/\/museovt.com\/wp-content\/uploads\/2021\/02\/flechaQr.svg\" alt=\"\" width=\"55\" height=\"36\" \/><\/a><\/h6>\n<\/div>\n<\/div>\n<\/div>\n<\/div>\n<\/div>\n<div  class=\"one withsmallpadding ppb_text\" style=\"padding:30px 0 30px 0;\" >\n<div class=\"standard_wrapper\">\n<div class=\"page_content_wrapper\">\n<div class=\"inner\">\n<div style=\"margin:auto;width:100%\">\n<p style=\"text-align: justify;\"><i class=\"fa fa-deaf fa-4x\" aria-hidden=\"true\"><\/i>Nous sommes dans la troisi\u00e8me salle\u00a0: Histoire du terrorisme. Ici, les faits sont \u00e9tablis dans le temps et dans l\u2019espace. La m\u00e9moire stimule l\u2019empathie envers la souffrance des victimes. Mais ce M\u00e9morial est aussi un lieu d\u2019Histoire. Sa fonction est p\u00e9dagogique, en utilisant l\u2019Histoire comme base explicative et comme doctrine de vie.<\/p>\n<p><a href=\"https:\/\/museovt.com\/wp-content\/uploads\/2021\/02\/3-1.jpg\"><img decoding=\"async\" loading=\"lazy\" class=\"alignnone wp-image-2355 size-full\" src=\"https:\/\/museovt.com\/wp-content\/uploads\/2021\/02\/3-1.jpg\" alt=\"\" width=\"1500\" height=\"975\" \/><\/a><\/p>\n<p style=\"text-align: justify;\">La pi\u00e8ce principale est une chronologie qui commence en 1960 et arrive jusqu\u2019\u00e0 nos jours. Elle est divis\u00e9e en trois p\u00e9riodes\u00a0: la dictature de Franco, la transition et la d\u00e9mocratie. Chacune r\u00e9sume les \u00e9v\u00e9nements les plus importants par an, en rapport avec le terrorisme\u00a0: les d\u00e9buts de l\u2019organisation ETA, l\u2019assassinat du pr\u00e9sident du gouvernement franquiste, Luis Carrero Blanco, le massacre de la caf\u00e9t\u00e9ria Rolando, le 11-M&#8230;<\/p>\n<p style=\"text-align: justify;\">Le terrorisme n\u2019est pas un ph\u00e9nom\u00e8ne local ni r\u00e9cent. Il est apparu sous sa forme moderne \u00e0 la fin du XIXe si\u00e8cle et a affect\u00e9 des pays de tous les continents, avec des \u00e9tapes marquantes aussi brutales que les attentats du 11-S de 2001 aux \u00c9tats-Unis. Mais en laissant de c\u00f4t\u00e9 l\u2019\u00e9poque ou le pr\u00e9texte invoqu\u00e9 par les terroristes, ils partagent tous un principe. Pour eux, la fin justifie les moyens sanglants. Toutefois, comme l\u2019a averti l\u2019humaniste Sebasti\u00e1n Castellion\u00a0: \u00ab\u00a0Tuer un homme, ce n\u2019est pas d\u00e9fendre une doctrine, c\u2019est tuer un homme\u00a0\u00bb.<\/p>\n<p style=\"text-align: justify;\">Cette partie d\u2019information et de contexte est compl\u00e9t\u00e9e par une autre plus \u00e9mouvante\u00a0: l\u2019installation qui se trouve dans le couloir qui commence au fond \u00e0 droite. L\u00e0, 1451 disques sont suspendus au plafond, autant que de victimes mortelles du terrorisme en Espagne. Sur le mur sont projet\u00e9s les portraits des enfants assassin\u00e9s, qui personnifient l\u2019innocence par excellence.<\/p>\n<\/div>\n<\/div>\n<\/div>\n<\/div>\n<\/div>\n","protected":false},"excerpt":{"rendered":"<p>HISTOIRE DU TERRORISME Ne pas utiliser l&#8217;option \u00ab mains libres \u00bb \u00e0 l&#8217;int\u00e9rieur du mus\u00e9e. https:\/\/museovt.com\/fr\/wp-content\/uploads\/sites\/4\/2021\/03\/3fr.mp3 Nous sommes dans la troisi\u00e8me salle\u00a0: Histoire du terrorisme. Ici, les faits sont \u00e9tablis dans le temps et dans l\u2019espace. La m\u00e9moire stimule l\u2019empathie [&hellip;]<\/p>\n","protected":false},"author":1,"featured_media":0,"parent":0,"menu_order":0,"comment_status":"closed","ping_status":"closed","template":"","meta":{"inline_featured_image":false,"_trash_the_other_posts":false,"editor_notices":[],"footnotes":""},"class_list":["post-1023","page","type-page","status-publish","hentry"],"_links":{"self":[{"href":"https:\/\/museovt.com\/fr\/wp-json\/wp\/v2\/pages\/1023","targetHints":{"allow":["GET"]}}],"collection":[{"href":"https:\/\/museovt.com\/fr\/wp-json\/wp\/v2\/pages"}],"about":[{"href":"https:\/\/museovt.com\/fr\/wp-json\/wp\/v2\/types\/page"}],"author":[{"embeddable":true,"href":"https:\/\/museovt.com\/fr\/wp-json\/wp\/v2\/users\/1"}],"replies":[{"embeddable":true,"href":"https:\/\/museovt.com\/fr\/wp-json\/wp\/v2\/comments?post=1023"}],"version-history":[{"count":64,"href":"https:\/\/museovt.com\/fr\/wp-json\/wp\/v2\/pages\/1023\/revisions"}],"predecessor-version":[{"id":3131,"href":"https:\/\/museovt.com\/fr\/wp-json\/wp\/v2\/pages\/1023\/revisions\/3131"}],"wp:attachment":[{"href":"https:\/\/museovt.com\/fr\/wp-json\/wp\/v2\/media?parent=1023"}],"curies":[{"name":"wp","href":"https:\/\/api.w.org\/{rel}","templated":true}]}}