{"id":1017,"date":"2021-01-03T12:12:02","date_gmt":"2021-01-03T12:12:02","guid":{"rendered":"http:\/\/museovt.com\/?page_id=1017"},"modified":"2021-03-28T20:04:30","modified_gmt":"2021-03-28T20:04:30","slug":"qr-19","status":"publish","type":"page","link":"https:\/\/museovt.com\/fr\/qr-19\/","title":{"rendered":"19.- INSTRUCTION"},"content":{"rendered":"<div  class=\"one withsmallpadding ppb_text\" style=\"padding:30px;\" >\n<h5 id=\"bajar\"><\/h5>\n<\/div>\n<div  class=\"one withsmallpadding ppb_text\" style=\"padding:30px 0 30px 0;\" >\n<div class=\"standard_wrapper\">\n<div class=\"page_content_wrapper\">\n<div class=\"inner\">\n<div style=\"margin:auto;width:100%\">\n<h2 style=\"color: #999999; text-align: center;\"><span style=\"color: #ffffff;\"><img decoding=\"async\" class=\"alignnone wp-image-756\" src=\"http:\/\/museovt.com\/wp-content\/uploads\/2021\/01\/19.svg\" alt=\"\" width=\"50\" \/><br \/>\nINSTRUCTION<br \/>\n<\/span><\/h2>\n<\/div>\n<\/div>\n<\/div>\n<\/div>\n<\/div>\n<div  class=\"one withsmallpadding ppb_text\" style=\"padding:30px 0 30px 0;\" >\n<div class=\"standard_wrapper\">\n<div class=\"page_content_wrapper\">\n<div class=\"inner\">\n<div style=\"margin:auto;width:100%\">\n<h5 style=\"text-align: center;\"><i class=\"fa fa-headphones fa-3x\" aria-hidden=\"true\"><\/i><br \/>\n<em>Ne pas utiliser l&#8217;option \u00ab mains libres \u00bb \u00e0 l&#8217;int\u00e9rieur du mus\u00e9e.<\/em><\/h5>\n<\/div>\n<\/div>\n<\/div>\n<\/div>\n<\/div>\n<div  class=\"one withsmallpadding ppb_text\" style=\"padding:30px 0 30px 0;\" >\n<div class=\"standard_wrapper\">\n<div class=\"page_content_wrapper\">\n<div class=\"inner\">\n<div style=\"margin:auto;width:100%\"><audio class=\"wp-audio-shortcode\" id=\"audio-1017-2\" preload=\"none\" style=\"width: 100%;\" controls=\"controls\"><source type=\"audio\/mpeg\" src=\"https:\/\/museovt.com\/fr\/wp-content\/uploads\/sites\/4\/2021\/03\/19fr.mp3?_=2\" \/><a href=\"https:\/\/museovt.com\/fr\/wp-content\/uploads\/sites\/4\/2021\/03\/19fr.mp3\">https:\/\/museovt.com\/fr\/wp-content\/uploads\/sites\/4\/2021\/03\/19fr.mp3<\/a><\/audio>\n<\/div>\n<\/div>\n<\/div>\n<\/div>\n<\/div>\n<div  class=\"one withsmallpadding ppb_text\" style=\"padding:30px 0 30px 0;\" >\n<div class=\"standard_wrapper\">\n<div class=\"page_content_wrapper\">\n<div class=\"inner\">\n<div style=\"margin:auto;width:100%\">\n<h6 style=\"text-align: right;\"><a class=\"btn btn-default btn-sm\" href=\"https:\/\/museovt.com\/fr\/qr-20\/\"><img decoding=\"async\" loading=\"lazy\" class=\"alignnone wp-image-2398\" src=\"https:\/\/museovt.com\/wp-content\/uploads\/2021\/02\/flechaQr.svg\" alt=\"\" width=\"55\" height=\"36\" \/><\/a><\/h6>\n<\/div>\n<\/div>\n<\/div>\n<\/div>\n<\/div>\n<div  class=\"one withsmallpadding ppb_text\" style=\"padding:30px 0 30px 0;\" >\n<div class=\"standard_wrapper\">\n<div class=\"page_content_wrapper\">\n<div class=\"inner\">\n<div style=\"margin:auto;width:100%\">\n<h6 style=\"text-align: right;\"><a class=\"btn btn-default btn-sm\" href=\"https:\/\/museovt.com\/fr\/qr-20\/\"><img decoding=\"async\" loading=\"lazy\" class=\"alignnone wp-image-2398\" src=\"https:\/\/museovt.com\/wp-content\/uploads\/2021\/02\/flechaQr.svg\" alt=\"\" width=\"55\" height=\"36\" \/><\/a><\/h6>\n<\/div>\n<\/div>\n<\/div>\n<\/div>\n<\/div>\n<div  class=\"one withsmallpadding ppb_text\" style=\"padding:30px 0 30px 0;\" >\n<div class=\"standard_wrapper\">\n<div class=\"page_content_wrapper\">\n<div class=\"inner\">\n<div style=\"margin:auto;width:100%\">\n<p style=\"text-align: justify;\"><i class=\"fa fa-deaf fa-4x\" aria-hidden=\"true\"><\/i>La quantit\u00e9 de travail n\u00e9cessaire \u00e0 une sentence peut \u00eatre constat\u00e9e en regardant le volume que le dossier d\u2019instruction occupe. Dans ce cas, il s\u2019agit de l\u2019assassinat des avocats sp\u00e9cialistes en droit du travail d\u2019Atocha par des hommes arm\u00e9s d\u2019extr\u00eame droite en 1977 \u00e0 Madrid. Par opposition au verdict de culpabilit\u00e9 qui a \u00e9t\u00e9 \u00e9mis, l\u2019environnement des terroristes pensaient sans en douter que les accus\u00e9s \u00e9taient innocents, qu\u2019ils devaient \u00eatre lib\u00e9r\u00e9s et ils l\u2019ont r\u00e9sum\u00e9 dans un simple autocollant.<\/p>\n<p style=\"text-align: center;\"><a href=\"https:\/\/museovt.com\/wp-content\/uploads\/2021\/02\/19-1.jpg\"><img decoding=\"async\" class=\"alignright size-full wp-image-2377\" src=\"https:\/\/museovt.com\/wp-content\/uploads\/2021\/02\/19-1.jpg\" alt=\"\" width=\"100%\" \/><\/a><\/p>\n<p style=\"text-align: justify;\">Un travail policier et judiciaire rigoureux est indispensable pour que la condamnation soit juste. Alejandro Ruiz-Huerta, survivant du massacre d\u2019Atocha, raconte les points clairs et obscurs de ce processus qui fait \u00e9cho actuellement.<\/p>\n<p><strong>Alejandro Ruiz-Huerta. Instruction<\/strong><\/p>\n<p style=\"text-align: justify;\"><em>\u00ab Je remercie le M\u00e9morial des victimes du terrorisme pour ses efforts afin de rendre toutes les victimes visibles.<\/em><\/p>\n<p style=\"text-align: justify;\"><em>Atocha, comme la Lune, avait ses faces cach\u00e9es, ses points clairs et ses points obscurs. Depuis 1977, date \u00e0 laquelle l\u2019attentat criminel s\u2019est produit, jusqu\u2019\u00e0 novembre 2020, date \u00e0 laquelle l\u2019un des responsables directs a \u00e9t\u00e9 mis en libert\u00e9, avec de multiples irr\u00e9gularit\u00e9s, apr\u00e8s avoir fui plusieurs fois la justice, l\u2019action judiciaire s\u2019est vue entour\u00e9e de points obscurs permanents.<\/em><\/p>\n<p style=\"text-align: justify;\"><em>Au d\u00e9but, certains points semblaient clairs avec les arrestations rapides des personnes impliqu\u00e9es, ce qui n\u2019\u00e9tait alors pas habituel. Et un proc\u00e8s en 1980 suffisamment juste. Les trois responsables directs ont \u00e9t\u00e9 condamn\u00e9s \u00e0 193 ans de prison, bien qu\u2019ils ne pouvaient en purger que 30 ans et quatre autres fonctionnaires du syndicat vertical du transport, qui \u00e9tait derri\u00e8re les meurtriers, \u00e0 des peines moindres.<\/em><\/p>\n<p style=\"text-align: justify;\"><em>Des points obscurs tels que celui du juge G\u00f3mez Chaparro, qui, ignorant les r\u00e8gles, a lib\u00e9r\u00e9 l\u2019une des personnes impliqu\u00e9es, qui en a profit\u00e9 pour s\u2019enfuir.<\/em><\/p>\n<p style=\"text-align: justify;\"><em>Ils \u00e9taient coupables d\u2019assassinat et de terrorisme, ainsi que d\u2019autres d\u00e9lits mineurs, et ont \u00e9t\u00e9 consid\u00e9r\u00e9s comme une bande arm\u00e9e contraire au processus d\u00e9mocratique.<\/em><\/p>\n<p style=\"text-align: justify;\"><em>Certaines personnes d\u2019extr\u00eame droite qui pouvaient \u00e9t\u00e9 impliqu\u00e9es n\u2019ont pas t\u00e9moign\u00e9. Les juges les en ont emp\u00each\u00e9es.<\/em><\/p>\n<p style=\"text-align: justify;\"><em>Nous n\u2019avions non plus aucune protection de par notre \u00e9tat de t\u00e9moins cl\u00e9s.<\/em><\/p>\n<p style=\"text-align: justify;\"><em>Mais c\u2019\u00e9tait l\u2019une des premi\u00e8res fois que le r\u00e9gime franquiste s\u2019asseyait sur le banc des accus\u00e9s, et finalement, tout s\u2019est fini par une intervention judiciaire erratique et peu claire, fin 2020, pour accorder la libert\u00e9 au dernier responsable, qui n\u2019est rest\u00e9 qu\u2019\u00e0 peine 14 ans en prison. Cela s\u2019est traduit pour nous par un profond mal-\u00eatre et un d\u00e9sespoir en termes de justice, et le tout affecte, \u00e0 mon avis, l\u2019\u00e9tat de droit en soi en Espagne \u00bb.<\/em><\/p>\n<\/div>\n<\/div>\n<\/div>\n<\/div>\n<\/div>\n","protected":false},"excerpt":{"rendered":"<p>INSTRUCTION Ne pas utiliser l&#8217;option \u00ab mains libres \u00bb \u00e0 l&#8217;int\u00e9rieur du mus\u00e9e. https:\/\/museovt.com\/fr\/wp-content\/uploads\/sites\/4\/2021\/03\/19fr.mp3 La quantit\u00e9 de travail n\u00e9cessaire \u00e0 une sentence peut \u00eatre constat\u00e9e en regardant le volume que le dossier d\u2019instruction occupe. Dans ce cas, il s\u2019agit de [&hellip;]<\/p>\n","protected":false},"author":1,"featured_media":0,"parent":0,"menu_order":0,"comment_status":"closed","ping_status":"closed","template":"","meta":{"inline_featured_image":false,"_trash_the_other_posts":false,"editor_notices":[],"footnotes":""},"class_list":["post-1017","page","type-page","status-publish","hentry"],"_links":{"self":[{"href":"https:\/\/museovt.com\/fr\/wp-json\/wp\/v2\/pages\/1017","targetHints":{"allow":["GET"]}}],"collection":[{"href":"https:\/\/museovt.com\/fr\/wp-json\/wp\/v2\/pages"}],"about":[{"href":"https:\/\/museovt.com\/fr\/wp-json\/wp\/v2\/types\/page"}],"author":[{"embeddable":true,"href":"https:\/\/museovt.com\/fr\/wp-json\/wp\/v2\/users\/1"}],"replies":[{"embeddable":true,"href":"https:\/\/museovt.com\/fr\/wp-json\/wp\/v2\/comments?post=1017"}],"version-history":[{"count":75,"href":"https:\/\/museovt.com\/fr\/wp-json\/wp\/v2\/pages\/1017\/revisions"}],"predecessor-version":[{"id":3195,"href":"https:\/\/museovt.com\/fr\/wp-json\/wp\/v2\/pages\/1017\/revisions\/3195"}],"wp:attachment":[{"href":"https:\/\/museovt.com\/fr\/wp-json\/wp\/v2\/media?parent=1017"}],"curies":[{"name":"wp","href":"https:\/\/api.w.org\/{rel}","templated":true}]}}