{"id":1016,"date":"2021-01-03T12:12:00","date_gmt":"2021-01-03T12:12:00","guid":{"rendered":"http:\/\/museovt.com\/?page_id=1016"},"modified":"2021-03-28T20:02:18","modified_gmt":"2021-03-28T20:02:18","slug":"qr-12","status":"publish","type":"page","link":"https:\/\/museovt.com\/fr\/qr-12\/","title":{"rendered":"12.- TERRORISME D\u2019EXTREME DROITE ET GAL"},"content":{"rendered":"<div  class=\"one withsmallpadding ppb_text\" style=\"padding:30px;\" >\n<h5 id=\"bajar\"><\/h5>\n<\/div>\n<div  class=\"one withsmallpadding ppb_text\" style=\"padding:30px 0 30px 0;\" >\n<div class=\"standard_wrapper\">\n<div class=\"page_content_wrapper\">\n<div class=\"inner\">\n<div style=\"margin:auto;width:100%\">\n<h2 style=\"color: #999999; text-align: center;\"><span style=\"color: #ffffff;\"><img decoding=\"async\" class=\"alignnone wp-image-756\" src=\"http:\/\/museovt.com\/wp-content\/uploads\/2021\/01\/12.svg\" alt=\"\" width=\"50\" \/><br \/>\nTERRORISME D\u2019EXTREME DROITE ET GAL<br \/>\n<\/span><\/h2>\n<\/div>\n<\/div>\n<\/div>\n<\/div>\n<\/div>\n<div  class=\"one withsmallpadding ppb_text\" style=\"padding:30px 0 30px 0;\" >\n<div class=\"standard_wrapper\">\n<div class=\"page_content_wrapper\">\n<div class=\"inner\">\n<div style=\"margin:auto;width:100%\">\n<h5 style=\"text-align: center;\"><i class=\"fa fa-headphones fa-3x\" aria-hidden=\"true\"><\/i><br \/>\n<em>Ne pas utiliser l&#8217;option \u00ab mains libres \u00bb \u00e0 l&#8217;int\u00e9rieur du mus\u00e9e.<\/em><\/h5>\n<\/div>\n<\/div>\n<\/div>\n<\/div>\n<\/div>\n<div  class=\"one withsmallpadding ppb_text\" style=\"padding:30px 0 30px 0;\" >\n<div class=\"standard_wrapper\">\n<div class=\"page_content_wrapper\">\n<div class=\"inner\">\n<div style=\"margin:auto;width:100%\"><audio class=\"wp-audio-shortcode\" id=\"audio-1016-2\" preload=\"none\" style=\"width: 100%;\" controls=\"controls\"><source type=\"audio\/mpeg\" src=\"https:\/\/museovt.com\/fr\/wp-content\/uploads\/sites\/4\/2021\/03\/12fr.mp3?_=2\" \/><a href=\"https:\/\/museovt.com\/fr\/wp-content\/uploads\/sites\/4\/2021\/03\/12fr.mp3\">https:\/\/museovt.com\/fr\/wp-content\/uploads\/sites\/4\/2021\/03\/12fr.mp3<\/a><\/audio>\n<\/div>\n<\/div>\n<\/div>\n<\/div>\n<\/div>\n<div  class=\"one withsmallpadding ppb_text\" style=\"padding:30px 0 30px 0;\" >\n<div class=\"standard_wrapper\">\n<div class=\"page_content_wrapper\">\n<div class=\"inner\">\n<div style=\"margin:auto;width:100%\">\n<h6 style=\"text-align: right;\"><a class=\"btn btn-default btn-sm\" href=\"https:\/\/museovt.com\/fr\/qr-13\/\"><img decoding=\"async\" loading=\"lazy\" class=\"alignnone wp-image-2398\" src=\"https:\/\/museovt.com\/wp-content\/uploads\/2021\/02\/flechaQr.svg\" alt=\"\" width=\"55\" height=\"36\" \/><\/a><\/h6>\n<\/div>\n<\/div>\n<\/div>\n<\/div>\n<\/div>\n<div  class=\"one withsmallpadding ppb_text\" style=\"padding:30px 0 30px 0;\" >\n<div class=\"standard_wrapper\">\n<div class=\"page_content_wrapper\">\n<div class=\"inner\">\n<div style=\"margin:auto;width:100%\">\n<h6 style=\"text-align: right;\"><a class=\"btn btn-default btn-sm\" href=\"https:\/\/museovt.com\/fr\/qr-13\/\"><img decoding=\"async\" loading=\"lazy\" class=\"alignnone wp-image-2398\" src=\"https:\/\/museovt.com\/wp-content\/uploads\/2021\/02\/flechaQr.svg\" alt=\"\" width=\"55\" height=\"36\" \/><\/a><\/h6>\n<\/div>\n<\/div>\n<\/div>\n<\/div>\n<\/div>\n<div  class=\"one withsmallpadding ppb_text\" style=\"padding:30px 0 30px 0;\" >\n<div class=\"standard_wrapper\">\n<div class=\"page_content_wrapper\">\n<div class=\"inner\">\n<div style=\"margin:auto;width:100%\">\n<p style=\"text-align: justify;\"><i class=\"fa fa-deaf fa-4x\" aria-hidden=\"true\"><\/i>Entre 1983 et 1987, un groupe de politiciens et de policiers d\u00e9cid\u00e8rent de cr\u00e9er les GAL (groupes Antiterroristes de lib\u00e9ration), pour combattre l\u2019organisation ETA en marge de la loi. Ils furent encourag\u00e9s et financ\u00e9s par le Minist\u00e8re de l\u2019Int\u00e9rieur, dirig\u00e9 par le ministre, Jos\u00e9 Barrionuevo, et le secr\u00e9taire d\u2019\u00c9tat \u00e0 la s\u00e9curit\u00e9, Rafael Vera. Tous deux furent condamn\u00e9s pour leurs activit\u00e9s terroristes, notamment l\u2019enl\u00e8vement et le d\u00e9tournement de fonds, mais ont tous deux b\u00e9n\u00e9fici\u00e9 de gr\u00e2ces qui leur ont permis de sortir de prison trois mois apr\u00e8s y \u00eatre entr\u00e9s.<\/p>\n<p style=\"text-align: center;\"><a href=\"https:\/\/museovt.com\/wp-content\/uploads\/2021\/02\/12-1.jpg\"><img decoding=\"async\" class=\"alignnone wp-image-2367 size-full\" src=\"https:\/\/museovt.com\/wp-content\/uploads\/2021\/02\/12-1.jpg\" alt=\"\" width=\"100%\" \/><\/a><\/p>\n<p style=\"text-align: justify;\">D\u00e9j\u00e0 dans les ann\u00e9es de transition, un terrorisme de vigilantisme contre l\u2019ETA avait exist\u00e9. En outre, \u00e0 cette \u00e9tape, un terrorisme d\u2019extr\u00eame droite vit le jour, parfois li\u00e9 au premier, dont le principal leitmotiv \u00e9tait le retour \u00e0 une dictature comme le r\u00e9gime de Franco. Ces terroristes justifiaient leurs crimes avec des noms tels que Triple A (Alliance apostolique anticommuniste), les Gu\u00e9rilleros du Christ Roi ou le Bataillon basque espagnol. Vous trouverez plus d\u2019informations \u00e0 ce sujet dans la vid\u00e9o.<\/p>\n<\/div>\n<\/div>\n<\/div>\n<\/div>\n<\/div>\n","protected":false},"excerpt":{"rendered":"<p>TERRORISME D\u2019EXTREME DROITE ET GAL Ne pas utiliser l&#8217;option \u00ab mains libres \u00bb \u00e0 l&#8217;int\u00e9rieur du mus\u00e9e. https:\/\/museovt.com\/fr\/wp-content\/uploads\/sites\/4\/2021\/03\/12fr.mp3 Entre 1983 et 1987, un groupe de politiciens et de policiers d\u00e9cid\u00e8rent de cr\u00e9er les GAL (groupes Antiterroristes de lib\u00e9ration), pour combattre [&hellip;]<\/p>\n","protected":false},"author":1,"featured_media":0,"parent":0,"menu_order":0,"comment_status":"closed","ping_status":"closed","template":"","meta":{"inline_featured_image":false,"_trash_the_other_posts":false,"editor_notices":[],"footnotes":""},"class_list":["post-1016","page","type-page","status-publish","hentry"],"_links":{"self":[{"href":"https:\/\/museovt.com\/fr\/wp-json\/wp\/v2\/pages\/1016","targetHints":{"allow":["GET"]}}],"collection":[{"href":"https:\/\/museovt.com\/fr\/wp-json\/wp\/v2\/pages"}],"about":[{"href":"https:\/\/museovt.com\/fr\/wp-json\/wp\/v2\/types\/page"}],"author":[{"embeddable":true,"href":"https:\/\/museovt.com\/fr\/wp-json\/wp\/v2\/users\/1"}],"replies":[{"embeddable":true,"href":"https:\/\/museovt.com\/fr\/wp-json\/wp\/v2\/comments?post=1016"}],"version-history":[{"count":61,"href":"https:\/\/museovt.com\/fr\/wp-json\/wp\/v2\/pages\/1016\/revisions"}],"predecessor-version":[{"id":3167,"href":"https:\/\/museovt.com\/fr\/wp-json\/wp\/v2\/pages\/1016\/revisions\/3167"}],"wp:attachment":[{"href":"https:\/\/museovt.com\/fr\/wp-json\/wp\/v2\/media?parent=1016"}],"curies":[{"name":"wp","href":"https:\/\/api.w.org\/{rel}","templated":true}]}}