{"id":1015,"date":"2021-01-03T12:11:58","date_gmt":"2021-01-03T12:11:58","guid":{"rendered":"http:\/\/museovt.com\/?page_id=1015"},"modified":"2021-03-28T20:02:00","modified_gmt":"2021-03-28T20:02:00","slug":"qr-11","status":"publish","type":"page","link":"https:\/\/museovt.com\/fr\/qr-11\/","title":{"rendered":"11.- MESSAGES DE HAINE"},"content":{"rendered":"<div  class=\"one withsmallpadding ppb_text\" style=\"padding:30px;\" >\n<h5 id=\"bajar\"><\/h5>\n<\/div>\n<div  class=\"one withsmallpadding ppb_text\" style=\"padding:30px 0 30px 0;\" >\n<div class=\"standard_wrapper\">\n<div class=\"page_content_wrapper\">\n<div class=\"inner\">\n<div style=\"margin:auto;width:100%\">\n<h2 style=\"color: #999999; text-align: center;\"><span style=\"color: #ffffff;\"><img decoding=\"async\" class=\"alignnone wp-image-756\" src=\"http:\/\/museovt.com\/wp-content\/uploads\/2021\/01\/11.svg\" alt=\"\" width=\"50\" \/><br \/>\nMESSAGES DE HAINE<\/span><\/h2>\n<\/div>\n<\/div>\n<\/div>\n<\/div>\n<\/div>\n<div  class=\"one withsmallpadding ppb_text\" style=\"padding:30px 0 30px 0;\" >\n<div class=\"standard_wrapper\">\n<div class=\"page_content_wrapper\">\n<div class=\"inner\">\n<div style=\"margin:auto;width:100%\">\n<h5 style=\"text-align: center;\"><i class=\"fa fa-headphones fa-3x\" aria-hidden=\"true\"><br \/>\n<\/i><br \/>\n<em>Ne pas utiliser l&#8217;option \u00ab mains libres \u00bb \u00e0 l&#8217;int\u00e9rieur du mus\u00e9e.<\/em><\/h5>\n<\/div>\n<\/div>\n<\/div>\n<\/div>\n<\/div>\n<div  class=\"one withsmallpadding ppb_text\" style=\"padding:30px 0 30px 0;\" >\n<div class=\"standard_wrapper\">\n<div class=\"page_content_wrapper\">\n<div class=\"inner\">\n<div style=\"margin:auto;width:100%\"><audio class=\"wp-audio-shortcode\" id=\"audio-1015-2\" preload=\"none\" style=\"width: 100%;\" controls=\"controls\"><source type=\"audio\/mpeg\" src=\"https:\/\/museovt.com\/fr\/wp-content\/uploads\/sites\/4\/2021\/03\/11fr.mp3?_=2\" \/><a href=\"https:\/\/museovt.com\/fr\/wp-content\/uploads\/sites\/4\/2021\/03\/11fr.mp3\">https:\/\/museovt.com\/fr\/wp-content\/uploads\/sites\/4\/2021\/03\/11fr.mp3<\/a><\/audio>\n<\/div>\n<\/div>\n<\/div>\n<\/div>\n<\/div>\n<div  class=\"one withsmallpadding ppb_text\" style=\"padding:30px 0 30px 0;\" >\n<div class=\"standard_wrapper\">\n<div class=\"page_content_wrapper\">\n<div class=\"inner\">\n<div style=\"margin:auto;width:100%\">\n<h6 style=\"text-align: right;\"><a class=\"btn btn-default btn-sm\" href=\"https:\/\/museovt.com\/fr\/qr-12\/\"><img decoding=\"async\" loading=\"lazy\" class=\"alignnone wp-image-2398\" src=\"https:\/\/museovt.com\/wp-content\/uploads\/2021\/02\/flechaQr.svg\" alt=\"\" width=\"55\" height=\"36\" \/><\/a><\/h6>\n<\/div>\n<\/div>\n<\/div>\n<\/div>\n<\/div>\n<div  class=\"one withsmallpadding ppb_text\" style=\"padding:30px 0 30px 0;\" >\n<div class=\"standard_wrapper\">\n<div class=\"page_content_wrapper\">\n<div class=\"inner\">\n<div style=\"margin:auto;width:100%\">\n<h6 style=\"text-align: right;\"><a class=\"btn btn-default btn-sm\" href=\"https:\/\/museovt.com\/fr\/qr-12\/\"><img decoding=\"async\" loading=\"lazy\" class=\"alignnone wp-image-2398\" src=\"https:\/\/museovt.com\/wp-content\/uploads\/2021\/02\/flechaQr.svg\" alt=\"\" width=\"55\" height=\"36\" \/><\/a><\/h6>\n<\/div>\n<\/div>\n<\/div>\n<\/div>\n<\/div>\n<div  class=\"one withsmallpadding ppb_text\" style=\"padding:30px 0 30px 0;\" >\n<div class=\"standard_wrapper\">\n<div class=\"page_content_wrapper\">\n<div class=\"inner\">\n<div style=\"margin:auto;width:100%\">\n<p style=\"text-align: justify;\"><i class=\"fa fa-deaf fa-4x\" aria-hidden=\"true\"><\/i>Les organisations terroristes sont soutenues par un environnement indispensable \u00e0 leur continuit\u00e9. Le Mouvement dit de lib\u00e9ration nationale basque \u00e9tait divis\u00e9 en plusieurs organisations sectorielles, avec une coalition \u00e9lectorale, HB, un syndicat, LAB, ou une association de jeunes, Jarrai. Depuis ce secteur, et comme le montrent les autocollants, des messages de haine \u00e9taient diffus\u00e9s, l\u2019utilisation de la violence \u00e9tait exalt\u00e9e et ceux qu\u2019ils consid\u00e9raient comme leurs ennemis \u00e9taient stigmatis\u00e9s.<\/p>\n<p style=\"text-align: center;\"><img decoding=\"async\" loading=\"lazy\" class=\"alignnone wp-image-2365 size-full\" src=\"https:\/\/museovt.com\/wp-content\/uploads\/2021\/02\/11-1.jpg\" alt=\"\" width=\"1143\" height=\"1500\" \/><\/p>\n<p style=\"text-align: justify;\">Sur leur liste noire figuraient des membres des Forces de s\u00e9curit\u00e9, repr\u00e9sent\u00e9s comme des \u00eatres sans humanit\u00e9, sans visage, chosifi\u00e9s et caricatur\u00e9s comme des porcs ou des chiens. Il y avait \u00e9galement des journalistes menac\u00e9s, tels que Jos\u00e9 Mar\u00eda Calleja, qui s\u2019est d\u00e9clar\u00e9 contre l\u2019organisation ETA et qui est d\u00e9c\u00e9d\u00e9 de coronavirus en 2020. Le fait de signaler une personne pr\u00e9parait le terrain pour que la victime soit expuls\u00e9e de la communaut\u00e9 comme une \u00e9tape pr\u00e9alable \u00e0 son \u00e9limination physique.<\/p>\n<p style=\"text-align: justify;\">Les messages de ces autocollants, et ceux d\u2019autres types de supports, tels que des affiches, des pancartes ou des graffitis, faisaient partie du paysage quotidien du Pays basque et de la Navarre. Les autocollants \u00e9taient port\u00e9s sur les v\u00eatements et \u00e9taient fr\u00e9quents lors des f\u00eates patronales. Lors de ces derni\u00e8res, des groupes organis\u00e9s y apparaissaient, et se consacraient \u00e0 attaquer la police et \u00e0 d\u00e9truire le mobilier urbain, des distributeurs automatiques ou des autobus. C\u2019\u00e9tait l\u2019\u00e9poque de la <em>kale borroka <\/em>ou gu\u00e9rilla urbaine, une strat\u00e9gie d\u00e9velopp\u00e9e par la gauche <em>abertzale<\/em> depuis les ann\u00e9es 1990 pour favoriser le contr\u00f4le social et g\u00e9n\u00e9rer une ambiance de peur chez ses opposants.<\/p>\n<p style=\"text-align: justify;\">En mars 1995, des radicaux abertzales attaqu\u00e8rent la police basque avec des cocktails Molotov \u00e0 Renteria. L\u2019un des autocollants exhibe comme un troph\u00e9e le r\u00e9sultat de cette action\u00a0: une camionnette compl\u00e8tement d\u00e9truite. L\u2019agent Jon Ruiz Sagarna souffrit de tr\u00e8s graves br\u00fblures sur 60\u00a0% de son corps. Nous avons \u00e9cout\u00e9 sa femme, Ana Arregui, dans l\u2019audiovisuel immersif.<\/p>\n<\/div>\n<\/div>\n<\/div>\n<\/div>\n<\/div>\n","protected":false},"excerpt":{"rendered":"<p>MESSAGES DE HAINE Ne pas utiliser l&#8217;option \u00ab mains libres \u00bb \u00e0 l&#8217;int\u00e9rieur du mus\u00e9e. https:\/\/museovt.com\/fr\/wp-content\/uploads\/sites\/4\/2021\/03\/11fr.mp3 Les organisations terroristes sont soutenues par un environnement indispensable \u00e0 leur continuit\u00e9. Le Mouvement dit de lib\u00e9ration nationale basque \u00e9tait divis\u00e9 en plusieurs organisations [&hellip;]<\/p>\n","protected":false},"author":1,"featured_media":0,"parent":0,"menu_order":0,"comment_status":"closed","ping_status":"closed","template":"","meta":{"inline_featured_image":false,"_trash_the_other_posts":false,"editor_notices":[],"footnotes":""},"class_list":["post-1015","page","type-page","status-publish","hentry"],"_links":{"self":[{"href":"https:\/\/museovt.com\/fr\/wp-json\/wp\/v2\/pages\/1015","targetHints":{"allow":["GET"]}}],"collection":[{"href":"https:\/\/museovt.com\/fr\/wp-json\/wp\/v2\/pages"}],"about":[{"href":"https:\/\/museovt.com\/fr\/wp-json\/wp\/v2\/types\/page"}],"author":[{"embeddable":true,"href":"https:\/\/museovt.com\/fr\/wp-json\/wp\/v2\/users\/1"}],"replies":[{"embeddable":true,"href":"https:\/\/museovt.com\/fr\/wp-json\/wp\/v2\/comments?post=1015"}],"version-history":[{"count":61,"href":"https:\/\/museovt.com\/fr\/wp-json\/wp\/v2\/pages\/1015\/revisions"}],"predecessor-version":[{"id":3163,"href":"https:\/\/museovt.com\/fr\/wp-json\/wp\/v2\/pages\/1015\/revisions\/3163"}],"wp:attachment":[{"href":"https:\/\/museovt.com\/fr\/wp-json\/wp\/v2\/media?parent=1015"}],"curies":[{"name":"wp","href":"https:\/\/api.w.org\/{rel}","templated":true}]}}