{"id":1014,"date":"2021-01-03T12:11:54","date_gmt":"2021-01-03T12:11:54","guid":{"rendered":"http:\/\/museovt.com\/?page_id=1014"},"modified":"2021-03-28T20:01:40","modified_gmt":"2021-03-28T20:01:40","slug":"qr-10","status":"publish","type":"page","link":"https:\/\/museovt.com\/fr\/qr-10\/","title":{"rendered":"10.- LA BANALITE DU MAL"},"content":{"rendered":"<div  class=\"one withsmallpadding ppb_text\" style=\"padding:30px;\" >\n<h5 id=\"bajar\"><\/h5>\n<\/div>\n<div  class=\"one withsmallpadding ppb_text\" style=\"padding:30px 0 30px 0;\" >\n<div class=\"standard_wrapper\">\n<div class=\"page_content_wrapper\">\n<div class=\"inner\">\n<div style=\"margin:auto;width:100%\">\n<h2 style=\"color: #999999; text-align: center;\"><span style=\"color: #ffffff;\"><img decoding=\"async\" class=\"alignnone wp-image-756\" src=\"http:\/\/museovt.com\/wp-content\/uploads\/2021\/01\/10.svg\" alt=\"\" width=\"50\" \/><br \/>\nLA BANALITE DU MAL<\/span><\/h2>\n<\/div>\n<\/div>\n<\/div>\n<\/div>\n<\/div>\n<div  class=\"one withsmallpadding ppb_text\" style=\"padding:30px 0 30px 0;\" >\n<div class=\"standard_wrapper\">\n<div class=\"page_content_wrapper\">\n<div class=\"inner\">\n<div style=\"margin:auto;width:100%\">\n<h5 style=\"text-align: center;\"><i class=\"fa fa-headphones fa-3x\" aria-hidden=\"true\"><br \/>\n<\/i><br \/>\n<em>Ne pas utiliser l&#8217;option \u00ab mains libres \u00bb \u00e0 l&#8217;int\u00e9rieur du mus\u00e9e.<\/em><\/h5>\n<\/div>\n<\/div>\n<\/div>\n<\/div>\n<\/div>\n<div  class=\"one withsmallpadding ppb_text\" style=\"padding:30px 0 30px 0;\" >\n<div class=\"standard_wrapper\">\n<div class=\"page_content_wrapper\">\n<div class=\"inner\">\n<div style=\"margin:auto;width:100%\"><audio class=\"wp-audio-shortcode\" id=\"audio-1014-2\" preload=\"none\" style=\"width: 100%;\" controls=\"controls\"><source type=\"audio\/mpeg\" src=\"https:\/\/museovt.com\/fr\/wp-content\/uploads\/sites\/4\/2021\/03\/10fr.mp3?_=2\" \/><a href=\"https:\/\/museovt.com\/fr\/wp-content\/uploads\/sites\/4\/2021\/03\/10fr.mp3\">https:\/\/museovt.com\/fr\/wp-content\/uploads\/sites\/4\/2021\/03\/10fr.mp3<\/a><\/audio>\n<\/div>\n<\/div>\n<\/div>\n<\/div>\n<\/div>\n<div  class=\"one withsmallpadding ppb_text\" style=\"padding:30px 0 30px 0;\" >\n<div class=\"standard_wrapper\">\n<div class=\"page_content_wrapper\">\n<div class=\"inner\">\n<div style=\"margin:auto;width:100%\">\n<h6 style=\"text-align: right;\"><a class=\"btn btn-default btn-sm\" href=\"https:\/\/museovt.com\/fr\/qr-11\/\"><img decoding=\"async\" loading=\"lazy\" class=\"alignnone wp-image-2398\" src=\"https:\/\/museovt.com\/wp-content\/uploads\/2021\/02\/flechaQr.svg\" alt=\"\" width=\"55\" height=\"36\" \/><\/a><\/h6>\n<\/div>\n<\/div>\n<\/div>\n<\/div>\n<\/div>\n<div  class=\"one withsmallpadding ppb_text\" style=\"padding:30px 0 30px 0;\" >\n<div class=\"standard_wrapper\">\n<div class=\"page_content_wrapper\">\n<div class=\"inner\">\n<div style=\"margin:auto;width:100%\">\n<h6 style=\"text-align: right;\"><a class=\"btn btn-default btn-sm\" href=\"https:\/\/museovt.com\/fr\/qr-11\/\"><img decoding=\"async\" loading=\"lazy\" class=\"alignnone wp-image-2398\" src=\"https:\/\/museovt.com\/wp-content\/uploads\/2021\/02\/flechaQr.svg\" alt=\"\" width=\"55\" height=\"36\" \/><\/a><\/h6>\n<\/div>\n<\/div>\n<\/div>\n<\/div>\n<\/div>\n<div  class=\"one withsmallpadding ppb_text\" style=\"padding:30px 0 30px 0;\" >\n<div class=\"standard_wrapper\">\n<div class=\"page_content_wrapper\">\n<div class=\"inner\">\n<div style=\"margin:auto;width:100%\">\n<p style=\"text-align: justify;\"><i class=\"fa fa-deaf fa-4x\" aria-hidden=\"true\"><\/i>Les publications de l\u2019organisation ETA, telles que <em>Zutik<\/em> ou <em>Zutabe<\/em>, servaient \u00e0 divulguer leur propagande et \u00e0 maintenir la coh\u00e9sion interne.<\/p>\n<p style=\"text-align: justify;\">Les membres de l\u2019organisation ETA fich\u00e9s par la police utilisaient de faux papiers pour se cacher. Les documents que vous pouvez contempler ici sont ceux de Mikel Otegi, arr\u00eat\u00e9 en France en 2003. Otegi a abattu deux policiers basques, I\u00f1aki Mendiluze et Jos\u00e9 Luis Gonz\u00e1lez, dans la localit\u00e9 d\u2019Itsasondo, Gipuzkoa, en 1995.<\/p>\n<p style=\"text-align: center;\"><a href=\"https:\/\/museovt.com\/wp-content\/uploads\/2021\/02\/10.jpg\"><img decoding=\"async\" loading=\"lazy\" class=\"alignnone wp-image-2363 size-full\" src=\"https:\/\/museovt.com\/wp-content\/uploads\/2021\/02\/10.jpg\" alt=\"\" width=\"1213\" height=\"1689\" \/><\/a><\/p>\n<p style=\"text-align: justify;\">Peu d\u2019exemples montrent la banalit\u00e9 du mal aussi clairement que ceux de la vitrine d\u2019en face. D\u2019une part, nous disposons des formulaires que les membres de l\u2019organisation devaient remplir jusqu\u2019aux ann\u00e9es 1980 avec leurs donn\u00e9es personnelles et une photo au format pi\u00e8ce d\u2019identit\u00e9 lorsqu\u2019ils y entraient.<\/p>\n<p style=\"text-align: justify;\">D\u2019autre part, nous avons les informations des futurs attentats, o\u00f9 apparaissent les routines des futures victimes. Il s\u2019agit de parents qui emm\u00e8nent leurs enfants \u00e0 l\u2019\u00e9cole, de policiers qui ont l\u2019habitude de se rendre dans un bar apr\u00e8s le travail et m\u00eame des notes manuscrites sur le type d\u2019arme id\u00e9ale pour mettre fin \u00e0 leurs jours.<\/p>\n<p style=\"text-align: justify;\">Enfin, dans le panneau au-dessus de la vitrine, il y a une copie de la lettre \u00e9crite par le dirigeant de l\u2019organisation ETA, Domingo Iturbe, <em>Txomin<\/em>, aux membres du commando Zuberoa, \u00e0 qui, entre salutations amicales, il demande de poursuivre \u00ab les ex\u00e9cutions\u00bb.<\/p>\n<\/div>\n<\/div>\n<\/div>\n<\/div>\n<\/div>\n","protected":false},"excerpt":{"rendered":"<p>LA BANALITE DU MAL Ne pas utiliser l&#8217;option \u00ab mains libres \u00bb \u00e0 l&#8217;int\u00e9rieur du mus\u00e9e. https:\/\/museovt.com\/fr\/wp-content\/uploads\/sites\/4\/2021\/03\/10fr.mp3 Les publications de l\u2019organisation ETA, telles que Zutik ou Zutabe, servaient \u00e0 divulguer leur propagande et \u00e0 maintenir la coh\u00e9sion interne. Les membres [&hellip;]<\/p>\n","protected":false},"author":1,"featured_media":0,"parent":0,"menu_order":0,"comment_status":"closed","ping_status":"closed","template":"","meta":{"inline_featured_image":false,"_trash_the_other_posts":false,"editor_notices":[],"footnotes":""},"class_list":["post-1014","page","type-page","status-publish","hentry"],"_links":{"self":[{"href":"https:\/\/museovt.com\/fr\/wp-json\/wp\/v2\/pages\/1014","targetHints":{"allow":["GET"]}}],"collection":[{"href":"https:\/\/museovt.com\/fr\/wp-json\/wp\/v2\/pages"}],"about":[{"href":"https:\/\/museovt.com\/fr\/wp-json\/wp\/v2\/types\/page"}],"author":[{"embeddable":true,"href":"https:\/\/museovt.com\/fr\/wp-json\/wp\/v2\/users\/1"}],"replies":[{"embeddable":true,"href":"https:\/\/museovt.com\/fr\/wp-json\/wp\/v2\/comments?post=1014"}],"version-history":[{"count":72,"href":"https:\/\/museovt.com\/fr\/wp-json\/wp\/v2\/pages\/1014\/revisions"}],"predecessor-version":[{"id":3159,"href":"https:\/\/museovt.com\/fr\/wp-json\/wp\/v2\/pages\/1014\/revisions\/3159"}],"wp:attachment":[{"href":"https:\/\/museovt.com\/fr\/wp-json\/wp\/v2\/media?parent=1014"}],"curies":[{"name":"wp","href":"https:\/\/api.w.org\/{rel}","templated":true}]}}