{"id":1013,"date":"2021-01-03T12:11:50","date_gmt":"2021-01-03T12:11:50","guid":{"rendered":"http:\/\/museovt.com\/?page_id=1013"},"modified":"2021-03-28T20:01:23","modified_gmt":"2021-03-28T20:01:23","slug":"qr-9","status":"publish","type":"page","link":"https:\/\/museovt.com\/fr\/qr-9\/","title":{"rendered":"9.- PERSONNES MENACEES"},"content":{"rendered":"<div  class=\"one withsmallpadding ppb_text\" style=\"padding:30px;\" >\n<h5 id=\"bajar\"><\/h5>\n<\/div>\n<div  class=\"one withsmallpadding ppb_text\" style=\"padding:30px 0 30px 0;\" >\n<div class=\"standard_wrapper\">\n<div class=\"page_content_wrapper\">\n<div class=\"inner\">\n<div style=\"margin:auto;width:100%\">\n<h2 style=\"color: #999999; text-align: center;\"><span style=\"color: #ffffff;\"><img decoding=\"async\" class=\"alignnone wp-image-756\" src=\"http:\/\/museovt.com\/wp-content\/uploads\/2021\/01\/9.svg\" alt=\"\" width=\"50\" \/><br \/>\nPERSONNES MENACEES<\/span><\/h2>\n<\/div>\n<\/div>\n<\/div>\n<\/div>\n<\/div>\n<div  class=\"one withsmallpadding ppb_text\" style=\"padding:30px 0 30px 0;\" >\n<div class=\"standard_wrapper\">\n<div class=\"page_content_wrapper\">\n<div class=\"inner\">\n<div style=\"margin:auto;width:100%\">\n<h5 style=\"text-align: center;\"><i class=\"fa fa-headphones fa-3x\" aria-hidden=\"true\"><\/i><br \/>\n<em>Ne pas utiliser l&#8217;option \u00ab mains libres \u00bb \u00e0 l&#8217;int\u00e9rieur du mus\u00e9e.<\/em><\/h5>\n<\/div>\n<\/div>\n<\/div>\n<\/div>\n<\/div>\n<div  class=\"one withsmallpadding ppb_text\" style=\"padding:30px 0 30px 0;\" >\n<div class=\"standard_wrapper\">\n<div class=\"page_content_wrapper\">\n<div class=\"inner\">\n<div style=\"margin:auto;width:100%\"><audio class=\"wp-audio-shortcode\" id=\"audio-1013-2\" preload=\"none\" style=\"width: 100%;\" controls=\"controls\"><source type=\"audio\/mpeg\" src=\"https:\/\/museovt.com\/fr\/wp-content\/uploads\/sites\/4\/2021\/03\/9fr.mp3?_=2\" \/><a href=\"https:\/\/museovt.com\/fr\/wp-content\/uploads\/sites\/4\/2021\/03\/9fr.mp3\">https:\/\/museovt.com\/fr\/wp-content\/uploads\/sites\/4\/2021\/03\/9fr.mp3<\/a><\/audio>\n<\/div>\n<\/div>\n<\/div>\n<\/div>\n<\/div>\n<div  class=\"one withsmallpadding ppb_text\" style=\"padding:30px 0 30px 0;\" >\n<div class=\"standard_wrapper\">\n<div class=\"page_content_wrapper\">\n<div class=\"inner\">\n<div style=\"margin:auto;width:100%\">\n<h6 style=\"text-align: right;\"><a class=\"btn btn-default btn-sm\" href=\"https:\/\/museovt.com\/fr\/qr-10\"><img decoding=\"async\" loading=\"lazy\" class=\"alignnone wp-image-2398\" src=\"https:\/\/museovt.com\/wp-content\/uploads\/2021\/02\/flechaQr.svg\" alt=\"\" width=\"55\" height=\"36\" \/><\/a><\/h6>\n<\/div>\n<\/div>\n<\/div>\n<\/div>\n<\/div>\n<div  class=\"one withsmallpadding ppb_text\" style=\"padding:30px 0 30px 0;\" >\n<div class=\"standard_wrapper\">\n<div class=\"page_content_wrapper\">\n<div class=\"inner\">\n<div style=\"margin:auto;width:100%\">\n<h6 style=\"text-align: right;\"><a class=\"btn btn-default btn-sm\" href=\"https:\/\/museovt.com\/fr\/qr-10\"><img decoding=\"async\" loading=\"lazy\" class=\"alignnone wp-image-2398\" src=\"https:\/\/museovt.com\/wp-content\/uploads\/2021\/02\/flechaQr.svg\" alt=\"\" width=\"55\" height=\"36\" \/><\/a><\/h6>\n<\/div>\n<\/div>\n<\/div>\n<\/div>\n<\/div>\n<div  class=\"one withsmallpadding ppb_text\" style=\"padding:30px 0 30px 0;\" >\n<div class=\"standard_wrapper\">\n<div class=\"page_content_wrapper\">\n<div class=\"inner\">\n<div style=\"margin:auto;width:100%\">\n<p style=\"text-align: justify;\"><i class=\"fa fa-deaf fa-4x\" aria-hidden=\"true\"><\/i>L\u2019organisation terroriste ETA a \u00e9t\u00e9 celle ayant la plus grande capacit\u00e9 d\u2019intimidation et, par cons\u00e9quent, celle qui a menac\u00e9 le plus grand nombre de personnes en Espagne. L\u2019environnement de la bande, qui d\u00e9ployait la violence de pers\u00e9cution contre les repr\u00e9sentants de l\u2019\u00c9tat (policiers ou juges) et contre ceux qui pensaient diff\u00e9remment (politiciens, journalistes ou intellectuels constitutionnalistes) y a \u00e9galement contribu\u00e9. Les formes de violence souffertes comprenaient des insultes, des graffitis, des coups, des attaques avec des cocktails Molotov contre leurs biens et, \u00e0 l\u2019extr\u00eame, des attentats de l\u2019organisation ETA. Beaucoup ont d\u00fb s\u2019exiler. Ceux qui sont rest\u00e9s se sont vus contraints \u00e0 adopter des mesures pour se prot\u00e9ger. L\u2019un d\u2019eux nous le raconte\u00a0: le professeur Jos\u00e9 Manuel Susperregui.<\/p>\n<p><a href=\"https:\/\/museovt.com\/wp-content\/uploads\/2021\/02\/9-1.jpg\"><img decoding=\"async\" class=\"wp-image-2362 size-full\" src=\"https:\/\/museovt.com\/wp-content\/uploads\/2021\/02\/9-1.jpg\" alt=\"\" width=\"100%\" \/><\/a><\/p>\n<p><strong>Jos\u00e9 Manuel Susperregui. L\u2019inhibiteur<\/strong><\/p>\n<p style=\"text-align: justify;\"><em>\u00ab L\u2019inhibiteur de fr\u00e9quences servait \u00e0 annuler la t\u00e9l\u00e9commande que les terroristes utilisaient pour activer des bombes. Moi, je l\u2019utilisais \u00e0 la sortie et \u00e0 l\u2019entr\u00e9e de chez moi, du garage et de l\u2019universit\u00e9. C\u2019\u00e9tait l\u2019un des syst\u00e8mes de s\u00e9curit\u00e9, outre le pistolet et le gilet pare-balles.<\/em><\/p>\n<p style=\"text-align: justify;\"><em>Le terrorisme se traduit par une peur et une incertitude permanentes. Et quand je me levais pour aller \u00e0 l\u2019universit\u00e9, je n\u2019allumais aucune lumi\u00e8re donnant sur l\u2019ext\u00e9rieur. Je changeais mes heures de sortie et je descendais les escaliers dans le noir. J\u2019ouvrais la porte sans faire de bruit. Je regardais partout et commen\u00e7ais mon trajet vers le garage avec l\u2019inhibiteur connect\u00e9. Je devais traverser un pont. Et parfois, je croisais quelques balayeurs dont l\u2019id\u00e9ologie \u00e9tait tr\u00e8s proche de celle des terroristes. Les regards les trahissaient, un regard distant, mais insistant. Je ne peux oublier leurs visages. Et maintenant, quand ils regardent, ils veulent \u00eatre salu\u00e9s \u00bb.<\/em><\/p>\n<\/div>\n<\/div>\n<\/div>\n<\/div>\n<\/div>\n","protected":false},"excerpt":{"rendered":"<p>PERSONNES MENACEES Ne pas utiliser l&#8217;option \u00ab mains libres \u00bb \u00e0 l&#8217;int\u00e9rieur du mus\u00e9e. https:\/\/museovt.com\/fr\/wp-content\/uploads\/sites\/4\/2021\/03\/9fr.mp3 L\u2019organisation terroriste ETA a \u00e9t\u00e9 celle ayant la plus grande capacit\u00e9 d\u2019intimidation et, par cons\u00e9quent, celle qui a menac\u00e9 le plus grand nombre de personnes [&hellip;]<\/p>\n","protected":false},"author":1,"featured_media":0,"parent":0,"menu_order":0,"comment_status":"closed","ping_status":"closed","template":"","meta":{"inline_featured_image":false,"_trash_the_other_posts":false,"editor_notices":[],"footnotes":""},"class_list":["post-1013","page","type-page","status-publish","hentry"],"_links":{"self":[{"href":"https:\/\/museovt.com\/fr\/wp-json\/wp\/v2\/pages\/1013","targetHints":{"allow":["GET"]}}],"collection":[{"href":"https:\/\/museovt.com\/fr\/wp-json\/wp\/v2\/pages"}],"about":[{"href":"https:\/\/museovt.com\/fr\/wp-json\/wp\/v2\/types\/page"}],"author":[{"embeddable":true,"href":"https:\/\/museovt.com\/fr\/wp-json\/wp\/v2\/users\/1"}],"replies":[{"embeddable":true,"href":"https:\/\/museovt.com\/fr\/wp-json\/wp\/v2\/comments?post=1013"}],"version-history":[{"count":62,"href":"https:\/\/museovt.com\/fr\/wp-json\/wp\/v2\/pages\/1013\/revisions"}],"predecessor-version":[{"id":3155,"href":"https:\/\/museovt.com\/fr\/wp-json\/wp\/v2\/pages\/1013\/revisions\/3155"}],"wp:attachment":[{"href":"https:\/\/museovt.com\/fr\/wp-json\/wp\/v2\/media?parent=1013"}],"curies":[{"name":"wp","href":"https:\/\/api.w.org\/{rel}","templated":true}]}}