{"id":1009,"date":"2021-01-03T12:11:40","date_gmt":"2021-01-03T12:11:40","guid":{"rendered":"http:\/\/museovt.com\/?page_id=1009"},"modified":"2021-03-28T20:01:03","modified_gmt":"2021-03-28T20:01:03","slug":"qr-8","status":"publish","type":"page","link":"https:\/\/museovt.com\/fr\/qr-8\/","title":{"rendered":"8.- ETA"},"content":{"rendered":"<div  class=\"one withsmallpadding ppb_text\" style=\"padding:30px;\" >\n<h5 id=\"bajar\"><\/h5>\n<\/div>\n<div  class=\"one withsmallpadding ppb_text\" style=\"padding:30px 0 30px 0;\" >\n<div class=\"standard_wrapper\">\n<div class=\"page_content_wrapper\">\n<div class=\"inner\">\n<div style=\"margin:auto;width:100%\">\n<h2 style=\"color: #999999; text-align: center;\"><span style=\"color: #ffffff;\"><img decoding=\"async\" class=\"alignnone wp-image-756\" src=\"http:\/\/museovt.com\/wp-content\/uploads\/2021\/01\/8.svg\" alt=\"\" width=\"50\" \/><br \/>\nETA<\/span><\/h2>\n<\/div>\n<\/div>\n<\/div>\n<\/div>\n<\/div>\n<div  class=\"one withsmallpadding ppb_text\" style=\"padding:30px 0 30px 0;\" >\n<div class=\"standard_wrapper\">\n<div class=\"page_content_wrapper\">\n<div class=\"inner\">\n<div style=\"margin:auto;width:100%\">\n<h5 style=\"text-align: center;\"><i class=\"fa fa-headphones fa-3x\" aria-hidden=\"true\"><\/i><br \/>\n<em>Ne pas utiliser l&#8217;option \u00ab mains libres \u00bb \u00e0 l&#8217;int\u00e9rieur du mus\u00e9e.<\/em><\/h5>\n<\/div>\n<\/div>\n<\/div>\n<\/div>\n<\/div>\n<div  class=\"one withsmallpadding ppb_text\" style=\"padding:30px 0 30px 0;\" >\n<div class=\"standard_wrapper\">\n<div class=\"page_content_wrapper\">\n<div class=\"inner\">\n<div style=\"margin:auto;width:100%\"><audio class=\"wp-audio-shortcode\" id=\"audio-1009-2\" preload=\"none\" style=\"width: 100%;\" controls=\"controls\"><source type=\"audio\/mpeg\" src=\"https:\/\/museovt.com\/fr\/wp-content\/uploads\/sites\/4\/2021\/03\/8fr.mp3?_=2\" \/><a href=\"https:\/\/museovt.com\/fr\/wp-content\/uploads\/sites\/4\/2021\/03\/8fr.mp3\">https:\/\/museovt.com\/fr\/wp-content\/uploads\/sites\/4\/2021\/03\/8fr.mp3<\/a><\/audio>\n<\/div>\n<\/div>\n<\/div>\n<\/div>\n<\/div>\n<div  class=\"one withsmallpadding ppb_text\" style=\"padding:30px 0 30px 0;\" >\n<div class=\"standard_wrapper\">\n<div class=\"page_content_wrapper\">\n<div class=\"inner\">\n<div style=\"margin:auto;width:100%\">\n<h6 style=\"text-align: right;\"><a class=\"btn btn-default btn-sm\" href=\"https:\/\/museovt.com\/fr\/qr-9\"><img decoding=\"async\" loading=\"lazy\" class=\"alignnone wp-image-2398\" src=\"https:\/\/museovt.com\/wp-content\/uploads\/2021\/02\/flechaQr.svg\" alt=\"\" width=\"55\" height=\"36\" \/><\/a><\/h6>\n<\/div>\n<\/div>\n<\/div>\n<\/div>\n<\/div>\n<div  class=\"one withsmallpadding ppb_text\" style=\"padding:30px 0 30px 0;\" >\n<div class=\"standard_wrapper\">\n<div class=\"page_content_wrapper\">\n<div class=\"inner\">\n<div style=\"margin:auto;width:100%\">\n<h6 style=\"text-align: right;\"><a class=\"btn btn-default btn-sm\" href=\"https:\/\/museovt.com\/fr\/qr-9\"><img decoding=\"async\" loading=\"lazy\" class=\"alignnone wp-image-2398\" src=\"https:\/\/museovt.com\/wp-content\/uploads\/2021\/02\/flechaQr.svg\" alt=\"\" width=\"55\" height=\"36\" \/><\/a><\/h6>\n<\/div>\n<\/div>\n<\/div>\n<\/div>\n<\/div>\n<div  class=\"one withsmallpadding ppb_text\" style=\"padding:30px 0 30px 0;\" >\n<div class=\"standard_wrapper\">\n<div class=\"page_content_wrapper\">\n<div class=\"inner\">\n<div style=\"margin:auto;width:100%\">\n<p style=\"text-align: justify;\"><i class=\"fa fa-deaf fa-4x\" aria-hidden=\"true\"><\/i>Le terrorisme en Espagne est r\u00e9sum\u00e9, en bonne mesure, par l\u2019histoire de l\u2019organisation ETA. C\u2019est l\u2019organisation qui a tu\u00e9 le plus, qui a dur\u00e9 le plus longtemps et qui a eu le plus de soutien social. ETA voulait l\u2019ind\u00e9pendance du Pays basque. Pour atteindre cet objectif, l\u2019organisation a assassin\u00e9 853 personnes entre 1968 et 2010. Son activit\u00e9 a \u00e9galement conduit \u00e0 2600 bless\u00e9s, plus de 80 otages et un nombre ind\u00e9termin\u00e9 de personnes menac\u00e9es et de personnes exil\u00e9es. Les traces de son activit\u00e9 ne dispara\u00eetront pas du jour au lendemain. La question de la justice ou celle de la m\u00e9moire reste vivante de nos jours.<\/p>\n<p style=\"text-align: center;\"><a href=\"https:\/\/museovt.com\/wp-content\/uploads\/2021\/02\/8-1.jpg\"><img decoding=\"async\" class=\"alignnone wp-image-2360 size-full\" src=\"https:\/\/museovt.com\/wp-content\/uploads\/2021\/02\/8-1.jpg\" alt=\"\" width=\"100%\" \/><\/a><\/p>\n<p style=\"text-align: justify;\">Dans plusieurs vitrines, vous pouvez contempler des objets ayant appartenu \u00e0 l\u2019organisation ETA. Ce sont des preuves de leurs ant\u00e9c\u00e9dents criminels, dont le public n\u2019a habituellement pas connaissance. Les lettres d\u2019extorsion, les bombes, la fausse documentation, les publications internes, les notes pour commettre de futurs attentats\u2026 Voici la r\u00e9alit\u00e9 vulgaire qui se trouve derri\u00e8re les v\u00eatements \u00e9tincelants dans lesquels les terroristes eux-m\u00eames se pr\u00e9sentent. Ce mus\u00e9e est construit \u00e0 partir de mat\u00e9riaux nobles, tels que le bois. Par opposition, le terrorisme est quelque chose d\u2019aussi rustre et brutal qu\u2019un Tupperware plein d\u2019explosifs plac\u00e9 sous un v\u00e9hicule \u00e0 l\u2019aide de deux aimants pour tuer une personne prise au d\u00e9pourvu. Ou une lettre qu\u2019un chef d\u2019entreprise trouve dans sa bo\u00eete aux lettres exigeant de l\u2019argent sous la menace.<\/p>\n<\/div>\n<\/div>\n<\/div>\n<\/div>\n<\/div>\n","protected":false},"excerpt":{"rendered":"<p>ETA Ne pas utiliser l&#8217;option \u00ab mains libres \u00bb \u00e0 l&#8217;int\u00e9rieur du mus\u00e9e. https:\/\/museovt.com\/fr\/wp-content\/uploads\/sites\/4\/2021\/03\/8fr.mp3 Le terrorisme en Espagne est r\u00e9sum\u00e9, en bonne mesure, par l\u2019histoire de l\u2019organisation ETA. C\u2019est l\u2019organisation qui a tu\u00e9 le plus, qui a dur\u00e9 le plus [&hellip;]<\/p>\n","protected":false},"author":1,"featured_media":0,"parent":0,"menu_order":0,"comment_status":"closed","ping_status":"closed","template":"","meta":{"inline_featured_image":false,"_trash_the_other_posts":false,"editor_notices":[],"footnotes":""},"class_list":["post-1009","page","type-page","status-publish","hentry"],"_links":{"self":[{"href":"https:\/\/museovt.com\/fr\/wp-json\/wp\/v2\/pages\/1009","targetHints":{"allow":["GET"]}}],"collection":[{"href":"https:\/\/museovt.com\/fr\/wp-json\/wp\/v2\/pages"}],"about":[{"href":"https:\/\/museovt.com\/fr\/wp-json\/wp\/v2\/types\/page"}],"author":[{"embeddable":true,"href":"https:\/\/museovt.com\/fr\/wp-json\/wp\/v2\/users\/1"}],"replies":[{"embeddable":true,"href":"https:\/\/museovt.com\/fr\/wp-json\/wp\/v2\/comments?post=1009"}],"version-history":[{"count":64,"href":"https:\/\/museovt.com\/fr\/wp-json\/wp\/v2\/pages\/1009\/revisions"}],"predecessor-version":[{"id":3151,"href":"https:\/\/museovt.com\/fr\/wp-json\/wp\/v2\/pages\/1009\/revisions\/3151"}],"wp:attachment":[{"href":"https:\/\/museovt.com\/fr\/wp-json\/wp\/v2\/media?parent=1009"}],"curies":[{"name":"wp","href":"https:\/\/api.w.org\/{rel}","templated":true}]}}