{"id":1050,"date":"2021-01-03T12:20:41","date_gmt":"2021-01-03T12:20:41","guid":{"rendered":"http:\/\/museovt.com\/?page_id=1050"},"modified":"2021-03-26T10:26:23","modified_gmt":"2021-03-26T10:26:23","slug":"qr-15","status":"publish","type":"page","link":"https:\/\/museovt.com\/eu\/qr-15\/","title":{"rendered":"15.- ONDORIOAK"},"content":{"rendered":"<div  class=\"one withsmallpadding ppb_text\" style=\"padding:30px;\" >\n<h5 id=\"bajar\"><\/h5>\n<\/div>\n<div  class=\"one withsmallpadding ppb_text\" style=\"padding:30px 0 30px 0;\" >\n<div class=\"standard_wrapper\">\n<div class=\"page_content_wrapper\">\n<div class=\"inner\">\n<div style=\"margin:auto;width:100%\">\n<h2 style=\"color: #999999; text-align: center;\"><span style=\"color: #ffffff;\"><img decoding=\"async\" class=\"alignnone wp-image-756\" src=\"http:\/\/museovt.com\/wp-content\/uploads\/2021\/01\/15.svg\" alt=\"\" width=\"50\" \/><br \/>\nONDORIOAK<\/span><\/h2>\n<\/div>\n<\/div>\n<\/div>\n<\/div>\n<\/div>\n<div  class=\"one withsmallpadding ppb_text\" style=\"padding:30px 0 30px 0;\" >\n<div class=\"standard_wrapper\">\n<div class=\"page_content_wrapper\">\n<div class=\"inner\">\n<div style=\"margin:auto;width:100%\">\n<h5 style=\"text-align: center;\"><i class=\"fa fa-headphones fa-3x\" aria-hidden=\"true\"><\/i><br \/>\n<em>Ez erabili &#8220;esku libreak&#8221; aukera museoaren barruan.<\/em><\/h5>\n<\/div>\n<\/div>\n<\/div>\n<\/div>\n<\/div>\n<div  class=\"one withsmallpadding ppb_text\" style=\"padding:30px 0 30px 0;\" >\n<div class=\"standard_wrapper\">\n<div class=\"page_content_wrapper\">\n<div class=\"inner\">\n<div style=\"margin:auto;width:100%\"><audio class=\"wp-audio-shortcode\" id=\"audio-1050-2\" preload=\"none\" style=\"width: 100%;\" controls=\"controls\"><source type=\"audio\/mpeg\" src=\"https:\/\/museovt.com\/eu\/wp-content\/uploads\/sites\/2\/2021\/03\/15eu.mp3?_=2\" \/><a href=\"https:\/\/museovt.com\/eu\/wp-content\/uploads\/sites\/2\/2021\/03\/15eu.mp3\">https:\/\/museovt.com\/eu\/wp-content\/uploads\/sites\/2\/2021\/03\/15eu.mp3<\/a><\/audio>\n<\/div>\n<\/div>\n<\/div>\n<\/div>\n<\/div>\n<div  class=\"one withsmallpadding ppb_text\" style=\"padding:30px 0 30px 0;\" >\n<div class=\"standard_wrapper\">\n<div class=\"page_content_wrapper\">\n<div class=\"inner\">\n<div style=\"margin:auto;width:100%\">\n<h6 style=\"text-align: right;\"><a class=\"btn btn-default btn-sm\" href=\"https:\/\/museovt.com\/eu\/qr-16\/\"><img decoding=\"async\" loading=\"lazy\" class=\"alignnone wp-image-2398\" src=\"https:\/\/museovt.com\/wp-content\/uploads\/2021\/02\/flechaQr.svg\" alt=\"\" width=\"55\" height=\"36\" \/><\/a><\/h6>\n<\/div>\n<\/div>\n<\/div>\n<\/div>\n<\/div>\n<div  class=\"one withsmallpadding ppb_text\" style=\"padding:30px 0 30px 0;\" >\n<div class=\"standard_wrapper\">\n<div class=\"page_content_wrapper\">\n<div class=\"inner\">\n<div style=\"margin:auto;width:100%\">\n<h6 style=\"text-align: right;\"><a class=\"btn btn-default btn-sm\" href=\"https:\/\/museovt.com\/eu\/qr-16\/\"><img decoding=\"async\" loading=\"lazy\" class=\"alignnone wp-image-2398\" src=\"https:\/\/museovt.com\/wp-content\/uploads\/2021\/02\/flechaQr.svg\" alt=\"\" width=\"55\" height=\"36\" \/><\/a><\/h6>\n<\/div>\n<\/div>\n<\/div>\n<\/div>\n<\/div>\n<div  class=\"one withsmallpadding ppb_text\" style=\"padding:30px 0 30px 0;\" >\n<div class=\"standard_wrapper\">\n<div class=\"page_content_wrapper\">\n<div class=\"inner\">\n<div style=\"margin:auto;width:100%\">\n<p style=\"text-align: justify;\"><i class=\"fa fa-deaf fa-4x\" aria-hidden=\"true\"><\/i>Erakunde terroristak zeintzuk diren ikusi ondoren, galeria honetan beren jardueraren ondorioak aurkezten dira egileek iruzkindutako argazki sorta baten bidez. Denek galdera bati erantzuten diote: zer gogoratzen duzue kasu batzuetan profesionalki edo are pertsonalki markatu zizuen irudi hartaz?<\/p>\n<p style=\"text-align: justify;\"><a href=\"https:\/\/museovt.com\/wp-content\/uploads\/2021\/02\/15-1.jpg\"><img decoding=\"async\" class=\"alignnone wp-image-2371 size-full\" src=\"https:\/\/museovt.com\/wp-content\/uploads\/2021\/02\/15-1.jpg\" alt=\"\" width=\"100%\" \/><\/a><\/p>\n<p style=\"text-align: justify;\">To\u00f1o Gallegok <em>El Mundo<\/em> egunkariarentzat egindako argazki ospetsua dago, Jos\u00e9 Antonio Ortega Lara zargalduta eta Burgosko bere etxera iristen. Domitila emazteak lagunduta, 532 eguneko bahiketatik atera berria zen. Jos\u00e9 Luis L\u00f3pez de Lacalleren aurkako atentatuaren eszena, Jes\u00fas Uriartek <em>El Pa\u00eds<\/em> egunkariarentzat atera zuena, zeinean inspiratu baitzen \u00a0Jos\u00e9 Ibarrola aterkiei eta memoriari buruzko bere koadroa margotzeko. David Armengouri esker, 2017ko abuztuan Bartzelonako Rambletan izandako harrapaketa masiboaren ondoren hartu zen lehen irudietako bat dugu.<\/p>\n<p style=\"text-align: justify;\">Eztabaida irekia dago, terrorismoa zer den grafikoki islatzeko orduan noraino hel gaitezkeen jakiteko. Adibidez, gorpuen lehen planoek informazio mailan zerbait ematen duten edo sentsazionalismoa besterik ez duten bilatzen, biktima horien senideen sentimenduen gainetik pasatuz.<\/p>\n<p style=\"text-align: justify;\">Terrorismoa fenomeno dramatikoa da, kalte pertsonal suntsitzaileak eragiten dituena, eta ez da leundu behar. Baina XX. mendeko hirurogeita hamarreko edo laurogeiko urteetan prentsan argitaratzen ziren argazki esplizituek, gorpuen lehen planoak barne, ez zuten lortu kontzientziak astintzea. Urte horietan izan ziren atentatu gehien eta erantzun sozial gutxien. Gaur ez lukete argirik ikusiko beren gordintasunagatik.<\/p>\n<\/div>\n<\/div>\n<\/div>\n<\/div>\n<\/div>\n","protected":false},"excerpt":{"rendered":"<p>ONDORIOAK Ez erabili &#8220;esku libreak&#8221; aukera museoaren barruan. https:\/\/museovt.com\/eu\/wp-content\/uploads\/sites\/2\/2021\/03\/15eu.mp3 Erakunde terroristak zeintzuk diren ikusi ondoren, galeria honetan beren jardueraren ondorioak aurkezten dira egileek iruzkindutako argazki sorta baten bidez. Denek galdera bati erantzuten diote: zer gogoratzen duzue kasu batzuetan profesionalki edo [&hellip;]<\/p>\n","protected":false},"author":1,"featured_media":0,"parent":0,"menu_order":0,"comment_status":"closed","ping_status":"closed","template":"","meta":{"inline_featured_image":false,"_trash_the_other_posts":false,"editor_notices":[],"footnotes":""},"class_list":["post-1050","page","type-page","status-publish","hentry"],"_links":{"self":[{"href":"https:\/\/museovt.com\/eu\/wp-json\/wp\/v2\/pages\/1050","targetHints":{"allow":["GET"]}}],"collection":[{"href":"https:\/\/museovt.com\/eu\/wp-json\/wp\/v2\/pages"}],"about":[{"href":"https:\/\/museovt.com\/eu\/wp-json\/wp\/v2\/types\/page"}],"author":[{"embeddable":true,"href":"https:\/\/museovt.com\/eu\/wp-json\/wp\/v2\/users\/1"}],"replies":[{"embeddable":true,"href":"https:\/\/museovt.com\/eu\/wp-json\/wp\/v2\/comments?post=1050"}],"version-history":[{"count":51,"href":"https:\/\/museovt.com\/eu\/wp-json\/wp\/v2\/pages\/1050\/revisions"}],"predecessor-version":[{"id":3151,"href":"https:\/\/museovt.com\/eu\/wp-json\/wp\/v2\/pages\/1050\/revisions\/3151"}],"wp:attachment":[{"href":"https:\/\/museovt.com\/eu\/wp-json\/wp\/v2\/media?parent=1050"}],"curies":[{"name":"wp","href":"https:\/\/api.w.org\/{rel}","templated":true}]}}