{"id":1014,"date":"2021-01-03T12:11:54","date_gmt":"2021-01-03T12:11:54","guid":{"rendered":"http:\/\/museovt.com\/?page_id=1014"},"modified":"2021-03-26T10:24:56","modified_gmt":"2021-03-26T10:24:56","slug":"qr-10","status":"publish","type":"page","link":"https:\/\/museovt.com\/eu\/qr-10\/","title":{"rendered":"10.- GAIZKIAREN HUTSALKERIA"},"content":{"rendered":"<div  class=\"one withsmallpadding ppb_text\" style=\"padding:30px;\" >\n<h5 id=\"bajar\"><\/h5>\n<\/div>\n<div  class=\"one withsmallpadding ppb_text\" style=\"padding:30px 0 30px 0;\" >\n<div class=\"standard_wrapper\">\n<div class=\"page_content_wrapper\">\n<div class=\"inner\">\n<div style=\"margin:auto;width:100%\">\n<h2 style=\"color: #999999; text-align: center;\"><span style=\"color: #ffffff;\"><img decoding=\"async\" class=\"alignnone wp-image-756\" src=\"http:\/\/museovt.com\/wp-content\/uploads\/2021\/01\/10.svg\" alt=\"\" width=\"50\" \/><br \/>\nGAIZKIAREN HUTSALKERIA<\/span><\/h2>\n<\/div>\n<\/div>\n<\/div>\n<\/div>\n<\/div>\n<div  class=\"one withsmallpadding ppb_text\" style=\"padding:30px 0 30px 0;\" >\n<div class=\"standard_wrapper\">\n<div class=\"page_content_wrapper\">\n<div class=\"inner\">\n<div style=\"margin:auto;width:100%\">\n<h5 style=\"text-align: center;\"><i class=\"fa fa-headphones fa-3x\" aria-hidden=\"true\"><br \/>\n<\/i><br \/>\n<em>Ez erabili &#8220;esku libreak&#8221; aukera museoaren barruan.<\/em><\/h5>\n<\/div>\n<\/div>\n<\/div>\n<\/div>\n<\/div>\n<div  class=\"one withsmallpadding ppb_text\" style=\"padding:30px 0 30px 0;\" >\n<div class=\"standard_wrapper\">\n<div class=\"page_content_wrapper\">\n<div class=\"inner\">\n<div style=\"margin:auto;width:100%\"><audio class=\"wp-audio-shortcode\" id=\"audio-1014-2\" preload=\"none\" style=\"width: 100%;\" controls=\"controls\"><source type=\"audio\/mpeg\" src=\"https:\/\/museovt.com\/eu\/wp-content\/uploads\/sites\/2\/2021\/03\/10eu.mp3?_=2\" \/><a href=\"https:\/\/museovt.com\/eu\/wp-content\/uploads\/sites\/2\/2021\/03\/10eu.mp3\">https:\/\/museovt.com\/eu\/wp-content\/uploads\/sites\/2\/2021\/03\/10eu.mp3<\/a><\/audio>\n<\/div>\n<\/div>\n<\/div>\n<\/div>\n<\/div>\n<div  class=\"one withsmallpadding ppb_text\" style=\"padding:30px 0 30px 0;\" >\n<div class=\"standard_wrapper\">\n<div class=\"page_content_wrapper\">\n<div class=\"inner\">\n<div style=\"margin:auto;width:100%\">\n<h6 style=\"text-align: right;\"><a class=\"btn btn-default btn-sm\" href=\"https:\/\/museovt.com\/eu\/qr-11\/\"><img decoding=\"async\" loading=\"lazy\" class=\"alignnone wp-image-2398\" src=\"https:\/\/museovt.com\/wp-content\/uploads\/2021\/02\/flechaQr.svg\" alt=\"\" width=\"55\" height=\"36\" \/><\/a><\/h6>\n<\/div>\n<\/div>\n<\/div>\n<\/div>\n<\/div>\n<div  class=\"one withsmallpadding ppb_text\" style=\"padding:30px 0 30px 0;\" >\n<div class=\"standard_wrapper\">\n<div class=\"page_content_wrapper\">\n<div class=\"inner\">\n<div style=\"margin:auto;width:100%\">\n<h6 style=\"text-align: right;\"><a class=\"btn btn-default btn-sm\" href=\"https:\/\/museovt.com\/eu\/qr-11\/\"><img decoding=\"async\" loading=\"lazy\" class=\"alignnone wp-image-2398\" src=\"https:\/\/museovt.com\/wp-content\/uploads\/2021\/02\/flechaQr.svg\" alt=\"\" width=\"55\" height=\"36\" \/><\/a><\/h6>\n<\/div>\n<\/div>\n<\/div>\n<\/div>\n<\/div>\n<div  class=\"one withsmallpadding ppb_text\" style=\"padding:30px 0 30px 0;\" >\n<div class=\"standard_wrapper\">\n<div class=\"page_content_wrapper\">\n<div class=\"inner\">\n<div style=\"margin:auto;width:100%\">\n<p style=\"text-align: justify;\"><i class=\"fa fa-deaf fa-4x\" aria-hidden=\"true\"><\/i>ETAren argitalpenak, hala nola <em>Zutik<\/em> edo <em>Zutabe<\/em>, propaganda zabaltzeko eta barne-kohesioari eusteko erabiltzen ziren.<\/p>\n<p style=\"text-align: justify;\">Poliziak fitxatutako etakideek dokumentazio faltsua erabiltzen zuten ezkutatzeko. Hemen ikus ditzakezun dokumentuak 2003an Frantzian atxilotu zuten Mikel Otegirenak ziren. Otegik bi ertzain hil zituen tiroz, I\u00f1aki Mendiluze eta Jos\u00e9 Luis Gonz\u00e1lez, Itsasondon (Gipuzkoa), 1995ean.<\/p>\n<p style=\"text-align: justify;\"><a href=\"https:\/\/museovt.com\/wp-content\/uploads\/2021\/02\/10.jpg\"><img decoding=\"async\" loading=\"lazy\" class=\"alignnone wp-image-2363 size-full\" src=\"https:\/\/museovt.com\/wp-content\/uploads\/2021\/02\/10.jpg\" alt=\"\" width=\"1213\" height=\"1689\" \/><\/a><\/p>\n<p style=\"text-align: justify;\">Oso adibide gutxik erakusten dute gaizkiaren hutsaltasuna aurreko bitrinarenak bezain argi. Alde batetik, 80ko hamarkadara arte etakideek bete behar zituzten fitxak ditugu, beren datu pertsonalekin eta txartel-argazki batekin, erakundean sartzen zirenean.<\/p>\n<p style=\"text-align: justify;\">Bestalde, etorkizunean atentatuak egiteko informazioak daude, non etorkizuneko biktimen errutinak agertzen diren. Badira seme-alabak eskolara eramaten dituzten gurasoak, lanetik irtetean taberna batera joaten diren poliziak, baita eskuz egindako oharrak ere, beren bizitzekin amaitzeko arma mota egokienari buruz.<\/p>\n<p style=\"text-align: justify;\">Azkenik, beira-arasaren gaineko panelean Domingo Iturbe ETAko buruak, <em>Txomin<\/em>ek, Zuberoa taldeko kideei idatzitako gutunaren kopia bat dago, eta, lagunarteko agurren artean, &#8220;exekuzioekin&#8221; jarraitzeko eskatzen die.<\/p>\n<\/div>\n<\/div>\n<\/div>\n<\/div>\n<\/div>\n","protected":false},"excerpt":{"rendered":"<p>GAIZKIAREN HUTSALKERIA Ez erabili &#8220;esku libreak&#8221; aukera museoaren barruan. https:\/\/museovt.com\/eu\/wp-content\/uploads\/sites\/2\/2021\/03\/10eu.mp3 ETAren argitalpenak, hala nola Zutik edo Zutabe, propaganda zabaltzeko eta barne-kohesioari eusteko erabiltzen ziren. Poliziak fitxatutako etakideek dokumentazio faltsua erabiltzen zuten ezkutatzeko. Hemen ikus ditzakezun dokumentuak 2003an Frantzian atxilotu zuten [&hellip;]<\/p>\n","protected":false},"author":1,"featured_media":0,"parent":0,"menu_order":0,"comment_status":"closed","ping_status":"closed","template":"","meta":{"inline_featured_image":false,"_trash_the_other_posts":false,"editor_notices":[],"footnotes":""},"class_list":["post-1014","page","type-page","status-publish","hentry"],"_links":{"self":[{"href":"https:\/\/museovt.com\/eu\/wp-json\/wp\/v2\/pages\/1014","targetHints":{"allow":["GET"]}}],"collection":[{"href":"https:\/\/museovt.com\/eu\/wp-json\/wp\/v2\/pages"}],"about":[{"href":"https:\/\/museovt.com\/eu\/wp-json\/wp\/v2\/types\/page"}],"author":[{"embeddable":true,"href":"https:\/\/museovt.com\/eu\/wp-json\/wp\/v2\/users\/1"}],"replies":[{"embeddable":true,"href":"https:\/\/museovt.com\/eu\/wp-json\/wp\/v2\/comments?post=1014"}],"version-history":[{"count":73,"href":"https:\/\/museovt.com\/eu\/wp-json\/wp\/v2\/pages\/1014\/revisions"}],"predecessor-version":[{"id":3131,"href":"https:\/\/museovt.com\/eu\/wp-json\/wp\/v2\/pages\/1014\/revisions\/3131"}],"wp:attachment":[{"href":"https:\/\/museovt.com\/eu\/wp-json\/wp\/v2\/media?parent=1014"}],"curies":[{"name":"wp","href":"https:\/\/api.w.org\/{rel}","templated":true}]}}