{"id":1050,"date":"2021-01-03T12:20:41","date_gmt":"2021-01-03T12:20:41","guid":{"rendered":"http:\/\/museovt.com\/?page_id=1050"},"modified":"2021-03-28T10:42:31","modified_gmt":"2021-03-28T10:42:31","slug":"qr-15","status":"publish","type":"page","link":"https:\/\/museovt.com\/en\/qr-15\/","title":{"rendered":"15.- CONSEQUENCES"},"content":{"rendered":"<div  class=\"one withsmallpadding ppb_text\" style=\"padding:30px;\" >\n<h5 id=\"bajar\"><\/h5>\n<\/div>\n<div  class=\"one withsmallpadding ppb_text\" style=\"padding:30px 0 30px 0;\" >\n<div class=\"standard_wrapper\">\n<div class=\"page_content_wrapper\">\n<div class=\"inner\">\n<div style=\"margin:auto;width:100%\">\n<h2 style=\"color: #999999; text-align: center;\"><span style=\"color: #ffffff;\"><img decoding=\"async\" class=\"alignnone wp-image-756\" src=\"http:\/\/museovt.com\/wp-content\/uploads\/2021\/01\/15.svg\" alt=\"\" width=\"50\" \/><br \/>\nCONSEQUENCES<br \/>\n<\/span><\/h2>\n<\/div>\n<\/div>\n<\/div>\n<\/div>\n<\/div>\n<div  class=\"one withsmallpadding ppb_text\" style=\"padding:30px 0 30px 0;\" >\n<div class=\"standard_wrapper\">\n<div class=\"page_content_wrapper\">\n<div class=\"inner\">\n<div style=\"margin:auto;width:100%\">\n<h5 style=\"text-align: center;\"><i class=\"fa fa-headphones fa-3x\" aria-hidden=\"true\"><\/i><br \/>\n<em>Do not use the &#8220;hands-free&#8221; option inside the museum.<\/em><\/h5>\n<\/div>\n<\/div>\n<\/div>\n<\/div>\n<\/div>\n<div  class=\"one withsmallpadding ppb_text\" style=\"padding:30px 0 30px 0;\" >\n<div class=\"standard_wrapper\">\n<div class=\"page_content_wrapper\">\n<div class=\"inner\">\n<div style=\"margin:auto;width:100%\"><audio class=\"wp-audio-shortcode\" id=\"audio-1050-2\" preload=\"none\" style=\"width: 100%;\" controls=\"controls\"><source type=\"audio\/mpeg\" src=\"https:\/\/museovt.com\/en\/wp-content\/uploads\/sites\/3\/2021\/03\/15en.mp3?_=2\" \/><a href=\"https:\/\/museovt.com\/en\/wp-content\/uploads\/sites\/3\/2021\/03\/15en.mp3\">https:\/\/museovt.com\/en\/wp-content\/uploads\/sites\/3\/2021\/03\/15en.mp3<\/a><\/audio>\n<\/div>\n<\/div>\n<\/div>\n<\/div>\n<\/div>\n<div  class=\"one withsmallpadding ppb_text\" style=\"padding:30px 0 30px 0;\" >\n<div class=\"standard_wrapper\">\n<div class=\"page_content_wrapper\">\n<div class=\"inner\">\n<div style=\"margin:auto;width:100%\">\n<h6 style=\"text-align: right;\"><a class=\"btn btn-default btn-sm\" href=\"https:\/\/museovt.com\/en\/qr-16\/\"><img decoding=\"async\" loading=\"lazy\" class=\"alignnone wp-image-2398\" src=\"https:\/\/museovt.com\/wp-content\/uploads\/2021\/02\/flechaQr.svg\" alt=\"\" width=\"55\" height=\"36\" \/><\/a><\/h6>\n<\/div>\n<\/div>\n<\/div>\n<\/div>\n<\/div>\n<div  class=\"one withsmallpadding ppb_text\" style=\"padding:30px 0 30px 0;\" >\n<div class=\"standard_wrapper\">\n<div class=\"page_content_wrapper\">\n<div class=\"inner\">\n<div style=\"margin:auto;width:100%\">\n<h6 style=\"text-align: right;\"><a class=\"btn btn-default btn-sm\" href=\"https:\/\/museovt.com\/en\/qr-16\/\"><img decoding=\"async\" loading=\"lazy\" class=\"alignnone wp-image-2398\" src=\"https:\/\/museovt.com\/wp-content\/uploads\/2021\/02\/flechaQr.svg\" alt=\"\" width=\"55\" height=\"36\" \/><\/a><\/h6>\n<\/div>\n<\/div>\n<\/div>\n<\/div>\n<\/div>\n<div  class=\"one withsmallpadding ppb_text\" style=\"padding:30px 0 30px 0;\" >\n<div class=\"standard_wrapper\">\n<div class=\"page_content_wrapper\">\n<div class=\"inner\">\n<div style=\"margin:auto;width:100%\">\n<p style=\"text-align: justify;\"><i class=\"fa fa-deaf fa-4x\" aria-hidden=\"true\"><\/i>Having looked at the different terrorist organizations, this gallery presents the consequences of their action through a series of photographs with commentary by the individual photographers. Each was asked to respond to the following question:- What did they remember of the image which in some cases, marked them professionally or even personally?.<\/p>\n<p style=\"text-align: center;\"><a href=\"https:\/\/museovt.com\/wp-content\/uploads\/2021\/02\/15-1.jpg\"><img decoding=\"async\" class=\"alignnone wp-image-2371 size-full\" src=\"https:\/\/museovt.com\/wp-content\/uploads\/2021\/02\/15-1.jpg\" alt=\"\" width=\"100%\" \/><\/a><\/p>\n<p style=\"text-align: justify;\">This famous photo taken by To\u00f1o Gallego for the newspaper<em> El Mundo<\/em> shows a haggard Jos\u00e9 Antonio Ortega Lara arriving at his house in Burgos. He is accompanied by his wife, Domitila, having just been released from kidnap after 532 days. The scene of the attack on Jos\u00e9 Luis L\u00f3pez de Lacalle, photographed by Jes\u00fas Uriarte for<em> El Pais<\/em> inspired Jos\u00e9 Ibarrola to create his paintings called <em>Los paraguas y La memoria. <\/em>Thanks to David Armengou, we also have one of the first images taken after a van was driven into pedestrians on a popular street, Las Ramblas, in Barcelona, in August 2017.<\/p>\n<p style=\"text-align: justify;\">There is an on going debate on whether can we understand terrorism by looking at graphic images.\u00a0\u00a0 For example, do close-ups of corpses contribute something at an informative level or do they seek sensationalism, without taking into account the feelings of the relatives of these victims?<\/p>\n<p style=\"text-align: justify;\">Terrorism is a dramatic phenomenon which causes devestating personal injury and should not be diluted.\u00a0\u00a0 But the explicit photos which were published in the press in the seventies or eighties of the twentieth century, including close-ups of bodies, failed to stir consciences. These were the years in which there were most terrorist attacks and least social response.<\/p>\n<\/div>\n<\/div>\n<\/div>\n<\/div>\n<\/div>\n","protected":false},"excerpt":{"rendered":"<p>CONSEQUENCES Do not use the &#8220;hands-free&#8221; option inside the museum. https:\/\/museovt.com\/en\/wp-content\/uploads\/sites\/3\/2021\/03\/15en.mp3 Having looked at the different terrorist organizations, this gallery presents the consequences of their action through a series of photographs with commentary by the individual photographers. Each was asked [&hellip;]<\/p>\n","protected":false},"author":1,"featured_media":0,"parent":0,"menu_order":0,"comment_status":"closed","ping_status":"closed","template":"","meta":{"inline_featured_image":false,"_trash_the_other_posts":false,"editor_notices":[],"footnotes":""},"class_list":["post-1050","page","type-page","status-publish","hentry"],"_links":{"self":[{"href":"https:\/\/museovt.com\/en\/wp-json\/wp\/v2\/pages\/1050","targetHints":{"allow":["GET"]}}],"collection":[{"href":"https:\/\/museovt.com\/en\/wp-json\/wp\/v2\/pages"}],"about":[{"href":"https:\/\/museovt.com\/en\/wp-json\/wp\/v2\/types\/page"}],"author":[{"embeddable":true,"href":"https:\/\/museovt.com\/en\/wp-json\/wp\/v2\/users\/1"}],"replies":[{"embeddable":true,"href":"https:\/\/museovt.com\/en\/wp-json\/wp\/v2\/comments?post=1050"}],"version-history":[{"count":48,"href":"https:\/\/museovt.com\/en\/wp-json\/wp\/v2\/pages\/1050\/revisions"}],"predecessor-version":[{"id":3063,"href":"https:\/\/museovt.com\/en\/wp-json\/wp\/v2\/pages\/1050\/revisions\/3063"}],"wp:attachment":[{"href":"https:\/\/museovt.com\/en\/wp-json\/wp\/v2\/media?parent=1050"}],"curies":[{"name":"wp","href":"https:\/\/api.w.org\/{rel}","templated":true}]}}