{"id":1014,"date":"2021-01-03T12:11:54","date_gmt":"2021-01-03T12:11:54","guid":{"rendered":"http:\/\/museovt.com\/?page_id=1014"},"modified":"2021-03-28T10:40:44","modified_gmt":"2021-03-28T10:40:44","slug":"qr-10","status":"publish","type":"page","link":"https:\/\/museovt.com\/en\/qr-10\/","title":{"rendered":"10.- THE BANALITY OF EVIL"},"content":{"rendered":"<div  class=\"one withsmallpadding ppb_text\" style=\"padding:30px;\" >\n<h5 id=\"bajar\"><\/h5>\n<\/div>\n<div  class=\"one withsmallpadding ppb_text\" style=\"padding:30px 0 30px 0;\" >\n<div class=\"standard_wrapper\">\n<div class=\"page_content_wrapper\">\n<div class=\"inner\">\n<div style=\"margin:auto;width:100%\">\n<h2 style=\"color: #999999; text-align: center;\"><span style=\"color: #ffffff;\"><img decoding=\"async\" class=\"alignnone wp-image-756\" src=\"http:\/\/museovt.com\/wp-content\/uploads\/2021\/01\/10.svg\" alt=\"\" width=\"50\" \/><br \/>\nTHE BANALITY OF EVIL<\/span><\/h2>\n<\/div>\n<\/div>\n<\/div>\n<\/div>\n<\/div>\n<div  class=\"one withsmallpadding ppb_text\" style=\"padding:30px 0 30px 0;\" >\n<div class=\"standard_wrapper\">\n<div class=\"page_content_wrapper\">\n<div class=\"inner\">\n<div style=\"margin:auto;width:100%\">\n<h5 style=\"text-align: center;\"><i class=\"fa fa-headphones fa-3x\" aria-hidden=\"true\"><br \/>\n<\/i><br \/>\n<em>Do not use the &#8220;hands-free&#8221; option inside the museum.<\/em><\/h5>\n<\/div>\n<\/div>\n<\/div>\n<\/div>\n<\/div>\n<div  class=\"one withsmallpadding ppb_text\" style=\"padding:30px 0 30px 0;\" >\n<div class=\"standard_wrapper\">\n<div class=\"page_content_wrapper\">\n<div class=\"inner\">\n<div style=\"margin:auto;width:100%\"><audio class=\"wp-audio-shortcode\" id=\"audio-1014-2\" preload=\"none\" style=\"width: 100%;\" controls=\"controls\"><source type=\"audio\/mpeg\" src=\"https:\/\/museovt.com\/en\/wp-content\/uploads\/sites\/3\/2021\/03\/10en.mp3?_=2\" \/><a href=\"https:\/\/museovt.com\/en\/wp-content\/uploads\/sites\/3\/2021\/03\/10en.mp3\">https:\/\/museovt.com\/en\/wp-content\/uploads\/sites\/3\/2021\/03\/10en.mp3<\/a><\/audio>\n<\/div>\n<\/div>\n<\/div>\n<\/div>\n<\/div>\n<div  class=\"one withsmallpadding ppb_text\" style=\"padding:30px 0 30px 0;\" >\n<div class=\"standard_wrapper\">\n<div class=\"page_content_wrapper\">\n<div class=\"inner\">\n<div style=\"margin:auto;width:100%\">\n<h6 style=\"text-align: right;\"><a class=\"btn btn-default btn-sm\" href=\"https:\/\/museovt.com\/en\/qr-11\/\"><img decoding=\"async\" loading=\"lazy\" class=\"alignnone wp-image-2398\" src=\"https:\/\/museovt.com\/wp-content\/uploads\/2021\/02\/flechaQr.svg\" alt=\"\" width=\"55\" height=\"36\" \/><\/a><\/h6>\n<\/div>\n<\/div>\n<\/div>\n<\/div>\n<\/div>\n<div  class=\"one withsmallpadding ppb_text\" style=\"padding:30px 0 30px 0;\" >\n<div class=\"standard_wrapper\">\n<div class=\"page_content_wrapper\">\n<div class=\"inner\">\n<div style=\"margin:auto;width:100%\">\n<h6 style=\"text-align: right;\"><a class=\"btn btn-default btn-sm\" href=\"https:\/\/museovt.com\/en\/qr-11\/\"><img decoding=\"async\" loading=\"lazy\" class=\"alignnone wp-image-2398\" src=\"https:\/\/museovt.com\/wp-content\/uploads\/2021\/02\/flechaQr.svg\" alt=\"\" width=\"55\" height=\"36\" \/><\/a><\/h6>\n<\/div>\n<\/div>\n<\/div>\n<\/div>\n<\/div>\n<div  class=\"one withsmallpadding ppb_text\" style=\"padding:30px 0 30px 0;\" >\n<div class=\"standard_wrapper\">\n<div class=\"page_content_wrapper\">\n<div class=\"inner\">\n<div style=\"margin:auto;width:100%\">\n<p style=\"text-align: justify;\"><i class=\"fa fa-deaf fa-4x\" aria-hidden=\"true\"><\/i>ETA publications, such as Zutik or Zutabe, served to spread their propaganda and maintain internal cohesion.<\/p>\n<p style=\"text-align: justify;\">The ETA members known to the police used false documentation to go into hiding. The documents you can see here were from Mikel Otegi, who was arrested in France in 2003. Otegi shot dead two Basque policemen (Ertzainas), I\u00f1aki Mendiluze and Jos\u00e9 Luis Gonz\u00e1lez, in the town of Itsasondo, Gipuzkoa, in 1995.<\/p>\n<p style=\"text-align: justify;\"><a style=\"text-align: center;\" href=\"https:\/\/museovt.com\/wp-content\/uploads\/2021\/02\/10.jpg\"><img decoding=\"async\" loading=\"lazy\" class=\"alignnone wp-image-2363 size-full\" src=\"https:\/\/museovt.com\/wp-content\/uploads\/2021\/02\/10.jpg\" alt=\"\" width=\"1213\" height=\"1689\" \/><\/a><\/p>\n<p style=\"text-align: justify;\">Few examples show the banality of evil as clearly as those in this display case. On the one hand, we have the forms that ETA members had to fill out until the eighties with their personal data and a passport photograph when they entered the organization.<\/p>\n<p style=\"text-align: justify;\">On the other hand, there is information about future attacks, in which the routines of the next victims appear. There are parents who take their children to school, police officers who often go to a bar after work and even handwritten notes on the ideal type of weapon to murder them with.<\/p>\n<p style=\"text-align: justify;\">Finally, in the panel above the display case there is a copy of the letter written by the leader of ETA Domingo Iturbe, <em>Txomin<\/em>, to the members of the Zuberoa command, to whom, amid friendly greetings, he asks to continue &#8220;with executions.&#8221;<\/p>\n<\/div>\n<\/div>\n<\/div>\n<\/div>\n<\/div>\n","protected":false},"excerpt":{"rendered":"<p>THE BANALITY OF EVIL Do not use the &#8220;hands-free&#8221; option inside the museum. https:\/\/museovt.com\/en\/wp-content\/uploads\/sites\/3\/2021\/03\/10en.mp3 ETA publications, such as Zutik or Zutabe, served to spread their propaganda and maintain internal cohesion. The ETA members known to the police used false documentation [&hellip;]<\/p>\n","protected":false},"author":1,"featured_media":0,"parent":0,"menu_order":0,"comment_status":"closed","ping_status":"closed","template":"","meta":{"inline_featured_image":false,"_trash_the_other_posts":false,"editor_notices":[],"footnotes":""},"class_list":["post-1014","page","type-page","status-publish","hentry"],"_links":{"self":[{"href":"https:\/\/museovt.com\/en\/wp-json\/wp\/v2\/pages\/1014","targetHints":{"allow":["GET"]}}],"collection":[{"href":"https:\/\/museovt.com\/en\/wp-json\/wp\/v2\/pages"}],"about":[{"href":"https:\/\/museovt.com\/en\/wp-json\/wp\/v2\/types\/page"}],"author":[{"embeddable":true,"href":"https:\/\/museovt.com\/en\/wp-json\/wp\/v2\/users\/1"}],"replies":[{"embeddable":true,"href":"https:\/\/museovt.com\/en\/wp-json\/wp\/v2\/comments?post=1014"}],"version-history":[{"count":68,"href":"https:\/\/museovt.com\/en\/wp-json\/wp\/v2\/pages\/1014\/revisions"}],"predecessor-version":[{"id":3043,"href":"https:\/\/museovt.com\/en\/wp-json\/wp\/v2\/pages\/1014\/revisions\/3043"}],"wp:attachment":[{"href":"https:\/\/museovt.com\/en\/wp-json\/wp\/v2\/media?parent=1014"}],"curies":[{"name":"wp","href":"https:\/\/api.w.org\/{rel}","templated":true}]}}