{"id":951,"date":"2021-01-03T12:01:56","date_gmt":"2021-01-03T12:01:56","guid":{"rendered":"http:\/\/museovt.com\/?page_id=951"},"modified":"2021-03-31T16:35:47","modified_gmt":"2021-03-31T16:35:47","slug":"qr-2","status":"publish","type":"page","link":"https:\/\/museovt.com\/de\/qr-2\/","title":{"rendered":"2.- RAUM DES GEDENKENS"},"content":{"rendered":"<div  class=\"one withsmallpadding ppb_text\" style=\"padding:30px;\" >\n<h5 id=\"bajar\"><\/h5>\n<\/div>\n<div  class=\"one withsmallpadding ppb_text\" style=\"padding:30px 0 30px 0;\" >\n<div class=\"standard_wrapper\">\n<div class=\"page_content_wrapper\">\n<div class=\"inner\">\n<div style=\"margin:auto;width:100%\">\n<h2 style=\"color: #999999; text-align: center;\"><span style=\"color: #ffffff;\"><img decoding=\"async\" class=\"alignnone wp-image-756\" src=\"http:\/\/museovt.com\/wp-content\/uploads\/2021\/01\/2.svg\" alt=\"\" width=\"50\" \/><br \/>\nRAUM DES GEDENKENS<\/span><\/h2>\n<\/div>\n<\/div>\n<\/div>\n<\/div>\n<\/div>\n<div  class=\"one withsmallpadding ppb_text\" style=\"padding:30px 0 30px 0;\" >\n<div class=\"standard_wrapper\">\n<div class=\"page_content_wrapper\">\n<div class=\"inner\">\n<div style=\"margin:auto;width:100%\">\n<h5 style=\"text-align: center;\"><i class=\"fa fa-headphones fa-3x\" aria-hidden=\"true\"><\/i><br \/>\n<em>Bitte verwenden Sie innerhalb des Museums nicht die Lautsprecherfunktion.<\/em><\/h5>\n<\/div>\n<\/div>\n<\/div>\n<\/div>\n<\/div>\n<div  class=\"one withsmallpadding ppb_text\" style=\"padding:30px 0 30px 0;\" >\n<div class=\"standard_wrapper\">\n<div class=\"page_content_wrapper\">\n<div class=\"inner\">\n<div style=\"margin:auto;width:100%\"><audio class=\"wp-audio-shortcode\" id=\"audio-951-2\" preload=\"none\" style=\"width: 100%;\" controls=\"controls\"><source type=\"audio\/mpeg\" src=\"https:\/\/museovt.com\/de\/wp-content\/uploads\/sites\/5\/2021\/03\/2de.mp3?_=2\" \/><a href=\"https:\/\/museovt.com\/de\/wp-content\/uploads\/sites\/5\/2021\/03\/2de.mp3\">https:\/\/museovt.com\/de\/wp-content\/uploads\/sites\/5\/2021\/03\/2de.mp3<\/a><\/audio>\n<\/div>\n<\/div>\n<\/div>\n<\/div>\n<\/div>\n<div  class=\"one withsmallpadding ppb_text\" style=\"padding:30px 0 30px 0;\" >\n<div class=\"standard_wrapper\">\n<div class=\"page_content_wrapper\">\n<div class=\"inner\">\n<div style=\"margin:auto;width:100%\">\n<h6 style=\"text-align: right;\"><a class=\"btn btn-default btn-sm\" href=\"https:\/\/museovt.com\/de\/qr-3\"><img decoding=\"async\" loading=\"lazy\" class=\"alignnone wp-image-2398\" src=\"https:\/\/museovt.com\/wp-content\/uploads\/2021\/02\/flechaQr.svg\" alt=\"\" width=\"55\" height=\"36\" \/><\/a><\/h6>\n<\/div>\n<\/div>\n<\/div>\n<\/div>\n<\/div>\n<div  class=\"one withsmallpadding ppb_text\" style=\"padding:30px 0 30px 0;\" >\n<div class=\"standard_wrapper\">\n<div class=\"page_content_wrapper\">\n<div class=\"inner\">\n<div style=\"margin:auto;width:100%\">\n<h6 style=\"text-align: right;\"><a class=\"btn btn-default btn-sm\" href=\"https:\/\/museovt.com\/de\/qr-3\"><img decoding=\"async\" loading=\"lazy\" class=\"alignnone wp-image-2398\" src=\"https:\/\/museovt.com\/wp-content\/uploads\/2021\/02\/flechaQr.svg\" alt=\"\" width=\"55\" height=\"36\" \/><\/a><\/h6>\n<\/div>\n<\/div>\n<\/div>\n<\/div>\n<\/div>\n<div  class=\"one withsmallpadding ppb_text\" style=\"padding:30px 0 30px 0;\" >\n<div class=\"standard_wrapper\">\n<div class=\"page_content_wrapper\">\n<div class=\"inner\">\n<div style=\"margin:auto;width:100%\">\n<p style=\"text-align: justify;\"><i class=\"fa fa-deaf fa-4x\" aria-hidden=\"true\"><\/i>Dies ist der Raum des Gedenkens, der Mittelpunkt des Geb\u00e4udes. Er tr\u00e4gt den Namen von Ana Mar\u00eda Vidal-Abarca, einer wegbereitenden Vitorianerin, die den ersten Verein der Terrorismusopfer in Spanien vorangetrieben hat. Ana Mar\u00eda gr\u00fcndete die Bruderschaft der Familienangeh\u00f6rigen, heute AVT, im Dezember 1980, nur wenige Monate, nachdem ETA ihren Ehemann, den Kommandanten Jes\u00fas Velasco, hier in Vitoria ermordet hatte. Ihre Tochter Ana Velasco erl\u00e4utert einige St\u00fccke, die ihre Familie f\u00fcr die Ausstellung bereitgestellt hat.<\/p>\n<p style=\"text-align: center;\"><a href=\"https:\/\/museovt.com\/wp-content\/uploads\/2021\/02\/2-1.jpg\"><img decoding=\"async\" class=\"alignnone wp-image-2354 size-full\" src=\"https:\/\/museovt.com\/wp-content\/uploads\/2021\/02\/2-1.jpg\" alt=\"\" width=\"100%\" \/><\/a><\/p>\n<p><strong>Ana Velasco. Brieftasche, Baskenm\u00fctze und Zeitungsausschnitt von Jes\u00fas Velasco<\/strong><\/p>\n<p style=\"text-align: justify;\"><em>\u201eEine von Sch\u00fcssen durchl\u00f6cherte Brieftasche neben dem Herzen, das von den Kugeln gebrochen wurde. Eine Brieftasche, die lange versteckt wurde, um die L\u00f6cher des Todes, die L\u00f6cher der Abwesenheit, die L\u00f6cher des Schmerzes nicht sehen zu m\u00fcssen.<\/em><\/p>\n<p style=\"text-align: justify;\"><em>Eine Brieftasche, die nun herausgegeben wurde, um Gewissen zu r\u00fchren, zu versuchen, gleichg\u00fcltige Herzen aufzuwecken, damit die Unwissenden wissen, sehen, verstehen, mitf\u00fchlen und sp\u00fcren k\u00f6nnen. Der Moment des Todes in einer Brieftasche. Das Verbrechen. Die Konsequenz des B\u00f6sen.<\/em><\/p>\n<p style=\"text-align: justify;\"><em>Die rote M\u00fctze, mit dem Stern des Kommandanten in Gold bestickt, und mit dem Wappen und dem Leitspruch von \u00c1lava, \u201ef\u00fcr mehr Gerechtigkeit, gegen die Misset\u00e4ter\u201c geh\u00f6rte einem Soldaten, einem \u201eMi\u00f1\u00f3n\u201c, Jes\u00fas Velasco. Eine Person, die das spanische und avalesische Lebensgef\u00fchl integriert und nutzbringend verk\u00f6rperte und in den Dienst aller stellte. Sie symbolisiert, was nicht sein konnte, weil die \u00dcbelt\u00e4ter es verhinderten.<\/em><\/p>\n<p style=\"text-align: justify;\"><em>Viva Espa\u00f1a!, rief Ana Mar\u00eda Vidal Abarca, als sie auf dem Grab ihres k\u00fcrzlich ermordeten Mannes stand. Und das tat sie, damit die Wahrheit klarst\u00fcnde. Damit alle wissen, dass Jes\u00fas Velasco im Dienst von Spanien und \u00c1lava stand. Dass die M\u00f6rderbande ETA ihn get\u00f6tet hatte, weil sie nicht wollten, dass ein Soldat das Korps der Mi\u00f1ones, das territoriale Polizeikorps von \u00c1lava, anf\u00fchrte. Das war der einzige Grund. Und sie waren erfolgreich.<\/em><\/p>\n<p style=\"text-align: justify;\"><em>Und ja. Es gab Spannungen beim Begr\u00e4bnis. Oder soll man etwa brav einen vors\u00e4tzlichen Mord mit perverser Absicht hinnehmen?\u201c<\/em><\/p>\n<p style=\"text-align: justify;\">In dem Gem\u00e4lde von Jos\u00e9 Ibarrola, das Sie vor sich sehen, steht ein allt\u00e4glicher Gegenstand im Mittelpunkt. Der Regenschirm ist ein allgegenw\u00e4rtiger Begleiter im regnerischen Baskenland. Ibarrola verwandelt ihn in eine Metapher f\u00fcr das, von dem wir glauben, dass es uns besch\u00fctzt, das aber letztlich nicht verhindern kann, dass wir nass werden. Der K\u00fcnstler wurde von einem Foto inspiriert, das an dem Ort gemacht wurde, an dem sein Freund Jos\u00e9 Luis L\u00f3pez de Lacalle 2000 von ETA ermordet wurde. Das Opfer lag mit einem wei\u00dfen Bettlaken bedeckt auf dem Boden neben einem ge\u00f6ffneten roten Regenschirm.<\/p>\n<p style=\"text-align: justify;\">Sie k\u00f6nnen Ihren Besuch mit dem immersiven audio-visuellen Bildschirm unter dem Oberlicht im ehemaligen Gesch\u00e4ftsraum der Bank fortsetzen. Unter Begleitung mehrerer Opfer besuchen wir nun die Tatorte der terroristischen Attentate, die sie gezeichnet haben.<\/p>\n<\/div>\n<\/div>\n<\/div>\n<\/div>\n<\/div>\n","protected":false},"excerpt":{"rendered":"<p>RAUM DES GEDENKENS Bitte verwenden Sie innerhalb des Museums nicht die Lautsprecherfunktion. https:\/\/museovt.com\/de\/wp-content\/uploads\/sites\/5\/2021\/03\/2de.mp3 Dies ist der Raum des Gedenkens, der Mittelpunkt des Geb\u00e4udes. Er tr\u00e4gt den Namen von Ana Mar\u00eda Vidal-Abarca, einer wegbereitenden Vitorianerin, die den ersten Verein der Terrorismusopfer [&hellip;]<\/p>\n","protected":false},"author":1,"featured_media":0,"parent":0,"menu_order":0,"comment_status":"closed","ping_status":"closed","template":"","meta":{"inline_featured_image":false,"_trash_the_other_posts":false,"editor_notices":[],"footnotes":""},"class_list":["post-951","page","type-page","status-publish","hentry"],"_links":{"self":[{"href":"https:\/\/museovt.com\/de\/wp-json\/wp\/v2\/pages\/951","targetHints":{"allow":["GET"]}}],"collection":[{"href":"https:\/\/museovt.com\/de\/wp-json\/wp\/v2\/pages"}],"about":[{"href":"https:\/\/museovt.com\/de\/wp-json\/wp\/v2\/types\/page"}],"author":[{"embeddable":true,"href":"https:\/\/museovt.com\/de\/wp-json\/wp\/v2\/users\/1"}],"replies":[{"embeddable":true,"href":"https:\/\/museovt.com\/de\/wp-json\/wp\/v2\/comments?post=951"}],"version-history":[{"count":86,"href":"https:\/\/museovt.com\/de\/wp-json\/wp\/v2\/pages\/951\/revisions"}],"predecessor-version":[{"id":2946,"href":"https:\/\/museovt.com\/de\/wp-json\/wp\/v2\/pages\/951\/revisions\/2946"}],"wp:attachment":[{"href":"https:\/\/museovt.com\/de\/wp-json\/wp\/v2\/media?parent=951"}],"curies":[{"name":"wp","href":"https:\/\/api.w.org\/{rel}","templated":true}]}}