{"id":7,"date":"2020-12-27T11:53:56","date_gmt":"2020-12-27T11:53:56","guid":{"rendered":"http:\/\/museovt.com\/?page_id=7"},"modified":"2021-03-31T16:35:26","modified_gmt":"2021-03-31T16:35:26","slug":"qr-1","status":"publish","type":"page","link":"https:\/\/museovt.com\/de\/qr-1\/","title":{"rendered":"1 .- BEGR\u00dcSSUNG"},"content":{"rendered":"<div  class=\"one withsmallpadding ppb_text\" style=\"padding:30px;\" >\n<h5 id=\"bajar\"><\/h5>\n<\/div>\n<div  class=\"one withsmallpadding ppb_text\" style=\"padding:30px 0 30px 0;\" >\n<div class=\"standard_wrapper\">\n<div class=\"page_content_wrapper\">\n<div class=\"inner\">\n<div style=\"margin:auto;width:100%\">\n<h2 style=\"color: #999999; text-align: center;\"><span style=\"color: #ffffff;\"><img decoding=\"async\" class=\"alignnone wp-image-756\" src=\"http:\/\/museovt.com\/wp-content\/uploads\/2021\/01\/1.svg\" alt=\"\" width=\"50\" \/><br \/>\nBEGR\u00dcSSUNG<\/span><\/h2>\n<\/div>\n<\/div>\n<\/div>\n<\/div>\n<\/div>\n<div  class=\"one withsmallpadding ppb_text\" style=\"padding:30px 0 30px 0;\" >\n<div class=\"standard_wrapper\">\n<div class=\"page_content_wrapper\">\n<div class=\"inner\">\n<div style=\"margin:auto;width:100%\">\n<h5 style=\"text-align: center;\"><i class=\"fa fa-headphones fa-3x\" aria-hidden=\"true\"><br \/>\n<\/i><br \/>\n<em>Bitte verwenden Sie innerhalb des Museums nicht die Lautsprecherfunktion.<\/em><\/h5>\n<\/div>\n<\/div>\n<\/div>\n<\/div>\n<\/div>\n<div  class=\"one withsmallpadding ppb_text\" style=\"padding:30px 0 30px 0;\" >\n<div class=\"standard_wrapper\">\n<div class=\"page_content_wrapper\">\n<div class=\"inner\">\n<div style=\"margin:auto;width:100%\"><audio class=\"wp-audio-shortcode\" id=\"audio-7-2\" preload=\"none\" style=\"width: 100%;\" controls=\"controls\"><source type=\"audio\/mpeg\" src=\"https:\/\/museovt.com\/de\/wp-content\/uploads\/sites\/5\/2021\/03\/1de.mp3?_=2\" \/><a href=\"https:\/\/museovt.com\/de\/wp-content\/uploads\/sites\/5\/2021\/03\/1de.mp3\">https:\/\/museovt.com\/de\/wp-content\/uploads\/sites\/5\/2021\/03\/1de.mp3<\/a><\/audio>\n<\/div>\n<\/div>\n<\/div>\n<\/div>\n<\/div>\n<div  class=\"one withsmallpadding ppb_text\" style=\"padding:30px 0 30px 0;\" >\n<div class=\"standard_wrapper\">\n<div class=\"page_content_wrapper\">\n<div class=\"inner\">\n<div style=\"margin:auto;width:100%\">\n<h6 style=\"text-align: right;\"><a class=\"btn btn-default btn-sm\" href=\"https:\/\/museovt.com\/de\/qr-2\/\"><img decoding=\"async\" loading=\"lazy\" class=\"alignnone wp-image-2398\" src=\"https:\/\/museovt.com\/wp-content\/uploads\/2021\/02\/flechaQr.svg\" alt=\"\" width=\"55\" height=\"36\" \/><\/a><\/h6>\n<\/div>\n<\/div>\n<\/div>\n<\/div>\n<\/div>\n<div  class=\"one withsmallpadding ppb_text\" style=\"padding:30px 0 30px 0;\" >\n<div class=\"standard_wrapper\">\n<div class=\"page_content_wrapper\">\n<div class=\"inner\">\n<div style=\"margin:auto;width:100%\">\n<h6 style=\"text-align: right;\"><a class=\"btn btn-default btn-sm\" href=\"https:\/\/museovt.com\/de\/qr-2\/\"><img decoding=\"async\" loading=\"lazy\" class=\"alignnone wp-image-2398\" src=\"https:\/\/museovt.com\/wp-content\/uploads\/2021\/02\/flechaQr.svg\" alt=\"\" width=\"55\" height=\"36\" \/><\/a><\/h6>\n<\/div>\n<\/div>\n<\/div>\n<\/div>\n<\/div>\n<div  class=\"one withsmallpadding ppb_text\" style=\"padding:30px 0 30px 0;\" >\n<div class=\"standard_wrapper\">\n<div class=\"page_content_wrapper\">\n<div class=\"inner\">\n<div style=\"margin:auto;width:100%\">\n<p style=\"text-align: justify;\"><i class=\"fa fa-deaf fa-4x\" aria-hidden=\"true\"><\/i>Willkommen im Gedenkzentrum der Opfer des Terrorismus. Dies ist ein Ort der Begegnung, der Reflexion, und der Verteidigung der demokratischen Werte auf Grundlage der vier gro\u00dfen Grunds\u00e4tze: Wahrheit, Erinnerung, W\u00fcrde, und Gerechtigkeit.<\/p>\n<p><a href=\"https:\/\/museovt.com\/wp-content\/uploads\/2021\/02\/1-1.jpg\"><img decoding=\"async\" class=\"aligncenter wp-image-2353 size-large\" src=\"https:\/\/museovt.com\/wp-content\/uploads\/2021\/02\/1-1-1024x701.jpg\" alt=\"\" width=\"100%\" \/><\/a><\/p>\n<p style=\"text-align: justify;\">\u201eWahrheit\u201c bedeutet, die Geschichte des Terrorismus so genau wie m\u00f6glich zu erz\u00e4hlen, um bekannt zu machen, was geschehen ist. Hier wird P\u00e4dagogik auf Grundlage der verf\u00fcgbaren Dokumente betrieben, und es wird auch den Opfern eine Stimme gegeben.<\/p>\n<p style=\"text-align: justify;\">Die \u201eErinnerung\u201c hilft dabei, dass die Ungerechtigkeit der politisch motivierten Gewalt ins Bewusstsein gerufen wird. Fernab jedweder Racheabsicht dient sie als zivile Lektion, damit diese Ungerechtigkeit sich nicht wiederholt.<\/p>\n<p style=\"text-align: justify;\">\u201eW\u00fcrde\u201c bezieht sich auf jene, die die Opfer nie verloren haben, trotz der Versuche der Schuldigen, sie zu stigmatisieren oder f\u00fcr ihre Zwecke zu missbrauchen.<\/p>\n<p style=\"text-align: justify;\">\u201eGerechtigkeit\u201c ist das Gegenteil der Rechtlosigkeit; sie bedeutet, die Verantwortung jenen aufzuerlegen, die das Verbrechen begangen haben. Im weiteren Sinne bedeutet sie, dass die demokratischen Institutionen und die Gesellschaft als Ganzes so weit wie m\u00f6glich die von den Opfern erlittenen Sch\u00e4den reparieren.<\/p>\n<p style=\"text-align: justify;\">Die Gedenkst\u00e4tte stellt den Besuchern ein Dokumentationszentrum, Veranstaltungsr\u00e4ume, ein Unterrichtszimmer und ein Museum mit permanenten und tempor\u00e4ren Ausstellungen zur Verf\u00fcgung.<\/p>\n<p style=\"text-align: justify;\">Die Dauerausstellung unterteilt sich in sechs R\u00e4ume. In diesen werden die Ursachen, der Ablauf und die Auswirkungen der verschiedenen Terrorismen behandelt, die in unserem Land stattgefunden haben. Der erste Raum, \u201eHier, gestern\u201c dient als Empfangsbereich. Ab diesem Punkt begleitet uns der Blick der Opfer w\u00e4hrend des gesamten Rundgangs. Dieser unschuldige Blick reflektiert, bis zu welchem Punkt Menschen anderen gegen\u00fcber grausam sein k\u00f6nnen. Sie t\u00f6teten, um ihre Ziele durchzusetzen &#8211; sei es die Unabh\u00e4ngigkeit eines Gebiets, wie im Falle von ETA, das Aufzwingen einer rechten oder linken Diktatur, oder die Einf\u00fchrung einer rigorosen und minderheitlichen Version der <em>Scharia<\/em>, dem islamischen Gesetz.<\/p>\n<p style=\"text-align: justify;\">Dieses Geb\u00e4ude, das einst das Haupttheater von Vitoria und sp\u00e4ter die Niederlassung der Bank von Spanien war, ist heute ein Denkmal der Denkm\u00e4ler. Ehe Sie fortfahren, finden Sie auf dem interaktiven Bildschirm Informationen \u00fcber den Opfern des Terrorismus gewidmete Denkm\u00e4ler \u00fcberall in Spanien.<\/p>\n<\/div>\n<\/div>\n<\/div>\n<\/div>\n<\/div>\n","protected":false},"excerpt":{"rendered":"<p>BEGR\u00dcSSUNG Bitte verwenden Sie innerhalb des Museums nicht die Lautsprecherfunktion. https:\/\/museovt.com\/de\/wp-content\/uploads\/sites\/5\/2021\/03\/1de.mp3 Willkommen im Gedenkzentrum der Opfer des Terrorismus. Dies ist ein Ort der Begegnung, der Reflexion, und der Verteidigung der demokratischen Werte auf Grundlage der vier gro\u00dfen Grunds\u00e4tze: Wahrheit, Erinnerung, [&hellip;]<\/p>\n","protected":false},"author":1,"featured_media":0,"parent":0,"menu_order":0,"comment_status":"closed","ping_status":"closed","template":"","meta":{"inline_featured_image":false,"_trash_the_other_posts":false,"editor_notices":[],"footnotes":""},"class_list":["post-7","page","type-page","status-publish","hentry"],"_links":{"self":[{"href":"https:\/\/museovt.com\/de\/wp-json\/wp\/v2\/pages\/7","targetHints":{"allow":["GET"]}}],"collection":[{"href":"https:\/\/museovt.com\/de\/wp-json\/wp\/v2\/pages"}],"about":[{"href":"https:\/\/museovt.com\/de\/wp-json\/wp\/v2\/types\/page"}],"author":[{"embeddable":true,"href":"https:\/\/museovt.com\/de\/wp-json\/wp\/v2\/users\/1"}],"replies":[{"embeddable":true,"href":"https:\/\/museovt.com\/de\/wp-json\/wp\/v2\/comments?post=7"}],"version-history":[{"count":891,"href":"https:\/\/museovt.com\/de\/wp-json\/wp\/v2\/pages\/7\/revisions"}],"predecessor-version":[{"id":2942,"href":"https:\/\/museovt.com\/de\/wp-json\/wp\/v2\/pages\/7\/revisions\/2942"}],"wp:attachment":[{"href":"https:\/\/museovt.com\/de\/wp-json\/wp\/v2\/media?parent=7"}],"curies":[{"name":"wp","href":"https:\/\/api.w.org\/{rel}","templated":true}]}}