{"id":1741,"date":"2021-02-19T14:44:32","date_gmt":"2021-02-19T14:44:32","guid":{"rendered":"https:\/\/museovt.com\/?page_id=1741"},"modified":"2021-03-31T16:46:32","modified_gmt":"2021-03-31T16:46:32","slug":"qr-25","status":"publish","type":"page","link":"https:\/\/museovt.com\/de\/qr-25\/","title":{"rendered":"25.- ENDE"},"content":{"rendered":"<div  class=\"one withsmallpadding ppb_text\" style=\"padding:30px;\" >\n<h5 id=\"bajar\"><\/h5>\n<\/div>\n<div  class=\"one withsmallpadding ppb_text\" style=\"padding:30px 0 30px 0;\" >\n<div class=\"standard_wrapper\">\n<div class=\"page_content_wrapper\">\n<div class=\"inner\">\n<div style=\"margin:auto;width:100%\">\n<h2 style=\"color: #999999; text-align: center;\"><span style=\"color: #ffffff;\"><a href=\"https:\/\/museovt.com\/de\/wp-content\/uploads\/sites\/5\/2021\/03\/25.svg\"><img decoding=\"async\" loading=\"lazy\" class=\"alignnone  wp-image-2862\" src=\"https:\/\/museovt.com\/de\/wp-content\/uploads\/sites\/5\/2021\/03\/25.svg\" alt=\"\" width=\"50\" height=\"50\" \/><\/a><br \/>\nENDE<\/span><\/h2>\n<\/div>\n<\/div>\n<\/div>\n<\/div>\n<\/div>\n<div  class=\"one withsmallpadding ppb_text\" style=\"padding:30px 0 30px 0;\" >\n<div class=\"standard_wrapper\">\n<div class=\"page_content_wrapper\">\n<div class=\"inner\">\n<div style=\"margin:auto;width:100%\">\n<h5 style=\"text-align: center;\"><i class=\"fa fa-headphones fa-3x\" aria-hidden=\"true\"><\/i><br \/>\n<em>Bitte verwenden Sie innerhalb des Museums nicht die Lautsprecherfunktion.<\/em><\/h5>\n<\/div>\n<\/div>\n<\/div>\n<\/div>\n<\/div>\n<div  class=\"one withsmallpadding ppb_text\" style=\"padding:30px 0 30px 0;\" >\n<div class=\"standard_wrapper\">\n<div class=\"page_content_wrapper\">\n<div class=\"inner\">\n<div style=\"margin:auto;width:100%\"><audio class=\"wp-audio-shortcode\" id=\"audio-1741-2\" preload=\"none\" style=\"width: 100%;\" controls=\"controls\"><source type=\"audio\/mpeg\" src=\"https:\/\/museovt.com\/de\/wp-content\/uploads\/sites\/5\/2021\/03\/25de.mp3?_=2\" \/><a href=\"https:\/\/museovt.com\/de\/wp-content\/uploads\/sites\/5\/2021\/03\/25de.mp3\">https:\/\/museovt.com\/de\/wp-content\/uploads\/sites\/5\/2021\/03\/25de.mp3<\/a><\/audio>\n<\/div>\n<\/div>\n<\/div>\n<\/div>\n<\/div>\n<div  class=\"one withsmallpadding ppb_text\" style=\"padding:30px 0 30px 0;\" >\n<div class=\"standard_wrapper\">\n<div class=\"page_content_wrapper\">\n<div class=\"inner\">\n<div style=\"margin:auto;width:100%\">\n<p>.<\/p>\n<\/div>\n<\/div>\n<\/div>\n<\/div>\n<\/div>\n<div  class=\"one withsmallpadding ppb_text\" style=\"padding:30px 0 30px 0;\" >\n<div class=\"standard_wrapper\">\n<div class=\"page_content_wrapper\">\n<div class=\"inner\">\n<div style=\"margin:auto;width:100%\">\n<p>.<\/p>\n<\/div>\n<\/div>\n<\/div>\n<\/div>\n<\/div>\n<div  class=\"one withsmallpadding ppb_text\" style=\"padding:30px 0 30px 0;\" >\n<div class=\"standard_wrapper\">\n<div class=\"page_content_wrapper\">\n<div class=\"inner\">\n<div style=\"margin:auto;width:100%\">\n<p style=\"text-align: justify;\"><i class=\"fa fa-deaf fa-4x\" aria-hidden=\"true\"><\/i>In dem Film Erbarmungslos sagt der von Clint Eastwood gespielte Charakter, dass, wenn man jemanden t\u00f6tet, man ihm \u201ealles nimmt, was er hat, und alles, was er haben k\u00f6nnte\u201c. Der Philosoph Manuel Reyes Mate fast es ganz \u00e4hnlich zusammen: \u201eEs stirbt viel, wenn get\u00f6tet wird\u201c.<\/p>\n<p><a href=\"https:\/\/museovt.com\/wp-content\/uploads\/2021\/02\/25.-Final-1.jpg\"><img decoding=\"async\" class=\"size-full wp-image-2385\" src=\"https:\/\/museovt.com\/wp-content\/uploads\/2021\/02\/25.-Final-1.jpg\" alt=\"\" width=\"100%\" \/><\/a><\/p>\n<p style=\"text-align: justify;\">Die Familienvideos der Opfer r\u00fctteln uns wach, weil sie das allt\u00e4gliche Leben vor einem Attentat zeigen. Wir erkennen uns in den Gesten, den Hochzeiten, der Geburt eines Kindes, den Ausfl\u00fcgen, der Aus\u00fcbung eines Hobbys, den Treffen mit Freunden oder den beruflichen Erfolgen wieder.<\/p>\n<p style=\"text-align: justify;\">Die Videos sprechen auch von dem pl\u00f6tzlichen Fehlen. Die Opfer des Terrorismus hatten ein Leben, das einfach ausgel\u00f6scht wurde, nicht aufgrund eines Unfalls, sondern, weil jemand es so wollte. Jeder von uns h\u00e4tte an ihrer Stelle sein k\u00f6nnen. Wie schon Primo Levi sagte, \u201ean das Geschehene zu denken ist die Pflicht aller\u201c.<\/p>\n<p style=\"text-align: justify;\">Anstatt alle Antworten zu geben, ist diese Ausstellung vielmehr eine Einladung zur Reflexion \u00fcber die drei gro\u00dfen Fragen: Erstens, <em>Wie konnte es passieren?<\/em> Zweitens, <em>Was h\u00e4tte ich in dieser Situation getan?<\/em> Und Drittens, <em>Was kann ich tun, damit es nicht wieder vorkommt?<\/em><\/p>\n<\/div>\n<\/div>\n<\/div>\n<\/div>\n<\/div>\n","protected":false},"excerpt":{"rendered":"<p>ENDE Bitte verwenden Sie innerhalb des Museums nicht die Lautsprecherfunktion. https:\/\/museovt.com\/de\/wp-content\/uploads\/sites\/5\/2021\/03\/25de.mp3 . . In dem Film Erbarmungslos sagt der von Clint Eastwood gespielte Charakter, dass, wenn man jemanden t\u00f6tet, man ihm \u201ealles nimmt, was er hat, und alles, was er [&hellip;]<\/p>\n","protected":false},"author":1,"featured_media":0,"parent":0,"menu_order":0,"comment_status":"closed","ping_status":"closed","template":"","meta":{"inline_featured_image":false,"_trash_the_other_posts":false,"editor_notices":[],"footnotes":""},"class_list":["post-1741","page","type-page","status-publish","hentry"],"_links":{"self":[{"href":"https:\/\/museovt.com\/de\/wp-json\/wp\/v2\/pages\/1741","targetHints":{"allow":["GET"]}}],"collection":[{"href":"https:\/\/museovt.com\/de\/wp-json\/wp\/v2\/pages"}],"about":[{"href":"https:\/\/museovt.com\/de\/wp-json\/wp\/v2\/types\/page"}],"author":[{"embeddable":true,"href":"https:\/\/museovt.com\/de\/wp-json\/wp\/v2\/users\/1"}],"replies":[{"embeddable":true,"href":"https:\/\/museovt.com\/de\/wp-json\/wp\/v2\/comments?post=1741"}],"version-history":[{"count":45,"href":"https:\/\/museovt.com\/de\/wp-json\/wp\/v2\/pages\/1741\/revisions"}],"predecessor-version":[{"id":3038,"href":"https:\/\/museovt.com\/de\/wp-json\/wp\/v2\/pages\/1741\/revisions\/3038"}],"wp:attachment":[{"href":"https:\/\/museovt.com\/de\/wp-json\/wp\/v2\/media?parent=1741"}],"curies":[{"name":"wp","href":"https:\/\/api.w.org\/{rel}","templated":true}]}}