{"id":1734,"date":"2021-02-19T14:41:25","date_gmt":"2021-02-19T14:41:25","guid":{"rendered":"https:\/\/museovt.com\/?page_id=1734"},"modified":"2021-03-31T16:44:43","modified_gmt":"2021-03-31T16:44:43","slug":"qr-24","status":"publish","type":"page","link":"https:\/\/museovt.com\/de\/qr-24\/","title":{"rendered":"24.- DIE STIMME DER OPFER"},"content":{"rendered":"<div  class=\"one withsmallpadding ppb_text\" style=\"padding:30px;\" >\n<h5 id=\"bajar\"><\/h5>\n<\/div>\n<div  class=\"one withsmallpadding ppb_text\" style=\"padding:30px 0 30px 0;\" >\n<div class=\"standard_wrapper\">\n<div class=\"page_content_wrapper\">\n<div class=\"inner\">\n<div style=\"margin:auto;width:100%\">\n<h2 style=\"color: #999999; text-align: center;\"><span style=\"color: #ffffff;\"><a href=\"https:\/\/museovt.com\/de\/wp-content\/uploads\/sites\/5\/2021\/03\/24.svg\"><img decoding=\"async\" loading=\"lazy\" class=\"alignnone  wp-image-2858\" src=\"https:\/\/museovt.com\/de\/wp-content\/uploads\/sites\/5\/2021\/03\/24.svg\" alt=\"\" width=\"50\" height=\"50\" \/><\/a><br \/>\nDIE STIMME DER OPFER<br \/>\n<\/span><\/h2>\n<\/div>\n<\/div>\n<\/div>\n<\/div>\n<\/div>\n<div  class=\"one withsmallpadding ppb_text\" style=\"padding:30px 0 30px 0;\" >\n<div class=\"standard_wrapper\">\n<div class=\"page_content_wrapper\">\n<div class=\"inner\">\n<div style=\"margin:auto;width:100%\">\n<h5 style=\"text-align: center;\"><i class=\"fa fa-headphones fa-3x\" aria-hidden=\"true\"><\/i><br \/>\n<em>Bitte verwenden Sie innerhalb des Museums nicht die Lautsprecherfunktion.<\/em><\/h5>\n<\/div>\n<\/div>\n<\/div>\n<\/div>\n<\/div>\n<div  class=\"one withsmallpadding ppb_text\" style=\"padding:30px 0 30px 0;\" >\n<div class=\"standard_wrapper\">\n<div class=\"page_content_wrapper\">\n<div class=\"inner\">\n<div style=\"margin:auto;width:100%\"><audio class=\"wp-audio-shortcode\" id=\"audio-1734-2\" preload=\"none\" style=\"width: 100%;\" controls=\"controls\"><source type=\"audio\/mpeg\" src=\"https:\/\/museovt.com\/de\/wp-content\/uploads\/sites\/5\/2021\/03\/24de.mp3?_=2\" \/><a href=\"https:\/\/museovt.com\/de\/wp-content\/uploads\/sites\/5\/2021\/03\/24de.mp3\">https:\/\/museovt.com\/de\/wp-content\/uploads\/sites\/5\/2021\/03\/24de.mp3<\/a><\/audio>\n<\/div>\n<\/div>\n<\/div>\n<\/div>\n<\/div>\n<div  class=\"one withsmallpadding ppb_text\" style=\"padding:30px 0 30px 0;\" >\n<div class=\"standard_wrapper\">\n<div class=\"page_content_wrapper\">\n<div class=\"inner\">\n<div style=\"margin:auto;width:100%\">\n<h6 style=\"text-align: right;\"><a class=\"btn btn-default btn-sm\" href=\"https:\/\/museovt.com\/de\/qr-25\/\"><img decoding=\"async\" loading=\"lazy\" class=\"alignnone wp-image-2398\" src=\"https:\/\/museovt.com\/wp-content\/uploads\/2021\/02\/flechaQr.svg\" alt=\"\" width=\"55\" height=\"36\" \/><\/a><\/h6>\n<\/div>\n<\/div>\n<\/div>\n<\/div>\n<\/div>\n<div  class=\"one withsmallpadding ppb_text\" style=\"padding:30px 0 30px 0;\" >\n<div class=\"standard_wrapper\">\n<div class=\"page_content_wrapper\">\n<div class=\"inner\">\n<div style=\"margin:auto;width:100%\">\n<h6 style=\"text-align: right;\"><a class=\"btn btn-default btn-sm\" href=\"https:\/\/museovt.com\/de\/qr-25\/\"><img decoding=\"async\" loading=\"lazy\" class=\"alignnone wp-image-2398\" src=\"https:\/\/museovt.com\/wp-content\/uploads\/2021\/02\/flechaQr.svg\" alt=\"\" width=\"55\" height=\"36\" \/><\/a><\/h6>\n<\/div>\n<\/div>\n<\/div>\n<\/div>\n<\/div>\n<div  class=\"one withsmallpadding ppb_text\" style=\"padding:30px 0 30px 0;\" >\n<div class=\"standard_wrapper\">\n<div class=\"page_content_wrapper\">\n<div class=\"inner\">\n<div style=\"margin:auto;width:100%\">\n<p style=\"text-align: justify;\"><i class=\"fa fa-deaf fa-4x\" aria-hidden=\"true\"><\/i>Sie befinden sich im sechsten und letzten Raum der Dauerausstellung: Die Stimme der Opfer. Obwohl die Pr\u00e4senz der Betroffenen w\u00e4hrend des gesamten Rundgangs sp\u00fcrbar war, ist dieser Raum eigens der Anh\u00f6rung der direkten Zeugenaussagen gewidmet. Wenn diese Gedenkst\u00e4tte irgendeinen Sinn verfolgt, ist es, dass sie aus erster Hand ihrer Erfahrungen erl\u00e4utern k\u00f6nnen.<\/p>\n<p><img decoding=\"async\" class=\"alignnone size-full wp-image-2384\" src=\"https:\/\/museovt.com\/wp-content\/uploads\/2021\/02\/24-1.jpg\" alt=\"\" width=\"100%\" \/><\/p>\n<p style=\"text-align: justify;\">Diese Zeugnisse sind in verschiedenen Momenten an verschiedenen Orten aufgetaucht: Interviews mit den Kommunikationsmedien, Auftritte in Dokumentarfilmen, oder Vortr\u00e4ge in Bildungszentren. Es handelt sich um ein trauriges Archiv, aber es ist wichtig, es zu kennen, weil es hohen p\u00e4dagogischen Wert hat. Die gro\u00dfen Bildschirme zeigen eine Auswahl von Aussagen von Opfern verschiedener Terrorismen. Die Computer auf der rechten Seite enthalten das vollst\u00e4ndige Zeugnisarchiv mit mehr als tausend Eintr\u00e4gen, das zudem st\u00e4ndig erweitert wird.<\/p>\n<\/div>\n<\/div>\n<\/div>\n<\/div>\n<\/div>\n","protected":false},"excerpt":{"rendered":"<p>DIE STIMME DER OPFER Bitte verwenden Sie innerhalb des Museums nicht die Lautsprecherfunktion. https:\/\/museovt.com\/de\/wp-content\/uploads\/sites\/5\/2021\/03\/24de.mp3 Sie befinden sich im sechsten und letzten Raum der Dauerausstellung: Die Stimme der Opfer. Obwohl die Pr\u00e4senz der Betroffenen w\u00e4hrend des gesamten Rundgangs sp\u00fcrbar war, ist [&hellip;]<\/p>\n","protected":false},"author":1,"featured_media":0,"parent":0,"menu_order":0,"comment_status":"closed","ping_status":"closed","template":"","meta":{"inline_featured_image":false,"_trash_the_other_posts":false,"editor_notices":[],"footnotes":""},"class_list":["post-1734","page","type-page","status-publish","hentry"],"_links":{"self":[{"href":"https:\/\/museovt.com\/de\/wp-json\/wp\/v2\/pages\/1734","targetHints":{"allow":["GET"]}}],"collection":[{"href":"https:\/\/museovt.com\/de\/wp-json\/wp\/v2\/pages"}],"about":[{"href":"https:\/\/museovt.com\/de\/wp-json\/wp\/v2\/types\/page"}],"author":[{"embeddable":true,"href":"https:\/\/museovt.com\/de\/wp-json\/wp\/v2\/users\/1"}],"replies":[{"embeddable":true,"href":"https:\/\/museovt.com\/de\/wp-json\/wp\/v2\/comments?post=1734"}],"version-history":[{"count":54,"href":"https:\/\/museovt.com\/de\/wp-json\/wp\/v2\/pages\/1734\/revisions"}],"predecessor-version":[{"id":3034,"href":"https:\/\/museovt.com\/de\/wp-json\/wp\/v2\/pages\/1734\/revisions\/3034"}],"wp:attachment":[{"href":"https:\/\/museovt.com\/de\/wp-json\/wp\/v2\/media?parent=1734"}],"curies":[{"name":"wp","href":"https:\/\/api.w.org\/{rel}","templated":true}]}}