{"id":1062,"date":"2021-01-03T12:22:10","date_gmt":"2021-01-03T12:22:10","guid":{"rendered":"http:\/\/museovt.com\/?page_id=1062"},"modified":"2021-03-31T16:43:33","modified_gmt":"2021-03-31T16:43:33","slug":"qr-21","status":"publish","type":"page","link":"https:\/\/museovt.com\/de\/qr-21\/","title":{"rendered":"21.- GESELLSCHAFTLICHE ANTWORT: AKTEN"},"content":{"rendered":"<div  class=\"one withsmallpadding ppb_text\" style=\"padding:30px;\" >\n<h5 id=\"bajar\"><\/h5>\n<\/div>\n<div  class=\"one withsmallpadding ppb_text\" style=\"padding:30px 0 30px 0;\" >\n<div class=\"standard_wrapper\">\n<div class=\"page_content_wrapper\">\n<div class=\"inner\">\n<div style=\"margin:auto;width:100%\">\n<h2 style=\"color: #999999; text-align: center;\"><span style=\"color: #ffffff;\"><img decoding=\"async\" class=\"alignnone wp-image-756\" src=\"http:\/\/museovt.com\/wp-content\/uploads\/2021\/01\/21.svg\" alt=\"\" width=\"50\" \/><br \/>\nGESELLSCHAFTLICHE ANTWORT: AKTEN<br \/>\n<\/span><\/h2>\n<\/div>\n<\/div>\n<\/div>\n<\/div>\n<\/div>\n<div  class=\"one withsmallpadding ppb_text\" style=\"padding:30px 0 30px 0;\" >\n<div class=\"standard_wrapper\">\n<div class=\"page_content_wrapper\">\n<div class=\"inner\">\n<div style=\"margin:auto;width:100%\">\n<h5 style=\"text-align: center;\"><i class=\"fa fa-headphones fa-3x\" aria-hidden=\"true\"><\/i><br \/>\n<em>Bitte verwenden Sie innerhalb des Museums nicht die Lautsprecherfunktion.<\/em><\/h5>\n<\/div>\n<\/div>\n<\/div>\n<\/div>\n<\/div>\n<div  class=\"one withsmallpadding ppb_text\" style=\"padding:30px 0 30px 0;\" >\n<div class=\"standard_wrapper\">\n<div class=\"page_content_wrapper\">\n<div class=\"inner\">\n<div style=\"margin:auto;width:100%\"><audio class=\"wp-audio-shortcode\" id=\"audio-1062-2\" preload=\"none\" style=\"width: 100%;\" controls=\"controls\"><source type=\"audio\/mpeg\" src=\"https:\/\/museovt.com\/de\/wp-content\/uploads\/sites\/5\/2021\/03\/21de.mp3?_=2\" \/><a href=\"https:\/\/museovt.com\/de\/wp-content\/uploads\/sites\/5\/2021\/03\/21de.mp3\">https:\/\/museovt.com\/de\/wp-content\/uploads\/sites\/5\/2021\/03\/21de.mp3<\/a><\/audio>\n<\/div>\n<\/div>\n<\/div>\n<\/div>\n<\/div>\n<div  class=\"one withsmallpadding ppb_text\" style=\"padding:30px 0 30px 0;\" >\n<div class=\"standard_wrapper\">\n<div class=\"page_content_wrapper\">\n<div class=\"inner\">\n<div style=\"margin:auto;width:100%\">\n<h6 style=\"text-align: right;\"><a class=\"btn btn-default btn-sm\" href=\"https:\/\/museovt.com\/de\/qr-22\"><img decoding=\"async\" loading=\"lazy\" class=\"alignnone wp-image-2398\" src=\"https:\/\/museovt.com\/wp-content\/uploads\/2021\/02\/flechaQr.svg\" alt=\"\" width=\"55\" height=\"36\" \/><\/a><\/h6>\n<\/div>\n<\/div>\n<\/div>\n<\/div>\n<\/div>\n<div  class=\"one withsmallpadding ppb_text\" style=\"padding:30px 0 30px 0;\" >\n<div class=\"standard_wrapper\">\n<div class=\"page_content_wrapper\">\n<div class=\"inner\">\n<div style=\"margin:auto;width:100%\">\n<h6 style=\"text-align: right;\"><a class=\"btn btn-default btn-sm\" href=\"https:\/\/museovt.com\/de\/qr-22\"><img decoding=\"async\" loading=\"lazy\" class=\"alignnone wp-image-2398\" src=\"https:\/\/museovt.com\/wp-content\/uploads\/2021\/02\/flechaQr.svg\" alt=\"\" width=\"55\" height=\"36\" \/><\/a><\/h6>\n<\/div>\n<\/div>\n<\/div>\n<\/div>\n<\/div>\n<div  class=\"one withsmallpadding ppb_text\" style=\"padding:30px 0 30px 0;\" >\n<div class=\"standard_wrapper\">\n<div class=\"page_content_wrapper\">\n<div class=\"inner\">\n<div style=\"margin:auto;width:100%\">\n<p style=\"text-align: justify;\"><i class=\"fa fa-deaf fa-4x\" aria-hidden=\"true\"><\/i>Neben den sichtbareren Aktionen auf den Stra\u00dfen fand auch viel diskrete Aufkl\u00e4rungsarbeit gegen den Terrorismus statt, die Publikationen, Flugbl\u00e4tter, Plakate und Dokumente hervorbrachte. Cristina Cuesta erkl\u00e4rt uns eine konkrete Initiative, die der Verband f\u00fcr Frieden von Euskal Herria entwickelte. Die Autonomen Antikapitalistischen Kommandos hatten Cristinas Vater Enrique Cuesta im M\u00e4rz 1982 in San Sebasti\u00e1n ermordet. Jahre sp\u00e4ter gr\u00fcndete sie in ihrer Heimatstadt eine der ersten Friedensorganisationen.<\/p>\n<p style=\"text-align: center;\"><a href=\"https:\/\/museovt.com\/wp-content\/uploads\/2021\/02\/21.jpg\"><img decoding=\"async\" loading=\"lazy\" class=\"alignnone wp-image-2380 size-full\" src=\"https:\/\/museovt.com\/wp-content\/uploads\/2021\/02\/21.jpg\" alt=\"\" width=\"1110\" height=\"1134\" \/><\/a><\/p>\n<p><strong>Cristina Cuesta. Kartei der Terrorismusopfer<\/strong><\/p>\n<p style=\"text-align: justify;\"><em>\u201eAm 8. Mai 1986 gr\u00fcndete eine Gruppe von Einwohnern San Sebasti\u00e1ns den Verband f\u00fcr Frieden von Euskal Herria. Wir beschlossen, uns an dem Tag, nach dem der Terrorismus und die politisch motivierte Gewalt ein Leben gefordert hatten und ein Mensch ermordet wurde, im Stillen im Zentrum der Stadt zu versammeln.<\/em><\/p>\n<p style=\"text-align: justify;\"><em>Am 22. Mai 1986 versammelten wir uns zum ersten Mal f\u00fcr den Nationalpolizisten Manuel Fuentes Pedreira, der in Arrigorriaga von ETA umgebracht wurde. Auf diesen Tag folgten hunderte solcher Tage der Anschuldigung in Solidarit\u00e4t mit den Opfern des Terrorismus.<\/em><\/p>\n<p style=\"text-align: justify;\"><em>Eine der Initiativen, die wir voranbrachten, war die handwerkliche Dokumentation des Umfangs der Konsequenzen des Terrorismus. Wir hielten es f\u00fcr notwendig, die Realit\u00e4t der Opfer zu kennen, zu humanisieren und zu erz\u00e4hlen.<\/em><\/p>\n<p style=\"text-align: justify;\"><em>Einige Mitglieder des Verbandes beschlossen, ihre Freizeit in der Bibliothek zu verbringen, und erstellten mithilfe des Zeitschriftenarchivs Datenbl\u00e4tter mit allen Namen, allen Opfern.<\/em><\/p>\n<p style=\"text-align: justify;\"><em>Unser Ziel war es, sie vor dem Vergessenwerden zu bewahren und uns den Dimensionen der Trag\u00f6die, in der wir lebten, bewusst zu werden.<\/em><\/p>\n<p style=\"text-align: justify;\"><em>Wir teilten die Arbeit nach Jahren auf. Jeder Kollege recherchierte ein Jahr. Ziel war es, alle zusammenzutragen und nach und nach zu vervollst\u00e4ndigen. Die Initiative wuchs uns \u00fcber den Kopf\u201c.<\/em><\/p>\n<\/div>\n<\/div>\n<\/div>\n<\/div>\n<\/div>\n","protected":false},"excerpt":{"rendered":"<p>GESELLSCHAFTLICHE ANTWORT: AKTEN Bitte verwenden Sie innerhalb des Museums nicht die Lautsprecherfunktion. https:\/\/museovt.com\/de\/wp-content\/uploads\/sites\/5\/2021\/03\/21de.mp3 Neben den sichtbareren Aktionen auf den Stra\u00dfen fand auch viel diskrete Aufkl\u00e4rungsarbeit gegen den Terrorismus statt, die Publikationen, Flugbl\u00e4tter, Plakate und Dokumente hervorbrachte. Cristina Cuesta erkl\u00e4rt uns [&hellip;]<\/p>\n","protected":false},"author":1,"featured_media":0,"parent":0,"menu_order":0,"comment_status":"closed","ping_status":"closed","template":"","meta":{"inline_featured_image":false,"_trash_the_other_posts":false,"editor_notices":[],"footnotes":""},"class_list":["post-1062","page","type-page","status-publish","hentry"],"_links":{"self":[{"href":"https:\/\/museovt.com\/de\/wp-json\/wp\/v2\/pages\/1062","targetHints":{"allow":["GET"]}}],"collection":[{"href":"https:\/\/museovt.com\/de\/wp-json\/wp\/v2\/pages"}],"about":[{"href":"https:\/\/museovt.com\/de\/wp-json\/wp\/v2\/types\/page"}],"author":[{"embeddable":true,"href":"https:\/\/museovt.com\/de\/wp-json\/wp\/v2\/users\/1"}],"replies":[{"embeddable":true,"href":"https:\/\/museovt.com\/de\/wp-json\/wp\/v2\/comments?post=1062"}],"version-history":[{"count":59,"href":"https:\/\/museovt.com\/de\/wp-json\/wp\/v2\/pages\/1062\/revisions"}],"predecessor-version":[{"id":3022,"href":"https:\/\/museovt.com\/de\/wp-json\/wp\/v2\/pages\/1062\/revisions\/3022"}],"wp:attachment":[{"href":"https:\/\/museovt.com\/de\/wp-json\/wp\/v2\/media?parent=1062"}],"curies":[{"name":"wp","href":"https:\/\/api.w.org\/{rel}","templated":true}]}}