{"id":1058,"date":"2021-01-03T12:16:17","date_gmt":"2021-01-03T12:16:17","guid":{"rendered":"http:\/\/museovt.com\/?page_id=1058"},"modified":"2021-03-31T19:01:56","modified_gmt":"2021-03-31T19:01:56","slug":"qr-20","status":"publish","type":"page","link":"https:\/\/museovt.com\/de\/qr-20\/","title":{"rendered":"20.- GESELLSCHAFTLICHE ANTWORT: PLAKATE"},"content":{"rendered":"<div  class=\"one withsmallpadding ppb_text\" style=\"padding:30px;\" >\n<h5 id=\"bajar\"><\/h5>\n<\/div>\n<div  class=\"one withsmallpadding ppb_text\" style=\"padding:30px 0 30px 0;\" >\n<div class=\"standard_wrapper\">\n<div class=\"page_content_wrapper\">\n<div class=\"inner\">\n<div style=\"margin:auto;width:100%\">\n<h2 style=\"color: #999999; text-align: center;\"><span style=\"color: #ffffff;\"><img decoding=\"async\" class=\"alignnone wp-image-756\" src=\"http:\/\/museovt.com\/wp-content\/uploads\/2021\/01\/20.svg\" alt=\"\" width=\"50\" \/><br \/>\nGESELLSCHAFTLICHE ANTWORT: PLAKATE<br \/>\n<\/span><\/h2>\n<\/div>\n<\/div>\n<\/div>\n<\/div>\n<\/div>\n<div  class=\"one withsmallpadding ppb_text\" style=\"padding:30px 0 30px 0;\" >\n<div class=\"standard_wrapper\">\n<div class=\"page_content_wrapper\">\n<div class=\"inner\">\n<div style=\"margin:auto;width:100%\">\n<h5 style=\"text-align: center;\"><i class=\"fa fa-headphones fa-3x\" aria-hidden=\"true\"><\/i><br \/>\n<em>Bitte verwenden Sie innerhalb des Museums nicht die Lautsprecherfunktion.<\/em><\/h5>\n<\/div>\n<\/div>\n<\/div>\n<\/div>\n<\/div>\n<div  class=\"one withsmallpadding ppb_text\" style=\"padding:30px 0 30px 0;\" >\n<div class=\"standard_wrapper\">\n<div class=\"page_content_wrapper\">\n<div class=\"inner\">\n<div style=\"margin:auto;width:100%\"><audio class=\"wp-audio-shortcode\" id=\"audio-1058-2\" preload=\"none\" style=\"width: 100%;\" controls=\"controls\"><source type=\"audio\/mpeg\" src=\"https:\/\/museovt.com\/de\/wp-content\/uploads\/sites\/5\/2021\/03\/20de.mp3?_=2\" \/><a href=\"https:\/\/museovt.com\/de\/wp-content\/uploads\/sites\/5\/2021\/03\/20de.mp3\">https:\/\/museovt.com\/de\/wp-content\/uploads\/sites\/5\/2021\/03\/20de.mp3<\/a><\/audio>\n<\/div>\n<\/div>\n<\/div>\n<\/div>\n<\/div>\n<div  class=\"one withsmallpadding ppb_text\" style=\"padding:30px 0 30px 0;\" >\n<div class=\"standard_wrapper\">\n<div class=\"page_content_wrapper\">\n<div class=\"inner\">\n<div style=\"margin:auto;width:100%\">\n<h6 style=\"text-align: right;\"><a class=\"btn btn-default btn-sm\" href=\"https:\/\/museovt.com\/de\/qr-21\/\"><img decoding=\"async\" loading=\"lazy\" class=\"alignnone wp-image-2398\" src=\"https:\/\/museovt.com\/wp-content\/uploads\/2021\/02\/flechaQr.svg\" alt=\"\" width=\"55\" height=\"36\" \/><\/a><\/h6>\n<\/div>\n<\/div>\n<\/div>\n<\/div>\n<\/div>\n<div  class=\"one withsmallpadding ppb_text\" style=\"padding:30px 0 30px 0;\" >\n<div class=\"standard_wrapper\">\n<div class=\"page_content_wrapper\">\n<div class=\"inner\">\n<div style=\"margin:auto;width:100%\">\n<h6 style=\"text-align: right;\"><a class=\"btn btn-default btn-sm\" href=\"https:\/\/museovt.com\/de\/qr-21\/\"><img decoding=\"async\" loading=\"lazy\" class=\"alignnone wp-image-2398\" src=\"https:\/\/museovt.com\/wp-content\/uploads\/2021\/02\/flechaQr.svg\" alt=\"\" width=\"55\" height=\"36\" \/><\/a><\/h6>\n<\/div>\n<\/div>\n<\/div>\n<\/div>\n<\/div>\n<div  class=\"one withsmallpadding ppb_text\" style=\"padding:30px 0 30px 0;\" >\n<div class=\"standard_wrapper\">\n<div class=\"page_content_wrapper\">\n<div class=\"inner\">\n<div style=\"margin:auto;width:100%\">\n<p style=\"text-align: justify;\"><i class=\"fa fa-deaf fa-4x\" aria-hidden=\"true\"><\/i>Die Geschichte des Terrorismus ist d\u00fcster, hat aber auch eine helle Seite. Und zwar die all jener, die ihren Kopf hinhielten, die Morde und Bedrohungen \u00f6ffentlich anprangerten und schlussendlich dazu beitrugen, einen Teil der Gesellschaft zu mobilisieren. Wir sprechen vor allem von der pazifistischen b\u00fcrgerlichen Bewegung, verk\u00f6rpert von Verb\u00e4nden wie <em>Gesto por la Paz<\/em>, die 1993 mit dem Prinz-von-Asturien-Preis der Verst\u00e4ndigung ausgezeichnet wurde, oder <em>Basta Ya<\/em>, der 2000 der Sacharow-Preis f\u00fcr geistige Freiheit verliehen wurde.<\/p>\n<p style=\"text-align: center;\"><a href=\"https:\/\/museovt.com\/wp-content\/uploads\/2021\/02\/20-1.jpg\"><img decoding=\"async\" loading=\"lazy\" class=\"alignnone wp-image-2379 size-full\" src=\"https:\/\/museovt.com\/wp-content\/uploads\/2021\/02\/20-1.jpg\" alt=\"\" width=\"1481\" height=\"1007\" \/><\/a><\/p>\n<p style=\"text-align: justify;\">Gelegentlich beteiligten sich bekannte K\u00fcnstler an pazifistischen Kampagnen. Dies ist der Fall des Plakats von Jorge Oteiza, das wie die Nazi-Flagge in den Farben Rot, Wei\u00df und Schwarz gemalt ist, und mit dem er die Ermordung von Dolores Gonz\u00e1lez Catarain, <em>Yoyes,<\/em> durch ETA verurteilte. Ein Pistolensch\u00fctze erschoss sie vor den Augen ihres dreij\u00e4hrigen Sohnes. Es war ein Verbrechen mit Vorbildfunktion: <em>Yoyes<\/em> war einst Anf\u00fchrerin der Bande gewesen und ihre ehemaligen Kollegen konnten ihr nicht verzeihen, dass sie entschieden hatte, nach Hause zur\u00fcckzukehren.<\/p>\n<p style=\"text-align: justify;\">Dann ist da der Fall eines weiteren K\u00fcnstlers, Juan Carlos Eguillor, der <em>Gesto por la Paz <\/em>diese Comics schenkte, die zur Gewaltlosigkeit und zum Respekt der demokratischen Institutionen aufrufen. Aber in den meisten F\u00e4llen waren es anonyme B\u00fcrger, die zum Beispiel Plakate anfertigten und aufh\u00e4ngten, um zu einer stillen Konzentration aufzurufen, nachdem der Terrorismus ein neues Todesopfer gefordert hatte.<\/p>\n<\/div>\n<\/div>\n<\/div>\n<\/div>\n<\/div>\n","protected":false},"excerpt":{"rendered":"<p>GESELLSCHAFTLICHE ANTWORT: PLAKATE Bitte verwenden Sie innerhalb des Museums nicht die Lautsprecherfunktion. https:\/\/museovt.com\/de\/wp-content\/uploads\/sites\/5\/2021\/03\/20de.mp3 Die Geschichte des Terrorismus ist d\u00fcster, hat aber auch eine helle Seite. Und zwar die all jener, die ihren Kopf hinhielten, die Morde und Bedrohungen \u00f6ffentlich anprangerten [&hellip;]<\/p>\n","protected":false},"author":1,"featured_media":0,"parent":0,"menu_order":0,"comment_status":"closed","ping_status":"closed","template":"","meta":{"inline_featured_image":false,"_trash_the_other_posts":false,"editor_notices":[],"footnotes":""},"class_list":["post-1058","page","type-page","status-publish","hentry"],"_links":{"self":[{"href":"https:\/\/museovt.com\/de\/wp-json\/wp\/v2\/pages\/1058","targetHints":{"allow":["GET"]}}],"collection":[{"href":"https:\/\/museovt.com\/de\/wp-json\/wp\/v2\/pages"}],"about":[{"href":"https:\/\/museovt.com\/de\/wp-json\/wp\/v2\/types\/page"}],"author":[{"embeddable":true,"href":"https:\/\/museovt.com\/de\/wp-json\/wp\/v2\/users\/1"}],"replies":[{"embeddable":true,"href":"https:\/\/museovt.com\/de\/wp-json\/wp\/v2\/comments?post=1058"}],"version-history":[{"count":51,"href":"https:\/\/museovt.com\/de\/wp-json\/wp\/v2\/pages\/1058\/revisions"}],"predecessor-version":[{"id":3045,"href":"https:\/\/museovt.com\/de\/wp-json\/wp\/v2\/pages\/1058\/revisions\/3045"}],"wp:attachment":[{"href":"https:\/\/museovt.com\/de\/wp-json\/wp\/v2\/media?parent=1058"}],"curies":[{"name":"wp","href":"https:\/\/api.w.org\/{rel}","templated":true}]}}