{"id":1054,"date":"2021-01-03T12:21:09","date_gmt":"2021-01-03T12:21:09","guid":{"rendered":"http:\/\/museovt.com\/?page_id=1054"},"modified":"2021-03-31T16:41:52","modified_gmt":"2021-03-31T16:41:52","slug":"qr-17","status":"publish","type":"page","link":"https:\/\/museovt.com\/de\/qr-17\/","title":{"rendered":"17.- POLIZISTEN ALS OPFER"},"content":{"rendered":"<div  class=\"one withsmallpadding ppb_text\" style=\"padding:30px;\" >\n<h5 id=\"bajar\"><\/h5>\n<\/div>\n<div  class=\"one withsmallpadding ppb_text\" style=\"padding:30px 0 30px 0;\" >\n<div class=\"standard_wrapper\">\n<div class=\"page_content_wrapper\">\n<div class=\"inner\">\n<div style=\"margin:auto;width:100%\">\n<h2 style=\"color: #999999; text-align: center;\"><span style=\"color: #ffffff;\"><img decoding=\"async\" class=\"alignnone wp-image-756\" src=\"http:\/\/museovt.com\/wp-content\/uploads\/2021\/01\/17.svg\" alt=\"\" width=\"50\" \/><br \/>\nPOLIZISTEN ALS OPFER<br \/>\n<\/span><\/h2>\n<\/div>\n<\/div>\n<\/div>\n<\/div>\n<\/div>\n<div  class=\"one withsmallpadding ppb_text\" style=\"padding:30px 0 30px 0;\" >\n<div class=\"standard_wrapper\">\n<div class=\"page_content_wrapper\">\n<div class=\"inner\">\n<div style=\"margin:auto;width:100%\">\n<h5 style=\"text-align: center;\"><i class=\"fa fa-headphones fa-3x\" aria-hidden=\"true\"><\/i><br \/>\n<em>Bitte verwenden Sie innerhalb des Museums nicht die Lautsprecherfunktion.<\/em><\/h5>\n<\/div>\n<\/div>\n<\/div>\n<\/div>\n<\/div>\n<div  class=\"one withsmallpadding ppb_text\" style=\"padding:30px 0 30px 0;\" >\n<div class=\"standard_wrapper\">\n<div class=\"page_content_wrapper\">\n<div class=\"inner\">\n<div style=\"margin:auto;width:100%\"><audio class=\"wp-audio-shortcode\" id=\"audio-1054-2\" preload=\"none\" style=\"width: 100%;\" controls=\"controls\"><source type=\"audio\/mpeg\" src=\"https:\/\/museovt.com\/de\/wp-content\/uploads\/sites\/5\/2021\/03\/17de.mp3?_=2\" \/><a href=\"https:\/\/museovt.com\/de\/wp-content\/uploads\/sites\/5\/2021\/03\/17de.mp3\">https:\/\/museovt.com\/de\/wp-content\/uploads\/sites\/5\/2021\/03\/17de.mp3<\/a><\/audio>\n<\/div>\n<\/div>\n<\/div>\n<\/div>\n<\/div>\n<div  class=\"one withsmallpadding ppb_text\" style=\"padding:30px 0 30px 0;\" >\n<div class=\"standard_wrapper\">\n<div class=\"page_content_wrapper\">\n<div class=\"inner\">\n<div style=\"margin:auto;width:100%\">\n<h6 style=\"text-align: right;\"><a class=\"btn btn-default btn-sm\" href=\"https:\/\/museovt.com\/de\/qr-18\/\"><img decoding=\"async\" loading=\"lazy\" class=\"alignnone wp-image-2398\" src=\"https:\/\/museovt.com\/wp-content\/uploads\/2021\/02\/flechaQr.svg\" alt=\"\" width=\"55\" height=\"36\" \/><\/a><\/h6>\n<\/div>\n<\/div>\n<\/div>\n<\/div>\n<\/div>\n<div  class=\"one withsmallpadding ppb_text\" style=\"padding:30px 0 30px 0;\" >\n<div class=\"standard_wrapper\">\n<div class=\"page_content_wrapper\">\n<div class=\"inner\">\n<div style=\"margin:auto;width:100%\">\n<h6 style=\"text-align: right;\"><a class=\"btn btn-default btn-sm\" href=\"https:\/\/museovt.com\/de\/qr-18\/\"><img decoding=\"async\" loading=\"lazy\" class=\"alignnone wp-image-2398\" src=\"https:\/\/museovt.com\/wp-content\/uploads\/2021\/02\/flechaQr.svg\" alt=\"\" width=\"55\" height=\"36\" \/><\/a><\/h6>\n<\/div>\n<\/div>\n<\/div>\n<\/div>\n<\/div>\n<div  class=\"one withsmallpadding ppb_text\" style=\"padding:30px 0 30px 0;\" >\n<div class=\"standard_wrapper\">\n<div class=\"page_content_wrapper\">\n<div class=\"inner\">\n<div style=\"margin:auto;width:100%\">\n<p style=\"text-align: justify;\"><i class=\"fa fa-deaf fa-4x\" aria-hidden=\"true\"><\/i>Die Mitglieder der Sicherheitskr\u00e4fte und -k\u00f6rper waren f\u00fcr die Bek\u00e4mpfung des Terrorismus unerl\u00e4sslich, haben aber auch einen hohen Preis gezahlt. Sie verzeichnen die h\u00f6chste Anzahl an Opfern. Uniformierte waren die bevorzugten Opfer der Terroristen.<\/p>\n<p style=\"text-align: center;\"><img decoding=\"async\" class=\"alignnone size-full wp-image-2373\" src=\"https:\/\/museovt.com\/wp-content\/uploads\/2021\/02\/17.jpg\" alt=\"\" width=\"100%\" \/><\/p>\n<p style=\"text-align: justify;\">Die Vitrine zollt den Guardias Civiles, Polizisten und Ertzainas Tribut, die ihr Leben verloren. Sie besteht aus St\u00fccken, die von den Familien gespendet wurden und daher einen hohen sentimentalen Wert besitzen. Der Dreispitz und die spanische Flagge, mit dem der Sarg von Antonio Trujillo bedeckt war; welcher von ETA ermordet wurde. Die Berufsausweise mehrerer polizeilicher Opfer; oder die Gala-Uniform des <em>Ertzaina <\/em>Jorge D\u00edez Elorza, der den sozialistischen Politiker Fernando Buesa eskortierte, als beide im Jahr 2000 in Vitoria get\u00f6tet wurden.<\/p>\n<p style=\"text-align: justify;\">Wenn f\u00fcr die Terroristen und ihre Helfershelfer Gesetzesbeamte nichts weiter sind, als eine Uniform, die all das repr\u00e4sentiert, was sie hassen, ist dies ein Weg, ihnen ihr menschliches Gesicht und ihre W\u00fcrde zur\u00fcckzugeben.<\/p>\n<\/div>\n<\/div>\n<\/div>\n<\/div>\n<\/div>\n","protected":false},"excerpt":{"rendered":"<p>POLIZISTEN ALS OPFER Bitte verwenden Sie innerhalb des Museums nicht die Lautsprecherfunktion. https:\/\/museovt.com\/de\/wp-content\/uploads\/sites\/5\/2021\/03\/17de.mp3 Die Mitglieder der Sicherheitskr\u00e4fte und -k\u00f6rper waren f\u00fcr die Bek\u00e4mpfung des Terrorismus unerl\u00e4sslich, haben aber auch einen hohen Preis gezahlt. Sie verzeichnen die h\u00f6chste Anzahl an Opfern. [&hellip;]<\/p>\n","protected":false},"author":1,"featured_media":0,"parent":0,"menu_order":0,"comment_status":"closed","ping_status":"closed","template":"","meta":{"inline_featured_image":false,"_trash_the_other_posts":false,"editor_notices":[],"footnotes":""},"class_list":["post-1054","page","type-page","status-publish","hentry"],"_links":{"self":[{"href":"https:\/\/museovt.com\/de\/wp-json\/wp\/v2\/pages\/1054","targetHints":{"allow":["GET"]}}],"collection":[{"href":"https:\/\/museovt.com\/de\/wp-json\/wp\/v2\/pages"}],"about":[{"href":"https:\/\/museovt.com\/de\/wp-json\/wp\/v2\/types\/page"}],"author":[{"embeddable":true,"href":"https:\/\/museovt.com\/de\/wp-json\/wp\/v2\/users\/1"}],"replies":[{"embeddable":true,"href":"https:\/\/museovt.com\/de\/wp-json\/wp\/v2\/comments?post=1054"}],"version-history":[{"count":52,"href":"https:\/\/museovt.com\/de\/wp-json\/wp\/v2\/pages\/1054\/revisions"}],"predecessor-version":[{"id":3006,"href":"https:\/\/museovt.com\/de\/wp-json\/wp\/v2\/pages\/1054\/revisions\/3006"}],"wp:attachment":[{"href":"https:\/\/museovt.com\/de\/wp-json\/wp\/v2\/media?parent=1054"}],"curies":[{"name":"wp","href":"https:\/\/api.w.org\/{rel}","templated":true}]}}