{"id":1050,"date":"2021-01-03T12:20:41","date_gmt":"2021-01-03T12:20:41","guid":{"rendered":"http:\/\/museovt.com\/?page_id=1050"},"modified":"2021-03-31T16:41:13","modified_gmt":"2021-03-31T16:41:13","slug":"qr-15","status":"publish","type":"page","link":"https:\/\/museovt.com\/de\/qr-15\/","title":{"rendered":"15.- KONSEQUENZEN"},"content":{"rendered":"<div  class=\"one withsmallpadding ppb_text\" style=\"padding:30px;\" >\n<h5 id=\"bajar\"><\/h5>\n<\/div>\n<div  class=\"one withsmallpadding ppb_text\" style=\"padding:30px 0 30px 0;\" >\n<div class=\"standard_wrapper\">\n<div class=\"page_content_wrapper\">\n<div class=\"inner\">\n<div style=\"margin:auto;width:100%\">\n<h2 style=\"color: #999999; text-align: center;\"><span style=\"color: #ffffff;\"><img decoding=\"async\" class=\"alignnone wp-image-756\" src=\"http:\/\/museovt.com\/wp-content\/uploads\/2021\/01\/15.svg\" alt=\"\" width=\"50\" \/><br \/>\nKONSEQUENZEN<br \/>\n<\/span><\/h2>\n<\/div>\n<\/div>\n<\/div>\n<\/div>\n<\/div>\n<div  class=\"one withsmallpadding ppb_text\" style=\"padding:30px 0 30px 0;\" >\n<div class=\"standard_wrapper\">\n<div class=\"page_content_wrapper\">\n<div class=\"inner\">\n<div style=\"margin:auto;width:100%\">\n<h5 style=\"text-align: center;\"><i class=\"fa fa-headphones fa-3x\" aria-hidden=\"true\"><\/i><br \/>\n<em>Bitte verwenden Sie innerhalb des Museums nicht die Lautsprecherfunktion.<\/em><\/h5>\n<\/div>\n<\/div>\n<\/div>\n<\/div>\n<\/div>\n<div  class=\"one withsmallpadding ppb_text\" style=\"padding:30px 0 30px 0;\" >\n<div class=\"standard_wrapper\">\n<div class=\"page_content_wrapper\">\n<div class=\"inner\">\n<div style=\"margin:auto;width:100%\"><audio class=\"wp-audio-shortcode\" id=\"audio-1050-2\" preload=\"none\" style=\"width: 100%;\" controls=\"controls\"><source type=\"audio\/mpeg\" src=\"https:\/\/museovt.com\/de\/wp-content\/uploads\/sites\/5\/2021\/03\/15de.mp3?_=2\" \/><a href=\"https:\/\/museovt.com\/de\/wp-content\/uploads\/sites\/5\/2021\/03\/15de.mp3\">https:\/\/museovt.com\/de\/wp-content\/uploads\/sites\/5\/2021\/03\/15de.mp3<\/a><\/audio>\n<\/div>\n<\/div>\n<\/div>\n<\/div>\n<\/div>\n<div  class=\"one withsmallpadding ppb_text\" style=\"padding:30px 0 30px 0;\" >\n<div class=\"standard_wrapper\">\n<div class=\"page_content_wrapper\">\n<div class=\"inner\">\n<div style=\"margin:auto;width:100%\">\n<h6 style=\"text-align: right;\"><a class=\"btn btn-default btn-sm\" href=\"https:\/\/museovt.com\/de\/qr-16\/\"><img decoding=\"async\" loading=\"lazy\" class=\"alignnone wp-image-2398\" src=\"https:\/\/museovt.com\/wp-content\/uploads\/2021\/02\/flechaQr.svg\" alt=\"\" width=\"55\" height=\"36\" \/><\/a><\/h6>\n<\/div>\n<\/div>\n<\/div>\n<\/div>\n<\/div>\n<div  class=\"one withsmallpadding ppb_text\" style=\"padding:30px 0 30px 0;\" >\n<div class=\"standard_wrapper\">\n<div class=\"page_content_wrapper\">\n<div class=\"inner\">\n<div style=\"margin:auto;width:100%\">\n<h6 style=\"text-align: right;\"><a class=\"btn btn-default btn-sm\" href=\"https:\/\/museovt.com\/de\/qr-16\/\"><img decoding=\"async\" loading=\"lazy\" class=\"alignnone wp-image-2398\" src=\"https:\/\/museovt.com\/wp-content\/uploads\/2021\/02\/flechaQr.svg\" alt=\"\" width=\"55\" height=\"36\" \/><\/a><\/h6>\n<\/div>\n<\/div>\n<\/div>\n<\/div>\n<\/div>\n<div  class=\"one withsmallpadding ppb_text\" style=\"padding:30px 0 30px 0;\" >\n<div class=\"standard_wrapper\">\n<div class=\"page_content_wrapper\">\n<div class=\"inner\">\n<div style=\"margin:auto;width:100%\">\n<p style=\"text-align: justify;\"><i class=\"fa fa-deaf fa-4x\" aria-hidden=\"true\"><\/i>Nachdem wir gesehen haben, wer die verschiedenen terroristischen Organisationen sind, werden in dieser Galerie anhand einer Auswahl von Fotografien mit Kommentaren der Autoren die Konsequenzen ihrer Aktivit\u00e4ten dargestellt. Alle beantworten die Frage: Woran erinnern Sie sich bei diesem Bild, das Sie in einigen F\u00e4llen beruflich oder sogar pers\u00f6nlich gezeichnet hat.<\/p>\n<p style=\"text-align: center;\"><a href=\"https:\/\/museovt.com\/wp-content\/uploads\/2021\/02\/15-1.jpg\"><img decoding=\"async\" class=\"alignnone wp-image-2371 size-full\" src=\"https:\/\/museovt.com\/wp-content\/uploads\/2021\/02\/15-1.jpg\" alt=\"\" width=\"100%\" \/><\/a><\/p>\n<p style=\"text-align: justify;\">Dies ist das ber\u00fchmte Foto, das To\u00f1o Gallego f\u00fcr die Zeitung<em> El Mundo<\/em> von einem abgemagerten Jos\u00e9 Antonio Ortega Lara gemacht hat, als dieser bei seinem Haus in Burgos ankam. Er befand sich in Begleitung seiner Frau Domitila und kam gerade nach 532 Tagen Entf\u00fchrung zur\u00fcck. Der Tatort des Anschlags auf Jos\u00e9 Luis L\u00f3pez de Lacalle, fotografiert von Jes\u00fas Uriarte f\u00fcr <em>El Pa\u00eds, <\/em>diente Jos\u00e9 Ibarrola als Inspiration f\u00fcr sein Gem\u00e4lde \u00fcber Regenschirme und Erinnerung. Dank David Armengou verf\u00fcgen wir zudem \u00fcber eine der ersten Aufnahmen, die nach den massiven Anschl\u00e4gen im August 2017 auf der Rambla von Barcelona gemacht wurden.<\/p>\n<p style=\"text-align: justify;\">Es besteht eine offene Debatte dar\u00fcber, wie weit wir bei der grafischen Widerspiegelung des Terrorismus gehen k\u00f6nnen. Zum Beispiel, ob Nahaufnahmen der Leichen einen informativen Beitrag leisten oder nur auf Sensationalismus abzielen, auf Kosten der Gef\u00fchle der Angeh\u00f6rigen der Opfer.<\/p>\n<p style=\"text-align: justify;\">Der Terrorismus ist ein dramatisches Ph\u00e4nomen, das schwerwiegende pers\u00f6nliche Sch\u00e4den verursacht, und er sollte nicht entsch\u00e4rft dargestellt werden. Aber die expliziten Fotografien, die in den siebziger und achtziger Jahren des 20. Jahrhunderts in der Presse ver\u00f6ffentlicht wurden, darunter Nahaufnahmen von Leichen, haben die Gewissen nicht ger\u00fchrt. W\u00e4hrend dieser Jahre wurde die meisten Attentate und die geringste gesellschaftliche Reaktion verzeichnet. Heute w\u00fcrden sie aufgrund ihrer Brutalit\u00e4t nie gezeigt werden.<\/p>\n<\/div>\n<\/div>\n<\/div>\n<\/div>\n<\/div>\n","protected":false},"excerpt":{"rendered":"<p>KONSEQUENZEN Bitte verwenden Sie innerhalb des Museums nicht die Lautsprecherfunktion. https:\/\/museovt.com\/de\/wp-content\/uploads\/sites\/5\/2021\/03\/15de.mp3 Nachdem wir gesehen haben, wer die verschiedenen terroristischen Organisationen sind, werden in dieser Galerie anhand einer Auswahl von Fotografien mit Kommentaren der Autoren die Konsequenzen ihrer Aktivit\u00e4ten dargestellt. Alle [&hellip;]<\/p>\n","protected":false},"author":1,"featured_media":0,"parent":0,"menu_order":0,"comment_status":"closed","ping_status":"closed","template":"","meta":{"inline_featured_image":false,"_trash_the_other_posts":false,"editor_notices":[],"footnotes":""},"class_list":["post-1050","page","type-page","status-publish","hentry"],"_links":{"self":[{"href":"https:\/\/museovt.com\/de\/wp-json\/wp\/v2\/pages\/1050","targetHints":{"allow":["GET"]}}],"collection":[{"href":"https:\/\/museovt.com\/de\/wp-json\/wp\/v2\/pages"}],"about":[{"href":"https:\/\/museovt.com\/de\/wp-json\/wp\/v2\/types\/page"}],"author":[{"embeddable":true,"href":"https:\/\/museovt.com\/de\/wp-json\/wp\/v2\/users\/1"}],"replies":[{"embeddable":true,"href":"https:\/\/museovt.com\/de\/wp-json\/wp\/v2\/comments?post=1050"}],"version-history":[{"count":45,"href":"https:\/\/museovt.com\/de\/wp-json\/wp\/v2\/pages\/1050\/revisions"}],"predecessor-version":[{"id":2998,"href":"https:\/\/museovt.com\/de\/wp-json\/wp\/v2\/pages\/1050\/revisions\/2998"}],"wp:attachment":[{"href":"https:\/\/museovt.com\/de\/wp-json\/wp\/v2\/media?parent=1050"}],"curies":[{"name":"wp","href":"https:\/\/api.w.org\/{rel}","templated":true}]}}