{"id":1048,"date":"2021-01-03T12:20:26","date_gmt":"2021-01-03T12:20:26","guid":{"rendered":"http:\/\/museovt.com\/?page_id=1048"},"modified":"2021-03-31T16:40:56","modified_gmt":"2021-03-31T16:40:56","slug":"qr-14","status":"publish","type":"page","link":"https:\/\/museovt.com\/de\/qr-14\/","title":{"rendered":"14.- DSCHIHADISMUS"},"content":{"rendered":"<div  class=\"one withsmallpadding ppb_text\" style=\"padding:30px;\" >\n<h5 id=\"bajar\"><\/h5>\n<\/div>\n<div  class=\"one withsmallpadding ppb_text\" style=\"padding:30px 0 30px 0;\" >\n<div class=\"standard_wrapper\">\n<div class=\"page_content_wrapper\">\n<div class=\"inner\">\n<div style=\"margin:auto;width:100%\">\n<h2 style=\"color: #999999; text-align: center;\"><span style=\"color: #ffffff;\"><img decoding=\"async\" class=\"alignnone wp-image-756\" src=\"http:\/\/museovt.com\/wp-content\/uploads\/2021\/01\/14.svg\" alt=\"\" width=\"50\" \/><br \/>\nDSCHIHADISMUS<br \/>\n<\/span><\/h2>\n<\/div>\n<\/div>\n<\/div>\n<\/div>\n<\/div>\n<div  class=\"one withsmallpadding ppb_text\" style=\"padding:30px 0 30px 0;\" >\n<div class=\"standard_wrapper\">\n<div class=\"page_content_wrapper\">\n<div class=\"inner\">\n<div style=\"margin:auto;width:100%\">\n<h5 style=\"text-align: center;\"><i class=\"fa fa-headphones fa-3x\" aria-hidden=\"true\"><\/i><br \/>\n<em>Bitte verwenden Sie innerhalb des Museums nicht die Lautsprecherfunktion.<\/em><\/h5>\n<\/div>\n<\/div>\n<\/div>\n<\/div>\n<\/div>\n<div  class=\"one withsmallpadding ppb_text\" style=\"padding:30px 0 30px 0;\" >\n<div class=\"standard_wrapper\">\n<div class=\"page_content_wrapper\">\n<div class=\"inner\">\n<div style=\"margin:auto;width:100%\"><audio class=\"wp-audio-shortcode\" id=\"audio-1048-2\" preload=\"none\" style=\"width: 100%;\" controls=\"controls\"><source type=\"audio\/mpeg\" src=\"https:\/\/museovt.com\/de\/wp-content\/uploads\/sites\/5\/2021\/03\/14de.mp3?_=2\" \/><a href=\"https:\/\/museovt.com\/de\/wp-content\/uploads\/sites\/5\/2021\/03\/14de.mp3\">https:\/\/museovt.com\/de\/wp-content\/uploads\/sites\/5\/2021\/03\/14de.mp3<\/a><\/audio>\n<\/div>\n<\/div>\n<\/div>\n<\/div>\n<\/div>\n<div  class=\"one withsmallpadding ppb_text\" style=\"padding:30px 0 30px 0;\" >\n<div class=\"standard_wrapper\">\n<div class=\"page_content_wrapper\">\n<div class=\"inner\">\n<div style=\"margin:auto;width:100%\">\n<h6 style=\"text-align: right;\"><a class=\"btn btn-default btn-sm\" href=\"https:\/\/museovt.com\/de\/qr-15\/\"><img decoding=\"async\" loading=\"lazy\" class=\"alignnone wp-image-2398\" src=\"https:\/\/museovt.com\/wp-content\/uploads\/2021\/02\/flechaQr.svg\" alt=\"\" width=\"55\" height=\"36\" \/><\/a><\/h6>\n<\/div>\n<\/div>\n<\/div>\n<\/div>\n<\/div>\n<div  class=\"one withsmallpadding ppb_text\" style=\"padding:30px 0 30px 0;\" >\n<div class=\"standard_wrapper\">\n<div class=\"page_content_wrapper\">\n<div class=\"inner\">\n<div style=\"margin:auto;width:100%\">\n<h6 style=\"text-align: right;\"><a class=\"btn btn-default btn-sm\" href=\"https:\/\/museovt.com\/de\/qr-15\/\"><img decoding=\"async\" loading=\"lazy\" class=\"alignnone wp-image-2398\" src=\"https:\/\/museovt.com\/wp-content\/uploads\/2021\/02\/flechaQr.svg\" alt=\"\" width=\"55\" height=\"36\" \/><\/a><\/h6>\n<\/div>\n<\/div>\n<\/div>\n<\/div>\n<\/div>\n<div  class=\"one withsmallpadding ppb_text\" style=\"padding:30px 0 30px 0;\" >\n<div class=\"standard_wrapper\">\n<div class=\"page_content_wrapper\">\n<div class=\"inner\">\n<div style=\"margin:auto;width:100%\">\n<p style=\"text-align: justify;\"><i class=\"fa fa-deaf fa-4x\" aria-hidden=\"true\"><\/i>Der dschihadistische Terrorismus ist eine weltweite Bedrohung, die im Falle Spaniens bereits f\u00fcr drei gro\u00dfe Anschl\u00e4ge verantwortlich war.<\/p>\n<p style=\"text-align: justify;\">Der Erste erfolgte im Jahr 1985 gegen das Restaurant El Descanso in Madrid und forderte 18 Todesopfer.<\/p>\n<p style=\"text-align: justify;\">\n<a href=\"https:\/\/museovt.com\/wp-content\/uploads\/2021\/02\/14-1.jpg\"><img decoding=\"async\" class=\"wp-image-2370 size-full\" src=\"https:\/\/museovt.com\/wp-content\/uploads\/2021\/02\/14-1.jpg\" alt=\"\" width=\"100%\" \/><\/a><\/p>\n<p style=\"text-align: justify;\">Beim Zweiten handelte es sich um eine Reihe von koordinierten Anschl\u00e4gen auf verschiedene Nahverkehrsz\u00fcge in Madrid am 11. M\u00e4rz 2004, bei denen 192 Menschen starben.<\/p>\n<p style=\"text-align: justify;\">Der Dritte waren die Angriffe auf Barcelona und Cambrils im August 2017, mit einer Bilanz von 16 Toten.<\/p>\n<p style=\"text-align: justify;\">Zu diesen Anschl\u00e4gen sind jene hinzuzurechnen, die im Ausland gegen Spanier begangen wurden, seien es Touristen, oder Soldaten, die im Rahmen von internationalen Missionen entsendet waren.<\/p>\n<p style=\"text-align: justify;\">Sieben der T\u00e4ter des 11-M, die sich in einer Wohnung in Legan\u00e9s versteckten, begangen Selbstmord, als sie von der Polizei umzingelt waren, welche Aufzeichnungen fand, in denen die n\u00e4chsten Angriffsziele festgelegt wurden. Das Dokument fasst diese Art des Terrorismus treffend zusammen, da er mit wahllosen Massakern gegen Zivilisten auf eine propagandistische Wirkung abzielt. Zu ihren m\u00f6glichen Angriffszielen geh\u00f6ren die Eisenbahn, Juden oder Touristen, aber auch die Burgerkette McDonald&#8217;s. Das zeigt die Widerspr\u00fcchlichkeit und Absurdit\u00e4t des Terrorismus: von allen m\u00f6glichen Orten hatten sich die T\u00e4ter ausgerechnet in einem McDonald&#8217;s getroffen, um den 11-M vorzubereiten.<\/p>\n<\/div>\n<\/div>\n<\/div>\n<\/div>\n<\/div>\n","protected":false},"excerpt":{"rendered":"<p>DSCHIHADISMUS Bitte verwenden Sie innerhalb des Museums nicht die Lautsprecherfunktion. https:\/\/museovt.com\/de\/wp-content\/uploads\/sites\/5\/2021\/03\/14de.mp3 Der dschihadistische Terrorismus ist eine weltweite Bedrohung, die im Falle Spaniens bereits f\u00fcr drei gro\u00dfe Anschl\u00e4ge verantwortlich war. Der Erste erfolgte im Jahr 1985 gegen das Restaurant El Descanso [&hellip;]<\/p>\n","protected":false},"author":1,"featured_media":0,"parent":0,"menu_order":0,"comment_status":"closed","ping_status":"closed","template":"","meta":{"inline_featured_image":false,"_trash_the_other_posts":false,"editor_notices":[],"footnotes":""},"class_list":["post-1048","page","type-page","status-publish","hentry"],"_links":{"self":[{"href":"https:\/\/museovt.com\/de\/wp-json\/wp\/v2\/pages\/1048","targetHints":{"allow":["GET"]}}],"collection":[{"href":"https:\/\/museovt.com\/de\/wp-json\/wp\/v2\/pages"}],"about":[{"href":"https:\/\/museovt.com\/de\/wp-json\/wp\/v2\/types\/page"}],"author":[{"embeddable":true,"href":"https:\/\/museovt.com\/de\/wp-json\/wp\/v2\/users\/1"}],"replies":[{"embeddable":true,"href":"https:\/\/museovt.com\/de\/wp-json\/wp\/v2\/comments?post=1048"}],"version-history":[{"count":56,"href":"https:\/\/museovt.com\/de\/wp-json\/wp\/v2\/pages\/1048\/revisions"}],"predecessor-version":[{"id":2994,"href":"https:\/\/museovt.com\/de\/wp-json\/wp\/v2\/pages\/1048\/revisions\/2994"}],"wp:attachment":[{"href":"https:\/\/museovt.com\/de\/wp-json\/wp\/v2\/media?parent=1048"}],"curies":[{"name":"wp","href":"https:\/\/api.w.org\/{rel}","templated":true}]}}