{"id":1046,"date":"2021-01-03T12:20:12","date_gmt":"2021-01-03T12:20:12","guid":{"rendered":"http:\/\/museovt.com\/?page_id=1046"},"modified":"2021-03-31T16:40:35","modified_gmt":"2021-03-31T16:40:35","slug":"qr-13","status":"publish","type":"page","link":"https:\/\/museovt.com\/de\/qr-13\/","title":{"rendered":"13.- GRAPO"},"content":{"rendered":"<div  class=\"one withsmallpadding ppb_text\" style=\"padding:30px;\" >\n<h5 id=\"bajar\"><\/h5>\n<\/div>\n<div  class=\"one withsmallpadding ppb_text\" style=\"padding:30px 0 30px 0;\" >\n<div class=\"standard_wrapper\">\n<div class=\"page_content_wrapper\">\n<div class=\"inner\">\n<div style=\"margin:auto;width:100%\">\n<h2 style=\"color: #999999; text-align: center;\"><span style=\"color: #ffffff;\"><img decoding=\"async\" class=\"alignnone wp-image-756\" src=\"http:\/\/museovt.com\/wp-content\/uploads\/2021\/01\/13.svg\" alt=\"\" width=\"50\" \/><br \/>\nGRAPO<\/span><\/h2>\n<\/div>\n<\/div>\n<\/div>\n<\/div>\n<\/div>\n<div  class=\"one withsmallpadding ppb_text\" style=\"padding:30px 0 30px 0;\" >\n<div class=\"standard_wrapper\">\n<div class=\"page_content_wrapper\">\n<div class=\"inner\">\n<div style=\"margin:auto;width:100%\">\n<h5 style=\"text-align: center;\"><i class=\"fa fa-headphones fa-3x\" aria-hidden=\"true\"><\/i><br \/>\n<em>Bitte verwenden Sie innerhalb des Museums nicht die Lautsprecherfunktion.<\/em><\/h5>\n<\/div>\n<\/div>\n<\/div>\n<\/div>\n<\/div>\n<div  class=\"one withsmallpadding ppb_text\" style=\"padding:30px 0 30px 0;\" >\n<div class=\"standard_wrapper\">\n<div class=\"page_content_wrapper\">\n<div class=\"inner\">\n<div style=\"margin:auto;width:100%\"><audio class=\"wp-audio-shortcode\" id=\"audio-1046-2\" preload=\"none\" style=\"width: 100%;\" controls=\"controls\"><source type=\"audio\/mpeg\" src=\"https:\/\/museovt.com\/de\/wp-content\/uploads\/sites\/5\/2021\/03\/13de.mp3?_=2\" \/><a href=\"https:\/\/museovt.com\/de\/wp-content\/uploads\/sites\/5\/2021\/03\/13de.mp3\">https:\/\/museovt.com\/de\/wp-content\/uploads\/sites\/5\/2021\/03\/13de.mp3<\/a><\/audio>\n<\/div>\n<\/div>\n<\/div>\n<\/div>\n<\/div>\n<div  class=\"one withsmallpadding ppb_text\" style=\"padding:30px 0 30px 0;\" >\n<div class=\"standard_wrapper\">\n<div class=\"page_content_wrapper\">\n<div class=\"inner\">\n<div style=\"margin:auto;width:100%\">\n<h6 style=\"text-align: right;\"><a class=\"btn btn-default btn-sm\" href=\"https:\/\/museovt.com\/de\/qr-14\/\"><img decoding=\"async\" loading=\"lazy\" class=\"alignnone wp-image-2398\" src=\"https:\/\/museovt.com\/wp-content\/uploads\/2021\/02\/flechaQr.svg\" alt=\"\" width=\"55\" height=\"36\" \/><\/a><\/h6>\n<\/div>\n<\/div>\n<\/div>\n<\/div>\n<\/div>\n<div  class=\"one withsmallpadding ppb_text\" style=\"padding:30px 0 30px 0;\" >\n<div class=\"standard_wrapper\">\n<div class=\"page_content_wrapper\">\n<div class=\"inner\">\n<div style=\"margin:auto;width:100%\">\n<h6 style=\"text-align: right;\"><a class=\"btn btn-default btn-sm\" href=\"https:\/\/museovt.com\/de\/qr-14\/\"><img decoding=\"async\" loading=\"lazy\" class=\"alignnone wp-image-2398\" src=\"https:\/\/museovt.com\/wp-content\/uploads\/2021\/02\/flechaQr.svg\" alt=\"\" width=\"55\" height=\"36\" \/><\/a><\/h6>\n<\/div>\n<\/div>\n<\/div>\n<\/div>\n<\/div>\n<div  class=\"one withsmallpadding ppb_text\" style=\"padding:30px 0 30px 0;\" >\n<div class=\"standard_wrapper\">\n<div class=\"page_content_wrapper\">\n<div class=\"inner\">\n<div style=\"margin:auto;width:100%\">\n<p style=\"text-align: justify;\"><i class=\"fa fa-deaf fa-4x\" aria-hidden=\"true\"><\/i>Der linksextreme Terrorismus wird in Spanien vor allem mit einem Namen verbunden: GRAPO, die Gruppen des antifaschistischen Widerstands des 1. Oktober. Die Mehrheit ihrer insgesamt 92 Morde ereignete sich in den Jahren des \u00dcbergangs zur Demokratie. Den letzten Mord, an der zaragozanischen Unternehmerin Ana Isabel Herrero, begangen sie im Jahr 2006.<\/p>\n<p><a href=\"https:\/\/museovt.com\/wp-content\/uploads\/2021\/02\/13-1.jpg\"><img decoding=\"async\" class=\"wp-image-2369 size-full\" src=\"https:\/\/museovt.com\/wp-content\/uploads\/2021\/02\/13-1.jpg\" alt=\"\" width=\"100%\" \/><\/a><\/p>\n<p style=\"text-align: justify;\">Wie ihre Flagge mit dem mit Filzstift gezeichneten Symbol und andere von der Polizei beschlagnahmte Gegenst\u00e4nde andeuten, verf\u00fcgten die GRAPO \u00fcber wesentlich weniger Mittel und Unterst\u00fctzung als ETA. Dennoch hinterlie\u00dfen sie eine langanhaltende schmerzhafte Erinnerung. Ihr bekanntestes Opfer war der Unternehmer Publio Cord\u00f3n, der 1995 entf\u00fchrt wurde und bis heute vermisst wird. Aber der antikapitalistische Terrorismus der GRAPO brachte auch dutzende Guardias Civiles, Polizisten, Sicherheitsbeamte, Richter, usw. ums Leben.<\/p>\n<p style=\"text-align: justify;\">F\u00fcr die komplette Zerschlagung dieser Gruppe waren die Sicherheitskr\u00e4fte selbst verantwortlich. Einige Zeit lang war von der \u201eGrapisierung\u201c einer Terrorismusorganisation die Rede, womit ihre Verwandlung in eine absolute Randgruppe gemeint war, die die Verbindung zur Realit\u00e4t und sogar zu ihren eigenen Grundlagen verloren hat.<\/p>\n<\/div>\n<\/div>\n<\/div>\n<\/div>\n<\/div>\n","protected":false},"excerpt":{"rendered":"<p>GRAPO Bitte verwenden Sie innerhalb des Museums nicht die Lautsprecherfunktion. https:\/\/museovt.com\/de\/wp-content\/uploads\/sites\/5\/2021\/03\/13de.mp3 Der linksextreme Terrorismus wird in Spanien vor allem mit einem Namen verbunden: GRAPO, die Gruppen des antifaschistischen Widerstands des 1. Oktober. Die Mehrheit ihrer insgesamt 92 Morde ereignete sich [&hellip;]<\/p>\n","protected":false},"author":1,"featured_media":0,"parent":0,"menu_order":0,"comment_status":"closed","ping_status":"closed","template":"","meta":{"inline_featured_image":false,"_trash_the_other_posts":false,"editor_notices":[],"footnotes":""},"class_list":["post-1046","page","type-page","status-publish","hentry"],"_links":{"self":[{"href":"https:\/\/museovt.com\/de\/wp-json\/wp\/v2\/pages\/1046","targetHints":{"allow":["GET"]}}],"collection":[{"href":"https:\/\/museovt.com\/de\/wp-json\/wp\/v2\/pages"}],"about":[{"href":"https:\/\/museovt.com\/de\/wp-json\/wp\/v2\/types\/page"}],"author":[{"embeddable":true,"href":"https:\/\/museovt.com\/de\/wp-json\/wp\/v2\/users\/1"}],"replies":[{"embeddable":true,"href":"https:\/\/museovt.com\/de\/wp-json\/wp\/v2\/comments?post=1046"}],"version-history":[{"count":53,"href":"https:\/\/museovt.com\/de\/wp-json\/wp\/v2\/pages\/1046\/revisions"}],"predecessor-version":[{"id":2990,"href":"https:\/\/museovt.com\/de\/wp-json\/wp\/v2\/pages\/1046\/revisions\/2990"}],"wp:attachment":[{"href":"https:\/\/museovt.com\/de\/wp-json\/wp\/v2\/media?parent=1046"}],"curies":[{"name":"wp","href":"https:\/\/api.w.org\/{rel}","templated":true}]}}