{"id":1028,"date":"2021-01-03T12:12:42","date_gmt":"2021-01-03T12:12:42","guid":{"rendered":"http:\/\/museovt.com\/?page_id=1028"},"modified":"2021-03-31T16:37:48","modified_gmt":"2021-03-31T16:37:48","slug":"qr-7","status":"publish","type":"page","link":"https:\/\/museovt.com\/de\/qr-7\/","title":{"rendered":"7.- HASSREDEN UND &#8211; PRAKTIKEN"},"content":{"rendered":"<div  class=\"one withsmallpadding ppb_text\" style=\"padding:30px;\" >\n<h5 id=\"bajar\"><\/h5>\n<\/div>\n<div  class=\"one withsmallpadding ppb_text\" style=\"padding:30px 0 30px 0;\" >\n<div class=\"standard_wrapper\">\n<div class=\"page_content_wrapper\">\n<div class=\"inner\">\n<div style=\"margin:auto;width:100%\">\n<h2 style=\"color: #999999; text-align: center;\"><span style=\"color: #ffffff;\"><img decoding=\"async\" class=\"alignnone wp-image-756\" src=\"http:\/\/museovt.com\/wp-content\/uploads\/2021\/01\/7.svg\" alt=\"\" width=\"50\" \/><br \/>\nHASSREDEN UND &#8211; PRAKTIKEN<\/span><\/h2>\n<\/div>\n<\/div>\n<\/div>\n<\/div>\n<\/div>\n<div  class=\"one withsmallpadding ppb_text\" style=\"padding:30px 0 30px 0;\" >\n<div class=\"standard_wrapper\">\n<div class=\"page_content_wrapper\">\n<div class=\"inner\">\n<div style=\"margin:auto;width:100%\">\n<h5 style=\"text-align: center;\"><i class=\"fa fa-headphones fa-3x\" aria-hidden=\"true\"><\/i><br \/>\n<em>Bitte verwenden Sie innerhalb des Museums nicht die Lautsprecherfunktion.<\/em><\/h5>\n<\/div>\n<\/div>\n<\/div>\n<\/div>\n<\/div>\n<div  class=\"one withsmallpadding ppb_text\" style=\"padding:30px 0 30px 0;\" >\n<div class=\"standard_wrapper\">\n<div class=\"page_content_wrapper\">\n<div class=\"inner\">\n<div style=\"margin:auto;width:100%\"><audio class=\"wp-audio-shortcode\" id=\"audio-1028-2\" preload=\"none\" style=\"width: 100%;\" controls=\"controls\"><source type=\"audio\/mpeg\" src=\"https:\/\/museovt.com\/de\/wp-content\/uploads\/sites\/5\/2021\/03\/7de.mp3?_=2\" \/><a href=\"https:\/\/museovt.com\/de\/wp-content\/uploads\/sites\/5\/2021\/03\/7de.mp3\">https:\/\/museovt.com\/de\/wp-content\/uploads\/sites\/5\/2021\/03\/7de.mp3<\/a><\/audio>\n<\/div>\n<\/div>\n<\/div>\n<\/div>\n<\/div>\n<div  class=\"one withsmallpadding ppb_text\" style=\"padding:30px 0 30px 0;\" >\n<div class=\"standard_wrapper\">\n<div class=\"page_content_wrapper\">\n<div class=\"inner\">\n<div style=\"margin:auto;width:100%\">\n<h6 style=\"text-align: right;\"><a class=\"btn btn-default btn-sm\" href=\"https:\/\/museovt.com\/de\/qr-8\"><img decoding=\"async\" loading=\"lazy\" class=\"alignnone wp-image-2398\" src=\"https:\/\/museovt.com\/wp-content\/uploads\/2021\/02\/flechaQr.svg\" alt=\"\" width=\"55\" height=\"36\" \/><\/a><\/h6>\n<\/div>\n<\/div>\n<\/div>\n<\/div>\n<\/div>\n<div  class=\"one withsmallpadding ppb_text\" style=\"padding:30px 0 30px 0;\" >\n<div class=\"standard_wrapper\">\n<div class=\"page_content_wrapper\">\n<div class=\"inner\">\n<div style=\"margin:auto;width:100%\">\n<h6 style=\"text-align: right;\"><a class=\"btn btn-default btn-sm\" href=\"https:\/\/museovt.com\/de\/qr-8\"><img decoding=\"async\" loading=\"lazy\" class=\"alignnone wp-image-2398\" src=\"https:\/\/museovt.com\/wp-content\/uploads\/2021\/02\/flechaQr.svg\" alt=\"\" width=\"55\" height=\"36\" \/><\/a><\/h6>\n<\/div>\n<\/div>\n<\/div>\n<\/div>\n<\/div>\n<div  class=\"one withsmallpadding ppb_text\" style=\"padding:30px 0 30px 0;\" >\n<div class=\"standard_wrapper\">\n<div class=\"page_content_wrapper\">\n<div class=\"inner\">\n<div style=\"margin:auto;width:100%\">\n<p style=\"text-align: justify;\"><i class=\"fa fa-deaf fa-4x\" aria-hidden=\"true\"><\/i>Sie befinden sich im vierten Bereich des Museums: Hassreden und -praktiken. Dies ist eine Gedenkst\u00e4tte f\u00fcr die Opfer des Terrorismus, aber wir m\u00fcssen auch die andere Seite der Medaille betrachten, die der Gewaltt\u00e4ter. Es ist wichtig, sie zu identifizieren und ihre Ideologie, ihre Ziele und Methoden zu kennen. Nichts tr\u00e4gt so sehr zu ihrer Delegitimierung bei wie ihre naturgetreue Darstellung.<\/p>\n<p style=\"text-align: center;\"><a href=\"https:\/\/museovt.com\/wp-content\/uploads\/2021\/02\/7-1.jpg\"><img decoding=\"async\" loading=\"lazy\" class=\"alignnone wp-image-2359 size-full\" src=\"https:\/\/museovt.com\/wp-content\/uploads\/2021\/02\/7-1.jpg\" alt=\"\" width=\"1500\" height=\"1000\" \/><\/a><\/p>\n<p style=\"text-align: justify;\">Alle terroristischen Organisationen habe eine Reihe von Elementen gemeinsam: politische Absichten, Fanatismus, und den Einsatz von Gewalt, um ihre Gegner zu tyrannisieren. Sie unterscheiden sich jedoch in ihrer Ideologie oder ihren Taktiken. Dieser Raum ist in vier Teile unterteilt: Erstens, ETA und der radikale nationalistische Terrorismus; zweitens, Rechtsextremismus und Paramilit\u00e4rs; drittens, Linksextremismus, vor allem GRAPO; und viertens, Dschihadismus.<\/p>\n<\/div>\n<\/div>\n<\/div>\n<\/div>\n<\/div>\n","protected":false},"excerpt":{"rendered":"<p>HASSREDEN UND &#8211; PRAKTIKEN Bitte verwenden Sie innerhalb des Museums nicht die Lautsprecherfunktion. https:\/\/museovt.com\/de\/wp-content\/uploads\/sites\/5\/2021\/03\/7de.mp3 Sie befinden sich im vierten Bereich des Museums: Hassreden und -praktiken. Dies ist eine Gedenkst\u00e4tte f\u00fcr die Opfer des Terrorismus, aber wir m\u00fcssen auch die andere [&hellip;]<\/p>\n","protected":false},"author":1,"featured_media":0,"parent":0,"menu_order":0,"comment_status":"closed","ping_status":"closed","template":"","meta":{"inline_featured_image":false,"_trash_the_other_posts":false,"editor_notices":[],"footnotes":""},"class_list":["post-1028","page","type-page","status-publish","hentry"],"_links":{"self":[{"href":"https:\/\/museovt.com\/de\/wp-json\/wp\/v2\/pages\/1028","targetHints":{"allow":["GET"]}}],"collection":[{"href":"https:\/\/museovt.com\/de\/wp-json\/wp\/v2\/pages"}],"about":[{"href":"https:\/\/museovt.com\/de\/wp-json\/wp\/v2\/types\/page"}],"author":[{"embeddable":true,"href":"https:\/\/museovt.com\/de\/wp-json\/wp\/v2\/users\/1"}],"replies":[{"embeddable":true,"href":"https:\/\/museovt.com\/de\/wp-json\/wp\/v2\/comments?post=1028"}],"version-history":[{"count":50,"href":"https:\/\/museovt.com\/de\/wp-json\/wp\/v2\/pages\/1028\/revisions"}],"predecessor-version":[{"id":2969,"href":"https:\/\/museovt.com\/de\/wp-json\/wp\/v2\/pages\/1028\/revisions\/2969"}],"wp:attachment":[{"href":"https:\/\/museovt.com\/de\/wp-json\/wp\/v2\/media?parent=1028"}],"curies":[{"name":"wp","href":"https:\/\/api.w.org\/{rel}","templated":true}]}}