{"id":1027,"date":"2021-01-03T12:12:39","date_gmt":"2021-01-03T12:12:39","guid":{"rendered":"http:\/\/museovt.com\/?page_id=1027"},"modified":"2021-03-31T16:37:29","modified_gmt":"2021-03-31T16:37:29","slug":"qr-6","status":"publish","type":"page","link":"https:\/\/museovt.com\/de\/qr-6\/","title":{"rendered":"6.- DAS VERSTECK"},"content":{"rendered":"<div  class=\"one withsmallpadding ppb_text\" style=\"padding:30px;\" >\n<h5 id=\"bajar\"><\/h5>\n<\/div>\n<div  class=\"one withsmallpadding ppb_text\" style=\"padding:30px 0 30px 0;\" >\n<div class=\"standard_wrapper\">\n<div class=\"page_content_wrapper\">\n<div class=\"inner\">\n<div style=\"margin:auto;width:100%\">\n<h2 style=\"color: #999999; text-align: center;\"><span style=\"color: #ffffff;\"><img decoding=\"async\" class=\"alignnone wp-image-756\" src=\"http:\/\/museovt.com\/wp-content\/uploads\/2021\/01\/6.svg\" alt=\"\" width=\"50\" \/><br \/>\nDAS VERSTECK<\/span><\/h2>\n<\/div>\n<\/div>\n<\/div>\n<\/div>\n<\/div>\n<div  class=\"one withsmallpadding ppb_text\" style=\"padding:30px 0 30px 0;\" >\n<div class=\"standard_wrapper\">\n<div class=\"page_content_wrapper\">\n<div class=\"inner\">\n<div style=\"margin:auto;width:100%\">\n<h5 style=\"text-align: center;\"><i class=\"fa fa-headphones fa-3x\" aria-hidden=\"true\"><\/i><br \/>\n<em>Bitte verwenden Sie innerhalb des Museums nicht die Lautsprecherfunktion.<\/em><\/h5>\n<\/div>\n<\/div>\n<\/div>\n<\/div>\n<\/div>\n<div  class=\"one withsmallpadding ppb_text\" style=\"padding:30px 0 30px 0;\" >\n<div class=\"standard_wrapper\">\n<div class=\"page_content_wrapper\">\n<div class=\"inner\">\n<div style=\"margin:auto;width:100%\"><audio class=\"wp-audio-shortcode\" id=\"audio-1027-2\" preload=\"none\" style=\"width: 100%;\" controls=\"controls\"><source type=\"audio\/mpeg\" src=\"https:\/\/museovt.com\/de\/wp-content\/uploads\/sites\/5\/2021\/03\/6de.mp3?_=2\" \/><a href=\"https:\/\/museovt.com\/de\/wp-content\/uploads\/sites\/5\/2021\/03\/6de.mp3\">https:\/\/museovt.com\/de\/wp-content\/uploads\/sites\/5\/2021\/03\/6de.mp3<\/a><\/audio>\n<\/div>\n<\/div>\n<\/div>\n<\/div>\n<\/div>\n<div  class=\"one withsmallpadding ppb_text\" style=\"padding:30px 0 30px 0;\" >\n<div class=\"standard_wrapper\">\n<div class=\"page_content_wrapper\">\n<div class=\"inner\">\n<div style=\"margin:auto;width:100%\">\n<h6 style=\"text-align: right;\"><a class=\"btn btn-default btn-sm\" href=\"https:\/\/museovt.com\/de\/qr-7\"><img decoding=\"async\" loading=\"lazy\" class=\"alignnone wp-image-2398\" src=\"https:\/\/museovt.com\/wp-content\/uploads\/2021\/02\/flechaQr.svg\" alt=\"\" width=\"55\" height=\"36\" \/><\/a><\/h6>\n<\/div>\n<\/div>\n<\/div>\n<\/div>\n<\/div>\n<div  class=\"one withsmallpadding ppb_text\" style=\"padding:30px 0 30px 0;\" >\n<div class=\"standard_wrapper\">\n<div class=\"page_content_wrapper\">\n<div class=\"inner\">\n<div style=\"margin:auto;width:100%\">\n<h6 style=\"text-align: right;\"><a class=\"btn btn-default btn-sm\" href=\"https:\/\/museovt.com\/de\/qr-7\"><img decoding=\"async\" loading=\"lazy\" class=\"alignnone wp-image-2398\" src=\"https:\/\/museovt.com\/wp-content\/uploads\/2021\/02\/flechaQr.svg\" alt=\"\" width=\"55\" height=\"36\" \/><\/a><\/h6>\n<\/div>\n<\/div>\n<\/div>\n<\/div>\n<\/div>\n<div  class=\"one withsmallpadding ppb_text\" style=\"padding:30px 0 30px 0;\" >\n<div class=\"standard_wrapper\">\n<div class=\"page_content_wrapper\">\n<div class=\"inner\">\n<div style=\"margin:auto;width:100%\">\n<p style=\"text-align: justify;\"><i class=\"fa fa-deaf fa-4x\" aria-hidden=\"true\"><\/i>In ihrem Bericht beschrieben die Beamten der Guardia Civil, die Jos\u00e9 Antonio Ortega Lara befreiten, den Raum, den sie im Boden unter der Fabrikhalle fanden, wie folgt:<\/p>\n<p style=\"text-align: justify;\">\u201eEr besteht aus drei Bereichen, die wir in der Reihenfolge des Zugangs mit A, B, und C beschreiben. Der Bereich C ist der Raum, in dem Herr Jos\u00e9 Antonio Ortega Lara aufgefunden wurde.<\/p>\n<p style=\"text-align: justify;\"><a style=\"text-align: center;\" href=\"https:\/\/museovt.com\/wp-content\/uploads\/2021\/02\/6-1.jpg\"><img decoding=\"async\" loading=\"lazy\" class=\"alignnone wp-image-2358 size-full\" src=\"https:\/\/museovt.com\/wp-content\/uploads\/2021\/02\/6-1.jpg\" alt=\"\" width=\"1500\" height=\"1000\" \/><\/a><br \/>\n<i class=\"fa fa-deaf fa-4x\" aria-hidden=\"true\"><\/i><\/p>\n<p style=\"text-align: justify;\">Er ist einen Meter und achtzig Zentimeter breit, zwei Meter und achtundvierzig Zentimeter lang und zwei Meter hoch. Die Form des Daches ist ein Satteldach in L\u00e4ngsrichtung, und sowohl das Dach als auch die W\u00e4nde sind mit Holz verkleidet.<\/p>\n<p style=\"text-align: justify;\">Eine kreisf\u00f6rmige \u00d6ffnung, die mit Glas bedeckt ist, birgt eine Lampe, mit der der Raum beleuchtet wird; die Intensit\u00e4t des Lichts dieser Lampe kann mit einem dunkelblauen Vorhang verringert werden.<\/p>\n<p style=\"text-align: justify;\">An der rechten Wand befinden sich zwei Poster (eines mit zwei Windsurfern und ein weiteres mit der verschneiten Bucht La Concha in San Sebasti\u00e1n) und ein einen Meter und sechsundzwanzig Zentimeter langes und f\u00fcnfzehn Zentimeter breites Regal.<\/p>\n<p style=\"text-align: justify;\">An die vordere Wand ist eine Faserplatte angelehnt (&#8230;) au\u00dferdem ist ein Kleiderhaken aus Holz mit zwei Haken zu sehen.<\/p>\n<p style=\"text-align: justify;\">An der linken Wand h\u00e4ngen zwei Kleiderhaken aus Holz, einer mit vier Haken und einer mit einem Haken.<\/p>\n<p style=\"text-align: justify;\">Die Gegenst\u00e4nde in diesem Bereich sind eine einen Meter und achtzig Zentimeter lange und achtundf\u00fcnfzig Zentimeter breite Liege, ein Klapptisch aus Holz, ein schwarzer Klappstuhl aus Plastik.<\/p>\n<p style=\"text-align: justify;\">Die W\u00e4nde und die Decke dieses Bereichs, insbesondere die hintere Wand, weisen eine extrem hohe Feuchtigkeit mit Schimmel- und Tropfstellen auf, welche den charakteristischen Geruch von Feuchtgebieten aufweisen.\u201c<\/p>\n<\/div>\n<\/div>\n<\/div>\n<\/div>\n<\/div>\n","protected":false},"excerpt":{"rendered":"<p>DAS VERSTECK Bitte verwenden Sie innerhalb des Museums nicht die Lautsprecherfunktion. https:\/\/museovt.com\/de\/wp-content\/uploads\/sites\/5\/2021\/03\/6de.mp3 In ihrem Bericht beschrieben die Beamten der Guardia Civil, die Jos\u00e9 Antonio Ortega Lara befreiten, den Raum, den sie im Boden unter der Fabrikhalle fanden, wie folgt: \u201eEr [&hellip;]<\/p>\n","protected":false},"author":1,"featured_media":0,"parent":0,"menu_order":0,"comment_status":"closed","ping_status":"closed","template":"","meta":{"inline_featured_image":false,"_trash_the_other_posts":false,"editor_notices":[],"footnotes":""},"class_list":["post-1027","page","type-page","status-publish","hentry"],"_links":{"self":[{"href":"https:\/\/museovt.com\/de\/wp-json\/wp\/v2\/pages\/1027","targetHints":{"allow":["GET"]}}],"collection":[{"href":"https:\/\/museovt.com\/de\/wp-json\/wp\/v2\/pages"}],"about":[{"href":"https:\/\/museovt.com\/de\/wp-json\/wp\/v2\/types\/page"}],"author":[{"embeddable":true,"href":"https:\/\/museovt.com\/de\/wp-json\/wp\/v2\/users\/1"}],"replies":[{"embeddable":true,"href":"https:\/\/museovt.com\/de\/wp-json\/wp\/v2\/comments?post=1027"}],"version-history":[{"count":56,"href":"https:\/\/museovt.com\/de\/wp-json\/wp\/v2\/pages\/1027\/revisions"}],"predecessor-version":[{"id":2965,"href":"https:\/\/museovt.com\/de\/wp-json\/wp\/v2\/pages\/1027\/revisions\/2965"}],"wp:attachment":[{"href":"https:\/\/museovt.com\/de\/wp-json\/wp\/v2\/media?parent=1027"}],"curies":[{"name":"wp","href":"https:\/\/api.w.org\/{rel}","templated":true}]}}