{"id":1025,"date":"2021-01-03T12:12:30","date_gmt":"2021-01-03T12:12:30","guid":{"rendered":"http:\/\/museovt.com\/?page_id=1025"},"modified":"2021-03-31T16:37:07","modified_gmt":"2021-03-31T16:37:07","slug":"qr-5","status":"publish","type":"page","link":"https:\/\/museovt.com\/de\/qr-5\/","title":{"rendered":"5.- JOS\u00c9 ANTONIO ORTEGA LARA"},"content":{"rendered":"<div  class=\"one withsmallpadding ppb_text\" style=\"padding:30px;\" >\n<h5 id=\"bajar\"><\/h5>\n<\/div>\n<div  class=\"one withsmallpadding ppb_text\" style=\"padding:30px 0 30px 0;\" >\n<div class=\"standard_wrapper\">\n<div class=\"page_content_wrapper\">\n<div class=\"inner\">\n<div style=\"margin:auto;width:100%\">\n<h2 style=\"color: #999999; text-align: center;\"><span style=\"color: #ffffff;\"><img decoding=\"async\" class=\"alignnone wp-image-760 \" src=\"https:\/\/museovt.com\/wp-content\/uploads\/2021\/01\/5.svg\" alt=\"\" width=\"50\"><br \/>\nJOS\u00c9 ANTONIO ORTEGA LARA<\/span><\/h2>\n<\/div>\n<\/div>\n<\/div>\n<\/div>\n<\/div>\n<div  class=\"one withsmallpadding ppb_text\" style=\"padding:30px 0 30px 0;\" >\n<div class=\"standard_wrapper\">\n<div class=\"page_content_wrapper\">\n<div class=\"inner\">\n<div style=\"margin:auto;width:100%\">\n<h5 style=\"text-align: center;\"><i class=\"fa fa-headphones fa-3x\" aria-hidden=\"true\"><\/i><br \/>\n<em>Bitte verwenden Sie innerhalb des Museums nicht die Lautsprecherfunktion.<\/em><\/h5>\n<\/div>\n<\/div>\n<\/div>\n<\/div>\n<\/div>\n<div  class=\"one withsmallpadding ppb_text\" style=\"padding:30px 0 30px 0;\" >\n<div class=\"standard_wrapper\">\n<div class=\"page_content_wrapper\">\n<div class=\"inner\">\n<div style=\"margin:auto;width:100%\"><audio class=\"wp-audio-shortcode\" id=\"audio-1025-2\" preload=\"none\" style=\"width: 100%;\" controls=\"controls\"><source type=\"audio\/mpeg\" src=\"https:\/\/museovt.com\/de\/wp-content\/uploads\/sites\/5\/2021\/03\/5de.mp3?_=2\" \/><a href=\"https:\/\/museovt.com\/de\/wp-content\/uploads\/sites\/5\/2021\/03\/5de.mp3\">https:\/\/museovt.com\/de\/wp-content\/uploads\/sites\/5\/2021\/03\/5de.mp3<\/a><\/audio>\n<\/div>\n<\/div>\n<\/div>\n<\/div>\n<\/div>\n<div  class=\"one withsmallpadding ppb_text\" style=\"padding:30px 0 30px 0;\" >\n<div class=\"standard_wrapper\">\n<div class=\"page_content_wrapper\">\n<div class=\"inner\">\n<div style=\"margin:auto;width:100%\">\n<h6 style=\"text-align: right;\"><a class=\"btn btn-default btn-sm\" href=\"https:\/\/museovt.com\/de\/qr-6\/\"><img decoding=\"async\" loading=\"lazy\" class=\"alignnone wp-image-2398\" src=\"https:\/\/museovt.com\/wp-content\/uploads\/2021\/02\/flechaQr.svg\" alt=\"\" width=\"55\" height=\"36\" \/><\/a><\/h6>\n<\/div>\n<\/div>\n<\/div>\n<\/div>\n<\/div>\n<div  class=\"one withsmallpadding ppb_text\" style=\"padding:30px 0 30px 0;\" >\n<div class=\"standard_wrapper\">\n<div class=\"page_content_wrapper\">\n<div class=\"inner\">\n<div style=\"margin:auto;width:100%\">\n<h6 style=\"text-align: right;\"><a class=\"btn btn-default btn-sm\" href=\"https:\/\/museovt.com\/de\/qr-6\/\"><img decoding=\"async\" loading=\"lazy\" class=\"alignnone wp-image-2398\" src=\"https:\/\/museovt.com\/wp-content\/uploads\/2021\/02\/flechaQr.svg\" alt=\"\" width=\"55\" height=\"36\" \/><\/a><\/h6>\n<\/div>\n<\/div>\n<\/div>\n<\/div>\n<\/div>\n<div  class=\"one withsmallpadding ppb_text\" style=\"padding:30px 0 30px 0;\" >\n<div class=\"standard_wrapper\">\n<div class=\"page_content_wrapper\">\n<div class=\"inner\">\n<div style=\"margin:auto;width:100%\">\n<p style=\"text-align: justify;\"><i class=\"fa fa-deaf fa-4x\" aria-hidden=\"true\"><\/i>Entf\u00fchrungen weisen ganz besondere Merkmale auf. Zun\u00e4chst aufgrund der Isolierung und Hilflosigkeit, der die Opfer unterworfen werden. Und dann aufgrund der gesellschaftlichen Reaktion, die entstehen kann, um zu erreichen, dass die Gefangenen nach Hause zur\u00fcckkehren.<\/p>\n<p><a href=\"https:\/\/museovt.com\/wp-content\/uploads\/2021\/02\/5-1.jpg\"><img decoding=\"async\" class=\"wp-image-2356 size-full\" src=\"https:\/\/museovt.com\/wp-content\/uploads\/2021\/02\/5-1.jpg\" alt=\"\" width=\"100%\" \/><\/a><\/p>\n<p style=\"text-align: justify;\">Hier konzentrieren wir uns auf einen Fall, die l\u00e4ngste Entf\u00fchrung, die es in Spanien je gegeben hat: 532 Tage hielt ETA den Gef\u00e4ngnisw\u00e4rter Jos\u00e9 Antonio Ortega Lara in einem winzigen Versteck in Mondrag\u00f3n als Geisel gefangen. Es gelang der Guardia Civil, seine Entf\u00fchrer zu fassen und ihn zu befreien, aber die traumatische Erfahrung hat lebenslange Spuren in ihm hinterlassen. Eine Nachbildung des Lochs, in dem Ortega Lara versteckt war, kann durch den Glasboden gesehen werden. Der Besuch seines Inneren ist ebenfalls empfehlenswert und ist auf Vorreservierung in kleinen Gruppen und in Begleitung eines F\u00fchrers m\u00f6glich.<\/p>\n<p style=\"text-align: justify;\">Um mehr zu erfahren, k\u00f6nnen Sie mit dem Interaktiv-Ger\u00e4t \u00fcber die Entf\u00fchrungen durch Terroristen fahren, die es zwischen 1970 und heute sowohl in Spanien als auch von Spaniern im Ausland gegeben hat. Es gibt mehr als 160 F\u00e4lle und f\u00fcr jeden gibt es ein eigenes Datenblatt sowie die dar\u00fcber in der Presse erschienenen Informationen.<\/p>\n<\/div>\n<\/div>\n<\/div>\n<\/div>\n<\/div>\n","protected":false},"excerpt":{"rendered":"<p>JOS\u00c9 ANTONIO ORTEGA LARA Bitte verwenden Sie innerhalb des Museums nicht die Lautsprecherfunktion. https:\/\/museovt.com\/de\/wp-content\/uploads\/sites\/5\/2021\/03\/5de.mp3 Entf\u00fchrungen weisen ganz besondere Merkmale auf. Zun\u00e4chst aufgrund der Isolierung und Hilflosigkeit, der die Opfer unterworfen werden. Und dann aufgrund der gesellschaftlichen Reaktion, die entstehen kann, [&hellip;]<\/p>\n","protected":false},"author":1,"featured_media":0,"parent":0,"menu_order":0,"comment_status":"closed","ping_status":"closed","template":"","meta":{"inline_featured_image":false,"_trash_the_other_posts":false,"editor_notices":[],"footnotes":""},"class_list":["post-1025","page","type-page","status-publish","hentry"],"_links":{"self":[{"href":"https:\/\/museovt.com\/de\/wp-json\/wp\/v2\/pages\/1025","targetHints":{"allow":["GET"]}}],"collection":[{"href":"https:\/\/museovt.com\/de\/wp-json\/wp\/v2\/pages"}],"about":[{"href":"https:\/\/museovt.com\/de\/wp-json\/wp\/v2\/types\/page"}],"author":[{"embeddable":true,"href":"https:\/\/museovt.com\/de\/wp-json\/wp\/v2\/users\/1"}],"replies":[{"embeddable":true,"href":"https:\/\/museovt.com\/de\/wp-json\/wp\/v2\/comments?post=1025"}],"version-history":[{"count":65,"href":"https:\/\/museovt.com\/de\/wp-json\/wp\/v2\/pages\/1025\/revisions"}],"predecessor-version":[{"id":2961,"href":"https:\/\/museovt.com\/de\/wp-json\/wp\/v2\/pages\/1025\/revisions\/2961"}],"wp:attachment":[{"href":"https:\/\/museovt.com\/de\/wp-json\/wp\/v2\/media?parent=1025"}],"curies":[{"name":"wp","href":"https:\/\/api.w.org\/{rel}","templated":true}]}}