{"id":1023,"date":"2021-01-03T12:17:43","date_gmt":"2021-01-03T12:17:43","guid":{"rendered":"http:\/\/museovt.com\/?page_id=1023"},"modified":"2021-03-31T16:36:13","modified_gmt":"2021-03-31T16:36:13","slug":"qr-3","status":"publish","type":"page","link":"https:\/\/museovt.com\/de\/qr-3\/","title":{"rendered":"3.- GESCHICHTE DES TERRORISMUS"},"content":{"rendered":"<div  class=\"one withsmallpadding ppb_text\" style=\"padding:30px;\" >\n<h5 id=\"bajar\"><\/h5>\n<\/div>\n<div  class=\"one withsmallpadding ppb_text\" style=\"padding:30px 0 30px 0;\" >\n<div class=\"standard_wrapper\">\n<div class=\"page_content_wrapper\">\n<div class=\"inner\">\n<div style=\"margin:auto;width:100%\">\n<h2 style=\"color: #999999; text-align: center;\"><span style=\"color: #ffffff;\"><img decoding=\"async\" class=\"alignnone wp-image-758\" src=\"http:\/\/museovt.com\/wp-content\/uploads\/2021\/01\/3.svg\" alt=\"\" width=\"50\" \/><br \/>\nGESCHICHTE DES TERRORISMUS<br \/>\n<\/span><\/h2>\n<\/div>\n<\/div>\n<\/div>\n<\/div>\n<\/div>\n<div  class=\"one withsmallpadding ppb_text\" style=\"padding:30px 0 30px 0;\" >\n<div class=\"standard_wrapper\">\n<div class=\"page_content_wrapper\">\n<div class=\"inner\">\n<div style=\"margin:auto;width:100%\">\n<h5 style=\"text-align: center;\"><i class=\"fa fa-headphones fa-3x\" aria-hidden=\"true\"><\/i><br \/>\n<em>Bitte verwenden Sie innerhalb des Museums nicht die Lautsprecherfunktion.<\/em><\/h5>\n<\/div>\n<\/div>\n<\/div>\n<\/div>\n<\/div>\n<div  class=\"one withsmallpadding ppb_text\" style=\"padding:30px 0 30px 0;\" >\n<div class=\"standard_wrapper\">\n<div class=\"page_content_wrapper\">\n<div class=\"inner\">\n<div style=\"margin:auto;width:100%\"><audio class=\"wp-audio-shortcode\" id=\"audio-1023-2\" preload=\"none\" style=\"width: 100%;\" controls=\"controls\"><source type=\"audio\/mpeg\" src=\"https:\/\/museovt.com\/de\/wp-content\/uploads\/sites\/5\/2021\/03\/3de.mp3?_=2\" \/><a href=\"https:\/\/museovt.com\/de\/wp-content\/uploads\/sites\/5\/2021\/03\/3de.mp3\">https:\/\/museovt.com\/de\/wp-content\/uploads\/sites\/5\/2021\/03\/3de.mp3<\/a><\/audio>\n<\/div>\n<\/div>\n<\/div>\n<\/div>\n<\/div>\n<div  class=\"one withsmallpadding ppb_text\" style=\"padding:30px 0 30px 0;\" >\n<div class=\"standard_wrapper\">\n<div class=\"page_content_wrapper\">\n<div class=\"inner\">\n<div style=\"margin:auto;width:100%\">\n<h6 style=\"text-align: right;\"><a class=\"btn btn-default btn-sm\" href=\"https:\/\/museovt.com\/de\/qr-4\"><img decoding=\"async\" loading=\"lazy\" class=\"alignnone wp-image-2398\" src=\"https:\/\/museovt.com\/wp-content\/uploads\/2021\/02\/flechaQr.svg\" alt=\"\" width=\"55\" height=\"36\" \/><\/a><\/h6>\n<\/div>\n<\/div>\n<\/div>\n<\/div>\n<\/div>\n<div  class=\"one withsmallpadding ppb_text\" style=\"padding:30px 0 30px 0;\" >\n<div class=\"standard_wrapper\">\n<div class=\"page_content_wrapper\">\n<div class=\"inner\">\n<div style=\"margin:auto;width:100%\">\n<h6 style=\"text-align: right;\"><a class=\"btn btn-default btn-sm\" href=\"https:\/\/museovt.com\/de\/qr-4\"><img decoding=\"async\" loading=\"lazy\" class=\"alignnone wp-image-2398\" src=\"https:\/\/museovt.com\/wp-content\/uploads\/2021\/02\/flechaQr.svg\" alt=\"\" width=\"55\" height=\"36\" \/><\/a><\/h6>\n<\/div>\n<\/div>\n<\/div>\n<\/div>\n<\/div>\n<div  class=\"one withsmallpadding ppb_text\" style=\"padding:30px 0 30px 0;\" >\n<div class=\"standard_wrapper\">\n<div class=\"page_content_wrapper\">\n<div class=\"inner\">\n<div style=\"margin:auto;width:100%\">\n<p style=\"text-align: justify;\"><i class=\"fa fa-deaf fa-4x\" aria-hidden=\"true\"><\/i>Wir befinden uns im dritten Raum: Geschichte des Terrorismus. Hier werden die Ereignisse in Zeit und Raum situiert. Die Erinnerung f\u00f6rdert das Mitgef\u00fchl gegen\u00fcber dem Leid der Opfer. Aber diese Gedenkst\u00e4tte ist auch ein Verlaufsprotokoll. Sie verfolgt eine p\u00e4dagogische Funktion, wobei die Geschichte als erkl\u00e4rende Grundlage und als Lehrerin des Lebens verwendet wird.<\/p>\n<p><a href=\"https:\/\/museovt.com\/wp-content\/uploads\/2021\/02\/3-1.jpg\"><img decoding=\"async\" loading=\"lazy\" class=\"alignnone wp-image-2355 size-full\" src=\"https:\/\/museovt.com\/wp-content\/uploads\/2021\/02\/3-1.jpg\" alt=\"\" width=\"1500\" height=\"975\" \/><\/a><\/p>\n<p style=\"text-align: justify;\">Das Kernst\u00fcck ist ein Zeitstrahl, der 1960 beginnt und bis in die Gegenwart reicht. Dieser unterteilt sich in drei Zeitr\u00e4ume: die Franco-Diktatur, die \u00dcbergangsphase, und die Demokratie. Innerhalb dieser werden f\u00fcr jedes Jahr die wichtigsten Ereignisse in Verbindung mit dem Terrorismus aufgef\u00fchrt: der Beginn von ETA, die Ermordung des Pr\u00e4sidenten der Franco-Regierung, Luis Carrero Blanco, das Massaker im Caf\u00e9 Rolanda, der 11. M\u00e4rz, &#8230;<\/p>\n<p style=\"text-align: justify;\">Der Terrorismus ist weder ein lokales noch ein neues Ph\u00e4nomen. Er erschien in seiner modernen Form im 19. Jahrhundert und hat L\u00e4nder aller Kontinente betroffen, mit so brutalen Meilensteinen wie dem 11. September 2001 in den USA. Aber ungeachtet der Epoche oder dem Vorwand der Terroristen haben alle einen Grundsatz gemeinsam. Ihrer Meinung nach rechtfertigt der Zweck ihre blutigen Mittel. Allerdings warnte schon der Humanist Sebasti\u00e1n Castellion: \u201eWer einen Mann t\u00f6tet, verteidigt keine Doktrin. Er t\u00f6tet einen Mann\u201c.<\/p>\n<p style=\"text-align: justify;\">Dieser informative, kontextbezogene Teil wird durch einen emotionaleren erg\u00e4nzt: die Installation in dem Gang, der hinten rechts im Raum beginnt. Dort h\u00e4ngen 1.451 Platten von der Decke &#8211; so viele, wie der Terrorismus in Spanien Todesopfer gefordert hat. Auf die Wand werden die Portraits der ermordeten Kinder projiziert, die die Unschuld an sich verk\u00f6rpern.<\/p>\n<\/div>\n<\/div>\n<\/div>\n<\/div>\n<\/div>\n","protected":false},"excerpt":{"rendered":"<p>GESCHICHTE DES TERRORISMUS Bitte verwenden Sie innerhalb des Museums nicht die Lautsprecherfunktion. https:\/\/museovt.com\/de\/wp-content\/uploads\/sites\/5\/2021\/03\/3de.mp3 Wir befinden uns im dritten Raum: Geschichte des Terrorismus. Hier werden die Ereignisse in Zeit und Raum situiert. Die Erinnerung f\u00f6rdert das Mitgef\u00fchl gegen\u00fcber dem Leid der [&hellip;]<\/p>\n","protected":false},"author":1,"featured_media":0,"parent":0,"menu_order":0,"comment_status":"closed","ping_status":"closed","template":"","meta":{"inline_featured_image":false,"_trash_the_other_posts":false,"editor_notices":[],"footnotes":""},"class_list":["post-1023","page","type-page","status-publish","hentry"],"_links":{"self":[{"href":"https:\/\/museovt.com\/de\/wp-json\/wp\/v2\/pages\/1023","targetHints":{"allow":["GET"]}}],"collection":[{"href":"https:\/\/museovt.com\/de\/wp-json\/wp\/v2\/pages"}],"about":[{"href":"https:\/\/museovt.com\/de\/wp-json\/wp\/v2\/types\/page"}],"author":[{"embeddable":true,"href":"https:\/\/museovt.com\/de\/wp-json\/wp\/v2\/users\/1"}],"replies":[{"embeddable":true,"href":"https:\/\/museovt.com\/de\/wp-json\/wp\/v2\/comments?post=1023"}],"version-history":[{"count":56,"href":"https:\/\/museovt.com\/de\/wp-json\/wp\/v2\/pages\/1023\/revisions"}],"predecessor-version":[{"id":2950,"href":"https:\/\/museovt.com\/de\/wp-json\/wp\/v2\/pages\/1023\/revisions\/2950"}],"wp:attachment":[{"href":"https:\/\/museovt.com\/de\/wp-json\/wp\/v2\/media?parent=1023"}],"curies":[{"name":"wp","href":"https:\/\/api.w.org\/{rel}","templated":true}]}}