{"id":1017,"date":"2021-01-03T12:12:02","date_gmt":"2021-01-03T12:12:02","guid":{"rendered":"http:\/\/museovt.com\/?page_id=1017"},"modified":"2021-03-31T16:42:39","modified_gmt":"2021-03-31T16:42:39","slug":"qr-19","status":"publish","type":"page","link":"https:\/\/museovt.com\/de\/qr-19\/","title":{"rendered":"19.- ERMITTLUNGSVERFAHREN"},"content":{"rendered":"<div  class=\"one withsmallpadding ppb_text\" style=\"padding:30px;\" >\n<h5 id=\"bajar\"><\/h5>\n<\/div>\n<div  class=\"one withsmallpadding ppb_text\" style=\"padding:30px 0 30px 0;\" >\n<div class=\"standard_wrapper\">\n<div class=\"page_content_wrapper\">\n<div class=\"inner\">\n<div style=\"margin:auto;width:100%\">\n<h3 style=\"color: #999999; text-align: center;\"><span style=\"color: #ffffff;\"><img decoding=\"async\" class=\"alignnone wp-image-756\" src=\"http:\/\/museovt.com\/wp-content\/uploads\/2021\/01\/19.svg\" alt=\"\" width=\"50\" \/><br \/>\nERMITTLUNGSVERFAHREN<br \/>\n<\/span><\/h3>\n<\/div>\n<\/div>\n<\/div>\n<\/div>\n<\/div>\n<div  class=\"one withsmallpadding ppb_text\" style=\"padding:30px 0 30px 0;\" >\n<div class=\"standard_wrapper\">\n<div class=\"page_content_wrapper\">\n<div class=\"inner\">\n<div style=\"margin:auto;width:100%\">\n<h5 style=\"text-align: center;\"><i class=\"fa fa-headphones fa-3x\" aria-hidden=\"true\"><\/i><br \/>\n<em>Bitte verwenden Sie innerhalb des Museums nicht die Lautsprecherfunktion.<\/em><\/h5>\n<\/div>\n<\/div>\n<\/div>\n<\/div>\n<\/div>\n<div  class=\"one withsmallpadding ppb_text\" style=\"padding:30px 0 30px 0;\" >\n<div class=\"standard_wrapper\">\n<div class=\"page_content_wrapper\">\n<div class=\"inner\">\n<div style=\"margin:auto;width:100%\"><audio class=\"wp-audio-shortcode\" id=\"audio-1017-2\" preload=\"none\" style=\"width: 100%;\" controls=\"controls\"><source type=\"audio\/mpeg\" src=\"https:\/\/museovt.com\/de\/wp-content\/uploads\/sites\/5\/2021\/03\/19de.mp3?_=2\" \/><a href=\"https:\/\/museovt.com\/de\/wp-content\/uploads\/sites\/5\/2021\/03\/19de.mp3\">https:\/\/museovt.com\/de\/wp-content\/uploads\/sites\/5\/2021\/03\/19de.mp3<\/a><\/audio>\n<\/div>\n<\/div>\n<\/div>\n<\/div>\n<\/div>\n<div  class=\"one withsmallpadding ppb_text\" style=\"padding:30px 0 30px 0;\" >\n<div class=\"standard_wrapper\">\n<div class=\"page_content_wrapper\">\n<div class=\"inner\">\n<div style=\"margin:auto;width:100%\">\n<h6 style=\"text-align: right;\"><a class=\"btn btn-default btn-sm\" href=\"https:\/\/museovt.com\/de\/qr-20\/\"><img decoding=\"async\" loading=\"lazy\" class=\"alignnone wp-image-2398\" src=\"https:\/\/museovt.com\/wp-content\/uploads\/2021\/02\/flechaQr.svg\" alt=\"\" width=\"55\" height=\"36\" \/><\/a><\/h6>\n<\/div>\n<\/div>\n<\/div>\n<\/div>\n<\/div>\n<div  class=\"one withsmallpadding ppb_text\" style=\"padding:30px 0 30px 0;\" >\n<div class=\"standard_wrapper\">\n<div class=\"page_content_wrapper\">\n<div class=\"inner\">\n<div style=\"margin:auto;width:100%\">\n<h6 style=\"text-align: right;\"><a class=\"btn btn-default btn-sm\" href=\"https:\/\/museovt.com\/de\/qr-20\/\"><img decoding=\"async\" loading=\"lazy\" class=\"alignnone wp-image-2398\" src=\"https:\/\/museovt.com\/wp-content\/uploads\/2021\/02\/flechaQr.svg\" alt=\"\" width=\"55\" height=\"36\" \/><\/a><\/h6>\n<\/div>\n<\/div>\n<\/div>\n<\/div>\n<\/div>\n<div  class=\"one withsmallpadding ppb_text\" style=\"padding:30px 0 30px 0;\" >\n<div class=\"standard_wrapper\">\n<div class=\"page_content_wrapper\">\n<div class=\"inner\">\n<div style=\"margin:auto;width:100%\">\n<p style=\"text-align: justify;\"><i class=\"fa fa-deaf fa-4x\" aria-hidden=\"true\"><\/i>Der Arbeitsaufwand, der hinter einer Verurteilung steckt, kann am Umfang eines Ermittlungsverfahrens gesehen werden, in diesem Fall das Verfahren zum Mord der Arbeitsrechtsanw\u00e4lte von Atocha in Madrid durch rechtsextreme Sch\u00fctzen im Jahr 1977. Im Gegensatz zu dem Schuldspruch, der verh\u00e4ngt wurde, stand f\u00fcr das Umfeld der Terroristen das Urteil schon im Voraus fest: die Angeklagten waren unschuldig und mussten befreit werden, wie sie auf einem einfachen Aufkleber forderten.<\/p>\n<p style=\"text-align: center;\"><a href=\"https:\/\/museovt.com\/wp-content\/uploads\/2021\/02\/19-1.jpg\"><img decoding=\"async\" class=\"alignright size-full wp-image-2377\" src=\"https:\/\/museovt.com\/wp-content\/uploads\/2021\/02\/19-1.jpg\" alt=\"\" width=\"100%\" \/><\/a><\/p>\n<p style=\"text-align: justify;\">Eine rigorose polizeiliche und gerichtliche Arbeit ist unverzichtbar, damit das Urteil gerecht ist. Alejandro Ruiz-Huerta, \u00dcberlebender des Massakers von Atocha, erz\u00e4hlt von den Licht- und Schattenseiten dieses Prozesses, der bis in die Gegenwart nachklingt.<\/p>\n<p><strong>Alejandro Ruiz-Huerta. Ermittlungsverfahren<\/strong><\/p>\n<p style=\"text-align: justify;\"><em>\u201eIch danke der Gedenkst\u00e4tte der Opfer des Terrorismus f\u00fcr ihre Bem\u00fchungen, alle Opfer sichtbar zu machen.<\/em><\/p>\n<p style=\"text-align: justify;\"><em>Atocha hatte wie der Mond seine verborgenen Seiten, sein Licht und seine Schatten. Seit 1977, als das kriminelle Attentat begangen wurde, bis November 2020, als, umgeben von zahlreichen Unregelm\u00e4\u00dfigkeiten, einer der direkten Verantwortlichen freigelassen wurde, nachdem er mehrmals vor der Justiz gefl\u00fcchtet war, gab es st\u00e4ndig Schatten \u00fcber dem gerichtlichen Vorgehen.<\/em><\/p>\n<p style=\"text-align: justify;\"><em>Zu Beginn gab es auch Lichtblicke: Die z\u00fcgige Festnahme der Beteiligten, was damals nicht \u00fcblich war. Und ein ausreichend gerechtes Verfahren im Jahr 1980. Die drei direkten Verantwortlichen wurden zu 193 Jahren Haft verurteilt, obwohl sie nur 30 Jahre absitzen k\u00f6nnten. Gegen vier weitere Beamte der Vertikalen Verkehrsgewerkschaft, welche hinter den Anschl\u00e4gen steckte, wurden geringere Strafen verh\u00e4ngt.<\/em><\/p>\n<p style=\"text-align: justify;\"><em>Einen Schatten warf der Richter G\u00f3mez Chaparro, der gegen die Regeln verstie\u00df und einen der Beteiligten freilie\u00df, welcher die Gelegenheit nutzte, um zu fliehen.<\/em><\/p>\n<p style=\"text-align: justify;\"><em>Die verurteilten wurden neben weiteren weniger schweren Vergehen des Mordes und des Terrorismus f\u00fcr schuldig befunden, und es wurde davon ausgegangen, dass sie eine bewaffnete Gruppierung gegen den demokratischen Prozess bildeten.<\/em><\/p>\n<p style=\"text-align: justify;\"><em>Einige Pers\u00f6nlichkeiten der extremen Rechten, die m\u00f6glicherweise involviert waren, konnten nicht aussagen. Die Richter verhinderten es.<\/em><\/p>\n<p style=\"text-align: justify;\"><em>Au\u00dferdem gab es keinerlei Sicherheit, um uns zu besch\u00fctzen, da wir \u00dcberlebenden entscheidende Zeugen waren.<\/em><\/p>\n<p style=\"text-align: justify;\"><em>Aber es war eines der ersten Male, dass die Franco-Diktatur auf der Anklagebank sa\u00df, und schlie\u00dflich endete es mit einer fehlerhaften und unklaren gerichtlichen Intervention Ende 2020, um den letzten Verantwortlichen freizulassen, nachdem er nur knapp 14 Jahre abgesessen hatte. Das l\u00f6ste ein tiefes Unbehagen und einen Verlust der Hoffnung auf Gerechtigkeit in uns aus und betrifft meines Erachtens den spanischen Rechtsstaat an sich\u201c.<\/em><\/p>\n<\/div>\n<\/div>\n<\/div>\n<\/div>\n<\/div>\n","protected":false},"excerpt":{"rendered":"<p>ERMITTLUNGSVERFAHREN Bitte verwenden Sie innerhalb des Museums nicht die Lautsprecherfunktion. https:\/\/museovt.com\/de\/wp-content\/uploads\/sites\/5\/2021\/03\/19de.mp3 Der Arbeitsaufwand, der hinter einer Verurteilung steckt, kann am Umfang eines Ermittlungsverfahrens gesehen werden, in diesem Fall das Verfahren zum Mord der Arbeitsrechtsanw\u00e4lte von Atocha in Madrid durch rechtsextreme [&hellip;]<\/p>\n","protected":false},"author":1,"featured_media":0,"parent":0,"menu_order":0,"comment_status":"closed","ping_status":"closed","template":"","meta":{"inline_featured_image":false,"_trash_the_other_posts":false,"editor_notices":[],"footnotes":""},"class_list":["post-1017","page","type-page","status-publish","hentry"],"_links":{"self":[{"href":"https:\/\/museovt.com\/de\/wp-json\/wp\/v2\/pages\/1017","targetHints":{"allow":["GET"]}}],"collection":[{"href":"https:\/\/museovt.com\/de\/wp-json\/wp\/v2\/pages"}],"about":[{"href":"https:\/\/museovt.com\/de\/wp-json\/wp\/v2\/types\/page"}],"author":[{"embeddable":true,"href":"https:\/\/museovt.com\/de\/wp-json\/wp\/v2\/users\/1"}],"replies":[{"embeddable":true,"href":"https:\/\/museovt.com\/de\/wp-json\/wp\/v2\/comments?post=1017"}],"version-history":[{"count":63,"href":"https:\/\/museovt.com\/de\/wp-json\/wp\/v2\/pages\/1017\/revisions"}],"predecessor-version":[{"id":3014,"href":"https:\/\/museovt.com\/de\/wp-json\/wp\/v2\/pages\/1017\/revisions\/3014"}],"wp:attachment":[{"href":"https:\/\/museovt.com\/de\/wp-json\/wp\/v2\/media?parent=1017"}],"curies":[{"name":"wp","href":"https:\/\/api.w.org\/{rel}","templated":true}]}}