{"id":1016,"date":"2021-01-03T12:12:00","date_gmt":"2021-01-03T12:12:00","guid":{"rendered":"http:\/\/museovt.com\/?page_id=1016"},"modified":"2021-03-31T16:40:15","modified_gmt":"2021-03-31T16:40:15","slug":"qr-12","status":"publish","type":"page","link":"https:\/\/museovt.com\/de\/qr-12\/","title":{"rendered":"12.- RECHTSEXTREMER TERRORISMUS UND GAL"},"content":{"rendered":"<div  class=\"one withsmallpadding ppb_text\" style=\"padding:30px;\" >\n<h5 id=\"bajar\"><\/h5>\n<\/div>\n<div  class=\"one withsmallpadding ppb_text\" style=\"padding:30px 0 30px 0;\" >\n<div class=\"standard_wrapper\">\n<div class=\"page_content_wrapper\">\n<div class=\"inner\">\n<div style=\"margin:auto;width:100%\">\n<h2 style=\"color: #999999; text-align: center;\"><span style=\"color: #ffffff;\"><img decoding=\"async\" class=\"alignnone wp-image-756\" src=\"http:\/\/museovt.com\/wp-content\/uploads\/2021\/01\/12.svg\" alt=\"\" width=\"50\" \/><br \/>\nRECHTSEXTREMER TERRORISMUS UND GAL<br \/>\n<\/span><\/h2>\n<\/div>\n<\/div>\n<\/div>\n<\/div>\n<\/div>\n<div  class=\"one withsmallpadding ppb_text\" style=\"padding:30px 0 30px 0;\" >\n<div class=\"standard_wrapper\">\n<div class=\"page_content_wrapper\">\n<div class=\"inner\">\n<div style=\"margin:auto;width:100%\">\n<h5 style=\"text-align: center;\"><i class=\"fa fa-headphones fa-3x\" aria-hidden=\"true\"><\/i><br \/>\n<em>Bitte verwenden Sie innerhalb des Museums nicht die Lautsprecherfunktion.<\/em><\/h5>\n<\/div>\n<\/div>\n<\/div>\n<\/div>\n<\/div>\n<div  class=\"one withsmallpadding ppb_text\" style=\"padding:30px 0 30px 0;\" >\n<div class=\"standard_wrapper\">\n<div class=\"page_content_wrapper\">\n<div class=\"inner\">\n<div style=\"margin:auto;width:100%\"><audio class=\"wp-audio-shortcode\" id=\"audio-1016-2\" preload=\"none\" style=\"width: 100%;\" controls=\"controls\"><source type=\"audio\/mpeg\" src=\"https:\/\/museovt.com\/de\/wp-content\/uploads\/sites\/5\/2021\/03\/12de.mp3?_=2\" \/><a href=\"https:\/\/museovt.com\/de\/wp-content\/uploads\/sites\/5\/2021\/03\/12de.mp3\">https:\/\/museovt.com\/de\/wp-content\/uploads\/sites\/5\/2021\/03\/12de.mp3<\/a><\/audio>\n<\/div>\n<\/div>\n<\/div>\n<\/div>\n<\/div>\n<div  class=\"one withsmallpadding ppb_text\" style=\"padding:30px 0 30px 0;\" >\n<div class=\"standard_wrapper\">\n<div class=\"page_content_wrapper\">\n<div class=\"inner\">\n<div style=\"margin:auto;width:100%\">\n<h6 style=\"text-align: right;\"><a class=\"btn btn-default btn-sm\" href=\"https:\/\/museovt.com\/de\/qr-13\/\"><img decoding=\"async\" loading=\"lazy\" class=\"alignnone wp-image-2398\" src=\"https:\/\/museovt.com\/wp-content\/uploads\/2021\/02\/flechaQr.svg\" alt=\"\" width=\"55\" height=\"36\" \/><\/a><\/h6>\n<\/div>\n<\/div>\n<\/div>\n<\/div>\n<\/div>\n<div  class=\"one withsmallpadding ppb_text\" style=\"padding:30px 0 30px 0;\" >\n<div class=\"standard_wrapper\">\n<div class=\"page_content_wrapper\">\n<div class=\"inner\">\n<div style=\"margin:auto;width:100%\">\n<h6 style=\"text-align: right;\"><a class=\"btn btn-default btn-sm\" href=\"https:\/\/museovt.com\/de\/qr-13\/\"><img decoding=\"async\" loading=\"lazy\" class=\"alignnone wp-image-2398\" src=\"https:\/\/museovt.com\/wp-content\/uploads\/2021\/02\/flechaQr.svg\" alt=\"\" width=\"55\" height=\"36\" \/><\/a><\/h6>\n<\/div>\n<\/div>\n<\/div>\n<\/div>\n<\/div>\n<div  class=\"one withsmallpadding ppb_text\" style=\"padding:30px 0 30px 0;\" >\n<div class=\"standard_wrapper\">\n<div class=\"page_content_wrapper\">\n<div class=\"inner\">\n<div style=\"margin:auto;width:100%\">\n<p style=\"text-align: justify;\"><i class=\"fa fa-deaf fa-4x\" aria-hidden=\"true\"><\/i>Zwischen 1983 und 1987 beschloss eine Gruppe von Politikern und Polizisten, GAL, die anti-terroristischen Befreiungsgruppen, zu gr\u00fcnden, um ETA au\u00dferhalb des gesetzlichen Rahmens zu bek\u00e4mpfen. Sie wurden von der obersten Ebene des Innenministeriums finanziert und angetrieben, mit dem Minister Jos\u00e9 Barrionuevo und dem Staatssekret\u00e4r f\u00fcr Sicherheit Rafael Vera an der Spitze. Beide wurden f\u00fcr ihre terroristischen Aktivit\u00e4ten verurteilt, unter anderem f\u00fcr Entf\u00fchrung und Veruntreuung, wurden aber begnadigt und durften das Gef\u00e4ngnis nach nur drei Monaten wieder verlassen.<\/p>\n<p style=\"text-align: center;\"><a href=\"https:\/\/museovt.com\/wp-content\/uploads\/2021\/02\/12-1.jpg\"><img decoding=\"async\" class=\"alignnone wp-image-2367 size-full\" src=\"https:\/\/museovt.com\/wp-content\/uploads\/2021\/02\/12-1.jpg\" alt=\"\" width=\"100%\" \/><\/a><\/p>\n<p style=\"text-align: justify;\">Schon in den Jahren des \u00dcbergangs zur Demokratie existierte ein paramilit\u00e4rer Anti-ETA-Terrorismus. Au\u00dferdem wirkte in dieser Zeit ein rechtsextremer Terrorismus, der manchmal mit ersterem in Verbindung stand, und dessen wichtigstes Leitmotiv die R\u00fcckkehr zu einer Diktatur wie unter Franco war. Diese Terroristen rechtfertigten ihre Verbrechen unter den Namen Triple A (Antikommunistische apostolische Allianz), los Guerrilleros de Cristo Rey oder das Baskisch-spanische Bataillon. Im Video erhalten Sie weitere Informationen \u00fcber sie alle.<\/p>\n<\/div>\n<\/div>\n<\/div>\n<\/div>\n<\/div>\n","protected":false},"excerpt":{"rendered":"<p>RECHTSEXTREMER TERRORISMUS UND GAL Bitte verwenden Sie innerhalb des Museums nicht die Lautsprecherfunktion. https:\/\/museovt.com\/de\/wp-content\/uploads\/sites\/5\/2021\/03\/12de.mp3 Zwischen 1983 und 1987 beschloss eine Gruppe von Politikern und Polizisten, GAL, die anti-terroristischen Befreiungsgruppen, zu gr\u00fcnden, um ETA au\u00dferhalb des gesetzlichen Rahmens zu bek\u00e4mpfen. Sie [&hellip;]<\/p>\n","protected":false},"author":1,"featured_media":0,"parent":0,"menu_order":0,"comment_status":"closed","ping_status":"closed","template":"","meta":{"inline_featured_image":false,"_trash_the_other_posts":false,"editor_notices":[],"footnotes":""},"class_list":["post-1016","page","type-page","status-publish","hentry"],"_links":{"self":[{"href":"https:\/\/museovt.com\/de\/wp-json\/wp\/v2\/pages\/1016","targetHints":{"allow":["GET"]}}],"collection":[{"href":"https:\/\/museovt.com\/de\/wp-json\/wp\/v2\/pages"}],"about":[{"href":"https:\/\/museovt.com\/de\/wp-json\/wp\/v2\/types\/page"}],"author":[{"embeddable":true,"href":"https:\/\/museovt.com\/de\/wp-json\/wp\/v2\/users\/1"}],"replies":[{"embeddable":true,"href":"https:\/\/museovt.com\/de\/wp-json\/wp\/v2\/comments?post=1016"}],"version-history":[{"count":52,"href":"https:\/\/museovt.com\/de\/wp-json\/wp\/v2\/pages\/1016\/revisions"}],"predecessor-version":[{"id":2986,"href":"https:\/\/museovt.com\/de\/wp-json\/wp\/v2\/pages\/1016\/revisions\/2986"}],"wp:attachment":[{"href":"https:\/\/museovt.com\/de\/wp-json\/wp\/v2\/media?parent=1016"}],"curies":[{"name":"wp","href":"https:\/\/api.w.org\/{rel}","templated":true}]}}