{"id":1014,"date":"2021-01-03T12:11:54","date_gmt":"2021-01-03T12:11:54","guid":{"rendered":"http:\/\/museovt.com\/?page_id=1014"},"modified":"2021-03-31T16:46:49","modified_gmt":"2021-03-31T16:46:49","slug":"qr-10","status":"publish","type":"page","link":"https:\/\/museovt.com\/de\/qr-10\/","title":{"rendered":"10.- DIE BANALIT\u00c4T DES B\u00d6SEN"},"content":{"rendered":"<div  class=\"one withsmallpadding ppb_text\" style=\"padding:30px;\" >\n<h5 id=\"bajar\"><\/h5>\n<\/div>\n<div  class=\"one withsmallpadding ppb_text\" style=\"padding:30px 0 30px 0;\" >\n<div class=\"standard_wrapper\">\n<div class=\"page_content_wrapper\">\n<div class=\"inner\">\n<div style=\"margin:auto;width:100%\">\n<h2 style=\"color: #999999; text-align: center;\"><span style=\"color: #ffffff;\"><img decoding=\"async\" class=\"alignnone wp-image-756\" src=\"http:\/\/museovt.com\/wp-content\/uploads\/2021\/01\/10.svg\" alt=\"\" width=\"50\" \/><br \/>\nDIE BANALIT\u00c4T DES B\u00d6SEN<\/span><\/h2>\n<\/div>\n<\/div>\n<\/div>\n<\/div>\n<\/div>\n<div  class=\"one withsmallpadding ppb_text\" style=\"padding:30px 0 30px 0;\" >\n<div class=\"standard_wrapper\">\n<div class=\"page_content_wrapper\">\n<div class=\"inner\">\n<div style=\"margin:auto;width:100%\">\n<h5 style=\"text-align: center;\"><i class=\"fa fa-headphones fa-3x\" aria-hidden=\"true\"><br \/>\n<\/i><br \/>\n<em>Bitte verwenden Sie innerhalb des Museums nicht die Lautsprecherfunktion.<\/em><\/h5>\n<\/div>\n<\/div>\n<\/div>\n<\/div>\n<\/div>\n<div  class=\"one withsmallpadding ppb_text\" style=\"padding:30px 0 30px 0;\" >\n<div class=\"standard_wrapper\">\n<div class=\"page_content_wrapper\">\n<div class=\"inner\">\n<div style=\"margin:auto;width:100%\"><audio class=\"wp-audio-shortcode\" id=\"audio-1014-2\" preload=\"auto\" style=\"width: 100%;\" controls=\"controls\"><source type=\"audio\/mpeg\" src=\"http:\/\/museovt.com\/wp-content\/uploads\/2021\/01\/en-01.mp3?_=2\" \/><a href=\"http:\/\/museovt.com\/wp-content\/uploads\/2021\/01\/en-01.mp3\">http:\/\/museovt.com\/wp-content\/uploads\/2021\/01\/en-01.mp3<\/a><\/audio>\n<\/div>\n<\/div>\n<\/div>\n<\/div>\n<\/div>\n<div  class=\"one withsmallpadding ppb_text\" style=\"padding:30px 0 30px 0;\" >\n<div class=\"standard_wrapper\">\n<div class=\"page_content_wrapper\">\n<div class=\"inner\">\n<div style=\"margin:auto;width:100%\">\n<h6 style=\"text-align: right;\"><a class=\"btn btn-default btn-sm\" href=\"https:\/\/museovt.com\/de\/qr-11\/\"><img decoding=\"async\" loading=\"lazy\" class=\"alignnone wp-image-2398\" src=\"https:\/\/museovt.com\/wp-content\/uploads\/2021\/02\/flechaQr.svg\" alt=\"\" width=\"55\" height=\"36\" \/><\/a><\/h6>\n<\/div>\n<\/div>\n<\/div>\n<\/div>\n<\/div>\n<div  class=\"one withsmallpadding ppb_text\" style=\"padding:30px 0 30px 0;\" >\n<div class=\"standard_wrapper\">\n<div class=\"page_content_wrapper\">\n<div class=\"inner\">\n<div style=\"margin:auto;width:100%\">\n<h6 style=\"text-align: right;\"><a class=\"btn btn-default btn-sm\" href=\"https:\/\/museovt.com\/de\/qr-11\/\"><img decoding=\"async\" loading=\"lazy\" class=\"alignnone wp-image-2398\" src=\"https:\/\/museovt.com\/wp-content\/uploads\/2021\/02\/flechaQr.svg\" alt=\"\" width=\"55\" height=\"36\" \/><\/a><\/h6>\n<\/div>\n<\/div>\n<\/div>\n<\/div>\n<\/div>\n<div  class=\"one withsmallpadding ppb_text\" style=\"padding:30px 0 30px 0;\" >\n<div class=\"standard_wrapper\">\n<div class=\"page_content_wrapper\">\n<div class=\"inner\">\n<div style=\"margin:auto;width:100%\">\n<p style=\"text-align: justify;\"><i class=\"fa fa-deaf fa-4x\" aria-hidden=\"true\"><\/i>Die Publikation von ETA, wie <em>Zutik<\/em> oder <em>Zutabe<\/em>, dienten dazu, ihre Propaganda zu verbreiten und den internen Zusammenhalt zu erhalten.<\/p>\n<p style=\"text-align: justify;\">Die der Polizei bekannten <em>Etarras<\/em> verwendeten gef\u00e4lschte Papiere, um sich zu verstecken. Die Dokumente, die Sie hier sehen, geh\u00f6rten Mikel Otegi, der 2003 in Frankreich festgenommen wurde. Otegi erschoss 1995 zwei Polizeibeamte der Autonomiepolizei des Baskenlandes, I\u00f1aki Mendiluze und Jos\u00e9 Luis Gonz\u00e1lez, in Itsasondo, Gipuzkoa.<\/p>\n<p style=\"text-align: center;\"><a href=\"https:\/\/museovt.com\/wp-content\/uploads\/2021\/02\/10.jpg\"><img decoding=\"async\" loading=\"lazy\" class=\"alignnone wp-image-2363 size-full\" src=\"https:\/\/museovt.com\/wp-content\/uploads\/2021\/02\/10.jpg\" alt=\"\" width=\"1213\" height=\"1689\" \/><\/a><\/p>\n<p style=\"text-align: justify;\">Nur wenige Beispiele demonstrieren die Banalit\u00e4t des B\u00f6sen so deutlich wie die in der Vitrine vor Ihnen. Auf der einen Seite sehen wir die Formulare, die die Mitglieder von ETA bis in die achtziger Jahre mit ihren pers\u00f6nlichen Daten und einem Passbild ausf\u00fcllen mussten, wenn sie sich der Organisation anschlossen.<\/p>\n<p style=\"text-align: justify;\">Auf der anderen Seite erscheinen die Informationen f\u00fcr die Begehung zuk\u00fcnftiger Attentate, in denen die Routinen der zuk\u00fcnftigen Opfer erscheinen. Da gibt es V\u00e4ter, die ihre Kinder zur Schule bringen, Polizisten, die nach der Arbeit oft in eine Bar gehen, und sogar handschriftliche Notizen \u00fcber die ideale Waffe, um ihnen das Leben zu nehmen.<\/p>\n<p style=\"text-align: justify;\">Zuletzt sehen Sie auf der Tafel \u00fcber der Vitrine eine Kopie eines Briefes des ETA-Anf\u00fchrers Domingo Iturbe, <em>Txomin<\/em>, an die Mitglieder des Kommandos von Zuberoa, in dem er zwischen freundschaftlichen Gr\u00fc\u00dfen darum bittet, dass sie mit \u201eden Vollstreckungen\u201c fortfahren.<\/p>\n<\/div>\n<\/div>\n<\/div>\n<\/div>\n<\/div>\n","protected":false},"excerpt":{"rendered":"<p>DIE BANALIT\u00c4T DES B\u00d6SEN Bitte verwenden Sie innerhalb des Museums nicht die Lautsprecherfunktion. http:\/\/museovt.com\/wp-content\/uploads\/2021\/01\/en-01.mp3 Die Publikation von ETA, wie Zutik oder Zutabe, dienten dazu, ihre Propaganda zu verbreiten und den internen Zusammenhalt zu erhalten. Die der Polizei bekannten Etarras verwendeten [&hellip;]<\/p>\n","protected":false},"author":1,"featured_media":0,"parent":0,"menu_order":0,"comment_status":"closed","ping_status":"closed","template":"","meta":{"inline_featured_image":false,"_trash_the_other_posts":false,"editor_notices":[],"footnotes":""},"class_list":["post-1014","page","type-page","status-publish","hentry"],"_links":{"self":[{"href":"https:\/\/museovt.com\/de\/wp-json\/wp\/v2\/pages\/1014","targetHints":{"allow":["GET"]}}],"collection":[{"href":"https:\/\/museovt.com\/de\/wp-json\/wp\/v2\/pages"}],"about":[{"href":"https:\/\/museovt.com\/de\/wp-json\/wp\/v2\/types\/page"}],"author":[{"embeddable":true,"href":"https:\/\/museovt.com\/de\/wp-json\/wp\/v2\/users\/1"}],"replies":[{"embeddable":true,"href":"https:\/\/museovt.com\/de\/wp-json\/wp\/v2\/comments?post=1014"}],"version-history":[{"count":69,"href":"https:\/\/museovt.com\/de\/wp-json\/wp\/v2\/pages\/1014\/revisions"}],"predecessor-version":[{"id":3041,"href":"https:\/\/museovt.com\/de\/wp-json\/wp\/v2\/pages\/1014\/revisions\/3041"}],"wp:attachment":[{"href":"https:\/\/museovt.com\/de\/wp-json\/wp\/v2\/media?parent=1014"}],"curies":[{"name":"wp","href":"https:\/\/api.w.org\/{rel}","templated":true}]}}