{"id":1013,"date":"2021-01-03T12:11:50","date_gmt":"2021-01-03T12:11:50","guid":{"rendered":"http:\/\/museovt.com\/?page_id=1013"},"modified":"2021-03-31T16:38:38","modified_gmt":"2021-03-31T16:38:38","slug":"qr-9","status":"publish","type":"page","link":"https:\/\/museovt.com\/de\/qr-9\/","title":{"rendered":"9.- BEDROHTE"},"content":{"rendered":"<div  class=\"one withsmallpadding ppb_text\" style=\"padding:30px;\" >\n<h5 id=\"bajar\"><\/h5>\n<\/div>\n<div  class=\"one withsmallpadding ppb_text\" style=\"padding:30px 0 30px 0;\" >\n<div class=\"standard_wrapper\">\n<div class=\"page_content_wrapper\">\n<div class=\"inner\">\n<div style=\"margin:auto;width:100%\">\n<h2 style=\"color: #999999; text-align: center;\"><span style=\"color: #ffffff;\"><img decoding=\"async\" class=\"alignnone wp-image-756\" src=\"http:\/\/museovt.com\/wp-content\/uploads\/2021\/01\/9.svg\" alt=\"\" width=\"50\" \/><br \/>\nBEDROHTE<\/span><\/h2>\n<\/div>\n<\/div>\n<\/div>\n<\/div>\n<\/div>\n<div  class=\"one withsmallpadding ppb_text\" style=\"padding:30px 0 30px 0;\" >\n<div class=\"standard_wrapper\">\n<div class=\"page_content_wrapper\">\n<div class=\"inner\">\n<div style=\"margin:auto;width:100%\">\n<h5 style=\"text-align: center;\"><i class=\"fa fa-headphones fa-3x\" aria-hidden=\"true\"><\/i><br \/>\n<em>Bitte verwenden Sie innerhalb des Museums nicht die Lautsprecherfunktion.<\/em><\/h5>\n<\/div>\n<\/div>\n<\/div>\n<\/div>\n<\/div>\n<div  class=\"one withsmallpadding ppb_text\" style=\"padding:30px 0 30px 0;\" >\n<div class=\"standard_wrapper\">\n<div class=\"page_content_wrapper\">\n<div class=\"inner\">\n<div style=\"margin:auto;width:100%\"><audio class=\"wp-audio-shortcode\" id=\"audio-1013-2\" preload=\"none\" style=\"width: 100%;\" controls=\"controls\"><source type=\"audio\/mpeg\" src=\"https:\/\/museovt.com\/de\/wp-content\/uploads\/sites\/5\/2021\/03\/9de.mp3?_=2\" \/><a href=\"https:\/\/museovt.com\/de\/wp-content\/uploads\/sites\/5\/2021\/03\/9de.mp3\">https:\/\/museovt.com\/de\/wp-content\/uploads\/sites\/5\/2021\/03\/9de.mp3<\/a><\/audio>\n<\/div>\n<\/div>\n<\/div>\n<\/div>\n<\/div>\n<div  class=\"one withsmallpadding ppb_text\" style=\"padding:30px 0 30px 0;\" >\n<div class=\"standard_wrapper\">\n<div class=\"page_content_wrapper\">\n<div class=\"inner\">\n<div style=\"margin:auto;width:100%\">\n<h6 style=\"text-align: right;\"><a class=\"btn btn-default btn-sm\" href=\"https:\/\/museovt.com\/de\/qr-10\"><img decoding=\"async\" loading=\"lazy\" class=\"alignnone wp-image-2398\" src=\"https:\/\/museovt.com\/wp-content\/uploads\/2021\/02\/flechaQr.svg\" alt=\"\" width=\"55\" height=\"36\" \/><\/a><\/h6>\n<\/div>\n<\/div>\n<\/div>\n<\/div>\n<\/div>\n<div  class=\"one withsmallpadding ppb_text\" style=\"padding:30px 0 30px 0;\" >\n<div class=\"standard_wrapper\">\n<div class=\"page_content_wrapper\">\n<div class=\"inner\">\n<div style=\"margin:auto;width:100%\">\n<h6 style=\"text-align: right;\"><a class=\"btn btn-default btn-sm\" href=\"https:\/\/museovt.com\/de\/qr-10\"><img decoding=\"async\" loading=\"lazy\" class=\"alignnone wp-image-2398\" src=\"https:\/\/museovt.com\/wp-content\/uploads\/2021\/02\/flechaQr.svg\" alt=\"\" width=\"55\" height=\"36\" \/><\/a><\/h6>\n<\/div>\n<\/div>\n<\/div>\n<\/div>\n<\/div>\n<div  class=\"one withsmallpadding ppb_text\" style=\"padding:30px 0 30px 0;\" >\n<div class=\"standard_wrapper\">\n<div class=\"page_content_wrapper\">\n<div class=\"inner\">\n<div style=\"margin:auto;width:100%\">\n<p style=\"text-align: justify;\"><i class=\"fa fa-deaf fa-4x\" aria-hidden=\"true\"><\/i>ETA war die terroristische Organisation mit der gr\u00f6\u00dften F\u00e4higkeit zur Einsch\u00fcchterung und war daher f\u00fcr die meisten Bedrohten in Spanien verantwortlich. Dazu trug auch das Umfeld der Bande bei, das die Vertreter des Staates mit Gewalt verfolgte, von Polizisten bis zu Richtern, sowie Andersdenkende, seien es Politiker, Journalisten oder intellektuelle Konstitutionalisten. Die Gewaltformen, die diese erlitten, umfassten Beschimpfungen, Beschmierungen, Pr\u00fcgel, Angriffe mit Molotow-Cocktails gegen ihr Eigentum, und in Extremf\u00e4llen, Attentate von ETA. Viele mussten sich ins Exil begeben. Jene, die blieben, mussten Ma\u00dfnahmen zum Selbstschutz ergreifen. Davon berichtet uns einer von ihnen, der Professor Jos\u00e9 Manuel Susperregui.<\/p>\n<p><a href=\"https:\/\/museovt.com\/wp-content\/uploads\/2021\/02\/9-1.jpg\"><img decoding=\"async\" class=\"wp-image-2362 size-full\" src=\"https:\/\/museovt.com\/wp-content\/uploads\/2021\/02\/9-1.jpg\" alt=\"\" width=\"100%\" \/><\/a><\/p>\n<p><strong>Jos\u00e9 Manuel Susperregui. Der Inhibitor<\/strong><\/p>\n<p style=\"text-align: justify;\"><em>\u201eDer Frequenzinhibitor diente dazu, die Fernbedienungen zu deaktivieren, die die Terroristen verwendeten, um Bomben auszul\u00f6sen. Ich verwendete ihn beim Betreten und Verlassen meines Hauses, der Garage und der Universit\u00e4t. Er war eines meiner Sicherheitssysteme, neben der Pistole und der kugelsicheren Weste.<\/em><\/p>\n<p style=\"text-align: justify;\"><em>Terrorismus bedeutet st\u00e4ndige Angst und Ungewissheit. Wenn ich morgens aufstand, um zur Universit\u00e4t zu gehen, schaltete ich keine Lichter an, die von drau\u00dfen zu sehen waren. Ich \u00e4nderte meine Ausgangszeiten und ging die Treppen im Dunkeln hinunter. Die T\u00fcr \u00f6ffnete ich so leise wie m\u00f6glich. Ich schaute mich gut um und begann meinen Weg zur Garage mit dem Inhibitor eingeschaltet. Dabei musste ich eine Br\u00fccke \u00fcberqueren. Und manchmal traf ich dort auf ein paar Stra\u00dfenfeger, die mit den Terroristen sympathisierten. Ihre Blicke verrieten sie &#8211; ein distanzierter, aber beharrlicher Blick. Ich werde ihre Gesichter nie vergessen. Wenn sie mich heute angucken, wollen sie gr\u00fc\u00dfen\u201c.<\/em><\/p>\n<\/div>\n<\/div>\n<\/div>\n<\/div>\n<\/div>\n","protected":false},"excerpt":{"rendered":"<p>BEDROHTE Bitte verwenden Sie innerhalb des Museums nicht die Lautsprecherfunktion. https:\/\/museovt.com\/de\/wp-content\/uploads\/sites\/5\/2021\/03\/9de.mp3 ETA war die terroristische Organisation mit der gr\u00f6\u00dften F\u00e4higkeit zur Einsch\u00fcchterung und war daher f\u00fcr die meisten Bedrohten in Spanien verantwortlich. Dazu trug auch das Umfeld der Bande bei, [&hellip;]<\/p>\n","protected":false},"author":1,"featured_media":0,"parent":0,"menu_order":0,"comment_status":"closed","ping_status":"closed","template":"","meta":{"inline_featured_image":false,"_trash_the_other_posts":false,"editor_notices":[],"footnotes":""},"class_list":["post-1013","page","type-page","status-publish","hentry"],"_links":{"self":[{"href":"https:\/\/museovt.com\/de\/wp-json\/wp\/v2\/pages\/1013","targetHints":{"allow":["GET"]}}],"collection":[{"href":"https:\/\/museovt.com\/de\/wp-json\/wp\/v2\/pages"}],"about":[{"href":"https:\/\/museovt.com\/de\/wp-json\/wp\/v2\/types\/page"}],"author":[{"embeddable":true,"href":"https:\/\/museovt.com\/de\/wp-json\/wp\/v2\/users\/1"}],"replies":[{"embeddable":true,"href":"https:\/\/museovt.com\/de\/wp-json\/wp\/v2\/comments?post=1013"}],"version-history":[{"count":56,"href":"https:\/\/museovt.com\/de\/wp-json\/wp\/v2\/pages\/1013\/revisions"}],"predecessor-version":[{"id":2977,"href":"https:\/\/museovt.com\/de\/wp-json\/wp\/v2\/pages\/1013\/revisions\/2977"}],"wp:attachment":[{"href":"https:\/\/museovt.com\/de\/wp-json\/wp\/v2\/media?parent=1013"}],"curies":[{"name":"wp","href":"https:\/\/api.w.org\/{rel}","templated":true}]}}