{"id":1009,"date":"2021-01-03T12:11:40","date_gmt":"2021-01-03T12:11:40","guid":{"rendered":"http:\/\/museovt.com\/?page_id=1009"},"modified":"2021-03-31T16:38:11","modified_gmt":"2021-03-31T16:38:11","slug":"qr-8","status":"publish","type":"page","link":"https:\/\/museovt.com\/de\/qr-8\/","title":{"rendered":"8.- ETA"},"content":{"rendered":"<div  class=\"one withsmallpadding ppb_text\" style=\"padding:30px;\" >\n<h5 id=\"bajar\"><\/h5>\n<\/div>\n<div  class=\"one withsmallpadding ppb_text\" style=\"padding:30px 0 30px 0;\" >\n<div class=\"standard_wrapper\">\n<div class=\"page_content_wrapper\">\n<div class=\"inner\">\n<div style=\"margin:auto;width:100%\">\n<h2 style=\"color: #999999; text-align: center;\"><span style=\"color: #ffffff;\"><img decoding=\"async\" class=\"alignnone wp-image-756\" src=\"http:\/\/museovt.com\/wp-content\/uploads\/2021\/01\/8.svg\" alt=\"\" width=\"50\" \/><br \/>\nETA<\/span><\/h2>\n<\/div>\n<\/div>\n<\/div>\n<\/div>\n<\/div>\n<div  class=\"one withsmallpadding ppb_text\" style=\"padding:30px 0 30px 0;\" >\n<div class=\"standard_wrapper\">\n<div class=\"page_content_wrapper\">\n<div class=\"inner\">\n<div style=\"margin:auto;width:100%\">\n<h5 style=\"text-align: center;\"><i class=\"fa fa-headphones fa-3x\" aria-hidden=\"true\"><\/i><br \/>\n<em>Bitte verwenden Sie innerhalb des Museums nicht die Lautsprecherfunktion.<\/em><\/h5>\n<\/div>\n<\/div>\n<\/div>\n<\/div>\n<\/div>\n<div  class=\"one withsmallpadding ppb_text\" style=\"padding:30px 0 30px 0;\" >\n<div class=\"standard_wrapper\">\n<div class=\"page_content_wrapper\">\n<div class=\"inner\">\n<div style=\"margin:auto;width:100%\"><audio class=\"wp-audio-shortcode\" id=\"audio-1009-2\" preload=\"none\" style=\"width: 100%;\" controls=\"controls\"><source type=\"audio\/mpeg\" src=\"https:\/\/museovt.com\/de\/wp-content\/uploads\/sites\/5\/2021\/03\/8de.mp3?_=2\" \/><a href=\"https:\/\/museovt.com\/de\/wp-content\/uploads\/sites\/5\/2021\/03\/8de.mp3\">https:\/\/museovt.com\/de\/wp-content\/uploads\/sites\/5\/2021\/03\/8de.mp3<\/a><\/audio>\n<\/div>\n<\/div>\n<\/div>\n<\/div>\n<\/div>\n<div  class=\"one withsmallpadding ppb_text\" style=\"padding:30px 0 30px 0;\" >\n<div class=\"standard_wrapper\">\n<div class=\"page_content_wrapper\">\n<div class=\"inner\">\n<div style=\"margin:auto;width:100%\">\n<h6 style=\"text-align: right;\"><a class=\"btn btn-default btn-sm\" href=\"https:\/\/museovt.com\/de\/qr-9\"><img decoding=\"async\" loading=\"lazy\" class=\"alignnone wp-image-2398\" src=\"https:\/\/museovt.com\/wp-content\/uploads\/2021\/02\/flechaQr.svg\" alt=\"\" width=\"55\" height=\"36\" \/><\/a><\/h6>\n<\/div>\n<\/div>\n<\/div>\n<\/div>\n<\/div>\n<div  class=\"one withsmallpadding ppb_text\" style=\"padding:30px 0 30px 0;\" >\n<div class=\"standard_wrapper\">\n<div class=\"page_content_wrapper\">\n<div class=\"inner\">\n<div style=\"margin:auto;width:100%\">\n<h6 style=\"text-align: right;\"><a class=\"btn btn-default btn-sm\" href=\"https:\/\/museovt.com\/de\/qr-9\"><img decoding=\"async\" loading=\"lazy\" class=\"alignnone wp-image-2398\" src=\"https:\/\/museovt.com\/wp-content\/uploads\/2021\/02\/flechaQr.svg\" alt=\"\" width=\"55\" height=\"36\" \/><\/a><\/h6>\n<\/div>\n<\/div>\n<\/div>\n<\/div>\n<\/div>\n<div  class=\"one withsmallpadding ppb_text\" style=\"padding:30px 0 30px 0;\" >\n<div class=\"standard_wrapper\">\n<div class=\"page_content_wrapper\">\n<div class=\"inner\">\n<div style=\"margin:auto;width:100%\">\n<p style=\"text-align: justify;\"><i class=\"fa fa-deaf fa-4x\" aria-hidden=\"true\"><\/i>Der Terrorismus in Spanien l\u00e4sst sich in hohem Ma\u00dfe in der Geschichte von ETA zusammenfassen. Dabei handelt es sich um die Organisation, die am meisten get\u00f6tet, am l\u00e4ngsten angedauert und die gr\u00f6\u00dfte gesellschaftliche Unterst\u00fctzung erfahren hat. ETA beabsichtigte die Unabh\u00e4ngigkeit des Baskenlandes. Um dieses Ziel zu erreichen, brachten sie zwischen 1968 und 2010 853 Menschen ums Leben. Ihre Aktivit\u00e4t hinterlie\u00df zudem 2.600 Verletzte sowie 80 Entf\u00fchrte und eine unbestimmte Anzahl an Bedrohten und Vertriebenen. Die Spuren ihrer Aktivit\u00e4t werden nicht von heute auf morgen verschwinden. Die Frage nach Gerechtigkeit oder nach Erinnerung h\u00e4lt bis heute an.<\/p>\n<p style=\"text-align: center;\"><a href=\"https:\/\/museovt.com\/wp-content\/uploads\/2021\/02\/8-1.jpg\"><img decoding=\"async\" class=\"alignnone wp-image-2360 size-full\" src=\"https:\/\/museovt.com\/wp-content\/uploads\/2021\/02\/8-1.jpg\" alt=\"\" width=\"100%\" \/><\/a><\/p>\n<p style=\"text-align: justify;\">In den verschiedenen Vitrinen sehen sie Gegenst\u00e4nde, die einst ETA geh\u00f6rten. Sie sind Beweise ihrer kriminellen Historie, die f\u00fcr gew\u00f6hnlich den Augen der \u00d6ffentlichkeit entgangen ist. Drohbriefe, Bomben, gef\u00e4lschte Dokumente, interne Publikationen, Notizen der Planung zuk\u00fcnftiger Attentate&#8230; Das ist die vulg\u00e4re Realit\u00e4t hinter den gl\u00e4nzenden Gew\u00e4ndern, in denen die Terroristen selbst sich zeigten. Dieses Museum ist aus noblen Materialien wie Holz gebaut. Im Gegensatz dazu ist der Terrorismus etwas so Plumpes und Brutales wie eine Tupper-Box mit Sprengstoff, die mit zwei Magneten unten an einem Fahrzeug angebracht wird, um eine ahnungslose Person zu t\u00f6ten. Oder ein Brief im Briefkasten eines Unternehmers, in dem unter Drohungen Geld von ihm gefordert wird.<\/p>\n<\/div>\n<\/div>\n<\/div>\n<\/div>\n<\/div>\n","protected":false},"excerpt":{"rendered":"<p>ETA Bitte verwenden Sie innerhalb des Museums nicht die Lautsprecherfunktion. https:\/\/museovt.com\/de\/wp-content\/uploads\/sites\/5\/2021\/03\/8de.mp3 Der Terrorismus in Spanien l\u00e4sst sich in hohem Ma\u00dfe in der Geschichte von ETA zusammenfassen. Dabei handelt es sich um die Organisation, die am meisten get\u00f6tet, am l\u00e4ngsten angedauert [&hellip;]<\/p>\n","protected":false},"author":1,"featured_media":0,"parent":0,"menu_order":0,"comment_status":"closed","ping_status":"closed","template":"","meta":{"inline_featured_image":false,"_trash_the_other_posts":false,"editor_notices":[],"footnotes":""},"class_list":["post-1009","page","type-page","status-publish","hentry"],"_links":{"self":[{"href":"https:\/\/museovt.com\/de\/wp-json\/wp\/v2\/pages\/1009","targetHints":{"allow":["GET"]}}],"collection":[{"href":"https:\/\/museovt.com\/de\/wp-json\/wp\/v2\/pages"}],"about":[{"href":"https:\/\/museovt.com\/de\/wp-json\/wp\/v2\/types\/page"}],"author":[{"embeddable":true,"href":"https:\/\/museovt.com\/de\/wp-json\/wp\/v2\/users\/1"}],"replies":[{"embeddable":true,"href":"https:\/\/museovt.com\/de\/wp-json\/wp\/v2\/comments?post=1009"}],"version-history":[{"count":55,"href":"https:\/\/museovt.com\/de\/wp-json\/wp\/v2\/pages\/1009\/revisions"}],"predecessor-version":[{"id":2973,"href":"https:\/\/museovt.com\/de\/wp-json\/wp\/v2\/pages\/1009\/revisions\/2973"}],"wp:attachment":[{"href":"https:\/\/museovt.com\/de\/wp-json\/wp\/v2\/media?parent=1009"}],"curies":[{"name":"wp","href":"https:\/\/api.w.org\/{rel}","templated":true}]}}